{"id":726,"date":"2023-11-04T21:18:35","date_gmt":"2023-11-04T21:18:35","guid":{"rendered":"https:\/\/www.evess.se\/produkt\/frontrute\/"},"modified":"2025-12-31T18:43:08","modified_gmt":"2025-12-31T18:43:08","slug":"frontrute","status":"publish","type":"product","link":"https:\/\/www.evess.se\/no\/produkt\/tilbehor-elektrisk-moped\/frontrute\/","title":{"rendered":"Frontrute"},"content":{"rendered":"<p>Frontruten til din el-moped er et godt valg hvis du liker \u00e5 kj\u00f8re din el-moped selv i kaldere v\u00e6r. Kj\u00f8ring er ikke merkbart forskjellig om du har frontruta montert eller ikke. Takket v\u00e6re at monteringen er s\u00e5 enkel, bare tar ca 5 minutter \u00e5 montere, kan du enkelt ta den av og p\u00e5 avhengig av v\u00e6ret.  <\/p>\n","protected":false},"excerpt":{"rendered":"<p>Frontrute til din el-moped !<\/p>\n","protected":false},"featured_media":15292,"comment_status":"closed","ping_status":"closed","template":"","meta":{"_acf_changed":false},"product_brand":[],"product_cat":[36],"product_tag":[],"class_list":{"0":"post-726","1":"product","2":"type-product","3":"status-publish","4":"has-post-thumbnail","6":"product_cat-tilbehor-elektrisk-moped","8":"first","9":"instock","10":"taxable","11":"shipping-taxable","12":"purchasable","13":"product-type-simple"},"bundled_by":[],"bundle_stock_status":"instock","bundle_stock_quantity":null,"bundle_virtual":false,"bundle_layout":"","bundle_add_to_cart_form_location":"","bundle_editable_in_cart":false,"bundle_sold_individually_context":"","bundle_item_grouping":"","bundle_min_size":"","bundle_max_size":"","bundle_price":[],"bundled_items":[],"bundle_sell_ids":[],"acf":[],"yoast_head":"<!-- This site is optimized with the Yoast SEO plugin v27.5 - https:\/\/yoast.com\/product\/yoast-seo-wordpress\/ -->\n<title>Frontrute p\u00e5 din el-moped Evess<\/title>\n<meta name=\"description\" content=\"Frontruten til din el-moped er et godt valg hvis du liker \u00e5 kj\u00f8re din el-moped selv i kaldere v\u00e6r. Tar bare ca 5 minutter \u00e5 montere.\" \/>\n<meta name=\"robots\" content=\"index, follow, max-snippet:-1, max-image-preview:large, max-video-preview:-1\" \/>\n<link rel=\"canonical\" href=\"https:\/\/www.evess.se\/no\/produkt\/tilbehor-elektrisk-moped\/frontrute\/\" \/>\n<meta property=\"og:locale\" content=\"nb_NO\" \/>\n<meta property=\"og:type\" content=\"article\" \/>\n<meta property=\"og:title\" content=\"Frontrute p\u00e5 din el-moped Evess\" \/>\n<meta property=\"og:description\" content=\"Frontruten til din el-moped er et godt valg hvis du liker \u00e5 kj\u00f8re din el-moped selv i kaldere v\u00e6r. Tar bare ca 5 minutter \u00e5 montere.\" \/>\n<meta property=\"og:url\" content=\"https:\/\/www.evess.se\/no\/produkt\/tilbehor-elektrisk-moped\/frontrute\/\" \/>\n<meta property=\"og:site_name\" content=\"Evess\" \/>\n<meta property=\"article:publisher\" content=\"https:\/\/www.facebook.com\/evessmoped\" \/>\n<meta property=\"article:modified_time\" content=\"2025-12-31T18:43:08+00:00\" \/>\n<meta property=\"og:image\" content=\"https:\/\/www.evess.se\/wp-content\/uploads\/2023\/11\/vindruta.webp\" \/>\n\t<meta property=\"og:image:width\" content=\"2000\" \/>\n\t<meta property=\"og:image:height\" content=\"2000\" \/>\n\t<meta property=\"og:image:type\" content=\"image\/webp\" \/>\n<meta name=\"twitter:card\" content=\"summary_large_image\" \/>\n<script type=\"application\/ld+json\" class=\"yoast-schema-graph\">{\"@context\":\"https:\\\/\\\/schema.org\",\"@graph\":[{\"@type\":\"WebPage\",\"@id\":\"https:\\\/\\\/www.evess.se\\\/no\\\/produkt\\\/tilbehor-elektrisk-moped\\\/frontrute\\\/\",\"url\":\"https:\\\/\\\/www.evess.se\\\/no\\\/produkt\\\/tilbehor-elektrisk-moped\\\/frontrute\\\/\",\"name\":\"Frontrute p\u00e5 din el-moped Evess\",\"isPartOf\":{\"@id\":\"https:\\\/\\\/www.evess.se\\\/no\\\/#website\"},\"primaryImageOfPage\":{\"@id\":\"https:\\\/\\\/www.evess.se\\\/no\\\/produkt\\\/tilbehor-elektrisk-moped\\\/frontrute\\\/#primaryimage\"},\"image\":{\"@id\":\"https:\\\/\\\/www.evess.se\\\/no\\\/produkt\\\/tilbehor-elektrisk-moped\\\/frontrute\\\/#primaryimage\"},\"thumbnailUrl\":\"https:\\\/\\\/www.evess.se\\\/wp-content\\\/uploads\\\/2023\\\/11\\\/vindruta.webp\",\"datePublished\":\"2023-11-04T21:18:35+00:00\",\"dateModified\":\"2025-12-31T18:43:08+00:00\",\"description\":\"Frontruten til din el-moped er et godt valg hvis du liker \u00e5 kj\u00f8re din el-moped selv i kaldere v\u00e6r. Tar bare ca 5 minutter \u00e5 montere.\",\"breadcrumb\":{\"@id\":\"https:\\\/\\\/www.evess.se\\\/no\\\/produkt\\\/tilbehor-elektrisk-moped\\\/frontrute\\\/#breadcrumb\"},\"inLanguage\":\"nb-NO\",\"potentialAction\":[{\"@type\":\"ReadAction\",\"target\":[\"https:\\\/\\\/www.evess.se\\\/no\\\/produkt\\\/tilbehor-elektrisk-moped\\\/frontrute\\\/\"]}]},{\"@type\":\"ImageObject\",\"inLanguage\":\"nb-NO\",\"@id\":\"https:\\\/\\\/www.evess.se\\\/no\\\/produkt\\\/tilbehor-elektrisk-moped\\\/frontrute\\\/#primaryimage\",\"url\":\"https:\\\/\\\/www.evess.se\\\/wp-content\\\/uploads\\\/2023\\\/11\\\/vindruta.webp\",\"contentUrl\":\"https:\\\/\\\/www.evess.se\\\/wp-content\\\/uploads\\\/2023\\\/11\\\/vindruta.webp\",\"width\":2000,\"height\":2000},{\"@type\":\"BreadcrumbList\",\"@id\":\"https:\\\/\\\/www.evess.se\\\/no\\\/produkt\\\/tilbehor-elektrisk-moped\\\/frontrute\\\/#breadcrumb\",\"itemListElement\":[{\"@type\":\"ListItem\",\"position\":1,\"name\":\"Hem\",\"item\":\"https:\\\/\\\/www.evess.se\\\/no\\\/\"},{\"@type\":\"ListItem\",\"position\":2,\"name\":\"Butik\",\"item\":\"https:\\\/\\\/www.evess.se\\\/no\\\/butik-2\\\/\"},{\"@type\":\"ListItem\",\"position\":3,\"name\":\"Frontrute\"}]},{\"@type\":\"WebSite\",\"@id\":\"https:\\\/\\\/www.evess.se\\\/no\\\/#website\",\"url\":\"https:\\\/\\\/www.evess.se\\\/no\\\/\",\"name\":\"Evess\",\"description\":\"Elmopeder f\u00f6r ett milj\u00f6smart samh\u00e4lle\",\"publisher\":{\"@id\":\"https:\\\/\\\/www.evess.se\\\/no\\\/#organization\"},\"potentialAction\":[{\"@type\":\"SearchAction\",\"target\":{\"@type\":\"EntryPoint\",\"urlTemplate\":\"https:\\\/\\\/www.evess.se\\\/no\\\/?s={search_term_string}\"},\"query-input\":{\"@type\":\"PropertyValueSpecification\",\"valueRequired\":true,\"valueName\":\"search_term_string\"}}],\"inLanguage\":\"nb-NO\"},{\"@type\":\"Organization\",\"@id\":\"https:\\\/\\\/www.evess.se\\\/no\\\/#organization\",\"name\":\"Evess\",\"url\":\"https:\\\/\\\/www.evess.se\\\/no\\\/\",\"logo\":{\"@type\":\"ImageObject\",\"inLanguage\":\"nb-NO\",\"@id\":\"https:\\\/\\\/www.evess.se\\\/no\\\/#\\\/schema\\\/logo\\\/image\\\/\",\"url\":\"https:\\\/\\\/www.evess.se\\\/wp-content\\\/uploads\\\/2023\\\/11\\\/evess-logo-black.png\",\"contentUrl\":\"https:\\\/\\\/www.evess.se\\\/wp-content\\\/uploads\\\/2023\\\/11\\\/evess-logo-black.png\",\"width\":1417,\"height\":312,\"caption\":\"Evess\"},\"image\":{\"@id\":\"https:\\\/\\\/www.evess.se\\\/no\\\/#\\\/schema\\\/logo\\\/image\\\/\"},\"sameAs\":[\"https:\\\/\\\/www.facebook.com\\\/evessmoped\"]}]}<\/script>\n<!-- \/ Yoast SEO plugin. -->","yoast_head_json":{"title":"Frontrute p\u00e5 din el-moped Evess","description":"Frontruten til din el-moped er et godt valg hvis du liker \u00e5 kj\u00f8re din el-moped selv i kaldere v\u00e6r. Tar bare ca 5 minutter \u00e5 montere.","robots":{"index":"index","follow":"follow","max-snippet":"max-snippet:-1","max-image-preview":"max-image-preview:large","max-video-preview":"max-video-preview:-1"},"canonical":"https:\/\/www.evess.se\/no\/produkt\/tilbehor-elektrisk-moped\/frontrute\/","og_locale":"nb_NO","og_type":"article","og_title":"Frontrute p\u00e5 din el-moped Evess","og_description":"Frontruten til din el-moped er et godt valg hvis du liker \u00e5 kj\u00f8re din el-moped selv i kaldere v\u00e6r. Tar bare ca 5 minutter \u00e5 montere.","og_url":"https:\/\/www.evess.se\/no\/produkt\/tilbehor-elektrisk-moped\/frontrute\/","og_site_name":"Evess","article_publisher":"https:\/\/www.facebook.com\/evessmoped","article_modified_time":"2025-12-31T18:43:08+00:00","og_image":[{"width":2000,"height":2000,"url":"https:\/\/www.evess.se\/wp-content\/uploads\/2023\/11\/vindruta.webp","type":"image\/webp"}],"twitter_card":"summary_large_image","schema":{"@context":"https:\/\/schema.org","@graph":[{"@type":"WebPage","@id":"https:\/\/www.evess.se\/no\/produkt\/tilbehor-elektrisk-moped\/frontrute\/","url":"https:\/\/www.evess.se\/no\/produkt\/tilbehor-elektrisk-moped\/frontrute\/","name":"Frontrute p\u00e5 din el-moped Evess","isPartOf":{"@id":"https:\/\/www.evess.se\/no\/#website"},"primaryImageOfPage":{"@id":"https:\/\/www.evess.se\/no\/produkt\/tilbehor-elektrisk-moped\/frontrute\/#primaryimage"},"image":{"@id":"https:\/\/www.evess.se\/no\/produkt\/tilbehor-elektrisk-moped\/frontrute\/#primaryimage"},"thumbnailUrl":"https:\/\/www.evess.se\/wp-content\/uploads\/2023\/11\/vindruta.webp","datePublished":"2023-11-04T21:18:35+00:00","dateModified":"2025-12-31T18:43:08+00:00","description":"Frontruten til din el-moped er et godt valg hvis du liker \u00e5 kj\u00f8re din el-moped selv i kaldere v\u00e6r. Tar bare ca 5 minutter \u00e5 montere.","breadcrumb":{"@id":"https:\/\/www.evess.se\/no\/produkt\/tilbehor-elektrisk-moped\/frontrute\/#breadcrumb"},"inLanguage":"nb-NO","potentialAction":[{"@type":"ReadAction","target":["https:\/\/www.evess.se\/no\/produkt\/tilbehor-elektrisk-moped\/frontrute\/"]}]},{"@type":"ImageObject","inLanguage":"nb-NO","@id":"https:\/\/www.evess.se\/no\/produkt\/tilbehor-elektrisk-moped\/frontrute\/#primaryimage","url":"https:\/\/www.evess.se\/wp-content\/uploads\/2023\/11\/vindruta.webp","contentUrl":"https:\/\/www.evess.se\/wp-content\/uploads\/2023\/11\/vindruta.webp","width":2000,"height":2000},{"@type":"BreadcrumbList","@id":"https:\/\/www.evess.se\/no\/produkt\/tilbehor-elektrisk-moped\/frontrute\/#breadcrumb","itemListElement":[{"@type":"ListItem","position":1,"name":"Hem","item":"https:\/\/www.evess.se\/no\/"},{"@type":"ListItem","position":2,"name":"Butik","item":"https:\/\/www.evess.se\/no\/butik-2\/"},{"@type":"ListItem","position":3,"name":"Frontrute"}]},{"@type":"WebSite","@id":"https:\/\/www.evess.se\/no\/#website","url":"https:\/\/www.evess.se\/no\/","name":"Evess","description":"Elmopeder f\u00f6r ett milj\u00f6smart samh\u00e4lle","publisher":{"@id":"https:\/\/www.evess.se\/no\/#organization"},"potentialAction":[{"@type":"SearchAction","target":{"@type":"EntryPoint","urlTemplate":"https:\/\/www.evess.se\/no\/?s={search_term_string}"},"query-input":{"@type":"PropertyValueSpecification","valueRequired":true,"valueName":"search_term_string"}}],"inLanguage":"nb-NO"},{"@type":"Organization","@id":"https:\/\/www.evess.se\/no\/#organization","name":"Evess","url":"https:\/\/www.evess.se\/no\/","logo":{"@type":"ImageObject","inLanguage":"nb-NO","@id":"https:\/\/www.evess.se\/no\/#\/schema\/logo\/image\/","url":"https:\/\/www.evess.se\/wp-content\/uploads\/2023\/11\/evess-logo-black.png","contentUrl":"https:\/\/www.evess.se\/wp-content\/uploads\/2023\/11\/evess-logo-black.png","width":1417,"height":312,"caption":"Evess"},"image":{"@id":"https:\/\/www.evess.se\/no\/#\/schema\/logo\/image\/"},"sameAs":["https:\/\/www.facebook.com\/evessmoped"]}]}},"_links":{"self":[{"href":"https:\/\/www.evess.se\/no\/wp-json\/wp\/v2\/product\/726","targetHints":{"allow":["GET"]}}],"collection":[{"href":"https:\/\/www.evess.se\/no\/wp-json\/wp\/v2\/product"}],"about":[{"href":"https:\/\/www.evess.se\/no\/wp-json\/wp\/v2\/types\/product"}],"replies":[{"embeddable":true,"href":"https:\/\/www.evess.se\/no\/wp-json\/wp\/v2\/comments?post=726"}],"wp:featuredmedia":[{"embeddable":true,"href":"https:\/\/www.evess.se\/no\/wp-json\/wp\/v2\/media\/15292"}],"wp:attachment":[{"href":"https:\/\/www.evess.se\/no\/wp-json\/wp\/v2\/media?parent=726"}],"wp:term":[{"taxonomy":"product_brand","embeddable":true,"href":"https:\/\/www.evess.se\/no\/wp-json\/wp\/v2\/product_brand?post=726"},{"taxonomy":"product_cat","embeddable":true,"href":"https:\/\/www.evess.se\/no\/wp-json\/wp\/v2\/product_cat?post=726"},{"taxonomy":"product_tag","embeddable":true,"href":"https:\/\/www.evess.se\/no\/wp-json\/wp\/v2\/product_tag?post=726"}],"curies":[{"name":"wp","href":"https:\/\/api.w.org\/{rel}","templated":true}]}}