{"id":714,"date":"2023-11-04T21:19:37","date_gmt":"2023-11-04T21:19:37","guid":{"rendered":"https:\/\/www.evess.se\/produkt\/eves-elektrisk-moped\/"},"modified":"2025-04-30T21:20:02","modified_gmt":"2025-04-30T21:20:02","slug":"evess-elektrisk-moped","status":"publish","type":"product","link":"https:\/\/www.evess.se\/no\/produkt\/ukategorisert\/evess-elektrisk-moped\/","title":{"rendered":"Evess elektrisk moped"},"content":{"rendered":"&#13;\n<p>Kj\u00f8p el-moped hos Evess og f\u00e5 toppmoderne teknologi i en klassisk og stilig pakke. V\u00e5r el-moped kombinerer det beste fra to verdener \u2013 stilig design, inspirert av den ikoniske italienske Vespaen, og markedsledende ytelse.<\/p>&#13;\n<p>Ditt kj\u00f8p av el-moped inkluderer et 26 Ah batteri fra Samsung eller LG. Oppgrader batteriene til hele 52 Ah hvis du \u00f8nsker det. Dermed tilbyr el-moped Evess en av de mest imponerende rekkeviddene p\u00e5 markedet. Du vil kunne holde en jevn hastighet p\u00e5 45 km\/t for lengre avstander. Dette gj\u00f8r v\u00e5r el-moped til det optimale valget for b\u00e5de bykj\u00f8ring og lengre utflukter.<\/p>&#13;\n<p>Evess elektrisk mopeds design er en perfekt balanse mellom det klassiske og det moderne. Den lange sittegruppen gir komfortabel plass til to personer, og den retroinspirerte stylingen kompletteres av \u00e5tte forskjellige fargevalg med matchende hvite dekk. N\u00e5r du kj\u00f8per en el-moped hos oss i <a href=\"\/\">Evess<\/a> , investerer du ikke bare i en el-moped , men i en livsstil.<\/p>&#13;\n<p>Alle v\u00e5re elektriske mopeder er utstyrt med en rekke funksjoner av h\u00f8y kvalitet, inkludert hydrauliske skivebremser foran og bak, alarmer, skarpe LED-lys, horn og st\u00f8tdempere. Vi tilbyr ogs\u00e5 innebygget alarm ved kj\u00f8p av el-moped . Alarmen aktiveres med et enkelt trykk p\u00e5 en knapp. Du finner ogs\u00e5 en praktisk USB-inngang for \u00e5 lade mobilen under reisen. Perfekt for deg som ogs\u00e5 har kj\u00f8pt <a href=\"https:\/\/www.evess.se\/no\/produkt\/tilbehor-elektrisk-moped\/mobil-hall\/\">mobiltelefonholderen<\/a> v\u00e5r for \u00e5 bruke p\u00e5 reise!<\/p>&#13;\n<p>Du f\u00e5r dermed en b\u00e6rbar transportl\u00f8sning som er klar til \u00e5 kj\u00f8re i all slags v\u00e6r og p\u00e5 alle typer veier n\u00e5r du kj\u00f8per el-moped hos. Benytt sjansen og bestill en pr\u00f8vetur i dag &#8211; du vil ikke bli skuffet!<\/p>&#13;\n<p>Evess elmoped er din smarte og elegante transportl\u00f8sning. Lag dine egne spor med Eness. Er du klar for \u00e5 oppleve et nytt niv\u00e5 av mobilitet? Kj\u00f8p Evess elektrisk moped i dag og kjenn forskjellen.<\/p>&#13;\n","protected":false},"excerpt":{"rendered":"<div class=\"wp-block-group is-nowrap is-layout-flex wp-container-core-group-layout-2 wp-block-group-is-layout-flex\">\n<p><strong>Levering:<\/strong> 2-4 virkedager  <\/p>\n<figure class=\"wp-block-image size-full is-resized has-custom-border\"><img decoding=\"async\" class=\"has-border-color wp-image-780\" style=\"border-color: #dddddd; border-width: 1px; border-radius: 4px; object-fit: contain; width: 55px; height: 36px; margin-top: 20px;\" src=\"https:\/\/www.evess.se\/wp-content\/uploads\/2023\/11\/postnord.svg\" alt=\"Postnummer Logo\"><\/figure>\n<figure class=\"wp-block-image size-full is-resized has-custom-border\"><img decoding=\"async\" class=\"has-border-color wp-image-13028\" style=\"border-color: #dddddd; border-width: 1px; border-radius: 4px; width: auto; height: 36px; margin-top: 20px;\" src=\"https:\/\/www.evess.se\/wp-content\/uploads\/2023\/11\/dhl-1-logo-svg-vector.svg\" alt=\"\"><\/figure>\n<\/div>\n<p><strong><span style=\"color: #137ce5;\">Gratis frakt p\u00e5 alt innen Sverige<\/span><\/strong><\/p>\n","protected":false},"featured_media":14517,"comment_status":"closed","ping_status":"closed","template":"","meta":{"_acf_changed":false},"product_brand":[],"product_cat":[],"product_tag":[],"class_list":{"0":"post-714","1":"product","2":"type-product","3":"status-publish","4":"has-post-thumbnail","7":"first","8":"instock","9":"taxable","10":"shipping-taxable","11":"purchasable","12":"product-type-variable","13":"has-default-attributes"},"bundled_by":[],"bundle_stock_status":"instock","bundle_stock_quantity":null,"bundle_virtual":false,"bundle_layout":"","bundle_add_to_cart_form_location":"","bundle_editable_in_cart":false,"bundle_sold_individually_context":"","bundle_item_grouping":"","bundle_min_size":"","bundle_max_size":"","bundle_price":[],"bundled_items":[],"bundle_sell_ids":[],"acf":[],"yoast_head":"<!-- This site is optimized with the Yoast SEO plugin v27.5 - https:\/\/yoast.com\/product\/yoast-seo-wordpress\/ -->\n<title>Kj\u00f8p Elmoped - Stilig italiensk design - Evess<\/title>\n<meta name=\"description\" content=\"Kj\u00f8p el-moped p\u00e5 nett hos Evess . V\u00e5re elektriske mopeder finnes i 8 forskjellige farger. Sterke batterier fra Samsung p\u00e5 2000 W og 26 Ah, tar deg hele 60 km p\u00e5 \u00e9n lading.\" \/>\n<meta name=\"robots\" content=\"index, follow, max-snippet:-1, max-image-preview:large, max-video-preview:-1\" \/>\n<link rel=\"canonical\" href=\"https:\/\/www.evess.se\/no\/produkt\/ukategorisert\/evess-elektrisk-moped\/\" \/>\n<meta property=\"og:locale\" content=\"nb_NO\" \/>\n<meta property=\"og:type\" content=\"article\" \/>\n<meta property=\"og:title\" content=\"Kj\u00f8p Elmoped - Stilig italiensk design - Evess\" \/>\n<meta property=\"og:description\" content=\"Kj\u00f8p el-moped p\u00e5 nett hos Evess . V\u00e5re elektriske mopeder finnes i 8 forskjellige farger. Sterke batterier fra Samsung p\u00e5 2000 W og 26 Ah, tar deg hele 60 km p\u00e5 \u00e9n lading.\" \/>\n<meta property=\"og:url\" content=\"https:\/\/www.evess.se\/no\/produkt\/ukategorisert\/evess-elektrisk-moped\/\" \/>\n<meta property=\"og:site_name\" content=\"Evess\" \/>\n<meta property=\"article:publisher\" content=\"https:\/\/www.facebook.com\/evessmoped\" \/>\n<meta property=\"article:modified_time\" content=\"2025-04-30T21:20:02+00:00\" \/>\n<meta property=\"og:image\" content=\"https:\/\/www.evess.se\/wp-content\/uploads\/2025\/04\/svart-snett-fram.webp\" \/>\n\t<meta property=\"og:image:width\" content=\"2000\" \/>\n\t<meta property=\"og:image:height\" content=\"2000\" \/>\n\t<meta property=\"og:image:type\" content=\"image\/webp\" \/>\n<meta name=\"twitter:card\" content=\"summary_large_image\" \/>\n<meta name=\"twitter:label1\" content=\"Ansl. lesetid\" \/>\n\t<meta name=\"twitter:data1\" content=\"2 minutter\" \/>\n<script type=\"application\/ld+json\" class=\"yoast-schema-graph\">{\"@context\":\"https:\\\/\\\/schema.org\",\"@graph\":[{\"@type\":\"WebPage\",\"@id\":\"https:\\\/\\\/www.evess.se\\\/no\\\/produkt\\\/ukategorisert\\\/evess-elektrisk-moped\\\/\",\"url\":\"https:\\\/\\\/www.evess.se\\\/no\\\/produkt\\\/ukategorisert\\\/evess-elektrisk-moped\\\/\",\"name\":\"Kj\u00f8p Elmoped - Stilig italiensk design - Evess\",\"isPartOf\":{\"@id\":\"https:\\\/\\\/www.evess.se\\\/no\\\/#website\"},\"primaryImageOfPage\":{\"@id\":\"https:\\\/\\\/www.evess.se\\\/no\\\/produkt\\\/ukategorisert\\\/evess-elektrisk-moped\\\/#primaryimage\"},\"image\":{\"@id\":\"https:\\\/\\\/www.evess.se\\\/no\\\/produkt\\\/ukategorisert\\\/evess-elektrisk-moped\\\/#primaryimage\"},\"thumbnailUrl\":\"https:\\\/\\\/www.evess.se\\\/wp-content\\\/uploads\\\/2025\\\/04\\\/svart-snett-fram.webp\",\"datePublished\":\"2023-11-04T21:19:37+00:00\",\"dateModified\":\"2025-04-30T21:20:02+00:00\",\"description\":\"Kj\u00f8p el-moped p\u00e5 nett hos Evess . V\u00e5re elektriske mopeder finnes i 8 forskjellige farger. Sterke batterier fra Samsung p\u00e5 2000 W og 26 Ah, tar deg hele 60 km p\u00e5 \u00e9n lading.\",\"breadcrumb\":{\"@id\":\"https:\\\/\\\/www.evess.se\\\/no\\\/produkt\\\/ukategorisert\\\/evess-elektrisk-moped\\\/#breadcrumb\"},\"inLanguage\":\"nb-NO\",\"potentialAction\":[{\"@type\":\"ReadAction\",\"target\":[\"https:\\\/\\\/www.evess.se\\\/no\\\/produkt\\\/ukategorisert\\\/evess-elektrisk-moped\\\/\"]}]},{\"@type\":\"ImageObject\",\"inLanguage\":\"nb-NO\",\"@id\":\"https:\\\/\\\/www.evess.se\\\/no\\\/produkt\\\/ukategorisert\\\/evess-elektrisk-moped\\\/#primaryimage\",\"url\":\"https:\\\/\\\/www.evess.se\\\/wp-content\\\/uploads\\\/2025\\\/04\\\/svart-snett-fram.webp\",\"contentUrl\":\"https:\\\/\\\/www.evess.se\\\/wp-content\\\/uploads\\\/2025\\\/04\\\/svart-snett-fram.webp\",\"width\":2000,\"height\":2000},{\"@type\":\"BreadcrumbList\",\"@id\":\"https:\\\/\\\/www.evess.se\\\/no\\\/produkt\\\/ukategorisert\\\/evess-elektrisk-moped\\\/#breadcrumb\",\"itemListElement\":[{\"@type\":\"ListItem\",\"position\":1,\"name\":\"Hem\",\"item\":\"https:\\\/\\\/www.evess.se\\\/no\\\/\"},{\"@type\":\"ListItem\",\"position\":2,\"name\":\"Butik\",\"item\":\"https:\\\/\\\/www.evess.se\\\/no\\\/butik-2\\\/\"},{\"@type\":\"ListItem\",\"position\":3,\"name\":\"Evess elektrisk moped\"}]},{\"@type\":\"WebSite\",\"@id\":\"https:\\\/\\\/www.evess.se\\\/no\\\/#website\",\"url\":\"https:\\\/\\\/www.evess.se\\\/no\\\/\",\"name\":\"Evess\",\"description\":\"Elmopeder f\u00f6r ett milj\u00f6smart samh\u00e4lle\",\"publisher\":{\"@id\":\"https:\\\/\\\/www.evess.se\\\/no\\\/#organization\"},\"potentialAction\":[{\"@type\":\"SearchAction\",\"target\":{\"@type\":\"EntryPoint\",\"urlTemplate\":\"https:\\\/\\\/www.evess.se\\\/no\\\/?s={search_term_string}\"},\"query-input\":{\"@type\":\"PropertyValueSpecification\",\"valueRequired\":true,\"valueName\":\"search_term_string\"}}],\"inLanguage\":\"nb-NO\"},{\"@type\":\"Organization\",\"@id\":\"https:\\\/\\\/www.evess.se\\\/no\\\/#organization\",\"name\":\"Evess\",\"url\":\"https:\\\/\\\/www.evess.se\\\/no\\\/\",\"logo\":{\"@type\":\"ImageObject\",\"inLanguage\":\"nb-NO\",\"@id\":\"https:\\\/\\\/www.evess.se\\\/no\\\/#\\\/schema\\\/logo\\\/image\\\/\",\"url\":\"https:\\\/\\\/www.evess.se\\\/wp-content\\\/uploads\\\/2023\\\/11\\\/evess-logo-black.png\",\"contentUrl\":\"https:\\\/\\\/www.evess.se\\\/wp-content\\\/uploads\\\/2023\\\/11\\\/evess-logo-black.png\",\"width\":1417,\"height\":312,\"caption\":\"Evess\"},\"image\":{\"@id\":\"https:\\\/\\\/www.evess.se\\\/no\\\/#\\\/schema\\\/logo\\\/image\\\/\"},\"sameAs\":[\"https:\\\/\\\/www.facebook.com\\\/evessmoped\"]}]}<\/script>\n<!-- \/ Yoast SEO plugin. -->","yoast_head_json":{"title":"Kj\u00f8p Elmoped - Stilig italiensk design - Evess","description":"Kj\u00f8p el-moped p\u00e5 nett hos Evess . V\u00e5re elektriske mopeder finnes i 8 forskjellige farger. Sterke batterier fra Samsung p\u00e5 2000 W og 26 Ah, tar deg hele 60 km p\u00e5 \u00e9n lading.","robots":{"index":"index","follow":"follow","max-snippet":"max-snippet:-1","max-image-preview":"max-image-preview:large","max-video-preview":"max-video-preview:-1"},"canonical":"https:\/\/www.evess.se\/no\/produkt\/ukategorisert\/evess-elektrisk-moped\/","og_locale":"nb_NO","og_type":"article","og_title":"Kj\u00f8p Elmoped - Stilig italiensk design - Evess","og_description":"Kj\u00f8p el-moped p\u00e5 nett hos Evess . V\u00e5re elektriske mopeder finnes i 8 forskjellige farger. Sterke batterier fra Samsung p\u00e5 2000 W og 26 Ah, tar deg hele 60 km p\u00e5 \u00e9n lading.","og_url":"https:\/\/www.evess.se\/no\/produkt\/ukategorisert\/evess-elektrisk-moped\/","og_site_name":"Evess","article_publisher":"https:\/\/www.facebook.com\/evessmoped","article_modified_time":"2025-04-30T21:20:02+00:00","og_image":[{"width":2000,"height":2000,"url":"https:\/\/www.evess.se\/wp-content\/uploads\/2025\/04\/svart-snett-fram.webp","type":"image\/webp"}],"twitter_card":"summary_large_image","twitter_misc":{"Ansl. lesetid":"2 minutter"},"schema":{"@context":"https:\/\/schema.org","@graph":[{"@type":"WebPage","@id":"https:\/\/www.evess.se\/no\/produkt\/ukategorisert\/evess-elektrisk-moped\/","url":"https:\/\/www.evess.se\/no\/produkt\/ukategorisert\/evess-elektrisk-moped\/","name":"Kj\u00f8p Elmoped - Stilig italiensk design - Evess","isPartOf":{"@id":"https:\/\/www.evess.se\/no\/#website"},"primaryImageOfPage":{"@id":"https:\/\/www.evess.se\/no\/produkt\/ukategorisert\/evess-elektrisk-moped\/#primaryimage"},"image":{"@id":"https:\/\/www.evess.se\/no\/produkt\/ukategorisert\/evess-elektrisk-moped\/#primaryimage"},"thumbnailUrl":"https:\/\/www.evess.se\/wp-content\/uploads\/2025\/04\/svart-snett-fram.webp","datePublished":"2023-11-04T21:19:37+00:00","dateModified":"2025-04-30T21:20:02+00:00","description":"Kj\u00f8p el-moped p\u00e5 nett hos Evess . V\u00e5re elektriske mopeder finnes i 8 forskjellige farger. Sterke batterier fra Samsung p\u00e5 2000 W og 26 Ah, tar deg hele 60 km p\u00e5 \u00e9n lading.","breadcrumb":{"@id":"https:\/\/www.evess.se\/no\/produkt\/ukategorisert\/evess-elektrisk-moped\/#breadcrumb"},"inLanguage":"nb-NO","potentialAction":[{"@type":"ReadAction","target":["https:\/\/www.evess.se\/no\/produkt\/ukategorisert\/evess-elektrisk-moped\/"]}]},{"@type":"ImageObject","inLanguage":"nb-NO","@id":"https:\/\/www.evess.se\/no\/produkt\/ukategorisert\/evess-elektrisk-moped\/#primaryimage","url":"https:\/\/www.evess.se\/wp-content\/uploads\/2025\/04\/svart-snett-fram.webp","contentUrl":"https:\/\/www.evess.se\/wp-content\/uploads\/2025\/04\/svart-snett-fram.webp","width":2000,"height":2000},{"@type":"BreadcrumbList","@id":"https:\/\/www.evess.se\/no\/produkt\/ukategorisert\/evess-elektrisk-moped\/#breadcrumb","itemListElement":[{"@type":"ListItem","position":1,"name":"Hem","item":"https:\/\/www.evess.se\/no\/"},{"@type":"ListItem","position":2,"name":"Butik","item":"https:\/\/www.evess.se\/no\/butik-2\/"},{"@type":"ListItem","position":3,"name":"Evess elektrisk moped"}]},{"@type":"WebSite","@id":"https:\/\/www.evess.se\/no\/#website","url":"https:\/\/www.evess.se\/no\/","name":"Evess","description":"Elmopeder f\u00f6r ett milj\u00f6smart samh\u00e4lle","publisher":{"@id":"https:\/\/www.evess.se\/no\/#organization"},"potentialAction":[{"@type":"SearchAction","target":{"@type":"EntryPoint","urlTemplate":"https:\/\/www.evess.se\/no\/?s={search_term_string}"},"query-input":{"@type":"PropertyValueSpecification","valueRequired":true,"valueName":"search_term_string"}}],"inLanguage":"nb-NO"},{"@type":"Organization","@id":"https:\/\/www.evess.se\/no\/#organization","name":"Evess","url":"https:\/\/www.evess.se\/no\/","logo":{"@type":"ImageObject","inLanguage":"nb-NO","@id":"https:\/\/www.evess.se\/no\/#\/schema\/logo\/image\/","url":"https:\/\/www.evess.se\/wp-content\/uploads\/2023\/11\/evess-logo-black.png","contentUrl":"https:\/\/www.evess.se\/wp-content\/uploads\/2023\/11\/evess-logo-black.png","width":1417,"height":312,"caption":"Evess"},"image":{"@id":"https:\/\/www.evess.se\/no\/#\/schema\/logo\/image\/"},"sameAs":["https:\/\/www.facebook.com\/evessmoped"]}]}},"_links":{"self":[{"href":"https:\/\/www.evess.se\/no\/wp-json\/wp\/v2\/product\/714","targetHints":{"allow":["GET"]}}],"collection":[{"href":"https:\/\/www.evess.se\/no\/wp-json\/wp\/v2\/product"}],"about":[{"href":"https:\/\/www.evess.se\/no\/wp-json\/wp\/v2\/types\/product"}],"replies":[{"embeddable":true,"href":"https:\/\/www.evess.se\/no\/wp-json\/wp\/v2\/comments?post=714"}],"wp:featuredmedia":[{"embeddable":true,"href":"https:\/\/www.evess.se\/no\/wp-json\/wp\/v2\/media\/14517"}],"wp:attachment":[{"href":"https:\/\/www.evess.se\/no\/wp-json\/wp\/v2\/media?parent=714"}],"wp:term":[{"taxonomy":"product_brand","embeddable":true,"href":"https:\/\/www.evess.se\/no\/wp-json\/wp\/v2\/product_brand?post=714"},{"taxonomy":"product_cat","embeddable":true,"href":"https:\/\/www.evess.se\/no\/wp-json\/wp\/v2\/product_cat?post=714"},{"taxonomy":"product_tag","embeddable":true,"href":"https:\/\/www.evess.se\/no\/wp-json\/wp\/v2\/product_tag?post=714"}],"curies":[{"name":"wp","href":"https:\/\/api.w.org\/{rel}","templated":true}]}}