{"id":712,"date":"2023-11-04T21:18:34","date_gmt":"2023-11-04T21:18:34","guid":{"rendered":"https:\/\/www.evess.se\/produkt\/batteri\/"},"modified":"2026-03-15T19:58:38","modified_gmt":"2026-03-15T19:58:38","slug":"batteri","status":"publish","type":"product","link":"https:\/\/www.evess.se\/no\/produkt\/tilbehor-elektrisk-moped\/batteri\/","title":{"rendered":"Ekstra batteri (28 Ah)"},"content":{"rendered":"<p>MERK F\u00d8LGENDE! 28Ah. De beste og nyeste batteriene p\u00e5 markedet for el-mopeder kommer fra Samsung og LG med hele 28 amperetimer.  Med de nyeste batteriene kan du n\u00e5 g\u00e5 opptil 60 km p\u00e5 \u00e9n lading takket v\u00e6re h\u00f8ye Amp\u00e8re-timer. N\u00e5r du kj\u00f8per din el-moped f\u00f8lger det selvf\u00f8lgelig med batteri. Men vil du kj\u00f8re litt lengre strekninger uten \u00e5 m\u00e5tte lade, kan et ekstra batteri v\u00e6re greit \u00e5 kj\u00f8pe. Det er plass til to batterier i hver el-moped . Med to batterier kan du n\u00e5 n\u00e5 hele 120 km p\u00e5 \u00e9n lading.<\/p>\n","protected":false},"excerpt":{"rendered":"<p>Kj\u00f8p et ekstra batteri til elmopeden!<\/p>\n","protected":false},"featured_media":13961,"comment_status":"closed","ping_status":"closed","template":"","meta":{"_acf_changed":false},"product_brand":[],"product_cat":[36],"product_tag":[],"class_list":{"0":"post-712","1":"product","2":"type-product","3":"status-publish","4":"has-post-thumbnail","6":"product_cat-tilbehor-elektrisk-moped","8":"first","9":"instock","10":"taxable","11":"shipping-taxable","12":"purchasable","13":"product-type-simple"},"bundled_by":[],"bundle_stock_status":"instock","bundle_stock_quantity":null,"bundle_virtual":false,"bundle_layout":"","bundle_add_to_cart_form_location":"","bundle_editable_in_cart":false,"bundle_sold_individually_context":"","bundle_item_grouping":"","bundle_min_size":"","bundle_max_size":"","bundle_price":[],"bundled_items":[],"bundle_sell_ids":[],"acf":[],"yoast_head":"<!-- This site is optimized with the Yoast SEO plugin v27.5 - https:\/\/yoast.com\/product\/yoast-seo-wordpress\/ -->\n<title>G\u00e5 videre - kj\u00f8p et ekstra batteri til elmopeden | Evess<\/title>\n<meta name=\"description\" content=\"Kj\u00f8per du ekstra batteri til el-moped din f\u00e5r du opptil 120 km p\u00e5 en lading f\u00f8r du trenger \u00e5 lade el-moped din .\" \/>\n<meta name=\"robots\" content=\"index, follow, max-snippet:-1, max-image-preview:large, max-video-preview:-1\" \/>\n<link rel=\"canonical\" href=\"https:\/\/www.evess.se\/no\/produkt\/tilbehor-elektrisk-moped\/batteri\/\" \/>\n<meta property=\"og:locale\" content=\"nb_NO\" \/>\n<meta property=\"og:type\" content=\"article\" \/>\n<meta property=\"og:title\" content=\"G\u00e5 videre - kj\u00f8p et ekstra batteri til elmopeden | Evess\" \/>\n<meta property=\"og:description\" content=\"Kj\u00f8per du ekstra batteri til el-moped din f\u00e5r du opptil 120 km p\u00e5 en lading f\u00f8r du trenger \u00e5 lade el-moped din .\" \/>\n<meta property=\"og:url\" content=\"https:\/\/www.evess.se\/no\/produkt\/tilbehor-elektrisk-moped\/batteri\/\" \/>\n<meta property=\"og:site_name\" content=\"Evess\" \/>\n<meta property=\"article:publisher\" content=\"https:\/\/www.facebook.com\/evessmoped\" \/>\n<meta property=\"article:modified_time\" content=\"2026-03-15T19:58:38+00:00\" \/>\n<meta property=\"og:image\" content=\"https:\/\/www.evess.se\/wp-content\/uploads\/2023\/11\/evess-moped-batteri.webp\" \/>\n\t<meta property=\"og:image:width\" content=\"1200\" \/>\n\t<meta property=\"og:image:height\" content=\"1200\" \/>\n\t<meta property=\"og:image:type\" content=\"image\/webp\" \/>\n<meta name=\"twitter:card\" content=\"summary_large_image\" \/>\n<script type=\"application\/ld+json\" class=\"yoast-schema-graph\">{\"@context\":\"https:\\\/\\\/schema.org\",\"@graph\":[{\"@type\":\"WebPage\",\"@id\":\"https:\\\/\\\/www.evess.se\\\/no\\\/produkt\\\/tilbehor-elektrisk-moped\\\/batteri\\\/\",\"url\":\"https:\\\/\\\/www.evess.se\\\/no\\\/produkt\\\/tilbehor-elektrisk-moped\\\/batteri\\\/\",\"name\":\"G\u00e5 videre - kj\u00f8p et ekstra batteri til elmopeden | Evess\",\"isPartOf\":{\"@id\":\"https:\\\/\\\/www.evess.se\\\/no\\\/#website\"},\"primaryImageOfPage\":{\"@id\":\"https:\\\/\\\/www.evess.se\\\/no\\\/produkt\\\/tilbehor-elektrisk-moped\\\/batteri\\\/#primaryimage\"},\"image\":{\"@id\":\"https:\\\/\\\/www.evess.se\\\/no\\\/produkt\\\/tilbehor-elektrisk-moped\\\/batteri\\\/#primaryimage\"},\"thumbnailUrl\":\"https:\\\/\\\/www.evess.se\\\/wp-content\\\/uploads\\\/2023\\\/11\\\/evess-moped-batteri.webp\",\"datePublished\":\"2023-11-04T21:18:34+00:00\",\"dateModified\":\"2026-03-15T19:58:38+00:00\",\"description\":\"Kj\u00f8per du ekstra batteri til el-moped din f\u00e5r du opptil 120 km p\u00e5 en lading f\u00f8r du trenger \u00e5 lade el-moped din .\",\"breadcrumb\":{\"@id\":\"https:\\\/\\\/www.evess.se\\\/no\\\/produkt\\\/tilbehor-elektrisk-moped\\\/batteri\\\/#breadcrumb\"},\"inLanguage\":\"nb-NO\",\"potentialAction\":[{\"@type\":\"ReadAction\",\"target\":[\"https:\\\/\\\/www.evess.se\\\/no\\\/produkt\\\/tilbehor-elektrisk-moped\\\/batteri\\\/\"]}]},{\"@type\":\"ImageObject\",\"inLanguage\":\"nb-NO\",\"@id\":\"https:\\\/\\\/www.evess.se\\\/no\\\/produkt\\\/tilbehor-elektrisk-moped\\\/batteri\\\/#primaryimage\",\"url\":\"https:\\\/\\\/www.evess.se\\\/wp-content\\\/uploads\\\/2023\\\/11\\\/evess-moped-batteri.webp\",\"contentUrl\":\"https:\\\/\\\/www.evess.se\\\/wp-content\\\/uploads\\\/2023\\\/11\\\/evess-moped-batteri.webp\",\"width\":1200,\"height\":1200},{\"@type\":\"BreadcrumbList\",\"@id\":\"https:\\\/\\\/www.evess.se\\\/no\\\/produkt\\\/tilbehor-elektrisk-moped\\\/batteri\\\/#breadcrumb\",\"itemListElement\":[{\"@type\":\"ListItem\",\"position\":1,\"name\":\"Hem\",\"item\":\"https:\\\/\\\/www.evess.se\\\/no\\\/\"},{\"@type\":\"ListItem\",\"position\":2,\"name\":\"Butik\",\"item\":\"https:\\\/\\\/www.evess.se\\\/no\\\/butik-2\\\/\"},{\"@type\":\"ListItem\",\"position\":3,\"name\":\"Ekstra batteri (28 Ah)\"}]},{\"@type\":\"WebSite\",\"@id\":\"https:\\\/\\\/www.evess.se\\\/no\\\/#website\",\"url\":\"https:\\\/\\\/www.evess.se\\\/no\\\/\",\"name\":\"Evess\",\"description\":\"Elmopeder f\u00f6r ett milj\u00f6smart samh\u00e4lle\",\"publisher\":{\"@id\":\"https:\\\/\\\/www.evess.se\\\/no\\\/#organization\"},\"potentialAction\":[{\"@type\":\"SearchAction\",\"target\":{\"@type\":\"EntryPoint\",\"urlTemplate\":\"https:\\\/\\\/www.evess.se\\\/no\\\/?s={search_term_string}\"},\"query-input\":{\"@type\":\"PropertyValueSpecification\",\"valueRequired\":true,\"valueName\":\"search_term_string\"}}],\"inLanguage\":\"nb-NO\"},{\"@type\":\"Organization\",\"@id\":\"https:\\\/\\\/www.evess.se\\\/no\\\/#organization\",\"name\":\"Evess\",\"url\":\"https:\\\/\\\/www.evess.se\\\/no\\\/\",\"logo\":{\"@type\":\"ImageObject\",\"inLanguage\":\"nb-NO\",\"@id\":\"https:\\\/\\\/www.evess.se\\\/no\\\/#\\\/schema\\\/logo\\\/image\\\/\",\"url\":\"https:\\\/\\\/www.evess.se\\\/wp-content\\\/uploads\\\/2023\\\/11\\\/evess-logo-black.png\",\"contentUrl\":\"https:\\\/\\\/www.evess.se\\\/wp-content\\\/uploads\\\/2023\\\/11\\\/evess-logo-black.png\",\"width\":1417,\"height\":312,\"caption\":\"Evess\"},\"image\":{\"@id\":\"https:\\\/\\\/www.evess.se\\\/no\\\/#\\\/schema\\\/logo\\\/image\\\/\"},\"sameAs\":[\"https:\\\/\\\/www.facebook.com\\\/evessmoped\"]}]}<\/script>\n<!-- \/ Yoast SEO plugin. -->","yoast_head_json":{"title":"G\u00e5 videre - kj\u00f8p et ekstra batteri til elmopeden | Evess","description":"Kj\u00f8per du ekstra batteri til el-moped din f\u00e5r du opptil 120 km p\u00e5 en lading f\u00f8r du trenger \u00e5 lade el-moped din .","robots":{"index":"index","follow":"follow","max-snippet":"max-snippet:-1","max-image-preview":"max-image-preview:large","max-video-preview":"max-video-preview:-1"},"canonical":"https:\/\/www.evess.se\/no\/produkt\/tilbehor-elektrisk-moped\/batteri\/","og_locale":"nb_NO","og_type":"article","og_title":"G\u00e5 videre - kj\u00f8p et ekstra batteri til elmopeden | Evess","og_description":"Kj\u00f8per du ekstra batteri til el-moped din f\u00e5r du opptil 120 km p\u00e5 en lading f\u00f8r du trenger \u00e5 lade el-moped din .","og_url":"https:\/\/www.evess.se\/no\/produkt\/tilbehor-elektrisk-moped\/batteri\/","og_site_name":"Evess","article_publisher":"https:\/\/www.facebook.com\/evessmoped","article_modified_time":"2026-03-15T19:58:38+00:00","og_image":[{"width":1200,"height":1200,"url":"https:\/\/www.evess.se\/wp-content\/uploads\/2023\/11\/evess-moped-batteri.webp","type":"image\/webp"}],"twitter_card":"summary_large_image","schema":{"@context":"https:\/\/schema.org","@graph":[{"@type":"WebPage","@id":"https:\/\/www.evess.se\/no\/produkt\/tilbehor-elektrisk-moped\/batteri\/","url":"https:\/\/www.evess.se\/no\/produkt\/tilbehor-elektrisk-moped\/batteri\/","name":"G\u00e5 videre - kj\u00f8p et ekstra batteri til elmopeden | Evess","isPartOf":{"@id":"https:\/\/www.evess.se\/no\/#website"},"primaryImageOfPage":{"@id":"https:\/\/www.evess.se\/no\/produkt\/tilbehor-elektrisk-moped\/batteri\/#primaryimage"},"image":{"@id":"https:\/\/www.evess.se\/no\/produkt\/tilbehor-elektrisk-moped\/batteri\/#primaryimage"},"thumbnailUrl":"https:\/\/www.evess.se\/wp-content\/uploads\/2023\/11\/evess-moped-batteri.webp","datePublished":"2023-11-04T21:18:34+00:00","dateModified":"2026-03-15T19:58:38+00:00","description":"Kj\u00f8per du ekstra batteri til el-moped din f\u00e5r du opptil 120 km p\u00e5 en lading f\u00f8r du trenger \u00e5 lade el-moped din .","breadcrumb":{"@id":"https:\/\/www.evess.se\/no\/produkt\/tilbehor-elektrisk-moped\/batteri\/#breadcrumb"},"inLanguage":"nb-NO","potentialAction":[{"@type":"ReadAction","target":["https:\/\/www.evess.se\/no\/produkt\/tilbehor-elektrisk-moped\/batteri\/"]}]},{"@type":"ImageObject","inLanguage":"nb-NO","@id":"https:\/\/www.evess.se\/no\/produkt\/tilbehor-elektrisk-moped\/batteri\/#primaryimage","url":"https:\/\/www.evess.se\/wp-content\/uploads\/2023\/11\/evess-moped-batteri.webp","contentUrl":"https:\/\/www.evess.se\/wp-content\/uploads\/2023\/11\/evess-moped-batteri.webp","width":1200,"height":1200},{"@type":"BreadcrumbList","@id":"https:\/\/www.evess.se\/no\/produkt\/tilbehor-elektrisk-moped\/batteri\/#breadcrumb","itemListElement":[{"@type":"ListItem","position":1,"name":"Hem","item":"https:\/\/www.evess.se\/no\/"},{"@type":"ListItem","position":2,"name":"Butik","item":"https:\/\/www.evess.se\/no\/butik-2\/"},{"@type":"ListItem","position":3,"name":"Ekstra batteri (28 Ah)"}]},{"@type":"WebSite","@id":"https:\/\/www.evess.se\/no\/#website","url":"https:\/\/www.evess.se\/no\/","name":"Evess","description":"Elmopeder f\u00f6r ett milj\u00f6smart samh\u00e4lle","publisher":{"@id":"https:\/\/www.evess.se\/no\/#organization"},"potentialAction":[{"@type":"SearchAction","target":{"@type":"EntryPoint","urlTemplate":"https:\/\/www.evess.se\/no\/?s={search_term_string}"},"query-input":{"@type":"PropertyValueSpecification","valueRequired":true,"valueName":"search_term_string"}}],"inLanguage":"nb-NO"},{"@type":"Organization","@id":"https:\/\/www.evess.se\/no\/#organization","name":"Evess","url":"https:\/\/www.evess.se\/no\/","logo":{"@type":"ImageObject","inLanguage":"nb-NO","@id":"https:\/\/www.evess.se\/no\/#\/schema\/logo\/image\/","url":"https:\/\/www.evess.se\/wp-content\/uploads\/2023\/11\/evess-logo-black.png","contentUrl":"https:\/\/www.evess.se\/wp-content\/uploads\/2023\/11\/evess-logo-black.png","width":1417,"height":312,"caption":"Evess"},"image":{"@id":"https:\/\/www.evess.se\/no\/#\/schema\/logo\/image\/"},"sameAs":["https:\/\/www.facebook.com\/evessmoped"]}]}},"_links":{"self":[{"href":"https:\/\/www.evess.se\/no\/wp-json\/wp\/v2\/product\/712","targetHints":{"allow":["GET"]}}],"collection":[{"href":"https:\/\/www.evess.se\/no\/wp-json\/wp\/v2\/product"}],"about":[{"href":"https:\/\/www.evess.se\/no\/wp-json\/wp\/v2\/types\/product"}],"replies":[{"embeddable":true,"href":"https:\/\/www.evess.se\/no\/wp-json\/wp\/v2\/comments?post=712"}],"wp:featuredmedia":[{"embeddable":true,"href":"https:\/\/www.evess.se\/no\/wp-json\/wp\/v2\/media\/13961"}],"wp:attachment":[{"href":"https:\/\/www.evess.se\/no\/wp-json\/wp\/v2\/media?parent=712"}],"wp:term":[{"taxonomy":"product_brand","embeddable":true,"href":"https:\/\/www.evess.se\/no\/wp-json\/wp\/v2\/product_brand?post=712"},{"taxonomy":"product_cat","embeddable":true,"href":"https:\/\/www.evess.se\/no\/wp-json\/wp\/v2\/product_cat?post=712"},{"taxonomy":"product_tag","embeddable":true,"href":"https:\/\/www.evess.se\/no\/wp-json\/wp\/v2\/product_tag?post=712"}],"curies":[{"name":"wp","href":"https:\/\/api.w.org\/{rel}","templated":true}]}}