{"id":691,"date":"2023-11-04T21:18:35","date_gmt":"2023-11-04T21:18:35","guid":{"rendered":"https:\/\/www.evess.se\/produkt\/kjertel\/"},"modified":"2026-03-17T18:01:22","modified_gmt":"2026-03-17T18:01:22","slug":"kjertel","status":"publish","type":"product","link":"https:\/\/www.evess.se\/no\/produkt\/tilbehor-elektrisk-moped\/kjertel\/","title":{"rendered":"Kjertel"},"content":{"rendered":"<p>Pakkeboksen passer perfekt til de klassiske elektriske mopedene i v\u00e5rt sortiment. Pakkeboksen er l\u00e5sbar og du kan enkelt feste den bak p\u00e5 el-mopeden p\u00e5 toppen av pakkeholderen. Den er ogs\u00e5 romslig nok til at hjelmen f\u00e5r plass inni, noe som gj\u00f8r at den ogs\u00e5 fungerer som et oppbevaringssted for hjelmen n\u00e5r du er lenge borte.  <\/p>\n","protected":false},"excerpt":{"rendered":"<p>Pakkeboks til din el-moped !<\/p>\n","protected":false},"featured_media":15650,"comment_status":"closed","ping_status":"closed","template":"","meta":{"_acf_changed":false},"product_brand":[],"product_cat":[36],"product_tag":[54],"class_list":{"0":"post-691","1":"product","2":"type-product","3":"status-publish","4":"has-post-thumbnail","6":"product_cat-tilbehor-elektrisk-moped","7":"product_tag-prisvariasjoner","9":"first","10":"instock","11":"taxable","12":"shipping-taxable","13":"purchasable","14":"product-type-variable","15":"has-default-attributes"},"bundled_by":[],"bundle_stock_status":"instock","bundle_stock_quantity":null,"bundle_virtual":false,"bundle_layout":"","bundle_add_to_cart_form_location":"","bundle_editable_in_cart":false,"bundle_sold_individually_context":"","bundle_item_grouping":"","bundle_min_size":"","bundle_max_size":"","bundle_price":[],"bundled_items":[],"bundle_sell_ids":[],"acf":[],"yoast_head":"<!-- This site is optimized with the Yoast SEO plugin v27.5 - https:\/\/yoast.com\/product\/yoast-seo-wordpress\/ -->\n<title>Kjertel er for din el-moped - Evess<\/title>\n<meta name=\"description\" content=\"Pakkeboksen kommer i samme farger som elmopedene i v\u00e5rt sortiment. Den er l\u00e5sbar og romslig og har ogs\u00e5 plass til hjelmen inni.\" \/>\n<meta name=\"robots\" content=\"index, follow, max-snippet:-1, max-image-preview:large, max-video-preview:-1\" \/>\n<link rel=\"canonical\" href=\"https:\/\/www.evess.se\/no\/produkt\/tilbehor-elektrisk-moped\/kjertel\/\" \/>\n<meta property=\"og:locale\" content=\"nb_NO\" \/>\n<meta property=\"og:type\" content=\"article\" \/>\n<meta property=\"og:title\" content=\"Kjertel er for din el-moped - Evess\" \/>\n<meta property=\"og:description\" content=\"Pakkeboksen kommer i samme farger som elmopedene i v\u00e5rt sortiment. Den er l\u00e5sbar og romslig og har ogs\u00e5 plass til hjelmen inni.\" \/>\n<meta property=\"og:url\" content=\"https:\/\/www.evess.se\/no\/produkt\/tilbehor-elektrisk-moped\/kjertel\/\" \/>\n<meta property=\"og:site_name\" content=\"Evess\" \/>\n<meta property=\"article:publisher\" content=\"https:\/\/www.facebook.com\/evessmoped\" \/>\n<meta property=\"article:modified_time\" content=\"2026-03-17T18:01:22+00:00\" \/>\n<meta property=\"og:image\" content=\"https:\/\/www.evess.se\/wp-content\/uploads\/2026\/01\/packbox-vit.jpg\" \/>\n\t<meta property=\"og:image:width\" content=\"1200\" \/>\n\t<meta property=\"og:image:height\" content=\"1200\" \/>\n\t<meta property=\"og:image:type\" content=\"image\/jpeg\" \/>\n<meta name=\"twitter:card\" content=\"summary_large_image\" \/>\n<script type=\"application\/ld+json\" class=\"yoast-schema-graph\">{\"@context\":\"https:\\\/\\\/schema.org\",\"@graph\":[{\"@type\":\"WebPage\",\"@id\":\"https:\\\/\\\/www.evess.se\\\/no\\\/produkt\\\/tilbehor-elektrisk-moped\\\/kjertel\\\/\",\"url\":\"https:\\\/\\\/www.evess.se\\\/no\\\/produkt\\\/tilbehor-elektrisk-moped\\\/kjertel\\\/\",\"name\":\"Kjertel er for din el-moped - Evess\",\"isPartOf\":{\"@id\":\"https:\\\/\\\/www.evess.se\\\/no\\\/#website\"},\"primaryImageOfPage\":{\"@id\":\"https:\\\/\\\/www.evess.se\\\/no\\\/produkt\\\/tilbehor-elektrisk-moped\\\/kjertel\\\/#primaryimage\"},\"image\":{\"@id\":\"https:\\\/\\\/www.evess.se\\\/no\\\/produkt\\\/tilbehor-elektrisk-moped\\\/kjertel\\\/#primaryimage\"},\"thumbnailUrl\":\"https:\\\/\\\/www.evess.se\\\/wp-content\\\/uploads\\\/2026\\\/01\\\/packbox-vit.jpg\",\"datePublished\":\"2023-11-04T21:18:35+00:00\",\"dateModified\":\"2026-03-17T18:01:22+00:00\",\"description\":\"Pakkeboksen kommer i samme farger som elmopedene i v\u00e5rt sortiment. Den er l\u00e5sbar og romslig og har ogs\u00e5 plass til hjelmen inni.\",\"breadcrumb\":{\"@id\":\"https:\\\/\\\/www.evess.se\\\/no\\\/produkt\\\/tilbehor-elektrisk-moped\\\/kjertel\\\/#breadcrumb\"},\"inLanguage\":\"nb-NO\",\"potentialAction\":[{\"@type\":\"ReadAction\",\"target\":[\"https:\\\/\\\/www.evess.se\\\/no\\\/produkt\\\/tilbehor-elektrisk-moped\\\/kjertel\\\/\"]}]},{\"@type\":\"ImageObject\",\"inLanguage\":\"nb-NO\",\"@id\":\"https:\\\/\\\/www.evess.se\\\/no\\\/produkt\\\/tilbehor-elektrisk-moped\\\/kjertel\\\/#primaryimage\",\"url\":\"https:\\\/\\\/www.evess.se\\\/wp-content\\\/uploads\\\/2026\\\/01\\\/packbox-vit.jpg\",\"contentUrl\":\"https:\\\/\\\/www.evess.se\\\/wp-content\\\/uploads\\\/2026\\\/01\\\/packbox-vit.jpg\",\"width\":1200,\"height\":1200},{\"@type\":\"BreadcrumbList\",\"@id\":\"https:\\\/\\\/www.evess.se\\\/no\\\/produkt\\\/tilbehor-elektrisk-moped\\\/kjertel\\\/#breadcrumb\",\"itemListElement\":[{\"@type\":\"ListItem\",\"position\":1,\"name\":\"Hem\",\"item\":\"https:\\\/\\\/www.evess.se\\\/no\\\/\"},{\"@type\":\"ListItem\",\"position\":2,\"name\":\"Butik\",\"item\":\"https:\\\/\\\/www.evess.se\\\/no\\\/butik-2\\\/\"},{\"@type\":\"ListItem\",\"position\":3,\"name\":\"Kjertel\"}]},{\"@type\":\"WebSite\",\"@id\":\"https:\\\/\\\/www.evess.se\\\/no\\\/#website\",\"url\":\"https:\\\/\\\/www.evess.se\\\/no\\\/\",\"name\":\"Evess\",\"description\":\"Elmopeder f\u00f6r ett milj\u00f6smart samh\u00e4lle\",\"publisher\":{\"@id\":\"https:\\\/\\\/www.evess.se\\\/no\\\/#organization\"},\"potentialAction\":[{\"@type\":\"SearchAction\",\"target\":{\"@type\":\"EntryPoint\",\"urlTemplate\":\"https:\\\/\\\/www.evess.se\\\/no\\\/?s={search_term_string}\"},\"query-input\":{\"@type\":\"PropertyValueSpecification\",\"valueRequired\":true,\"valueName\":\"search_term_string\"}}],\"inLanguage\":\"nb-NO\"},{\"@type\":\"Organization\",\"@id\":\"https:\\\/\\\/www.evess.se\\\/no\\\/#organization\",\"name\":\"Evess\",\"url\":\"https:\\\/\\\/www.evess.se\\\/no\\\/\",\"logo\":{\"@type\":\"ImageObject\",\"inLanguage\":\"nb-NO\",\"@id\":\"https:\\\/\\\/www.evess.se\\\/no\\\/#\\\/schema\\\/logo\\\/image\\\/\",\"url\":\"https:\\\/\\\/www.evess.se\\\/wp-content\\\/uploads\\\/2023\\\/11\\\/evess-logo-black.png\",\"contentUrl\":\"https:\\\/\\\/www.evess.se\\\/wp-content\\\/uploads\\\/2023\\\/11\\\/evess-logo-black.png\",\"width\":1417,\"height\":312,\"caption\":\"Evess\"},\"image\":{\"@id\":\"https:\\\/\\\/www.evess.se\\\/no\\\/#\\\/schema\\\/logo\\\/image\\\/\"},\"sameAs\":[\"https:\\\/\\\/www.facebook.com\\\/evessmoped\"]}]}<\/script>\n<!-- \/ Yoast SEO plugin. -->","yoast_head_json":{"title":"Kjertel er for din el-moped - Evess","description":"Pakkeboksen kommer i samme farger som elmopedene i v\u00e5rt sortiment. Den er l\u00e5sbar og romslig og har ogs\u00e5 plass til hjelmen inni.","robots":{"index":"index","follow":"follow","max-snippet":"max-snippet:-1","max-image-preview":"max-image-preview:large","max-video-preview":"max-video-preview:-1"},"canonical":"https:\/\/www.evess.se\/no\/produkt\/tilbehor-elektrisk-moped\/kjertel\/","og_locale":"nb_NO","og_type":"article","og_title":"Kjertel er for din el-moped - Evess","og_description":"Pakkeboksen kommer i samme farger som elmopedene i v\u00e5rt sortiment. Den er l\u00e5sbar og romslig og har ogs\u00e5 plass til hjelmen inni.","og_url":"https:\/\/www.evess.se\/no\/produkt\/tilbehor-elektrisk-moped\/kjertel\/","og_site_name":"Evess","article_publisher":"https:\/\/www.facebook.com\/evessmoped","article_modified_time":"2026-03-17T18:01:22+00:00","og_image":[{"width":1200,"height":1200,"url":"https:\/\/www.evess.se\/wp-content\/uploads\/2026\/01\/packbox-vit.jpg","type":"image\/jpeg"}],"twitter_card":"summary_large_image","schema":{"@context":"https:\/\/schema.org","@graph":[{"@type":"WebPage","@id":"https:\/\/www.evess.se\/no\/produkt\/tilbehor-elektrisk-moped\/kjertel\/","url":"https:\/\/www.evess.se\/no\/produkt\/tilbehor-elektrisk-moped\/kjertel\/","name":"Kjertel er for din el-moped - Evess","isPartOf":{"@id":"https:\/\/www.evess.se\/no\/#website"},"primaryImageOfPage":{"@id":"https:\/\/www.evess.se\/no\/produkt\/tilbehor-elektrisk-moped\/kjertel\/#primaryimage"},"image":{"@id":"https:\/\/www.evess.se\/no\/produkt\/tilbehor-elektrisk-moped\/kjertel\/#primaryimage"},"thumbnailUrl":"https:\/\/www.evess.se\/wp-content\/uploads\/2026\/01\/packbox-vit.jpg","datePublished":"2023-11-04T21:18:35+00:00","dateModified":"2026-03-17T18:01:22+00:00","description":"Pakkeboksen kommer i samme farger som elmopedene i v\u00e5rt sortiment. Den er l\u00e5sbar og romslig og har ogs\u00e5 plass til hjelmen inni.","breadcrumb":{"@id":"https:\/\/www.evess.se\/no\/produkt\/tilbehor-elektrisk-moped\/kjertel\/#breadcrumb"},"inLanguage":"nb-NO","potentialAction":[{"@type":"ReadAction","target":["https:\/\/www.evess.se\/no\/produkt\/tilbehor-elektrisk-moped\/kjertel\/"]}]},{"@type":"ImageObject","inLanguage":"nb-NO","@id":"https:\/\/www.evess.se\/no\/produkt\/tilbehor-elektrisk-moped\/kjertel\/#primaryimage","url":"https:\/\/www.evess.se\/wp-content\/uploads\/2026\/01\/packbox-vit.jpg","contentUrl":"https:\/\/www.evess.se\/wp-content\/uploads\/2026\/01\/packbox-vit.jpg","width":1200,"height":1200},{"@type":"BreadcrumbList","@id":"https:\/\/www.evess.se\/no\/produkt\/tilbehor-elektrisk-moped\/kjertel\/#breadcrumb","itemListElement":[{"@type":"ListItem","position":1,"name":"Hem","item":"https:\/\/www.evess.se\/no\/"},{"@type":"ListItem","position":2,"name":"Butik","item":"https:\/\/www.evess.se\/no\/butik-2\/"},{"@type":"ListItem","position":3,"name":"Kjertel"}]},{"@type":"WebSite","@id":"https:\/\/www.evess.se\/no\/#website","url":"https:\/\/www.evess.se\/no\/","name":"Evess","description":"Elmopeder f\u00f6r ett milj\u00f6smart samh\u00e4lle","publisher":{"@id":"https:\/\/www.evess.se\/no\/#organization"},"potentialAction":[{"@type":"SearchAction","target":{"@type":"EntryPoint","urlTemplate":"https:\/\/www.evess.se\/no\/?s={search_term_string}"},"query-input":{"@type":"PropertyValueSpecification","valueRequired":true,"valueName":"search_term_string"}}],"inLanguage":"nb-NO"},{"@type":"Organization","@id":"https:\/\/www.evess.se\/no\/#organization","name":"Evess","url":"https:\/\/www.evess.se\/no\/","logo":{"@type":"ImageObject","inLanguage":"nb-NO","@id":"https:\/\/www.evess.se\/no\/#\/schema\/logo\/image\/","url":"https:\/\/www.evess.se\/wp-content\/uploads\/2023\/11\/evess-logo-black.png","contentUrl":"https:\/\/www.evess.se\/wp-content\/uploads\/2023\/11\/evess-logo-black.png","width":1417,"height":312,"caption":"Evess"},"image":{"@id":"https:\/\/www.evess.se\/no\/#\/schema\/logo\/image\/"},"sameAs":["https:\/\/www.facebook.com\/evessmoped"]}]}},"_links":{"self":[{"href":"https:\/\/www.evess.se\/no\/wp-json\/wp\/v2\/product\/691","targetHints":{"allow":["GET"]}}],"collection":[{"href":"https:\/\/www.evess.se\/no\/wp-json\/wp\/v2\/product"}],"about":[{"href":"https:\/\/www.evess.se\/no\/wp-json\/wp\/v2\/types\/product"}],"replies":[{"embeddable":true,"href":"https:\/\/www.evess.se\/no\/wp-json\/wp\/v2\/comments?post=691"}],"wp:featuredmedia":[{"embeddable":true,"href":"https:\/\/www.evess.se\/no\/wp-json\/wp\/v2\/media\/15650"}],"wp:attachment":[{"href":"https:\/\/www.evess.se\/no\/wp-json\/wp\/v2\/media?parent=691"}],"wp:term":[{"taxonomy":"product_brand","embeddable":true,"href":"https:\/\/www.evess.se\/no\/wp-json\/wp\/v2\/product_brand?post=691"},{"taxonomy":"product_cat","embeddable":true,"href":"https:\/\/www.evess.se\/no\/wp-json\/wp\/v2\/product_cat?post=691"},{"taxonomy":"product_tag","embeddable":true,"href":"https:\/\/www.evess.se\/no\/wp-json\/wp\/v2\/product_tag?post=691"}],"curies":[{"name":"wp","href":"https:\/\/api.w.org\/{rel}","templated":true}]}}