{"id":663,"date":"2023-11-04T21:18:35","date_gmt":"2023-11-04T21:18:35","guid":{"rendered":"https:\/\/www.evess.se\/produkt\/vindbeskyttelse\/"},"modified":"2024-03-25T16:56:23","modified_gmt":"2024-03-25T16:56:23","slug":"vindbeskyttelse","status":"publish","type":"product","link":"https:\/\/www.evess.se\/no\/produkt\/tilbehor-elektrisk-moped\/vindbeskyttelse\/","title":{"rendered":"Vindbeskyttelse"},"content":{"rendered":"<p>Vindskjermen er det beste tilbeh\u00f8ret du kan kj\u00f8pe til elmopeden om du ogs\u00e5 vil kj\u00f8re om vinteren. Vindbeskyttelsen tas p\u00e5 som et skj\u00f8rt, som s\u00e5 strekker seg fra midjen og ned til f\u00f8ttene. Den er b\u00e5de vindtett og vanntett.<\/p>\n","protected":false},"excerpt":{"rendered":"<p>Vindbeskyttelsen til el-mopeden.<\/p>\n","protected":false},"featured_media":1004,"comment_status":"closed","ping_status":"closed","template":"","meta":{"_acf_changed":false},"product_brand":[],"product_cat":[36],"product_tag":[],"class_list":{"0":"post-663","1":"product","2":"type-product","3":"status-publish","4":"has-post-thumbnail","6":"product_cat-tilbehor-elektrisk-moped","8":"first","9":"instock","10":"taxable","11":"shipping-taxable","12":"purchasable","13":"product-type-simple"},"bundled_by":[],"bundle_stock_status":"instock","bundle_stock_quantity":null,"bundle_virtual":false,"bundle_layout":"","bundle_add_to_cart_form_location":"","bundle_editable_in_cart":false,"bundle_sold_individually_context":"","bundle_item_grouping":"","bundle_min_size":"","bundle_max_size":"","bundle_price":[],"bundled_items":[],"bundle_sell_ids":[],"acf":[],"yoast_head":"<!-- This site is optimized with the Yoast SEO plugin v27.5 - https:\/\/yoast.com\/product\/yoast-seo-wordpress\/ -->\n<title>Vindbeskyttelse p\u00e5 din el-moped Evess<\/title>\n<meta name=\"description\" content=\"Vindskjermen er det beste tilbeh\u00f8ret du kan kj\u00f8pe til elmopeden om du ogs\u00e5 vil kj\u00f8re om vinteren. Den er b\u00e5de vindtett og vanntett.\" \/>\n<meta name=\"robots\" content=\"index, follow, max-snippet:-1, max-image-preview:large, max-video-preview:-1\" \/>\n<link rel=\"canonical\" href=\"https:\/\/www.evess.se\/no\/produkt\/tilbehor-elektrisk-moped\/vindbeskyttelse\/\" \/>\n<meta property=\"og:locale\" content=\"nb_NO\" \/>\n<meta property=\"og:type\" content=\"article\" \/>\n<meta property=\"og:title\" content=\"Vindbeskyttelse p\u00e5 din el-moped Evess\" \/>\n<meta property=\"og:description\" content=\"Vindskjermen er det beste tilbeh\u00f8ret du kan kj\u00f8pe til elmopeden om du ogs\u00e5 vil kj\u00f8re om vinteren. Den er b\u00e5de vindtett og vanntett.\" \/>\n<meta property=\"og:url\" content=\"https:\/\/www.evess.se\/no\/produkt\/tilbehor-elektrisk-moped\/vindbeskyttelse\/\" \/>\n<meta property=\"og:site_name\" content=\"Evess\" \/>\n<meta property=\"article:publisher\" content=\"https:\/\/www.facebook.com\/evessmoped\" \/>\n<meta property=\"article:modified_time\" content=\"2024-03-25T16:56:23+00:00\" \/>\n<meta property=\"og:image\" content=\"https:\/\/www.evess.se\/wp-content\/uploads\/2023\/11\/vindskydd-evess-elmoped.webp\" \/>\n\t<meta property=\"og:image:width\" content=\"1200\" \/>\n\t<meta property=\"og:image:height\" content=\"1200\" \/>\n\t<meta property=\"og:image:type\" content=\"image\/webp\" \/>\n<meta name=\"twitter:card\" content=\"summary_large_image\" \/>\n<script type=\"application\/ld+json\" class=\"yoast-schema-graph\">{\"@context\":\"https:\\\/\\\/schema.org\",\"@graph\":[{\"@type\":\"WebPage\",\"@id\":\"https:\\\/\\\/www.evess.se\\\/no\\\/produkt\\\/tilbehor-elektrisk-moped\\\/vindbeskyttelse\\\/\",\"url\":\"https:\\\/\\\/www.evess.se\\\/no\\\/produkt\\\/tilbehor-elektrisk-moped\\\/vindbeskyttelse\\\/\",\"name\":\"Vindbeskyttelse p\u00e5 din el-moped Evess\",\"isPartOf\":{\"@id\":\"https:\\\/\\\/www.evess.se\\\/no\\\/#website\"},\"primaryImageOfPage\":{\"@id\":\"https:\\\/\\\/www.evess.se\\\/no\\\/produkt\\\/tilbehor-elektrisk-moped\\\/vindbeskyttelse\\\/#primaryimage\"},\"image\":{\"@id\":\"https:\\\/\\\/www.evess.se\\\/no\\\/produkt\\\/tilbehor-elektrisk-moped\\\/vindbeskyttelse\\\/#primaryimage\"},\"thumbnailUrl\":\"https:\\\/\\\/www.evess.se\\\/wp-content\\\/uploads\\\/2023\\\/11\\\/vindskydd-evess-elmoped.webp\",\"datePublished\":\"2023-11-04T21:18:35+00:00\",\"dateModified\":\"2024-03-25T16:56:23+00:00\",\"description\":\"Vindskjermen er det beste tilbeh\u00f8ret du kan kj\u00f8pe til elmopeden om du ogs\u00e5 vil kj\u00f8re om vinteren. Den er b\u00e5de vindtett og vanntett.\",\"breadcrumb\":{\"@id\":\"https:\\\/\\\/www.evess.se\\\/no\\\/produkt\\\/tilbehor-elektrisk-moped\\\/vindbeskyttelse\\\/#breadcrumb\"},\"inLanguage\":\"nb-NO\",\"potentialAction\":[{\"@type\":\"ReadAction\",\"target\":[\"https:\\\/\\\/www.evess.se\\\/no\\\/produkt\\\/tilbehor-elektrisk-moped\\\/vindbeskyttelse\\\/\"]}]},{\"@type\":\"ImageObject\",\"inLanguage\":\"nb-NO\",\"@id\":\"https:\\\/\\\/www.evess.se\\\/no\\\/produkt\\\/tilbehor-elektrisk-moped\\\/vindbeskyttelse\\\/#primaryimage\",\"url\":\"https:\\\/\\\/www.evess.se\\\/wp-content\\\/uploads\\\/2023\\\/11\\\/vindskydd-evess-elmoped.webp\",\"contentUrl\":\"https:\\\/\\\/www.evess.se\\\/wp-content\\\/uploads\\\/2023\\\/11\\\/vindskydd-evess-elmoped.webp\",\"width\":1200,\"height\":1200,\"caption\":\"Vindbeskyttelse for Evess Elmoped\"},{\"@type\":\"BreadcrumbList\",\"@id\":\"https:\\\/\\\/www.evess.se\\\/no\\\/produkt\\\/tilbehor-elektrisk-moped\\\/vindbeskyttelse\\\/#breadcrumb\",\"itemListElement\":[{\"@type\":\"ListItem\",\"position\":1,\"name\":\"Hem\",\"item\":\"https:\\\/\\\/www.evess.se\\\/no\\\/\"},{\"@type\":\"ListItem\",\"position\":2,\"name\":\"Butik\",\"item\":\"https:\\\/\\\/www.evess.se\\\/no\\\/butik-2\\\/\"},{\"@type\":\"ListItem\",\"position\":3,\"name\":\"Vindbeskyttelse\"}]},{\"@type\":\"WebSite\",\"@id\":\"https:\\\/\\\/www.evess.se\\\/no\\\/#website\",\"url\":\"https:\\\/\\\/www.evess.se\\\/no\\\/\",\"name\":\"Evess\",\"description\":\"Elmopeder f\u00f6r ett milj\u00f6smart samh\u00e4lle\",\"publisher\":{\"@id\":\"https:\\\/\\\/www.evess.se\\\/no\\\/#organization\"},\"potentialAction\":[{\"@type\":\"SearchAction\",\"target\":{\"@type\":\"EntryPoint\",\"urlTemplate\":\"https:\\\/\\\/www.evess.se\\\/no\\\/?s={search_term_string}\"},\"query-input\":{\"@type\":\"PropertyValueSpecification\",\"valueRequired\":true,\"valueName\":\"search_term_string\"}}],\"inLanguage\":\"nb-NO\"},{\"@type\":\"Organization\",\"@id\":\"https:\\\/\\\/www.evess.se\\\/no\\\/#organization\",\"name\":\"Evess\",\"url\":\"https:\\\/\\\/www.evess.se\\\/no\\\/\",\"logo\":{\"@type\":\"ImageObject\",\"inLanguage\":\"nb-NO\",\"@id\":\"https:\\\/\\\/www.evess.se\\\/no\\\/#\\\/schema\\\/logo\\\/image\\\/\",\"url\":\"https:\\\/\\\/www.evess.se\\\/wp-content\\\/uploads\\\/2023\\\/11\\\/evess-logo-black.png\",\"contentUrl\":\"https:\\\/\\\/www.evess.se\\\/wp-content\\\/uploads\\\/2023\\\/11\\\/evess-logo-black.png\",\"width\":1417,\"height\":312,\"caption\":\"Evess\"},\"image\":{\"@id\":\"https:\\\/\\\/www.evess.se\\\/no\\\/#\\\/schema\\\/logo\\\/image\\\/\"},\"sameAs\":[\"https:\\\/\\\/www.facebook.com\\\/evessmoped\"]}]}<\/script>\n<!-- \/ Yoast SEO plugin. -->","yoast_head_json":{"title":"Vindbeskyttelse p\u00e5 din el-moped Evess","description":"Vindskjermen er det beste tilbeh\u00f8ret du kan kj\u00f8pe til elmopeden om du ogs\u00e5 vil kj\u00f8re om vinteren. Den er b\u00e5de vindtett og vanntett.","robots":{"index":"index","follow":"follow","max-snippet":"max-snippet:-1","max-image-preview":"max-image-preview:large","max-video-preview":"max-video-preview:-1"},"canonical":"https:\/\/www.evess.se\/no\/produkt\/tilbehor-elektrisk-moped\/vindbeskyttelse\/","og_locale":"nb_NO","og_type":"article","og_title":"Vindbeskyttelse p\u00e5 din el-moped Evess","og_description":"Vindskjermen er det beste tilbeh\u00f8ret du kan kj\u00f8pe til elmopeden om du ogs\u00e5 vil kj\u00f8re om vinteren. Den er b\u00e5de vindtett og vanntett.","og_url":"https:\/\/www.evess.se\/no\/produkt\/tilbehor-elektrisk-moped\/vindbeskyttelse\/","og_site_name":"Evess","article_publisher":"https:\/\/www.facebook.com\/evessmoped","article_modified_time":"2024-03-25T16:56:23+00:00","og_image":[{"width":1200,"height":1200,"url":"https:\/\/www.evess.se\/wp-content\/uploads\/2023\/11\/vindskydd-evess-elmoped.webp","type":"image\/webp"}],"twitter_card":"summary_large_image","schema":{"@context":"https:\/\/schema.org","@graph":[{"@type":"WebPage","@id":"https:\/\/www.evess.se\/no\/produkt\/tilbehor-elektrisk-moped\/vindbeskyttelse\/","url":"https:\/\/www.evess.se\/no\/produkt\/tilbehor-elektrisk-moped\/vindbeskyttelse\/","name":"Vindbeskyttelse p\u00e5 din el-moped Evess","isPartOf":{"@id":"https:\/\/www.evess.se\/no\/#website"},"primaryImageOfPage":{"@id":"https:\/\/www.evess.se\/no\/produkt\/tilbehor-elektrisk-moped\/vindbeskyttelse\/#primaryimage"},"image":{"@id":"https:\/\/www.evess.se\/no\/produkt\/tilbehor-elektrisk-moped\/vindbeskyttelse\/#primaryimage"},"thumbnailUrl":"https:\/\/www.evess.se\/wp-content\/uploads\/2023\/11\/vindskydd-evess-elmoped.webp","datePublished":"2023-11-04T21:18:35+00:00","dateModified":"2024-03-25T16:56:23+00:00","description":"Vindskjermen er det beste tilbeh\u00f8ret du kan kj\u00f8pe til elmopeden om du ogs\u00e5 vil kj\u00f8re om vinteren. Den er b\u00e5de vindtett og vanntett.","breadcrumb":{"@id":"https:\/\/www.evess.se\/no\/produkt\/tilbehor-elektrisk-moped\/vindbeskyttelse\/#breadcrumb"},"inLanguage":"nb-NO","potentialAction":[{"@type":"ReadAction","target":["https:\/\/www.evess.se\/no\/produkt\/tilbehor-elektrisk-moped\/vindbeskyttelse\/"]}]},{"@type":"ImageObject","inLanguage":"nb-NO","@id":"https:\/\/www.evess.se\/no\/produkt\/tilbehor-elektrisk-moped\/vindbeskyttelse\/#primaryimage","url":"https:\/\/www.evess.se\/wp-content\/uploads\/2023\/11\/vindskydd-evess-elmoped.webp","contentUrl":"https:\/\/www.evess.se\/wp-content\/uploads\/2023\/11\/vindskydd-evess-elmoped.webp","width":1200,"height":1200,"caption":"Vindbeskyttelse for Evess Elmoped"},{"@type":"BreadcrumbList","@id":"https:\/\/www.evess.se\/no\/produkt\/tilbehor-elektrisk-moped\/vindbeskyttelse\/#breadcrumb","itemListElement":[{"@type":"ListItem","position":1,"name":"Hem","item":"https:\/\/www.evess.se\/no\/"},{"@type":"ListItem","position":2,"name":"Butik","item":"https:\/\/www.evess.se\/no\/butik-2\/"},{"@type":"ListItem","position":3,"name":"Vindbeskyttelse"}]},{"@type":"WebSite","@id":"https:\/\/www.evess.se\/no\/#website","url":"https:\/\/www.evess.se\/no\/","name":"Evess","description":"Elmopeder f\u00f6r ett milj\u00f6smart samh\u00e4lle","publisher":{"@id":"https:\/\/www.evess.se\/no\/#organization"},"potentialAction":[{"@type":"SearchAction","target":{"@type":"EntryPoint","urlTemplate":"https:\/\/www.evess.se\/no\/?s={search_term_string}"},"query-input":{"@type":"PropertyValueSpecification","valueRequired":true,"valueName":"search_term_string"}}],"inLanguage":"nb-NO"},{"@type":"Organization","@id":"https:\/\/www.evess.se\/no\/#organization","name":"Evess","url":"https:\/\/www.evess.se\/no\/","logo":{"@type":"ImageObject","inLanguage":"nb-NO","@id":"https:\/\/www.evess.se\/no\/#\/schema\/logo\/image\/","url":"https:\/\/www.evess.se\/wp-content\/uploads\/2023\/11\/evess-logo-black.png","contentUrl":"https:\/\/www.evess.se\/wp-content\/uploads\/2023\/11\/evess-logo-black.png","width":1417,"height":312,"caption":"Evess"},"image":{"@id":"https:\/\/www.evess.se\/no\/#\/schema\/logo\/image\/"},"sameAs":["https:\/\/www.facebook.com\/evessmoped"]}]}},"_links":{"self":[{"href":"https:\/\/www.evess.se\/no\/wp-json\/wp\/v2\/product\/663","targetHints":{"allow":["GET"]}}],"collection":[{"href":"https:\/\/www.evess.se\/no\/wp-json\/wp\/v2\/product"}],"about":[{"href":"https:\/\/www.evess.se\/no\/wp-json\/wp\/v2\/types\/product"}],"replies":[{"embeddable":true,"href":"https:\/\/www.evess.se\/no\/wp-json\/wp\/v2\/comments?post=663"}],"wp:featuredmedia":[{"embeddable":true,"href":"https:\/\/www.evess.se\/no\/wp-json\/wp\/v2\/media\/1004"}],"wp:attachment":[{"href":"https:\/\/www.evess.se\/no\/wp-json\/wp\/v2\/media?parent=663"}],"wp:term":[{"taxonomy":"product_brand","embeddable":true,"href":"https:\/\/www.evess.se\/no\/wp-json\/wp\/v2\/product_brand?post=663"},{"taxonomy":"product_cat","embeddable":true,"href":"https:\/\/www.evess.se\/no\/wp-json\/wp\/v2\/product_cat?post=663"},{"taxonomy":"product_tag","embeddable":true,"href":"https:\/\/www.evess.se\/no\/wp-json\/wp\/v2\/product_tag?post=663"}],"curies":[{"name":"wp","href":"https:\/\/api.w.org\/{rel}","templated":true}]}}