{"id":13769,"date":"2024-04-13T09:36:37","date_gmt":"2024-04-13T09:36:37","guid":{"rendered":"https:\/\/www.evess.se\/?post_type=product&#038;p=13769"},"modified":"2025-07-24T06:51:35","modified_gmt":"2025-07-24T06:51:35","slug":"forside-kopia","status":"publish","type":"product","link":"https:\/\/www.evess.se\/no\/produkt\/produkter-for-forhandlere-og-verksteder\/forside-kopia\/","title":{"rendered":"Beskyttelse av svingarm"},"content":{"rendered":"","protected":false},"excerpt":{"rendered":"<p>&nbsp;<\/p>\n<table width=\"100%\">\n<tbody>\n<tr>\n<td width=\"33%\"><strong>Pris (eks. mva)<\/strong><\/td>\n<td width=\"33%\"><strong>provisjon (%)<\/strong><\/td>\n<td width=\"33%\"><strong>provisjon (SEK)<\/strong><\/td>\n<\/tr>\n<tr>\n<td>280<\/td>\n<td>30<\/td>\n<td>84<\/td>\n<\/tr>\n<\/tbody>\n<\/table>\n<p>&nbsp;<\/p>\n","protected":false},"featured_media":13771,"comment_status":"open","ping_status":"closed","template":"","meta":{"_acf_changed":false},"product_brand":[],"product_cat":[66],"product_tag":[],"class_list":{"0":"post-13769","1":"product","2":"type-product","3":"status-publish","4":"has-post-thumbnail","6":"product_cat-produkter-for-forhandlere-og-verksteder","8":"first","9":"instock","10":"taxable","11":"shipping-taxable","12":"purchasable","13":"product-type-simple"},"bundled_by":[],"bundle_stock_status":"instock","bundle_stock_quantity":null,"bundle_virtual":false,"bundle_layout":"","bundle_add_to_cart_form_location":"","bundle_editable_in_cart":false,"bundle_sold_individually_context":"","bundle_item_grouping":"","bundle_min_size":"","bundle_max_size":"","bundle_price":[],"bundled_items":[],"bundle_sell_ids":[],"acf":[],"yoast_head":"<!-- This site is optimized with the Yoast SEO plugin v27.3 - https:\/\/yoast.com\/product\/yoast-seo-wordpress\/ -->\n<title>Beskyttelse av svingarm - Evess<\/title>\n<meta name=\"robots\" content=\"index, follow, max-snippet:-1, max-image-preview:large, max-video-preview:-1\" \/>\n<link rel=\"canonical\" href=\"https:\/\/www.evess.se\/no\/produkt\/produkter-for-forhandlere-og-verksteder\/forside-kopia\/\" \/>\n<meta property=\"og:locale\" content=\"nb_NO\" \/>\n<meta property=\"og:type\" content=\"article\" \/>\n<meta property=\"og:title\" content=\"Beskyttelse av svingarm - Evess\" \/>\n<meta property=\"og:description\" content=\"&nbsp;  Pris (eks. mva) provisjon (%) provisjon (SEK)  280 30 84  &nbsp;\" \/>\n<meta property=\"og:url\" content=\"https:\/\/www.evess.se\/no\/produkt\/produkter-for-forhandlere-og-verksteder\/forside-kopia\/\" \/>\n<meta property=\"og:site_name\" content=\"Evess\" \/>\n<meta property=\"article:publisher\" content=\"https:\/\/www.facebook.com\/evessmoped\" \/>\n<meta property=\"article:modified_time\" content=\"2025-07-24T06:51:35+00:00\" \/>\n<meta property=\"og:image\" content=\"https:\/\/www.evess.se\/wp-content\/uploads\/2024\/04\/sving-arm-skydd.jpg\" \/>\n\t<meta property=\"og:image:width\" content=\"1200\" \/>\n\t<meta property=\"og:image:height\" content=\"1200\" \/>\n\t<meta property=\"og:image:type\" content=\"image\/jpeg\" \/>\n<meta name=\"twitter:card\" content=\"summary_large_image\" \/>\n<script type=\"application\/ld+json\" class=\"yoast-schema-graph\">{\"@context\":\"https:\\\/\\\/schema.org\",\"@graph\":[{\"@type\":\"WebPage\",\"@id\":\"https:\\\/\\\/www.evess.se\\\/no\\\/produkt\\\/produkter-for-forhandlere-og-verksteder\\\/forside-kopia\\\/\",\"url\":\"https:\\\/\\\/www.evess.se\\\/no\\\/produkt\\\/produkter-for-forhandlere-og-verksteder\\\/forside-kopia\\\/\",\"name\":\"Beskyttelse av svingarm - Evess\",\"isPartOf\":{\"@id\":\"https:\\\/\\\/www.evess.se\\\/no\\\/#website\"},\"primaryImageOfPage\":{\"@id\":\"https:\\\/\\\/www.evess.se\\\/no\\\/produkt\\\/produkter-for-forhandlere-og-verksteder\\\/forside-kopia\\\/#primaryimage\"},\"image\":{\"@id\":\"https:\\\/\\\/www.evess.se\\\/no\\\/produkt\\\/produkter-for-forhandlere-og-verksteder\\\/forside-kopia\\\/#primaryimage\"},\"thumbnailUrl\":\"https:\\\/\\\/www.evess.se\\\/wp-content\\\/uploads\\\/2024\\\/04\\\/sving-arm-skydd.jpg\",\"datePublished\":\"2024-04-13T09:36:37+00:00\",\"dateModified\":\"2025-07-24T06:51:35+00:00\",\"breadcrumb\":{\"@id\":\"https:\\\/\\\/www.evess.se\\\/no\\\/produkt\\\/produkter-for-forhandlere-og-verksteder\\\/forside-kopia\\\/#breadcrumb\"},\"inLanguage\":\"nb-NO\",\"potentialAction\":[{\"@type\":\"ReadAction\",\"target\":[\"https:\\\/\\\/www.evess.se\\\/no\\\/produkt\\\/produkter-for-forhandlere-og-verksteder\\\/forside-kopia\\\/\"]}]},{\"@type\":\"ImageObject\",\"inLanguage\":\"nb-NO\",\"@id\":\"https:\\\/\\\/www.evess.se\\\/no\\\/produkt\\\/produkter-for-forhandlere-og-verksteder\\\/forside-kopia\\\/#primaryimage\",\"url\":\"https:\\\/\\\/www.evess.se\\\/wp-content\\\/uploads\\\/2024\\\/04\\\/sving-arm-skydd.jpg\",\"contentUrl\":\"https:\\\/\\\/www.evess.se\\\/wp-content\\\/uploads\\\/2024\\\/04\\\/sving-arm-skydd.jpg\",\"width\":1200,\"height\":1200},{\"@type\":\"BreadcrumbList\",\"@id\":\"https:\\\/\\\/www.evess.se\\\/no\\\/produkt\\\/produkter-for-forhandlere-og-verksteder\\\/forside-kopia\\\/#breadcrumb\",\"itemListElement\":[{\"@type\":\"ListItem\",\"position\":1,\"name\":\"Hem\",\"item\":\"https:\\\/\\\/www.evess.se\\\/no\\\/\"},{\"@type\":\"ListItem\",\"position\":2,\"name\":\"Butik\",\"item\":\"https:\\\/\\\/www.evess.se\\\/no\\\/butik-2\\\/\"},{\"@type\":\"ListItem\",\"position\":3,\"name\":\"Beskyttelse av svingarm\"}]},{\"@type\":\"WebSite\",\"@id\":\"https:\\\/\\\/www.evess.se\\\/no\\\/#website\",\"url\":\"https:\\\/\\\/www.evess.se\\\/no\\\/\",\"name\":\"Evess\",\"description\":\"Elmopeder f\u00f6r ett milj\u00f6smart samh\u00e4lle\",\"publisher\":{\"@id\":\"https:\\\/\\\/www.evess.se\\\/no\\\/#organization\"},\"potentialAction\":[{\"@type\":\"SearchAction\",\"target\":{\"@type\":\"EntryPoint\",\"urlTemplate\":\"https:\\\/\\\/www.evess.se\\\/no\\\/?s={search_term_string}\"},\"query-input\":{\"@type\":\"PropertyValueSpecification\",\"valueRequired\":true,\"valueName\":\"search_term_string\"}}],\"inLanguage\":\"nb-NO\"},{\"@type\":\"Organization\",\"@id\":\"https:\\\/\\\/www.evess.se\\\/no\\\/#organization\",\"name\":\"Evess\",\"url\":\"https:\\\/\\\/www.evess.se\\\/no\\\/\",\"logo\":{\"@type\":\"ImageObject\",\"inLanguage\":\"nb-NO\",\"@id\":\"https:\\\/\\\/www.evess.se\\\/no\\\/#\\\/schema\\\/logo\\\/image\\\/\",\"url\":\"https:\\\/\\\/www.evess.se\\\/wp-content\\\/uploads\\\/2023\\\/11\\\/evess-logo-black.png\",\"contentUrl\":\"https:\\\/\\\/www.evess.se\\\/wp-content\\\/uploads\\\/2023\\\/11\\\/evess-logo-black.png\",\"width\":1417,\"height\":312,\"caption\":\"Evess\"},\"image\":{\"@id\":\"https:\\\/\\\/www.evess.se\\\/no\\\/#\\\/schema\\\/logo\\\/image\\\/\"},\"sameAs\":[\"https:\\\/\\\/www.facebook.com\\\/evessmoped\"]}]}<\/script>\n<!-- \/ Yoast SEO plugin. -->","yoast_head_json":{"title":"Beskyttelse av svingarm - Evess","robots":{"index":"index","follow":"follow","max-snippet":"max-snippet:-1","max-image-preview":"max-image-preview:large","max-video-preview":"max-video-preview:-1"},"canonical":"https:\/\/www.evess.se\/no\/produkt\/produkter-for-forhandlere-og-verksteder\/forside-kopia\/","og_locale":"nb_NO","og_type":"article","og_title":"Beskyttelse av svingarm - Evess","og_description":"&nbsp;  Pris (eks. mva) provisjon (%) provisjon (SEK)  280 30 84  &nbsp;","og_url":"https:\/\/www.evess.se\/no\/produkt\/produkter-for-forhandlere-og-verksteder\/forside-kopia\/","og_site_name":"Evess","article_publisher":"https:\/\/www.facebook.com\/evessmoped","article_modified_time":"2025-07-24T06:51:35+00:00","og_image":[{"width":1200,"height":1200,"url":"https:\/\/www.evess.se\/wp-content\/uploads\/2024\/04\/sving-arm-skydd.jpg","type":"image\/jpeg"}],"twitter_card":"summary_large_image","schema":{"@context":"https:\/\/schema.org","@graph":[{"@type":"WebPage","@id":"https:\/\/www.evess.se\/no\/produkt\/produkter-for-forhandlere-og-verksteder\/forside-kopia\/","url":"https:\/\/www.evess.se\/no\/produkt\/produkter-for-forhandlere-og-verksteder\/forside-kopia\/","name":"Beskyttelse av svingarm - Evess","isPartOf":{"@id":"https:\/\/www.evess.se\/no\/#website"},"primaryImageOfPage":{"@id":"https:\/\/www.evess.se\/no\/produkt\/produkter-for-forhandlere-og-verksteder\/forside-kopia\/#primaryimage"},"image":{"@id":"https:\/\/www.evess.se\/no\/produkt\/produkter-for-forhandlere-og-verksteder\/forside-kopia\/#primaryimage"},"thumbnailUrl":"https:\/\/www.evess.se\/wp-content\/uploads\/2024\/04\/sving-arm-skydd.jpg","datePublished":"2024-04-13T09:36:37+00:00","dateModified":"2025-07-24T06:51:35+00:00","breadcrumb":{"@id":"https:\/\/www.evess.se\/no\/produkt\/produkter-for-forhandlere-og-verksteder\/forside-kopia\/#breadcrumb"},"inLanguage":"nb-NO","potentialAction":[{"@type":"ReadAction","target":["https:\/\/www.evess.se\/no\/produkt\/produkter-for-forhandlere-og-verksteder\/forside-kopia\/"]}]},{"@type":"ImageObject","inLanguage":"nb-NO","@id":"https:\/\/www.evess.se\/no\/produkt\/produkter-for-forhandlere-og-verksteder\/forside-kopia\/#primaryimage","url":"https:\/\/www.evess.se\/wp-content\/uploads\/2024\/04\/sving-arm-skydd.jpg","contentUrl":"https:\/\/www.evess.se\/wp-content\/uploads\/2024\/04\/sving-arm-skydd.jpg","width":1200,"height":1200},{"@type":"BreadcrumbList","@id":"https:\/\/www.evess.se\/no\/produkt\/produkter-for-forhandlere-og-verksteder\/forside-kopia\/#breadcrumb","itemListElement":[{"@type":"ListItem","position":1,"name":"Hem","item":"https:\/\/www.evess.se\/no\/"},{"@type":"ListItem","position":2,"name":"Butik","item":"https:\/\/www.evess.se\/no\/butik-2\/"},{"@type":"ListItem","position":3,"name":"Beskyttelse av svingarm"}]},{"@type":"WebSite","@id":"https:\/\/www.evess.se\/no\/#website","url":"https:\/\/www.evess.se\/no\/","name":"Evess","description":"Elmopeder f\u00f6r ett milj\u00f6smart samh\u00e4lle","publisher":{"@id":"https:\/\/www.evess.se\/no\/#organization"},"potentialAction":[{"@type":"SearchAction","target":{"@type":"EntryPoint","urlTemplate":"https:\/\/www.evess.se\/no\/?s={search_term_string}"},"query-input":{"@type":"PropertyValueSpecification","valueRequired":true,"valueName":"search_term_string"}}],"inLanguage":"nb-NO"},{"@type":"Organization","@id":"https:\/\/www.evess.se\/no\/#organization","name":"Evess","url":"https:\/\/www.evess.se\/no\/","logo":{"@type":"ImageObject","inLanguage":"nb-NO","@id":"https:\/\/www.evess.se\/no\/#\/schema\/logo\/image\/","url":"https:\/\/www.evess.se\/wp-content\/uploads\/2023\/11\/evess-logo-black.png","contentUrl":"https:\/\/www.evess.se\/wp-content\/uploads\/2023\/11\/evess-logo-black.png","width":1417,"height":312,"caption":"Evess"},"image":{"@id":"https:\/\/www.evess.se\/no\/#\/schema\/logo\/image\/"},"sameAs":["https:\/\/www.facebook.com\/evessmoped"]}]}},"_links":{"self":[{"href":"https:\/\/www.evess.se\/no\/wp-json\/wp\/v2\/product\/13769","targetHints":{"allow":["GET"]}}],"collection":[{"href":"https:\/\/www.evess.se\/no\/wp-json\/wp\/v2\/product"}],"about":[{"href":"https:\/\/www.evess.se\/no\/wp-json\/wp\/v2\/types\/product"}],"replies":[{"embeddable":true,"href":"https:\/\/www.evess.se\/no\/wp-json\/wp\/v2\/comments?post=13769"}],"wp:featuredmedia":[{"embeddable":true,"href":"https:\/\/www.evess.se\/no\/wp-json\/wp\/v2\/media\/13771"}],"wp:attachment":[{"href":"https:\/\/www.evess.se\/no\/wp-json\/wp\/v2\/media?parent=13769"}],"wp:term":[{"taxonomy":"product_brand","embeddable":true,"href":"https:\/\/www.evess.se\/no\/wp-json\/wp\/v2\/product_brand?post=13769"},{"taxonomy":"product_cat","embeddable":true,"href":"https:\/\/www.evess.se\/no\/wp-json\/wp\/v2\/product_cat?post=13769"},{"taxonomy":"product_tag","embeddable":true,"href":"https:\/\/www.evess.se\/no\/wp-json\/wp\/v2\/product_tag?post=13769"}],"curies":[{"name":"wp","href":"https:\/\/api.w.org\/{rel}","templated":true}]}}