{"id":925,"date":"2023-11-07T14:27:17","date_gmt":"2023-11-07T14:27:17","guid":{"rendered":"https:\/\/www.evess.se\/baerekraft\/"},"modified":"2024-02-15T20:30:33","modified_gmt":"2024-02-15T20:30:33","slug":"baerekraft","status":"publish","type":"page","link":"https:\/\/www.evess.se\/no\/baerekraft\/","title":{"rendered":"b\u00e6rekraft"},"content":{"rendered":"\n<figure class=\"wp-block-image size-full\"><img loading=\"lazy\" decoding=\"async\" width=\"720\" height=\"180\" src=\"https:\/\/www.evess.se\/wp-content\/uploads\/2023\/11\/One-Tree-Planted-Banner.webp\" alt=\"\" class=\"wp-image-922\" srcset=\"https:\/\/www.evess.se\/wp-content\/uploads\/2023\/11\/One-Tree-Planted-Banner.webp 720w, https:\/\/www.evess.se\/wp-content\/uploads\/2023\/11\/One-Tree-Planted-Banner-600x150.webp 600w, https:\/\/www.evess.se\/wp-content\/uploads\/2023\/11\/One-Tree-Planted-Banner-300x75.webp 300w, https:\/\/www.evess.se\/wp-content\/uploads\/2023\/11\/One-Tree-Planted-Banner-500x125.webp 500w\" sizes=\"auto, (max-width: 720px) 100vw, 720px\" \/><\/figure>\n\n<h3 class=\"wp-block-heading\">V\u00e5r reise og visjon<\/h3>\n\n<p>I hjertet av Evess ligger en <a href=\"https:\/\/www.evess.se\/no\/om-oss\/\">historie om<\/a> innovasjon, en lidenskap for gr\u00f8nn teknologi og en dyp overbevisning om at hvert eneste skritt i retning av b\u00e6rekraft teller. Fra v\u00e5r beskjedne begynnelse, drevet av dr\u00f8mmen om \u00e5 gj\u00f8re b\u00e6rekraftig transport tilgjengelig for alle, har vi vokst med en klar visjon: \u00e5 integrere b\u00e6rekraft i hverdagsmobiliteten.<\/p>\n\n<h3 class=\"wp-block-heading\">Et skritt i riktig retning<\/h3>\n\n<p>V\u00e5r reise har v\u00e6rt fylt med utfordringer, l\u00e6ring og fremfor alt en urokkelig tro p\u00e5 at positiv endring er mulig gjennom samarbeid, innovasjon og engasjement. Ved \u00e5 velge \u00e5 navigere i byens gater p\u00e5 en el-moped fra Evess tar vi selv et skritt i riktig retning og oppmuntrer andre til \u00e5 ta skritt i retning av en mer b\u00e6rekraftig livsstil. Det handler ikke bare om \u00e5 redusere karbonutslippene, men ogs\u00e5 om \u00e5 skape en kultur for bevissthet og ansvarlighet overfor planeten v\u00e5r.<\/p>\n\n<h3 class=\"wp-block-heading\">Partnerskap for planeten<\/h3>\n\n<p>Samarbeidet med OneTreePlanted er en naturlig forlengelse av v\u00e5r kjernefilosofi. Det er mer enn bare et tiltak for \u00e5 balansere karbonavtrykket fra transporten v\u00e5r; det er et uttrykk for v\u00e5r tro p\u00e5 \u00e5 reinvestere i jorden som gir oss s\u00e5 mye. For hver el-moped som finner et nytt hjem, gir vi tilbake til naturen ved \u00e5 plante et tre. Dette symboliserer v\u00e5rt h\u00e5p og l\u00f8fte om en gr\u00f8nnere og sunnere fremtid for kommende generasjoner.<\/p>\n\n<h3 class=\"wp-block-heading\">Felles visjon og handling<\/h3>\n\n<p>Samarbeidet med OneTreePlanted, en organisasjon som ogs\u00e5 er opptatt av milj\u00f8sanering og b\u00e6rekraft, gir oss muligheten til \u00e5 gj\u00f8re en global forskjell. Deres engasjement for \u00e5 plante tr\u00e6r over hele verden er helt i tr\u00e5d med v\u00e5re egne verdier. Vi tror at ved \u00e5 dele v\u00e5r historie, v\u00e5re suksesser og de utfordringene vi st\u00e5r overfor, kan vi inspirere flere til \u00e5 bli med i bevegelsen mot en mer b\u00e6rekraftig fremtid.<\/p>\n\n<h3 class=\"wp-block-heading\">Mer enn bare mopeder<\/h3>\n\n<p>Evess st\u00e5r for mer enn bare elektriske mopeder. Vi representerer en livsstil, en bevegelse, et fellesskap av mennesker som deler en felles visjon om en renere, gr\u00f8nnere og mer b\u00e6rekraftig verden. Vi er stolte av arven v\u00e5r og entusiastiske n\u00e5r det gjelder veien videre. Vi ser frem til \u00e5 \u00f8nske flere velkommen til v\u00e5rt fellesskap, der alle medlemmer bidrar, l\u00e6rer og vokser sammen mot v\u00e5rt felles m\u00e5l.<\/p>\n\n<h3 class=\"wp-block-heading\">Bli en del av l\u00f8sningen<\/h3>\n\n<p>S\u00e5 n\u00e5r du velger <a href=\"https:\/\/www.evess.se\/no\/\">Evess<\/a>velger du ikke bare en el-moped. Du velger \u00e5 v\u00e6re en del av en st\u00f8rre historie, en del av l\u00f8sningen. Sammen kan vi virkelig gj\u00f8re en forskjell, b\u00e5de for planeten v\u00e5r og for fremtidige generasjoner. Vi inviterer deg til \u00e5 bli med p\u00e5 denne reisen, til \u00e5 utforske, engasjere og inspirere. La oss skape en mer b\u00e6rekraftig fremtid sammen, \u00e9n reise og ett tre om gangen.<\/p>\n","protected":false},"excerpt":{"rendered":"<p>V\u00e5r reise og visjon I hjertet av Evess ligger en historie om innovasjon, en lidenskap for gr\u00f8nn teknologi og en dyp overbevisning om at hvert eneste skritt i retning av b\u00e6rekraft teller. Fra v\u00e5r beskjedne begynnelse, drevet av dr\u00f8mmen om \u00e5 gj\u00f8re b\u00e6rekraftig transport tilgjengelig for alle, har vi vokst med en klar visjon: \u00e5 [&hellip;]<\/p>\n","protected":false},"author":1,"featured_media":0,"parent":0,"menu_order":0,"comment_status":"closed","ping_status":"closed","template":"","meta":{"_acf_changed":false,"footnotes":""},"class_list":["post-925","page","type-page","status-publish","hentry"],"acf":[],"yoast_head":"<!-- This site is optimized with the Yoast SEO plugin v27.5 - https:\/\/yoast.com\/product\/yoast-seo-wordpress\/ -->\n<title>b\u00e6rekraft - Evess<\/title>\n<meta name=\"robots\" content=\"index, follow, max-snippet:-1, max-image-preview:large, max-video-preview:-1\" \/>\n<link rel=\"canonical\" href=\"https:\/\/www.evess.se\/no\/baerekraft\/\" \/>\n<meta property=\"og:locale\" content=\"nb_NO\" \/>\n<meta property=\"og:type\" content=\"article\" \/>\n<meta property=\"og:title\" content=\"b\u00e6rekraft - Evess\" \/>\n<meta property=\"og:description\" content=\"V\u00e5r reise og visjon I hjertet av Evess ligger en historie om innovasjon, en lidenskap for gr\u00f8nn teknologi og en dyp overbevisning om at hvert eneste skritt i retning av b\u00e6rekraft teller. Fra v\u00e5r beskjedne begynnelse, drevet av dr\u00f8mmen om \u00e5 gj\u00f8re b\u00e6rekraftig transport tilgjengelig for alle, har vi vokst med en klar visjon: \u00e5 [&hellip;]\" \/>\n<meta property=\"og:url\" content=\"https:\/\/www.evess.se\/no\/baerekraft\/\" \/>\n<meta property=\"og:site_name\" content=\"Evess\" \/>\n<meta property=\"article:publisher\" content=\"https:\/\/www.facebook.com\/evessmoped\" \/>\n<meta property=\"article:modified_time\" content=\"2024-02-15T20:30:33+00:00\" \/>\n<meta property=\"og:image\" content=\"https:\/\/www.evess.se\/wp-content\/uploads\/2023\/11\/One-Tree-Planted-Banner.webp\" \/>\n<meta name=\"twitter:card\" content=\"summary_large_image\" \/>\n<meta name=\"twitter:label1\" content=\"Ansl. lesetid\" \/>\n\t<meta name=\"twitter:data1\" content=\"2 minutter\" \/>\n<script type=\"application\/ld+json\" class=\"yoast-schema-graph\">{\"@context\":\"https:\\\/\\\/schema.org\",\"@graph\":[{\"@type\":\"WebPage\",\"@id\":\"https:\\\/\\\/www.evess.se\\\/no\\\/baerekraft\\\/\",\"url\":\"https:\\\/\\\/www.evess.se\\\/no\\\/baerekraft\\\/\",\"name\":\"b\u00e6rekraft - Evess\",\"isPartOf\":{\"@id\":\"https:\\\/\\\/www.evess.se\\\/no\\\/#website\"},\"primaryImageOfPage\":{\"@id\":\"https:\\\/\\\/www.evess.se\\\/no\\\/baerekraft\\\/#primaryimage\"},\"image\":{\"@id\":\"https:\\\/\\\/www.evess.se\\\/no\\\/baerekraft\\\/#primaryimage\"},\"thumbnailUrl\":\"https:\\\/\\\/www.evess.se\\\/wp-content\\\/uploads\\\/2023\\\/11\\\/One-Tree-Planted-Banner.webp\",\"datePublished\":\"2023-11-07T14:27:17+00:00\",\"dateModified\":\"2024-02-15T20:30:33+00:00\",\"breadcrumb\":{\"@id\":\"https:\\\/\\\/www.evess.se\\\/no\\\/baerekraft\\\/#breadcrumb\"},\"inLanguage\":\"nb-NO\",\"potentialAction\":[{\"@type\":\"ReadAction\",\"target\":[\"https:\\\/\\\/www.evess.se\\\/no\\\/baerekraft\\\/\"]}]},{\"@type\":\"ImageObject\",\"inLanguage\":\"nb-NO\",\"@id\":\"https:\\\/\\\/www.evess.se\\\/no\\\/baerekraft\\\/#primaryimage\",\"url\":\"https:\\\/\\\/www.evess.se\\\/wp-content\\\/uploads\\\/2023\\\/11\\\/One-Tree-Planted-Banner.webp\",\"contentUrl\":\"https:\\\/\\\/www.evess.se\\\/wp-content\\\/uploads\\\/2023\\\/11\\\/One-Tree-Planted-Banner.webp\"},{\"@type\":\"BreadcrumbList\",\"@id\":\"https:\\\/\\\/www.evess.se\\\/no\\\/baerekraft\\\/#breadcrumb\",\"itemListElement\":[{\"@type\":\"ListItem\",\"position\":1,\"name\":\"Hem\",\"item\":\"https:\\\/\\\/www.evess.se\\\/no\\\/\"},{\"@type\":\"ListItem\",\"position\":2,\"name\":\"b\u00e6rekraft\"}]},{\"@type\":\"WebSite\",\"@id\":\"https:\\\/\\\/www.evess.se\\\/no\\\/#website\",\"url\":\"https:\\\/\\\/www.evess.se\\\/no\\\/\",\"name\":\"Evess\",\"description\":\"Elmopeder f\u00f6r ett milj\u00f6smart samh\u00e4lle\",\"publisher\":{\"@id\":\"https:\\\/\\\/www.evess.se\\\/no\\\/#organization\"},\"potentialAction\":[{\"@type\":\"SearchAction\",\"target\":{\"@type\":\"EntryPoint\",\"urlTemplate\":\"https:\\\/\\\/www.evess.se\\\/no\\\/?s={search_term_string}\"},\"query-input\":{\"@type\":\"PropertyValueSpecification\",\"valueRequired\":true,\"valueName\":\"search_term_string\"}}],\"inLanguage\":\"nb-NO\"},{\"@type\":\"Organization\",\"@id\":\"https:\\\/\\\/www.evess.se\\\/no\\\/#organization\",\"name\":\"Evess\",\"url\":\"https:\\\/\\\/www.evess.se\\\/no\\\/\",\"logo\":{\"@type\":\"ImageObject\",\"inLanguage\":\"nb-NO\",\"@id\":\"https:\\\/\\\/www.evess.se\\\/no\\\/#\\\/schema\\\/logo\\\/image\\\/\",\"url\":\"https:\\\/\\\/www.evess.se\\\/wp-content\\\/uploads\\\/2023\\\/11\\\/evess-logo-black.png\",\"contentUrl\":\"https:\\\/\\\/www.evess.se\\\/wp-content\\\/uploads\\\/2023\\\/11\\\/evess-logo-black.png\",\"width\":1417,\"height\":312,\"caption\":\"Evess\"},\"image\":{\"@id\":\"https:\\\/\\\/www.evess.se\\\/no\\\/#\\\/schema\\\/logo\\\/image\\\/\"},\"sameAs\":[\"https:\\\/\\\/www.facebook.com\\\/evessmoped\"]}]}<\/script>\n<!-- \/ Yoast SEO plugin. -->","yoast_head_json":{"title":"b\u00e6rekraft - Evess","robots":{"index":"index","follow":"follow","max-snippet":"max-snippet:-1","max-image-preview":"max-image-preview:large","max-video-preview":"max-video-preview:-1"},"canonical":"https:\/\/www.evess.se\/no\/baerekraft\/","og_locale":"nb_NO","og_type":"article","og_title":"b\u00e6rekraft - Evess","og_description":"V\u00e5r reise og visjon I hjertet av Evess ligger en historie om innovasjon, en lidenskap for gr\u00f8nn teknologi og en dyp overbevisning om at hvert eneste skritt i retning av b\u00e6rekraft teller. Fra v\u00e5r beskjedne begynnelse, drevet av dr\u00f8mmen om \u00e5 gj\u00f8re b\u00e6rekraftig transport tilgjengelig for alle, har vi vokst med en klar visjon: \u00e5 [&hellip;]","og_url":"https:\/\/www.evess.se\/no\/baerekraft\/","og_site_name":"Evess","article_publisher":"https:\/\/www.facebook.com\/evessmoped","article_modified_time":"2024-02-15T20:30:33+00:00","og_image":[{"url":"https:\/\/www.evess.se\/wp-content\/uploads\/2023\/11\/One-Tree-Planted-Banner.webp","type":"","width":"","height":""}],"twitter_card":"summary_large_image","twitter_misc":{"Ansl. lesetid":"2 minutter"},"schema":{"@context":"https:\/\/schema.org","@graph":[{"@type":"WebPage","@id":"https:\/\/www.evess.se\/no\/baerekraft\/","url":"https:\/\/www.evess.se\/no\/baerekraft\/","name":"b\u00e6rekraft - Evess","isPartOf":{"@id":"https:\/\/www.evess.se\/no\/#website"},"primaryImageOfPage":{"@id":"https:\/\/www.evess.se\/no\/baerekraft\/#primaryimage"},"image":{"@id":"https:\/\/www.evess.se\/no\/baerekraft\/#primaryimage"},"thumbnailUrl":"https:\/\/www.evess.se\/wp-content\/uploads\/2023\/11\/One-Tree-Planted-Banner.webp","datePublished":"2023-11-07T14:27:17+00:00","dateModified":"2024-02-15T20:30:33+00:00","breadcrumb":{"@id":"https:\/\/www.evess.se\/no\/baerekraft\/#breadcrumb"},"inLanguage":"nb-NO","potentialAction":[{"@type":"ReadAction","target":["https:\/\/www.evess.se\/no\/baerekraft\/"]}]},{"@type":"ImageObject","inLanguage":"nb-NO","@id":"https:\/\/www.evess.se\/no\/baerekraft\/#primaryimage","url":"https:\/\/www.evess.se\/wp-content\/uploads\/2023\/11\/One-Tree-Planted-Banner.webp","contentUrl":"https:\/\/www.evess.se\/wp-content\/uploads\/2023\/11\/One-Tree-Planted-Banner.webp"},{"@type":"BreadcrumbList","@id":"https:\/\/www.evess.se\/no\/baerekraft\/#breadcrumb","itemListElement":[{"@type":"ListItem","position":1,"name":"Hem","item":"https:\/\/www.evess.se\/no\/"},{"@type":"ListItem","position":2,"name":"b\u00e6rekraft"}]},{"@type":"WebSite","@id":"https:\/\/www.evess.se\/no\/#website","url":"https:\/\/www.evess.se\/no\/","name":"Evess","description":"Elmopeder f\u00f6r ett milj\u00f6smart samh\u00e4lle","publisher":{"@id":"https:\/\/www.evess.se\/no\/#organization"},"potentialAction":[{"@type":"SearchAction","target":{"@type":"EntryPoint","urlTemplate":"https:\/\/www.evess.se\/no\/?s={search_term_string}"},"query-input":{"@type":"PropertyValueSpecification","valueRequired":true,"valueName":"search_term_string"}}],"inLanguage":"nb-NO"},{"@type":"Organization","@id":"https:\/\/www.evess.se\/no\/#organization","name":"Evess","url":"https:\/\/www.evess.se\/no\/","logo":{"@type":"ImageObject","inLanguage":"nb-NO","@id":"https:\/\/www.evess.se\/no\/#\/schema\/logo\/image\/","url":"https:\/\/www.evess.se\/wp-content\/uploads\/2023\/11\/evess-logo-black.png","contentUrl":"https:\/\/www.evess.se\/wp-content\/uploads\/2023\/11\/evess-logo-black.png","width":1417,"height":312,"caption":"Evess"},"image":{"@id":"https:\/\/www.evess.se\/no\/#\/schema\/logo\/image\/"},"sameAs":["https:\/\/www.facebook.com\/evessmoped"]}]}},"_links":{"self":[{"href":"https:\/\/www.evess.se\/no\/wp-json\/wp\/v2\/pages\/925","targetHints":{"allow":["GET"]}}],"collection":[{"href":"https:\/\/www.evess.se\/no\/wp-json\/wp\/v2\/pages"}],"about":[{"href":"https:\/\/www.evess.se\/no\/wp-json\/wp\/v2\/types\/page"}],"author":[{"embeddable":true,"href":"https:\/\/www.evess.se\/no\/wp-json\/wp\/v2\/users\/1"}],"replies":[{"embeddable":true,"href":"https:\/\/www.evess.se\/no\/wp-json\/wp\/v2\/comments?post=925"}],"version-history":[{"count":2,"href":"https:\/\/www.evess.se\/no\/wp-json\/wp\/v2\/pages\/925\/revisions"}],"predecessor-version":[{"id":13712,"href":"https:\/\/www.evess.se\/no\/wp-json\/wp\/v2\/pages\/925\/revisions\/13712"}],"wp:attachment":[{"href":"https:\/\/www.evess.se\/no\/wp-json\/wp\/v2\/media?parent=925"}],"curies":[{"name":"wp","href":"https:\/\/api.w.org\/{rel}","templated":true}]}}