{"id":909,"date":"2023-11-07T14:09:55","date_gmt":"2023-11-07T14:09:55","guid":{"rendered":"https:\/\/www.evess.se\/kontakt-oss\/"},"modified":"2025-03-13T16:08:26","modified_gmt":"2025-03-13T16:08:26","slug":"kontakt-oss","status":"publish","type":"page","link":"https:\/\/www.evess.se\/no\/kontakt-oss\/","title":{"rendered":"Kontakt oss"},"content":{"rendered":"\n<p>Vi er her for \u00e5 hjelpe deg. Hvis du har sp\u00f8rsm\u00e5l, bekymringer eller \u00f8nsker mer informasjon om produktene v\u00e5re, kan du n\u00e5r som helst kontakte oss. V\u00e5rt m\u00e5l er \u00e5 svare p\u00e5 dine henvendelser s\u00e5 raskt som mulig for \u00e5 gi deg best mulig service. Du kan n\u00e5 oss p\u00e5 telefon <strong>(+46) 076 848 88 93<\/strong> eller fyll ut skjemaet nedenfor for \u00e5 sende oss en melding. Vi setter pris p\u00e5 din interesse og ser frem til \u00e5 h\u00f8re fra deg<\/p>\n\n<p><\/p>\n<div class=\"contact-container\">\r\n    <div class=\"column contact-column blurb card accent-purple centered\">\r\n        <svg class=\"icon-big\">\r\n            <title>Demo, f\u00f6rs\u00e4ljning & fakturering<\/title>\r\n            <path class=\"transparent\" d=\"M0,32C0,14.33,14.33,0,32,0s32,14.33,32,32S49.67,64,32,64S0,49.67,0,32z\"\/>\r\n            <path d=\"M47,50.1c0,9.86-30,9.86-30,0c0-14.4,7.12-21.6,15-21.6S47,35.7,47,50.1z M41,15.5c0,4.82-4.18,9-9,9 s-9-4.18-9-9s4.18-9,9-9S41,10.68,41,15.5z\"\/>\r\n        <\/svg>\r\n        <h2 class=\"card-title\">Demo, f\u00f6rs\u00e4ljning & fakturering<\/h2>\r\n        <p>Skicka ett mail till oss om du vill ha en demo eller har n\u00e5gra fr\u00e5gor om f\u00f6rs\u00e4ljning eller fakturering<\/p>\r\n        <form name=\"et-contactform\" id=\"et_manage_form\" action=\"https:\/\/www.evess.se\/wp-admin\/admin-post.php\" method=\"post\">\r\n            <input type=\"hidden\" name=\"action\" value=\"et_contactform\">\r\n            <div class=\"et_manage_input\">\r\n                <input type=\"text\" id=\"contact-name\" placeholder=\"Namn\" name=\"name\" value=\"\" size=\"20\" tabindex=\"10\"  required>\r\n                <label>Namn<\/label>\r\n            <\/div>\r\n            <div class=\"et_manage_input\">\r\n                <input type=\"email\" id=\"contact-email\" placeholder=\"E-postadress\" name=\"from\" value=\"\" size=\"20\" tabindex=\"10\" required>\r\n                <label>E-postadress<\/label>\r\n            <\/div>\r\n            <div class=\"et_manage_input et_filled\">\r\n                <select id=\"contact-department\" name=\"department\" required>\r\n                    <option value=\"F\u00f6rs\u00e4ljning och allm\u00e4n information\">F\u00f6rs\u00e4ljning och allm\u00e4n information<\/option>\r\n                    <option value=\"Konton och fakturering\">Konton och fakturering<\/option>\r\n                    <option value=\"Andra\">Andra<\/option>\r\n                <\/select>\r\n                <label>Vad kan vi hj\u00e4lpa dig med?<\/label>\r\n            <\/div>\r\n            <div class=\"et_manage_input et_manage_textarea\">\r\n                <textarea rows=\"4\" id=\"contact-message\" placeholder=\"Ditt meddelande\" name=\"message\" tabindex=\"40\"  required><\/textarea>\r\n                <label>Ditt meddelande<\/label>\r\n            <\/div>\r\n\t\t\t<div id=\"captcha\">\r\n            <div class=\"et_manage_input et_manage_input_half\">\r\n                <input tabindex=\"50\" id=\"contact-captcha\" type=\"number\" name=\"verif_box\" placeholder=\"Ange kod\" autocomplete=\"off\" required>\r\n                <label>Ange kod<\/label>\r\n                <div id=\"captcha\">\r\n                    <span>\r\n                        <img loading=\"lazy\" decoding=\"async\" src=\"https:\/\/www.evess.se\/wp-content\/themes\/evesscjh\/inc\/verificationimage.php\" alt=\"verification image\" width=\"100\" height=\"48\" class=\"verify_img\" \/>\r\n                    <\/span>\r\n                <\/div>\r\n            <\/div>\r\n\t\t\t\t<\/div>\r\n            <input class=\"button primary-button fullwidth-button\" type=\"submit\" id=\"contact-submit\" name=\"submit\" value=\"Skicka Meddelande\">\r\n        <\/form>\r\n\t\t<div class=\"success-message\" style=\"display:none\">\r\n\t\t<\/div>\r\n\t\t<div class=\"error-message\" style=\"display:none\">\r\n\t\t<\/div>\r\n        <p>Data lagras enligt beskrivningen i v\u00e5r <a href=\"privacy\">Sekretesspolicy<\/a><\/p>\r\n    <\/div>\r\n\t<\/div>\r\n<script>\r\n        jQuery(document).ready(function($) {\r\n            $(\"#et_manage_form\").on(\"submit\", function(e) {\r\n                e.preventDefault();\r\n                \r\n                var formData = $(this).serialize();\r\n                $(\"#form-messages\").hide().html('<p style=\"color: blue;\">Skickar...<\/p>').fadeIn();\r\n\r\n                $.ajax({\r\n                    type: \"POST\",\r\n                    url: \"https:\/\/www.evess.se\/wp-admin\/admin-ajax.php\",\r\n                    data: formData + \"&action=et_contactform\",\r\n                    success: function(response) {\r\n                        var data = JSON.parse(response);\r\n                        if (data.success) {\r\n                            $(\".success-message\").html('<p>' + data.message + '<\/p>').show();\r\n                            $(\"#et_manage_form\")[0].reset(); \/\/ Reset form on success\r\n\t\t\t\t\t\t\tsetTimeout(function() {\r\n\t\t\t\t\t\t\t\t$(\".success-message\").hide();\r\n\t\t\t\t\t\t\t}, 5000);\r\n                        } else {\r\n                            $(\".error-message\").html('<p>' + data.message + '<\/p>').show();\r\n\t\t\t\t\t\t\tsetTimeout(function() {\r\n\t\t\t\t\t\t\t\t$(\".error-message\").hide();\r\n\t\t\t\t\t\t\t}, 5000);\r\n                        }\r\n                    },\r\n                    error: function() {\r\n                        $(\".error-message\").html('<p style=\"color: red;\">Ett fel uppstod. F\u00f6rs\u00f6k igen.<\/p>').fadeIn();\r\n\t\t\t\t\t\tsetTimeout(function() {\r\n\t\t\t\t\t\t\t$(\".error-message\").hide();\r\n\t\t\t\t\t\t}, 5000);\r\n                    }\r\n                });\r\n            });\r\n        });\r\n    <\/script>\r\n    \n","protected":false},"excerpt":{"rendered":"<p>Vi er her for \u00e5 hjelpe deg. Hvis du har sp\u00f8rsm\u00e5l, bekymringer eller \u00f8nsker mer informasjon om produktene v\u00e5re, kan du n\u00e5r som helst kontakte oss. V\u00e5rt m\u00e5l er \u00e5 svare p\u00e5 dine henvendelser s\u00e5 raskt som mulig for \u00e5 gi deg best mulig service. Du kan n\u00e5 oss p\u00e5 telefon (+46) 076 848 88 [&hellip;]<\/p>\n","protected":false},"author":1,"featured_media":0,"parent":0,"menu_order":0,"comment_status":"closed","ping_status":"closed","template":"","meta":{"_acf_changed":false,"footnotes":""},"class_list":["post-909","page","type-page","status-publish","hentry"],"acf":[],"yoast_head":"<!-- This site is optimized with the Yoast SEO plugin v27.5 - https:\/\/yoast.com\/product\/yoast-seo-wordpress\/ -->\n<title>Kontakt oss - Evess<\/title>\n<meta name=\"robots\" content=\"index, follow, max-snippet:-1, max-image-preview:large, max-video-preview:-1\" \/>\n<link rel=\"canonical\" href=\"https:\/\/www.evess.se\/no\/kontakt-oss\/\" \/>\n<meta property=\"og:locale\" content=\"nb_NO\" \/>\n<meta property=\"og:type\" content=\"article\" \/>\n<meta property=\"og:title\" content=\"Kontakt oss - Evess\" \/>\n<meta property=\"og:description\" content=\"Vi er her for \u00e5 hjelpe deg. Hvis du har sp\u00f8rsm\u00e5l, bekymringer eller \u00f8nsker mer informasjon om produktene v\u00e5re, kan du n\u00e5r som helst kontakte oss. V\u00e5rt m\u00e5l er \u00e5 svare p\u00e5 dine henvendelser s\u00e5 raskt som mulig for \u00e5 gi deg best mulig service. Du kan n\u00e5 oss p\u00e5 telefon (+46) 076 848 88 [&hellip;]\" \/>\n<meta property=\"og:url\" content=\"https:\/\/www.evess.se\/no\/kontakt-oss\/\" \/>\n<meta property=\"og:site_name\" content=\"Evess\" \/>\n<meta property=\"article:publisher\" content=\"https:\/\/www.facebook.com\/evessmoped\" \/>\n<meta property=\"article:modified_time\" content=\"2025-03-13T16:08:26+00:00\" \/>\n<meta property=\"og:image\" content=\"https:\/\/www.evess.se\/wp-content\/uploads\/2023\/11\/screenshot.png\" \/>\n\t<meta property=\"og:image:width\" content=\"1200\" \/>\n\t<meta property=\"og:image:height\" content=\"900\" \/>\n\t<meta property=\"og:image:type\" content=\"image\/png\" \/>\n<meta name=\"twitter:card\" content=\"summary_large_image\" \/>\n<script type=\"application\/ld+json\" class=\"yoast-schema-graph\">{\"@context\":\"https:\\\/\\\/schema.org\",\"@graph\":[{\"@type\":\"WebPage\",\"@id\":\"https:\\\/\\\/www.evess.se\\\/no\\\/kontakt-oss\\\/\",\"url\":\"https:\\\/\\\/www.evess.se\\\/no\\\/kontakt-oss\\\/\",\"name\":\"Kontakt oss - Evess\",\"isPartOf\":{\"@id\":\"https:\\\/\\\/www.evess.se\\\/no\\\/#website\"},\"datePublished\":\"2023-11-07T14:09:55+00:00\",\"dateModified\":\"2025-03-13T16:08:26+00:00\",\"breadcrumb\":{\"@id\":\"https:\\\/\\\/www.evess.se\\\/no\\\/kontakt-oss\\\/#breadcrumb\"},\"inLanguage\":\"nb-NO\",\"potentialAction\":[{\"@type\":\"ReadAction\",\"target\":[\"https:\\\/\\\/www.evess.se\\\/no\\\/kontakt-oss\\\/\"]}]},{\"@type\":\"BreadcrumbList\",\"@id\":\"https:\\\/\\\/www.evess.se\\\/no\\\/kontakt-oss\\\/#breadcrumb\",\"itemListElement\":[{\"@type\":\"ListItem\",\"position\":1,\"name\":\"Hem\",\"item\":\"https:\\\/\\\/www.evess.se\\\/no\\\/\"},{\"@type\":\"ListItem\",\"position\":2,\"name\":\"Kontakt oss\"}]},{\"@type\":\"WebSite\",\"@id\":\"https:\\\/\\\/www.evess.se\\\/no\\\/#website\",\"url\":\"https:\\\/\\\/www.evess.se\\\/no\\\/\",\"name\":\"Evess\",\"description\":\"Elmopeder f\u00f6r ett milj\u00f6smart samh\u00e4lle\",\"publisher\":{\"@id\":\"https:\\\/\\\/www.evess.se\\\/no\\\/#organization\"},\"potentialAction\":[{\"@type\":\"SearchAction\",\"target\":{\"@type\":\"EntryPoint\",\"urlTemplate\":\"https:\\\/\\\/www.evess.se\\\/no\\\/?s={search_term_string}\"},\"query-input\":{\"@type\":\"PropertyValueSpecification\",\"valueRequired\":true,\"valueName\":\"search_term_string\"}}],\"inLanguage\":\"nb-NO\"},{\"@type\":\"Organization\",\"@id\":\"https:\\\/\\\/www.evess.se\\\/no\\\/#organization\",\"name\":\"Evess\",\"url\":\"https:\\\/\\\/www.evess.se\\\/no\\\/\",\"logo\":{\"@type\":\"ImageObject\",\"inLanguage\":\"nb-NO\",\"@id\":\"https:\\\/\\\/www.evess.se\\\/no\\\/#\\\/schema\\\/logo\\\/image\\\/\",\"url\":\"https:\\\/\\\/www.evess.se\\\/wp-content\\\/uploads\\\/2023\\\/11\\\/evess-logo-black.png\",\"contentUrl\":\"https:\\\/\\\/www.evess.se\\\/wp-content\\\/uploads\\\/2023\\\/11\\\/evess-logo-black.png\",\"width\":1417,\"height\":312,\"caption\":\"Evess\"},\"image\":{\"@id\":\"https:\\\/\\\/www.evess.se\\\/no\\\/#\\\/schema\\\/logo\\\/image\\\/\"},\"sameAs\":[\"https:\\\/\\\/www.facebook.com\\\/evessmoped\"]}]}<\/script>\n<!-- \/ Yoast SEO plugin. -->","yoast_head_json":{"title":"Kontakt oss - Evess","robots":{"index":"index","follow":"follow","max-snippet":"max-snippet:-1","max-image-preview":"max-image-preview:large","max-video-preview":"max-video-preview:-1"},"canonical":"https:\/\/www.evess.se\/no\/kontakt-oss\/","og_locale":"nb_NO","og_type":"article","og_title":"Kontakt oss - Evess","og_description":"Vi er her for \u00e5 hjelpe deg. Hvis du har sp\u00f8rsm\u00e5l, bekymringer eller \u00f8nsker mer informasjon om produktene v\u00e5re, kan du n\u00e5r som helst kontakte oss. V\u00e5rt m\u00e5l er \u00e5 svare p\u00e5 dine henvendelser s\u00e5 raskt som mulig for \u00e5 gi deg best mulig service. Du kan n\u00e5 oss p\u00e5 telefon (+46) 076 848 88 [&hellip;]","og_url":"https:\/\/www.evess.se\/no\/kontakt-oss\/","og_site_name":"Evess","article_publisher":"https:\/\/www.facebook.com\/evessmoped","article_modified_time":"2025-03-13T16:08:26+00:00","og_image":[{"width":1200,"height":900,"url":"https:\/\/www.evess.se\/wp-content\/uploads\/2023\/11\/screenshot.png","type":"image\/png"}],"twitter_card":"summary_large_image","schema":{"@context":"https:\/\/schema.org","@graph":[{"@type":"WebPage","@id":"https:\/\/www.evess.se\/no\/kontakt-oss\/","url":"https:\/\/www.evess.se\/no\/kontakt-oss\/","name":"Kontakt oss - Evess","isPartOf":{"@id":"https:\/\/www.evess.se\/no\/#website"},"datePublished":"2023-11-07T14:09:55+00:00","dateModified":"2025-03-13T16:08:26+00:00","breadcrumb":{"@id":"https:\/\/www.evess.se\/no\/kontakt-oss\/#breadcrumb"},"inLanguage":"nb-NO","potentialAction":[{"@type":"ReadAction","target":["https:\/\/www.evess.se\/no\/kontakt-oss\/"]}]},{"@type":"BreadcrumbList","@id":"https:\/\/www.evess.se\/no\/kontakt-oss\/#breadcrumb","itemListElement":[{"@type":"ListItem","position":1,"name":"Hem","item":"https:\/\/www.evess.se\/no\/"},{"@type":"ListItem","position":2,"name":"Kontakt oss"}]},{"@type":"WebSite","@id":"https:\/\/www.evess.se\/no\/#website","url":"https:\/\/www.evess.se\/no\/","name":"Evess","description":"Elmopeder f\u00f6r ett milj\u00f6smart samh\u00e4lle","publisher":{"@id":"https:\/\/www.evess.se\/no\/#organization"},"potentialAction":[{"@type":"SearchAction","target":{"@type":"EntryPoint","urlTemplate":"https:\/\/www.evess.se\/no\/?s={search_term_string}"},"query-input":{"@type":"PropertyValueSpecification","valueRequired":true,"valueName":"search_term_string"}}],"inLanguage":"nb-NO"},{"@type":"Organization","@id":"https:\/\/www.evess.se\/no\/#organization","name":"Evess","url":"https:\/\/www.evess.se\/no\/","logo":{"@type":"ImageObject","inLanguage":"nb-NO","@id":"https:\/\/www.evess.se\/no\/#\/schema\/logo\/image\/","url":"https:\/\/www.evess.se\/wp-content\/uploads\/2023\/11\/evess-logo-black.png","contentUrl":"https:\/\/www.evess.se\/wp-content\/uploads\/2023\/11\/evess-logo-black.png","width":1417,"height":312,"caption":"Evess"},"image":{"@id":"https:\/\/www.evess.se\/no\/#\/schema\/logo\/image\/"},"sameAs":["https:\/\/www.facebook.com\/evessmoped"]}]}},"_links":{"self":[{"href":"https:\/\/www.evess.se\/no\/wp-json\/wp\/v2\/pages\/909","targetHints":{"allow":["GET"]}}],"collection":[{"href":"https:\/\/www.evess.se\/no\/wp-json\/wp\/v2\/pages"}],"about":[{"href":"https:\/\/www.evess.se\/no\/wp-json\/wp\/v2\/types\/page"}],"author":[{"embeddable":true,"href":"https:\/\/www.evess.se\/no\/wp-json\/wp\/v2\/users\/1"}],"replies":[{"embeddable":true,"href":"https:\/\/www.evess.se\/no\/wp-json\/wp\/v2\/comments?post=909"}],"version-history":[{"count":4,"href":"https:\/\/www.evess.se\/no\/wp-json\/wp\/v2\/pages\/909\/revisions"}],"predecessor-version":[{"id":14161,"href":"https:\/\/www.evess.se\/no\/wp-json\/wp\/v2\/pages\/909\/revisions\/14161"}],"wp:attachment":[{"href":"https:\/\/www.evess.se\/no\/wp-json\/wp\/v2\/media?parent=909"}],"curies":[{"name":"wp","href":"https:\/\/api.w.org\/{rel}","templated":true}]}}