{"id":889,"date":"2023-11-07T12:42:14","date_gmt":"2023-11-07T12:42:14","guid":{"rendered":"https:\/\/www.evess.se\/klasse-1-elektrisk-moped\/"},"modified":"2023-11-07T12:42:25","modified_gmt":"2023-11-07T12:42:25","slug":"klasse-1-elektrisk-moped","status":"publish","type":"page","link":"https:\/\/www.evess.se\/no\/klasse-1-elektrisk-moped\/","title":{"rendered":"Klasse 1 elektrisk moped"},"content":{"rendered":"\n<p>En elektrisk moped klasse 1 er et motorkj\u00f8ret\u00f8y, utstyrt med enten to, tre eller fire hjul, som er konstruert for \u00e5 kunne n\u00e5 topphastigheter p\u00e5 opptil 45 km\/t. Denne klassifiseringen avhenger ikke bare av antall hjul, men ogs\u00e5 av den spesifikke motortypen som den elektriske mopeden har installert.<\/p>\n\n<p>Det er av st\u00f8rste betydning \u00e5 forst\u00e5 at alle klasse 1 elektriske mopeder skal v\u00e6re registrert og utstyrt med et godt synlig nummerskilt montert bak p\u00e5 kj\u00f8ret\u00f8yet. I tillegg til dette er det n\u00f8dvendig at alle elektriske mopeder klasse 1 er veiforsikret f\u00f8r de kan brukes p\u00e5 veiene. Du b\u00f8r ogs\u00e5 v\u00e6re oppmerksom p\u00e5 at disse mopedene ikke kan kj\u00f8res p\u00e5 sykkelveier, bruken er strengt begrenset til offentlig vei.<\/p>\n\n<p>Det er av st\u00f8rste betydning \u00e5 forst\u00e5 at alle klasse 1 elektriske mopeder skal v\u00e6re registrert og utstyrt med et godt synlig nummerskilt montert bak p\u00e5 kj\u00f8ret\u00f8yet. I tillegg til dette er det n\u00f8dvendig at alle elektriske mopeder klasse 1 er <strong>veiforsikret<\/strong> f\u00f8r de kan brukes p\u00e5 veiene. Du b\u00f8r ogs\u00e5 v\u00e6re oppmerksom p\u00e5 at disse mopedene ikke kan kj\u00f8res p\u00e5 sykkelveier, bruken er strengt begrenset til offentlig vei.<\/p>\n\n<p>For lovlig \u00e5 kj\u00f8re elmoped klasse 1 m\u00e5 du v\u00e6re minst 15 \u00e5r og ha AM-f\u00f8rerkort i din besittelse. N\u00e5r det kommer til sikkerhet er det av st\u00f8rste betydning at du alltid bruker hjelm mens du sykler. Har du passasjerer under syv \u00e5r, kan de bruke andre former for beskyttende hodeplagg, som ridehjelm, skihjelm eller sykkelhjelm. V\u00e6r imidlertid oppmerksom p\u00e5 at hvis din elektriske moped er utstyrt med karosseri og du bruker bilbelte, trenger du ikke bruke hjelm.<\/p>\n\n<p>Tenker du p\u00e5 \u00e5 bygge om din elektriske moped fra klasse 1 til klasse 2 eller en 30 moped, b\u00f8r du vite at dette ikke er tillatt. Dette er fordi n\u00e5r din elektriske moped f\u00f8rst ble registrert, ble det utstedt en CoC (Certificate of Conformity) som spesifikt sertifiserer den som en klasse 1 elektrisk moped. Dette sertifikatet kan ikke endres eller justeres senere.<\/p>\n\n<p>Hvis din elektriske moped ikke er registrert, kan den kun kj\u00f8res i inngjerdede omr\u00e5der, som jernbane, fabrikk eller konkurranseomr\u00e5der. \u00c5 kj\u00f8re et uregistrert kj\u00f8ret\u00f8y og for\u00e5rsake en ulykke kan v\u00e6re en kostbar aff\u00e6re, da forsikring kanskje ikke gjelder dersom kj\u00f8ret\u00f8yet ikke er registrert. For \u00e5 kunne registrere og lovlig f\u00f8re kj\u00f8ret\u00f8yet, m\u00e5 det oppfylle kravene som stilles for den spesifikke kj\u00f8ret\u00f8ytypen, noe som normalt bevises med et CoC-sertifikat.<\/p>\n\n<p>Her er noen av hovedkravene for en klasse 1 elektrisk moped:<\/p>\n\n<ul class=\"wp-block-list\">\n<li>F\u00f8rerkortkrav: Ja<\/li>\n\n\n\n<li>Registreringsskilt: Ja<\/li>\n\n\n\n<li>Kontrollinspeksjon: Nei<\/li>\n\n\n\n<li>Kj\u00f8ret\u00f8yavgift: Nei<\/li>\n\n\n\n<li>Trafikkforsikring: Ja<\/li>\n\n\n\n<li>Hastighetskrav: Konstruktiv hastighet maksimalt 45 km\/t<\/li>\n\n\n\n<li>Hjelmkrav: Ja, med mindre kj\u00f8ret\u00f8yet har karosseri<\/li>\n\n\n\n<li>Passasjer: En, hvis det er anvist og registrert sete<\/li>\n\n\n\n<li>Kj\u00f8ring p\u00e5 sykkelvei: Nei<\/li>\n<\/ul>\n\n<p>N\u00e5r du velger en klasse 1 elektrisk moped, b\u00f8r du alltid s\u00f8rge for at den oppfyller alle disse kravene for \u00e5 unng\u00e5 juridiske komplikasjoner.<\/p>\n\n<h2 class=\"wp-block-heading\">Evess \u2013 Din perfekte elektriske moped i klasse 1<\/h2>\n\n<p>Eves elektriske mopeder er designet for \u00e5 tilby en overlegen og komfortabel kj\u00f8reopplevelse med optimal ytelse, og de tilh\u00f8rer klasse 1 i henhold til svenske lover og regler. Med en toppfart p\u00e5 45 km\/t og utstyrt med en effektiv motor, tilbyr de en jevn og komfortabel tur, enten du kj\u00f8rer i byen eller p\u00e5 landsbygda.<\/p>\n\n<p>V\u00e5re elektriske scootere er konstruert med kvalitetskomponenter og avansert teknologi for \u00e5 sikre p\u00e5litelig ytelse og holdbarhet. Alle Eves elmopeder er utstyrt med registreringsskilt og oppfyller alle krav til klasse 1 elmopeder, inkludert veiforsikring.<\/p>\n\n<p><a href=\"https:\/\/www.evess.se\/no\/produkt\/eves-elektrisk-moped\/\">Kj\u00f8p en Evess elektrisk moped<\/a> &#8211; nyt fordelene ved et effektivt og moderne transportalternativ!<\/p>\n","protected":false},"excerpt":{"rendered":"<p>En elektrisk moped klasse 1 er et motorkj\u00f8ret\u00f8y, utstyrt med enten to, tre eller fire hjul, som er konstruert for \u00e5 kunne n\u00e5 topphastigheter p\u00e5 opptil 45 km\/t. Denne klassifiseringen avhenger ikke bare av antall hjul, men ogs\u00e5 av den spesifikke motortypen som den elektriske mopeden har installert. Det er av st\u00f8rste betydning \u00e5 forst\u00e5 [&hellip;]<\/p>\n","protected":false},"author":1,"featured_media":0,"parent":0,"menu_order":0,"comment_status":"closed","ping_status":"closed","template":"","meta":{"_acf_changed":false,"footnotes":""},"class_list":["post-889","page","type-page","status-publish","hentry"],"acf":[],"yoast_head":"<!-- This site is optimized with the Yoast SEO plugin v27.5 - https:\/\/yoast.com\/product\/yoast-seo-wordpress\/ -->\n<title>Klasse 1 elektrisk moped - Evess<\/title>\n<meta name=\"description\" content=\"Her finner du kanskje de beste el-scooterne og el-scooterne p\u00e5 markedet \u2013 god leveringstid, kraftige batterier, pr\u00f8vekj\u00f8ring og mye mer\" \/>\n<meta name=\"robots\" content=\"index, follow, max-snippet:-1, max-image-preview:large, max-video-preview:-1\" \/>\n<link rel=\"canonical\" href=\"https:\/\/www.evess.se\/no\/klasse-1-elektrisk-moped\/\" \/>\n<meta property=\"og:locale\" content=\"nb_NO\" \/>\n<meta property=\"og:type\" content=\"article\" \/>\n<meta property=\"og:title\" content=\"Klasse 1 elektrisk moped - Evess\" \/>\n<meta property=\"og:description\" content=\"Her finner du kanskje de beste el-scooterne og el-scooterne p\u00e5 markedet \u2013 god leveringstid, kraftige batterier, pr\u00f8vekj\u00f8ring og mye mer\" \/>\n<meta property=\"og:url\" content=\"https:\/\/www.evess.se\/no\/klasse-1-elektrisk-moped\/\" \/>\n<meta property=\"og:site_name\" content=\"Evess\" \/>\n<meta property=\"article:publisher\" content=\"https:\/\/www.facebook.com\/evessmoped\" \/>\n<meta property=\"article:modified_time\" content=\"2023-11-07T12:42:25+00:00\" \/>\n<meta property=\"og:image\" content=\"https:\/\/www.evess.se\/wp-content\/uploads\/2023\/11\/screenshot.png\" \/>\n\t<meta property=\"og:image:width\" content=\"1200\" \/>\n\t<meta property=\"og:image:height\" content=\"900\" \/>\n\t<meta property=\"og:image:type\" content=\"image\/png\" \/>\n<meta name=\"twitter:card\" content=\"summary_large_image\" \/>\n<meta name=\"twitter:label1\" content=\"Ansl. lesetid\" \/>\n\t<meta name=\"twitter:data1\" content=\"3 minutter\" \/>\n<script type=\"application\/ld+json\" class=\"yoast-schema-graph\">{\"@context\":\"https:\\\/\\\/schema.org\",\"@graph\":[{\"@type\":\"WebPage\",\"@id\":\"https:\\\/\\\/www.evess.se\\\/no\\\/klasse-1-elektrisk-moped\\\/\",\"url\":\"https:\\\/\\\/www.evess.se\\\/no\\\/klasse-1-elektrisk-moped\\\/\",\"name\":\"Klasse 1 elektrisk moped - Evess\",\"isPartOf\":{\"@id\":\"https:\\\/\\\/www.evess.se\\\/no\\\/#website\"},\"datePublished\":\"2023-11-07T12:42:14+00:00\",\"dateModified\":\"2023-11-07T12:42:25+00:00\",\"description\":\"Her finner du kanskje de beste el-scooterne og el-scooterne p\u00e5 markedet \u2013 god leveringstid, kraftige batterier, pr\u00f8vekj\u00f8ring og mye mer\",\"breadcrumb\":{\"@id\":\"https:\\\/\\\/www.evess.se\\\/no\\\/klasse-1-elektrisk-moped\\\/#breadcrumb\"},\"inLanguage\":\"nb-NO\",\"potentialAction\":[{\"@type\":\"ReadAction\",\"target\":[\"https:\\\/\\\/www.evess.se\\\/no\\\/klasse-1-elektrisk-moped\\\/\"]}]},{\"@type\":\"BreadcrumbList\",\"@id\":\"https:\\\/\\\/www.evess.se\\\/no\\\/klasse-1-elektrisk-moped\\\/#breadcrumb\",\"itemListElement\":[{\"@type\":\"ListItem\",\"position\":1,\"name\":\"Hem\",\"item\":\"https:\\\/\\\/www.evess.se\\\/no\\\/\"},{\"@type\":\"ListItem\",\"position\":2,\"name\":\"Klasse 1 elektrisk moped\"}]},{\"@type\":\"WebSite\",\"@id\":\"https:\\\/\\\/www.evess.se\\\/no\\\/#website\",\"url\":\"https:\\\/\\\/www.evess.se\\\/no\\\/\",\"name\":\"Evess\",\"description\":\"Elmopeder f\u00f6r ett milj\u00f6smart samh\u00e4lle\",\"publisher\":{\"@id\":\"https:\\\/\\\/www.evess.se\\\/no\\\/#organization\"},\"potentialAction\":[{\"@type\":\"SearchAction\",\"target\":{\"@type\":\"EntryPoint\",\"urlTemplate\":\"https:\\\/\\\/www.evess.se\\\/no\\\/?s={search_term_string}\"},\"query-input\":{\"@type\":\"PropertyValueSpecification\",\"valueRequired\":true,\"valueName\":\"search_term_string\"}}],\"inLanguage\":\"nb-NO\"},{\"@type\":\"Organization\",\"@id\":\"https:\\\/\\\/www.evess.se\\\/no\\\/#organization\",\"name\":\"Evess\",\"url\":\"https:\\\/\\\/www.evess.se\\\/no\\\/\",\"logo\":{\"@type\":\"ImageObject\",\"inLanguage\":\"nb-NO\",\"@id\":\"https:\\\/\\\/www.evess.se\\\/no\\\/#\\\/schema\\\/logo\\\/image\\\/\",\"url\":\"https:\\\/\\\/www.evess.se\\\/wp-content\\\/uploads\\\/2023\\\/11\\\/evess-logo-black.png\",\"contentUrl\":\"https:\\\/\\\/www.evess.se\\\/wp-content\\\/uploads\\\/2023\\\/11\\\/evess-logo-black.png\",\"width\":1417,\"height\":312,\"caption\":\"Evess\"},\"image\":{\"@id\":\"https:\\\/\\\/www.evess.se\\\/no\\\/#\\\/schema\\\/logo\\\/image\\\/\"},\"sameAs\":[\"https:\\\/\\\/www.facebook.com\\\/evessmoped\"]}]}<\/script>\n<!-- \/ Yoast SEO plugin. -->","yoast_head_json":{"title":"Klasse 1 elektrisk moped - Evess","description":"Her finner du kanskje de beste el-scooterne og el-scooterne p\u00e5 markedet \u2013 god leveringstid, kraftige batterier, pr\u00f8vekj\u00f8ring og mye mer","robots":{"index":"index","follow":"follow","max-snippet":"max-snippet:-1","max-image-preview":"max-image-preview:large","max-video-preview":"max-video-preview:-1"},"canonical":"https:\/\/www.evess.se\/no\/klasse-1-elektrisk-moped\/","og_locale":"nb_NO","og_type":"article","og_title":"Klasse 1 elektrisk moped - Evess","og_description":"Her finner du kanskje de beste el-scooterne og el-scooterne p\u00e5 markedet \u2013 god leveringstid, kraftige batterier, pr\u00f8vekj\u00f8ring og mye mer","og_url":"https:\/\/www.evess.se\/no\/klasse-1-elektrisk-moped\/","og_site_name":"Evess","article_publisher":"https:\/\/www.facebook.com\/evessmoped","article_modified_time":"2023-11-07T12:42:25+00:00","og_image":[{"width":1200,"height":900,"url":"https:\/\/www.evess.se\/wp-content\/uploads\/2023\/11\/screenshot.png","type":"image\/png"}],"twitter_card":"summary_large_image","twitter_misc":{"Ansl. lesetid":"3 minutter"},"schema":{"@context":"https:\/\/schema.org","@graph":[{"@type":"WebPage","@id":"https:\/\/www.evess.se\/no\/klasse-1-elektrisk-moped\/","url":"https:\/\/www.evess.se\/no\/klasse-1-elektrisk-moped\/","name":"Klasse 1 elektrisk moped - Evess","isPartOf":{"@id":"https:\/\/www.evess.se\/no\/#website"},"datePublished":"2023-11-07T12:42:14+00:00","dateModified":"2023-11-07T12:42:25+00:00","description":"Her finner du kanskje de beste el-scooterne og el-scooterne p\u00e5 markedet \u2013 god leveringstid, kraftige batterier, pr\u00f8vekj\u00f8ring og mye mer","breadcrumb":{"@id":"https:\/\/www.evess.se\/no\/klasse-1-elektrisk-moped\/#breadcrumb"},"inLanguage":"nb-NO","potentialAction":[{"@type":"ReadAction","target":["https:\/\/www.evess.se\/no\/klasse-1-elektrisk-moped\/"]}]},{"@type":"BreadcrumbList","@id":"https:\/\/www.evess.se\/no\/klasse-1-elektrisk-moped\/#breadcrumb","itemListElement":[{"@type":"ListItem","position":1,"name":"Hem","item":"https:\/\/www.evess.se\/no\/"},{"@type":"ListItem","position":2,"name":"Klasse 1 elektrisk moped"}]},{"@type":"WebSite","@id":"https:\/\/www.evess.se\/no\/#website","url":"https:\/\/www.evess.se\/no\/","name":"Evess","description":"Elmopeder f\u00f6r ett milj\u00f6smart samh\u00e4lle","publisher":{"@id":"https:\/\/www.evess.se\/no\/#organization"},"potentialAction":[{"@type":"SearchAction","target":{"@type":"EntryPoint","urlTemplate":"https:\/\/www.evess.se\/no\/?s={search_term_string}"},"query-input":{"@type":"PropertyValueSpecification","valueRequired":true,"valueName":"search_term_string"}}],"inLanguage":"nb-NO"},{"@type":"Organization","@id":"https:\/\/www.evess.se\/no\/#organization","name":"Evess","url":"https:\/\/www.evess.se\/no\/","logo":{"@type":"ImageObject","inLanguage":"nb-NO","@id":"https:\/\/www.evess.se\/no\/#\/schema\/logo\/image\/","url":"https:\/\/www.evess.se\/wp-content\/uploads\/2023\/11\/evess-logo-black.png","contentUrl":"https:\/\/www.evess.se\/wp-content\/uploads\/2023\/11\/evess-logo-black.png","width":1417,"height":312,"caption":"Evess"},"image":{"@id":"https:\/\/www.evess.se\/no\/#\/schema\/logo\/image\/"},"sameAs":["https:\/\/www.facebook.com\/evessmoped"]}]}},"_links":{"self":[{"href":"https:\/\/www.evess.se\/no\/wp-json\/wp\/v2\/pages\/889","targetHints":{"allow":["GET"]}}],"collection":[{"href":"https:\/\/www.evess.se\/no\/wp-json\/wp\/v2\/pages"}],"about":[{"href":"https:\/\/www.evess.se\/no\/wp-json\/wp\/v2\/types\/page"}],"author":[{"embeddable":true,"href":"https:\/\/www.evess.se\/no\/wp-json\/wp\/v2\/users\/1"}],"replies":[{"embeddable":true,"href":"https:\/\/www.evess.se\/no\/wp-json\/wp\/v2\/comments?post=889"}],"version-history":[{"count":0,"href":"https:\/\/www.evess.se\/no\/wp-json\/wp\/v2\/pages\/889\/revisions"}],"wp:attachment":[{"href":"https:\/\/www.evess.se\/no\/wp-json\/wp\/v2\/media?parent=889"}],"curies":[{"name":"wp","href":"https:\/\/api.w.org\/{rel}","templated":true}]}}