{"id":856,"date":"2023-11-07T11:54:16","date_gmt":"2023-11-07T11:54:16","guid":{"rendered":"https:\/\/www.evess.se\/elektrisk-moped-med-lang-rekkevidde\/"},"modified":"2024-07-05T12:56:19","modified_gmt":"2024-07-05T12:56:19","slug":"elektrisk-moped-med-lang-rekkevidde","status":"publish","type":"page","link":"https:\/\/www.evess.se\/no\/elektrisk-moped-med-lang-rekkevidde\/","title":{"rendered":"Elektrisk moped med lang rekkevidde"},"content":{"rendered":"\n<p>\u00c5 kj\u00f8re gjennom byen p\u00e5 en el-moped er en praktisk og \u00f8konomisk m\u00e5te \u00e5 reise p\u00e5. Men n\u00e5r du leter etter den perfekte elmopeden for dine behov, kan rekkevidden &#8211; det vil si hvor langt den elektriske mopeden kan kj\u00f8re p\u00e5 \u00e9n lading &#8211; v\u00e6re en avgj\u00f8rende faktor.<\/p>\n\n<p>Elektriske scootere med lang rekkevidde gir \u00f8kt mobilitet og st\u00f8rre fleksibilitet. Disse mopedene er spesielt verdifulle for de som regelmessig kj\u00f8rer lengre distanser, kanskje for daglige pendler eller helgeturer.<\/p>\n\n<p>Med en el-moped med lang rekkevidde kan du forlenge eventyrene dine, redusere antall ladepauser og f\u00e5 mer tid p\u00e5 veien. I tillegg kan et kraftig batteri bidra til en mer konsistent ytelse, selv n\u00e5r batteriniv\u00e5et begynner \u00e5 synke.<\/p>\n\n<p>Derfor kan det v\u00e6re en god investering \u00e5 velge en el-moped med lang rekkevidde, spesielt hvis du planlegger \u00e5 bruke el-moped regelmessig og over lengre avstander. I denne guiden skal vi se n\u00e6rmere p\u00e5 hva som gj\u00f8r en el-moped til en langturskj\u00f8rer, og hvorfor den kan v\u00e6re det riktige valget for deg.<\/p>\n\n<h2 class=\"wp-block-heading\">Batteri Elektrisk moped<\/h2>\n\n<p>Batteriet er hjertet i den el-moped din og spiller en avgj\u00f8rende rolle for hvor langt du kan kj\u00f8re p\u00e5 \u00e9n lading. Moderne elektriske mopeder er vanligvis utstyrt med litium-ion-batterier, som er kjent for sin langvarige ytelse og raske ladetid. Disse batteriene kan normalt v\u00e6re nok til \u00e5 dekke en strekning p\u00e5 opptil 50-100 kilometer, avhengig av modell og spesifikasjoner til mopeden.<\/p>\n\n<p>Evess elektriske mopeder tar det et skritt videre med kanskje de beste batteriene p\u00e5 markedet fra Samsung. Med en kapasitet p\u00e5 26 Ah kan mopedene v\u00e5re tilby en rekkevidde p\u00e5 opptil 60 kilometer. Dette gir deg friheten til \u00e5 utforske lengre og mer omfattende ruter uten \u00e5 bekymre deg for \u00e5 g\u00e5 tom for batteri.<\/p>\n\n<p>Men ikke alle elektriske mopedbatterier er like gode. Kapasiteten til batteriet \u2013 m\u00e5lt i kilowattimer (kWh) \u2013 er det som avgj\u00f8r hvor langt du kan reise. Jo h\u00f8yere kapasitet, jo lenger kan du kj\u00f8re. Hvis du er ute etter en el-moped med lang rekkevidde, b\u00f8r du derfor vurdere en modell med et batteri med h\u00f8y kapasitet.<\/p>\n\n<p>Noen elektriske mopeder tilbyr ogs\u00e5 muligheten til \u00e5 oppgradere til et st\u00f8rre batteri, eller \u00e5 installere et ekstra batteri for enda lengre rekkevidde. Evess har doble batterier, noe som gir deg fordelen av \u00e5 kunne reise lenger uten \u00e5 m\u00e5tte bekymre deg for \u00e5 g\u00e5 tom for batteri. Det kan v\u00e6re et utmerket alternativ for de som ofte kj\u00f8rer lange avstander og \u00f8nsker den ekstra tryggheten som en utvidet rekkevidde kan tilby.<\/p>\n\n<p>Husk at det er mange faktorer som kan p\u00e5virke rekkevidden til den elektriske mopeden din, blant annet kj\u00f8restil, v\u00e6rforhold, terreng og last. Ved \u00e5 kj\u00f8re forsiktig, unng\u00e5 un\u00f8dvendig belastning og vedlikeholde den el-moped godt, kan du maksimere batteriets levetid og rekkevidde.<\/p>\n\n<figure class=\"wp-block-image size-full is-resized\"><img loading=\"lazy\" decoding=\"async\" width=\"1212\" height=\"682\" src=\"https:\/\/www.evess.se\/wp-content\/uploads\/2023\/11\/evess-batteri-instruktion-2-1.webp\" alt=\"\" class=\"wp-image-985\" style=\"width:768px\" srcset=\"https:\/\/www.evess.se\/wp-content\/uploads\/2023\/11\/evess-batteri-instruktion-2-1.webp 1212w, https:\/\/www.evess.se\/wp-content\/uploads\/2023\/11\/evess-batteri-instruktion-2-1-600x338.webp 600w, https:\/\/www.evess.se\/wp-content\/uploads\/2023\/11\/evess-batteri-instruktion-2-1-500x281.webp 500w, https:\/\/www.evess.se\/wp-content\/uploads\/2023\/11\/evess-batteri-instruktion-2-1-1024x576.webp 1024w, https:\/\/www.evess.se\/wp-content\/uploads\/2023\/11\/evess-batteri-instruktion-2-1-768x432.webp 768w, https:\/\/www.evess.se\/wp-content\/uploads\/2023\/11\/evess-batteri-instruktion-2-1-300x169.webp 300w\" sizes=\"auto, (max-width: 1212px) 100vw, 1212px\" \/><\/figure>\n\n<h2 class=\"wp-block-heading\">Lad din elektriske moped: hvordan, hvor og n\u00e5r?<\/h2>\n\n<p>Det er enkelt og greit \u00e5 lade den el-moped. Faktisk kan det v\u00e6re s\u00e5 enkelt som \u00e5 lade mobiltelefonen. Det er bare \u00e5 koble laderen til mopeden og plugge den inn i en vanlig stikkontakt. Det tar vanligvis mellom 4-8 timer \u00e5 lade et helt utladet batteri, avhengig av st\u00f8rrelsen p\u00e5 batteriet og laderens kapasitet. Hvis batteriet ikke er helt utladet, vil det selvf\u00f8lgelig ta kortere tid.<\/p>\n\n<p>For best resultat b\u00f8r du lade den el-moped innend\u00f8rs, i et t\u00f8rt og kj\u00f8lig milj\u00f8. Unng\u00e5 \u00e5 lade batteriet under sv\u00e6rt kalde eller varme forhold, da dette kan p\u00e5virke batteriets ytelse og levetid negativt.<\/p>\n\n<p>\u00c5 holde batteriet oppladet er viktig ikke bare for \u00e5 maksimere rekkevidden, men ogs\u00e5 for \u00e5 bevare batterihelsen. Hvis du planlegger \u00e5 ikke bruke den el-moped over en lengre periode, for eksempel om vinteren, b\u00f8r du lade batteriet regelmessig. Et helt utladet batteri kan miste ladekapasiteten og bli permanent skadet.<\/p>\n\n<p>N\u00e5r det gjelder hvor du skal lade den el-moped din, har du mange muligheter. Du kan lade den hjemme, p\u00e5 jobben eller p\u00e5 offentlige ladestasjoner som er tilgjengelige p\u00e5 enkelte steder. Med en el-moped fra Evess f\u00e5r du ogs\u00e5 fordelen av et b\u00e6rbart batteri, noe som betyr at du kan ta den med deg og lade den hvor som helst der det er tilgang til str\u00f8m. Dette gj\u00f8r det veldig praktisk for deg \u00e5 alltid ha en fulladet el-moped klar til neste tur.<\/p>\n\n<h2 class=\"wp-block-heading\">Hvor mye koster det \u00e5 lade en Elmoped?<\/h2>\n\n<p>Ladekostnadene for en el-moped er ofte et overraskende positivt aspekt for mange nye eiere. Sammenlignet med driftskostnadene for tradisjonelle drivstoffdrevne kj\u00f8ret\u00f8y er det betydelig billigere \u00e5 lade en el-moped.<\/p>\n\n<p>For \u00e5 f\u00e5 en omtrentlig kostnad for lading av den el-moped m\u00e5 du vite batteriets kapasitet (m\u00e5lt i kilowattimer eller kWh) og den lokale str\u00f8mkostnaden per kWh. For eksempel. Hvis den el-moped din har et batteri p\u00e5 2,6 kWh og den lokale str\u00f8mprisen er 1,50 euro per kWh, vil en full lading koste ca. 3,90 euro. Med en fulladet Evess el-moped kan du kj\u00f8re opptil 60 km, noe som gj\u00f8r den til et kostnadseffektivt transportalternativ.<\/p>\n\n<p>Det er viktig \u00e5 merke seg at str\u00f8mkostnadene kan variere avhengig av tid p\u00e5 dagen, ukedagen og til og med \u00e5rstiden. Mange str\u00f8mselskaper tilbyr lavere priser utenom rushtiden, slik at du kan spare penger ved \u00e5 lade den el-moped i disse periodene.<\/p>\n\n<p>S\u00e5 selv om den elektriske mopeden kan v\u00e6re en st\u00f8rre investering i starten, kan besparelsene p\u00e5 lang sikt v\u00e6re betydelige. Du vil ikke bare spare penger p\u00e5 drivstoffkostnader, men du vil ogs\u00e5 bidra til en b\u00e6rekraftig fremtid ved \u00e5 velge en renere og gr\u00f8nnere transportl\u00f8sning.<\/p>\n\n<h2 class=\"wp-block-heading\">Elektrisk moped med doble batterier<\/h2>\n\n<p>For de virkelig lange reisene eller de dagene du vet at du skal v\u00e6re p\u00e5 farten hele dagen, kan en el-moped med to batterier v\u00e6re den perfekte l\u00f8sningen. Dette konseptet betyr ganske enkelt at du har to batterier til den el-moped din i stedet for ett. Mens du bruker den ene, kan den andre lades. P\u00e5 denne m\u00e5ten kan du forlenge rekkevidden til den elektriske mopeden og s\u00f8rge for at du aldri trenger \u00e5 bekymre deg for \u00e5 g\u00e5 tom for batteri.<\/p>\n\n<p>Det finnes ogs\u00e5 elektriske mopeder som lar deg bytte mellom batteriene n\u00e5r det f\u00f8rste batteriet er tomt, slik at du kan fortsette turen uten avbrudd. Disse modellene er spesielt praktiske for dem som bruker elmopeden p\u00e5 lengre turer, eller for dem som ikke har mulighet til \u00e5 lade p\u00e5 reisem\u00e5let.<\/p>\n\n<p>Evess tilbyr dette alternativet, der du kan velge \u00e5 oppgradere din el-moped med et ekstra batteri. Takket v\u00e6re det effektive og langvarige Samsung-batteriet i v\u00e5re elektriske mopeder har du fortsatt en imponerende rekkevidde. Med opptil 60 km p\u00e5 en enkelt lading og med mulighet for \u00e5 doble dette med et ekstra batteri, er det mer enn nok for de fleste daglige reiser.<\/p>\n\n<p>Langdistanse elektriske scootere tilbyr derfor et utmerket alternativ for de som \u00f8nsker \u00e5 gj\u00f8re sitt for \u00e5 redusere utslipp og bidra til en mer b\u00e6rekraftig fremtid, samtidig som de sparer penger p\u00e5 drivstoff og vedlikehold. S\u00e5 enten du pendler til jobben, kj\u00f8rer til skolen eller bare vil utforske n\u00e6romr\u00e5det, kan en el-moped med lang rekkevidde og to batterier fra Evess v\u00e6re det perfekte valget for deg.<\/p>\n","protected":false},"excerpt":{"rendered":"<p>\u00c5 kj\u00f8re gjennom byen p\u00e5 en el-moped er en praktisk og \u00f8konomisk m\u00e5te \u00e5 reise p\u00e5. Men n\u00e5r du leter etter den perfekte elmopeden for dine behov, kan rekkevidden &#8211; det vil si hvor langt den elektriske mopeden kan kj\u00f8re p\u00e5 \u00e9n lading &#8211; v\u00e6re en avgj\u00f8rende faktor. Elektriske scootere med lang rekkevidde gir \u00f8kt [&hellip;]<\/p>\n","protected":false},"author":1,"featured_media":0,"parent":0,"menu_order":0,"comment_status":"closed","ping_status":"closed","template":"","meta":{"_acf_changed":false,"footnotes":""},"class_list":["post-856","page","type-page","status-publish","hentry"],"acf":[],"yoast_head":"<!-- This site is optimized with the Yoast SEO plugin v27.5 - https:\/\/yoast.com\/product\/yoast-seo-wordpress\/ -->\n<title>Elektrisk moped med lang rekkevidde - Evess<\/title>\n<meta name=\"description\" content=\"Her finner du kanskje de beste el-scooterne og el-scooterne p\u00e5 markedet \u2013 god leveringstid, kraftige batterier, pr\u00f8vekj\u00f8ring og mye mer\" \/>\n<meta name=\"robots\" content=\"index, follow, max-snippet:-1, max-image-preview:large, max-video-preview:-1\" \/>\n<link rel=\"canonical\" href=\"https:\/\/www.evess.se\/no\/elektrisk-moped-med-lang-rekkevidde\/\" \/>\n<meta property=\"og:locale\" content=\"nb_NO\" \/>\n<meta property=\"og:type\" content=\"article\" \/>\n<meta property=\"og:title\" content=\"Elektrisk moped med lang rekkevidde - Evess\" \/>\n<meta property=\"og:description\" content=\"Her finner du kanskje de beste el-scooterne og el-scooterne p\u00e5 markedet \u2013 god leveringstid, kraftige batterier, pr\u00f8vekj\u00f8ring og mye mer\" \/>\n<meta property=\"og:url\" content=\"https:\/\/www.evess.se\/no\/elektrisk-moped-med-lang-rekkevidde\/\" \/>\n<meta property=\"og:site_name\" content=\"Evess\" \/>\n<meta property=\"article:publisher\" content=\"https:\/\/www.facebook.com\/evessmoped\" \/>\n<meta property=\"article:modified_time\" content=\"2024-07-05T12:56:19+00:00\" \/>\n<meta property=\"og:image\" content=\"https:\/\/www.evess.se\/wp-content\/uploads\/2023\/11\/evess-batteri-instruktion-2-1.webp\" \/>\n<meta name=\"twitter:card\" content=\"summary_large_image\" \/>\n<meta name=\"twitter:label1\" content=\"Ansl. lesetid\" \/>\n\t<meta name=\"twitter:data1\" content=\"6 minutter\" \/>\n<script type=\"application\/ld+json\" class=\"yoast-schema-graph\">{\"@context\":\"https:\\\/\\\/schema.org\",\"@graph\":[{\"@type\":\"WebPage\",\"@id\":\"https:\\\/\\\/www.evess.se\\\/no\\\/elektrisk-moped-med-lang-rekkevidde\\\/\",\"url\":\"https:\\\/\\\/www.evess.se\\\/no\\\/elektrisk-moped-med-lang-rekkevidde\\\/\",\"name\":\"Elektrisk moped med lang rekkevidde - Evess\",\"isPartOf\":{\"@id\":\"https:\\\/\\\/www.evess.se\\\/no\\\/#website\"},\"primaryImageOfPage\":{\"@id\":\"https:\\\/\\\/www.evess.se\\\/no\\\/elektrisk-moped-med-lang-rekkevidde\\\/#primaryimage\"},\"image\":{\"@id\":\"https:\\\/\\\/www.evess.se\\\/no\\\/elektrisk-moped-med-lang-rekkevidde\\\/#primaryimage\"},\"thumbnailUrl\":\"https:\\\/\\\/www.evess.se\\\/wp-content\\\/uploads\\\/2023\\\/11\\\/evess-batteri-instruktion-2-1.webp\",\"datePublished\":\"2023-11-07T11:54:16+00:00\",\"dateModified\":\"2024-07-05T12:56:19+00:00\",\"description\":\"Her finner du kanskje de beste el-scooterne og el-scooterne p\u00e5 markedet \u2013 god leveringstid, kraftige batterier, pr\u00f8vekj\u00f8ring og mye mer\",\"breadcrumb\":{\"@id\":\"https:\\\/\\\/www.evess.se\\\/no\\\/elektrisk-moped-med-lang-rekkevidde\\\/#breadcrumb\"},\"inLanguage\":\"nb-NO\",\"potentialAction\":[{\"@type\":\"ReadAction\",\"target\":[\"https:\\\/\\\/www.evess.se\\\/no\\\/elektrisk-moped-med-lang-rekkevidde\\\/\"]}]},{\"@type\":\"ImageObject\",\"inLanguage\":\"nb-NO\",\"@id\":\"https:\\\/\\\/www.evess.se\\\/no\\\/elektrisk-moped-med-lang-rekkevidde\\\/#primaryimage\",\"url\":\"https:\\\/\\\/www.evess.se\\\/wp-content\\\/uploads\\\/2023\\\/11\\\/evess-batteri-instruktion-2-1.webp\",\"contentUrl\":\"https:\\\/\\\/www.evess.se\\\/wp-content\\\/uploads\\\/2023\\\/11\\\/evess-batteri-instruktion-2-1.webp\"},{\"@type\":\"BreadcrumbList\",\"@id\":\"https:\\\/\\\/www.evess.se\\\/no\\\/elektrisk-moped-med-lang-rekkevidde\\\/#breadcrumb\",\"itemListElement\":[{\"@type\":\"ListItem\",\"position\":1,\"name\":\"Hem\",\"item\":\"https:\\\/\\\/www.evess.se\\\/no\\\/\"},{\"@type\":\"ListItem\",\"position\":2,\"name\":\"Elektrisk moped med lang rekkevidde\"}]},{\"@type\":\"WebSite\",\"@id\":\"https:\\\/\\\/www.evess.se\\\/no\\\/#website\",\"url\":\"https:\\\/\\\/www.evess.se\\\/no\\\/\",\"name\":\"Evess\",\"description\":\"Elmopeder f\u00f6r ett milj\u00f6smart samh\u00e4lle\",\"publisher\":{\"@id\":\"https:\\\/\\\/www.evess.se\\\/no\\\/#organization\"},\"potentialAction\":[{\"@type\":\"SearchAction\",\"target\":{\"@type\":\"EntryPoint\",\"urlTemplate\":\"https:\\\/\\\/www.evess.se\\\/no\\\/?s={search_term_string}\"},\"query-input\":{\"@type\":\"PropertyValueSpecification\",\"valueRequired\":true,\"valueName\":\"search_term_string\"}}],\"inLanguage\":\"nb-NO\"},{\"@type\":\"Organization\",\"@id\":\"https:\\\/\\\/www.evess.se\\\/no\\\/#organization\",\"name\":\"Evess\",\"url\":\"https:\\\/\\\/www.evess.se\\\/no\\\/\",\"logo\":{\"@type\":\"ImageObject\",\"inLanguage\":\"nb-NO\",\"@id\":\"https:\\\/\\\/www.evess.se\\\/no\\\/#\\\/schema\\\/logo\\\/image\\\/\",\"url\":\"https:\\\/\\\/www.evess.se\\\/wp-content\\\/uploads\\\/2023\\\/11\\\/evess-logo-black.png\",\"contentUrl\":\"https:\\\/\\\/www.evess.se\\\/wp-content\\\/uploads\\\/2023\\\/11\\\/evess-logo-black.png\",\"width\":1417,\"height\":312,\"caption\":\"Evess\"},\"image\":{\"@id\":\"https:\\\/\\\/www.evess.se\\\/no\\\/#\\\/schema\\\/logo\\\/image\\\/\"},\"sameAs\":[\"https:\\\/\\\/www.facebook.com\\\/evessmoped\"]}]}<\/script>\n<!-- \/ Yoast SEO plugin. -->","yoast_head_json":{"title":"Elektrisk moped med lang rekkevidde - Evess","description":"Her finner du kanskje de beste el-scooterne og el-scooterne p\u00e5 markedet \u2013 god leveringstid, kraftige batterier, pr\u00f8vekj\u00f8ring og mye mer","robots":{"index":"index","follow":"follow","max-snippet":"max-snippet:-1","max-image-preview":"max-image-preview:large","max-video-preview":"max-video-preview:-1"},"canonical":"https:\/\/www.evess.se\/no\/elektrisk-moped-med-lang-rekkevidde\/","og_locale":"nb_NO","og_type":"article","og_title":"Elektrisk moped med lang rekkevidde - Evess","og_description":"Her finner du kanskje de beste el-scooterne og el-scooterne p\u00e5 markedet \u2013 god leveringstid, kraftige batterier, pr\u00f8vekj\u00f8ring og mye mer","og_url":"https:\/\/www.evess.se\/no\/elektrisk-moped-med-lang-rekkevidde\/","og_site_name":"Evess","article_publisher":"https:\/\/www.facebook.com\/evessmoped","article_modified_time":"2024-07-05T12:56:19+00:00","og_image":[{"url":"https:\/\/www.evess.se\/wp-content\/uploads\/2023\/11\/evess-batteri-instruktion-2-1.webp","type":"","width":"","height":""}],"twitter_card":"summary_large_image","twitter_misc":{"Ansl. lesetid":"6 minutter"},"schema":{"@context":"https:\/\/schema.org","@graph":[{"@type":"WebPage","@id":"https:\/\/www.evess.se\/no\/elektrisk-moped-med-lang-rekkevidde\/","url":"https:\/\/www.evess.se\/no\/elektrisk-moped-med-lang-rekkevidde\/","name":"Elektrisk moped med lang rekkevidde - Evess","isPartOf":{"@id":"https:\/\/www.evess.se\/no\/#website"},"primaryImageOfPage":{"@id":"https:\/\/www.evess.se\/no\/elektrisk-moped-med-lang-rekkevidde\/#primaryimage"},"image":{"@id":"https:\/\/www.evess.se\/no\/elektrisk-moped-med-lang-rekkevidde\/#primaryimage"},"thumbnailUrl":"https:\/\/www.evess.se\/wp-content\/uploads\/2023\/11\/evess-batteri-instruktion-2-1.webp","datePublished":"2023-11-07T11:54:16+00:00","dateModified":"2024-07-05T12:56:19+00:00","description":"Her finner du kanskje de beste el-scooterne og el-scooterne p\u00e5 markedet \u2013 god leveringstid, kraftige batterier, pr\u00f8vekj\u00f8ring og mye mer","breadcrumb":{"@id":"https:\/\/www.evess.se\/no\/elektrisk-moped-med-lang-rekkevidde\/#breadcrumb"},"inLanguage":"nb-NO","potentialAction":[{"@type":"ReadAction","target":["https:\/\/www.evess.se\/no\/elektrisk-moped-med-lang-rekkevidde\/"]}]},{"@type":"ImageObject","inLanguage":"nb-NO","@id":"https:\/\/www.evess.se\/no\/elektrisk-moped-med-lang-rekkevidde\/#primaryimage","url":"https:\/\/www.evess.se\/wp-content\/uploads\/2023\/11\/evess-batteri-instruktion-2-1.webp","contentUrl":"https:\/\/www.evess.se\/wp-content\/uploads\/2023\/11\/evess-batteri-instruktion-2-1.webp"},{"@type":"BreadcrumbList","@id":"https:\/\/www.evess.se\/no\/elektrisk-moped-med-lang-rekkevidde\/#breadcrumb","itemListElement":[{"@type":"ListItem","position":1,"name":"Hem","item":"https:\/\/www.evess.se\/no\/"},{"@type":"ListItem","position":2,"name":"Elektrisk moped med lang rekkevidde"}]},{"@type":"WebSite","@id":"https:\/\/www.evess.se\/no\/#website","url":"https:\/\/www.evess.se\/no\/","name":"Evess","description":"Elmopeder f\u00f6r ett milj\u00f6smart samh\u00e4lle","publisher":{"@id":"https:\/\/www.evess.se\/no\/#organization"},"potentialAction":[{"@type":"SearchAction","target":{"@type":"EntryPoint","urlTemplate":"https:\/\/www.evess.se\/no\/?s={search_term_string}"},"query-input":{"@type":"PropertyValueSpecification","valueRequired":true,"valueName":"search_term_string"}}],"inLanguage":"nb-NO"},{"@type":"Organization","@id":"https:\/\/www.evess.se\/no\/#organization","name":"Evess","url":"https:\/\/www.evess.se\/no\/","logo":{"@type":"ImageObject","inLanguage":"nb-NO","@id":"https:\/\/www.evess.se\/no\/#\/schema\/logo\/image\/","url":"https:\/\/www.evess.se\/wp-content\/uploads\/2023\/11\/evess-logo-black.png","contentUrl":"https:\/\/www.evess.se\/wp-content\/uploads\/2023\/11\/evess-logo-black.png","width":1417,"height":312,"caption":"Evess"},"image":{"@id":"https:\/\/www.evess.se\/no\/#\/schema\/logo\/image\/"},"sameAs":["https:\/\/www.facebook.com\/evessmoped"]}]}},"_links":{"self":[{"href":"https:\/\/www.evess.se\/no\/wp-json\/wp\/v2\/pages\/856","targetHints":{"allow":["GET"]}}],"collection":[{"href":"https:\/\/www.evess.se\/no\/wp-json\/wp\/v2\/pages"}],"about":[{"href":"https:\/\/www.evess.se\/no\/wp-json\/wp\/v2\/types\/page"}],"author":[{"embeddable":true,"href":"https:\/\/www.evess.se\/no\/wp-json\/wp\/v2\/users\/1"}],"replies":[{"embeddable":true,"href":"https:\/\/www.evess.se\/no\/wp-json\/wp\/v2\/comments?post=856"}],"version-history":[{"count":2,"href":"https:\/\/www.evess.se\/no\/wp-json\/wp\/v2\/pages\/856\/revisions"}],"predecessor-version":[{"id":13984,"href":"https:\/\/www.evess.se\/no\/wp-json\/wp\/v2\/pages\/856\/revisions\/13984"}],"wp:attachment":[{"href":"https:\/\/www.evess.se\/no\/wp-json\/wp\/v2\/media?parent=856"}],"curies":[{"name":"wp","href":"https:\/\/api.w.org\/{rel}","templated":true}]}}