{"id":385,"date":"2023-11-02T21:49:59","date_gmt":"2023-11-02T21:49:59","guid":{"rendered":"https:\/\/www.evess.se\/om-oss\/"},"modified":"2024-07-05T12:56:16","modified_gmt":"2024-07-05T12:56:16","slug":"om-oss","status":"publish","type":"page","link":"https:\/\/www.evess.se\/no\/om-oss\/","title":{"rendered":"Om oss"},"content":{"rendered":"\n<div class=\"wp-block-columns is-layout-flex wp-container-core-columns-is-layout-9d6595d7 wp-block-columns-is-layout-flex\">\n<div class=\"wp-block-column is-layout-flow wp-block-column-is-layout-flow\">\n<figure class=\"wp-block-image size-full\"><img loading=\"lazy\" decoding=\"async\" width=\"1200\" height=\"857\" src=\"https:\/\/www.evess.se\/wp-content\/uploads\/2024\/05\/August-Wangberg-4351-Redigera-2.jpg\" alt=\"\" class=\"wp-image-13913\" srcset=\"https:\/\/www.evess.se\/wp-content\/uploads\/2024\/05\/August-Wangberg-4351-Redigera-2.jpg 1200w, https:\/\/www.evess.se\/wp-content\/uploads\/2024\/05\/August-Wangberg-4351-Redigera-2-500x357.jpg 500w, https:\/\/www.evess.se\/wp-content\/uploads\/2024\/05\/August-Wangberg-4351-Redigera-2-1024x731.jpg 1024w, https:\/\/www.evess.se\/wp-content\/uploads\/2024\/05\/August-Wangberg-4351-Redigera-2-768x548.jpg 768w, https:\/\/www.evess.se\/wp-content\/uploads\/2024\/05\/August-Wangberg-4351-Redigera-2-300x214.jpg 300w, https:\/\/www.evess.se\/wp-content\/uploads\/2024\/05\/August-Wangberg-4351-Redigera-2-60x43.jpg 60w, https:\/\/www.evess.se\/wp-content\/uploads\/2024\/05\/August-Wangberg-4351-Redigera-2-110x79.jpg 110w, https:\/\/www.evess.se\/wp-content\/uploads\/2024\/05\/August-Wangberg-4351-Redigera-2-600x429.jpg 600w\" sizes=\"auto, (max-width: 1200px) 100vw, 1200px\" \/><\/figure>\n<\/div>\n\n\n\n<div class=\"wp-block-column is-layout-flow wp-block-column-is-layout-flow\">\n<h2 class=\"wp-block-heading\">august<\/h2>\n\n\n\n<blockquote class=\"wp-block-quote is-layout-flow wp-block-quote-is-layout-flow\">\n<p><\/p>\n<cite>Jeg har alltid v\u00e6rt fascinert av seilb\u00e5tenes utrolige fremgang av vindens krefter &#8211; uten drivstoff og i fullstendig stillhet og fred. Da jeg kj\u00f8rte min f\u00f8rste el-moped, ble jeg tiltrukket av tanken p\u00e5 hvorfor man ikke kan f\u00e5 den samme f\u00f8lelsen i byen &#8211; og jeg \u00f8nsker \u00e5 gi flere muligheten til \u00e5 kj\u00f8pe en el-moped.<\/cite><\/blockquote>\n<\/div>\n<\/div>\n\n<div class=\"wp-block-columns is-layout-flex wp-container-core-columns-is-layout-9d6595d7 wp-block-columns-is-layout-flex\">\n<div class=\"wp-block-column is-layout-flow wp-block-column-is-layout-flow\">\n<h2 class=\"wp-block-heading\">Gustaf<\/h2>\n\n\n\n<blockquote class=\"wp-block-quote is-layout-flow wp-block-quote-is-layout-flow\">\n<p><\/p>\n<cite>Som ingeni\u00f8r har jeg alltid v\u00e6rt interessert i motorer og tror og h\u00e5per at elektriske motorer er fremtiden \u00e5 investere i. Jeg synes elektriske mopeder er spesielt bra fordi de er et viktig og b\u00e6rekraftig supplement til det sv\u00e6rt overbelastede kollektivtransportsystemet.<\/cite><\/blockquote>\n<\/div>\n\n\n\n<div class=\"wp-block-column is-layout-flow wp-block-column-is-layout-flow\">\n<figure class=\"wp-block-image size-full\"><img loading=\"lazy\" decoding=\"async\" width=\"1200\" height=\"857\" src=\"https:\/\/www.evess.se\/wp-content\/uploads\/2024\/05\/Gustaf.jpg\" alt=\"\" class=\"wp-image-13918\" srcset=\"https:\/\/www.evess.se\/wp-content\/uploads\/2024\/05\/Gustaf.jpg 1200w, https:\/\/www.evess.se\/wp-content\/uploads\/2024\/05\/Gustaf-500x357.jpg 500w, https:\/\/www.evess.se\/wp-content\/uploads\/2024\/05\/Gustaf-1024x731.jpg 1024w, https:\/\/www.evess.se\/wp-content\/uploads\/2024\/05\/Gustaf-768x548.jpg 768w, https:\/\/www.evess.se\/wp-content\/uploads\/2024\/05\/Gustaf-300x214.jpg 300w, https:\/\/www.evess.se\/wp-content\/uploads\/2024\/05\/Gustaf-60x43.jpg 60w, https:\/\/www.evess.se\/wp-content\/uploads\/2024\/05\/Gustaf-110x79.jpg 110w, https:\/\/www.evess.se\/wp-content\/uploads\/2024\/05\/Gustaf-600x429.jpg 600w\" sizes=\"auto, (max-width: 1200px) 100vw, 1200px\" \/><\/figure>\n<\/div>\n<\/div>\n\n<h2 class=\"wp-block-heading\">Evess<\/h2>\n\n<p>Ideen om et mer klimasmart samfunn f\u00f8rte til Evess. Vi \u00f8nsker \u00e5 gj\u00f8re det enklere \u00e5 velge klimasmarte alternativer til pendling. Vi er byboere som liker naturen like godt som byen, fremfor alt \u00f8nsker vi \u00e5 gj\u00f8re det mulig for flere \u00e5 bidra til \u00e5 bringe verdens klima tilbake til det det en gang var \u2013 f\u00f8r industrialiseringen. Vi mener at en ny industrialisering i form av \u00e5 endre kj\u00f8ret\u00f8y og industriutslipp til utslippsfrie produkter er et must. Nye studier viser at dette er mulig ved \u00e5 delvis plante tr\u00e6r som kan lagre nesten all karbondioksid i atmosf\u00e6ren og ved \u00e5 redusere utslipp. Vi planter derfor et tre for hvert kj\u00f8ret\u00f8y vi selger. \u00c5 kj\u00f8re elektriske kj\u00f8ret\u00f8y er ogs\u00e5 mye bedre \u2013 mindre st\u00f8y og en mye bedre kj\u00f8reopplevelse.<\/p>\n","protected":false},"excerpt":{"rendered":"<p>august Gustaf Evess Ideen om et mer klimasmart samfunn f\u00f8rte til Evess. Vi \u00f8nsker \u00e5 gj\u00f8re det enklere \u00e5 velge klimasmarte alternativer til pendling. Vi er byboere som liker naturen like godt som byen, fremfor alt \u00f8nsker vi \u00e5 gj\u00f8re det mulig for flere \u00e5 bidra til \u00e5 bringe verdens klima tilbake til det det [&hellip;]<\/p>\n","protected":false},"author":1,"featured_media":0,"parent":0,"menu_order":0,"comment_status":"closed","ping_status":"closed","template":"","meta":{"_acf_changed":false,"footnotes":""},"class_list":["post-385","page","type-page","status-publish","hentry"],"acf":[],"yoast_head":"<!-- This site is optimized with the Yoast SEO plugin v27.5 - https:\/\/yoast.com\/product\/yoast-seo-wordpress\/ -->\n<title>Om oss - Evess<\/title>\n<meta name=\"robots\" content=\"index, follow, max-snippet:-1, max-image-preview:large, max-video-preview:-1\" \/>\n<link rel=\"canonical\" href=\"https:\/\/www.evess.se\/no\/om-oss\/\" \/>\n<meta property=\"og:locale\" content=\"nb_NO\" \/>\n<meta property=\"og:type\" content=\"article\" \/>\n<meta property=\"og:title\" content=\"Om oss - Evess\" \/>\n<meta property=\"og:description\" content=\"august Gustaf Evess Ideen om et mer klimasmart samfunn f\u00f8rte til Evess. Vi \u00f8nsker \u00e5 gj\u00f8re det enklere \u00e5 velge klimasmarte alternativer til pendling. Vi er byboere som liker naturen like godt som byen, fremfor alt \u00f8nsker vi \u00e5 gj\u00f8re det mulig for flere \u00e5 bidra til \u00e5 bringe verdens klima tilbake til det det [&hellip;]\" \/>\n<meta property=\"og:url\" content=\"https:\/\/www.evess.se\/no\/om-oss\/\" \/>\n<meta property=\"og:site_name\" content=\"Evess\" \/>\n<meta property=\"article:publisher\" content=\"https:\/\/www.facebook.com\/evessmoped\" \/>\n<meta property=\"article:modified_time\" content=\"2024-07-05T12:56:16+00:00\" \/>\n<meta property=\"og:image\" content=\"https:\/\/www.evess.se\/wp-content\/uploads\/2024\/05\/August-Wangberg-4351-Redigera-2.jpg\" \/>\n<meta name=\"twitter:card\" content=\"summary_large_image\" \/>\n<meta name=\"twitter:label1\" content=\"Ansl. lesetid\" \/>\n\t<meta name=\"twitter:data1\" content=\"1 minutt\" \/>\n<script type=\"application\/ld+json\" class=\"yoast-schema-graph\">{\"@context\":\"https:\\\/\\\/schema.org\",\"@graph\":[{\"@type\":\"WebPage\",\"@id\":\"https:\\\/\\\/www.evess.se\\\/no\\\/om-oss\\\/\",\"url\":\"https:\\\/\\\/www.evess.se\\\/no\\\/om-oss\\\/\",\"name\":\"Om oss - Evess\",\"isPartOf\":{\"@id\":\"https:\\\/\\\/www.evess.se\\\/no\\\/#website\"},\"primaryImageOfPage\":{\"@id\":\"https:\\\/\\\/www.evess.se\\\/no\\\/om-oss\\\/#primaryimage\"},\"image\":{\"@id\":\"https:\\\/\\\/www.evess.se\\\/no\\\/om-oss\\\/#primaryimage\"},\"thumbnailUrl\":\"https:\\\/\\\/www.evess.se\\\/wp-content\\\/uploads\\\/2024\\\/05\\\/August-Wangberg-4351-Redigera-2.jpg\",\"datePublished\":\"2023-11-02T21:49:59+00:00\",\"dateModified\":\"2024-07-05T12:56:16+00:00\",\"breadcrumb\":{\"@id\":\"https:\\\/\\\/www.evess.se\\\/no\\\/om-oss\\\/#breadcrumb\"},\"inLanguage\":\"nb-NO\",\"potentialAction\":[{\"@type\":\"ReadAction\",\"target\":[\"https:\\\/\\\/www.evess.se\\\/no\\\/om-oss\\\/\"]}]},{\"@type\":\"ImageObject\",\"inLanguage\":\"nb-NO\",\"@id\":\"https:\\\/\\\/www.evess.se\\\/no\\\/om-oss\\\/#primaryimage\",\"url\":\"https:\\\/\\\/www.evess.se\\\/wp-content\\\/uploads\\\/2024\\\/05\\\/August-Wangberg-4351-Redigera-2.jpg\",\"contentUrl\":\"https:\\\/\\\/www.evess.se\\\/wp-content\\\/uploads\\\/2024\\\/05\\\/August-Wangberg-4351-Redigera-2.jpg\"},{\"@type\":\"BreadcrumbList\",\"@id\":\"https:\\\/\\\/www.evess.se\\\/no\\\/om-oss\\\/#breadcrumb\",\"itemListElement\":[{\"@type\":\"ListItem\",\"position\":1,\"name\":\"Hem\",\"item\":\"https:\\\/\\\/www.evess.se\\\/no\\\/\"},{\"@type\":\"ListItem\",\"position\":2,\"name\":\"Om oss\"}]},{\"@type\":\"WebSite\",\"@id\":\"https:\\\/\\\/www.evess.se\\\/no\\\/#website\",\"url\":\"https:\\\/\\\/www.evess.se\\\/no\\\/\",\"name\":\"Evess\",\"description\":\"Elmopeder f\u00f6r ett milj\u00f6smart samh\u00e4lle\",\"publisher\":{\"@id\":\"https:\\\/\\\/www.evess.se\\\/no\\\/#organization\"},\"potentialAction\":[{\"@type\":\"SearchAction\",\"target\":{\"@type\":\"EntryPoint\",\"urlTemplate\":\"https:\\\/\\\/www.evess.se\\\/no\\\/?s={search_term_string}\"},\"query-input\":{\"@type\":\"PropertyValueSpecification\",\"valueRequired\":true,\"valueName\":\"search_term_string\"}}],\"inLanguage\":\"nb-NO\"},{\"@type\":\"Organization\",\"@id\":\"https:\\\/\\\/www.evess.se\\\/no\\\/#organization\",\"name\":\"Evess\",\"url\":\"https:\\\/\\\/www.evess.se\\\/no\\\/\",\"logo\":{\"@type\":\"ImageObject\",\"inLanguage\":\"nb-NO\",\"@id\":\"https:\\\/\\\/www.evess.se\\\/no\\\/#\\\/schema\\\/logo\\\/image\\\/\",\"url\":\"https:\\\/\\\/www.evess.se\\\/wp-content\\\/uploads\\\/2023\\\/11\\\/evess-logo-black.png\",\"contentUrl\":\"https:\\\/\\\/www.evess.se\\\/wp-content\\\/uploads\\\/2023\\\/11\\\/evess-logo-black.png\",\"width\":1417,\"height\":312,\"caption\":\"Evess\"},\"image\":{\"@id\":\"https:\\\/\\\/www.evess.se\\\/no\\\/#\\\/schema\\\/logo\\\/image\\\/\"},\"sameAs\":[\"https:\\\/\\\/www.facebook.com\\\/evessmoped\"]}]}<\/script>\n<!-- \/ Yoast SEO plugin. -->","yoast_head_json":{"title":"Om oss - Evess","robots":{"index":"index","follow":"follow","max-snippet":"max-snippet:-1","max-image-preview":"max-image-preview:large","max-video-preview":"max-video-preview:-1"},"canonical":"https:\/\/www.evess.se\/no\/om-oss\/","og_locale":"nb_NO","og_type":"article","og_title":"Om oss - Evess","og_description":"august Gustaf Evess Ideen om et mer klimasmart samfunn f\u00f8rte til Evess. Vi \u00f8nsker \u00e5 gj\u00f8re det enklere \u00e5 velge klimasmarte alternativer til pendling. Vi er byboere som liker naturen like godt som byen, fremfor alt \u00f8nsker vi \u00e5 gj\u00f8re det mulig for flere \u00e5 bidra til \u00e5 bringe verdens klima tilbake til det det [&hellip;]","og_url":"https:\/\/www.evess.se\/no\/om-oss\/","og_site_name":"Evess","article_publisher":"https:\/\/www.facebook.com\/evessmoped","article_modified_time":"2024-07-05T12:56:16+00:00","og_image":[{"url":"https:\/\/www.evess.se\/wp-content\/uploads\/2024\/05\/August-Wangberg-4351-Redigera-2.jpg","type":"","width":"","height":""}],"twitter_card":"summary_large_image","twitter_misc":{"Ansl. lesetid":"1 minutt"},"schema":{"@context":"https:\/\/schema.org","@graph":[{"@type":"WebPage","@id":"https:\/\/www.evess.se\/no\/om-oss\/","url":"https:\/\/www.evess.se\/no\/om-oss\/","name":"Om oss - Evess","isPartOf":{"@id":"https:\/\/www.evess.se\/no\/#website"},"primaryImageOfPage":{"@id":"https:\/\/www.evess.se\/no\/om-oss\/#primaryimage"},"image":{"@id":"https:\/\/www.evess.se\/no\/om-oss\/#primaryimage"},"thumbnailUrl":"https:\/\/www.evess.se\/wp-content\/uploads\/2024\/05\/August-Wangberg-4351-Redigera-2.jpg","datePublished":"2023-11-02T21:49:59+00:00","dateModified":"2024-07-05T12:56:16+00:00","breadcrumb":{"@id":"https:\/\/www.evess.se\/no\/om-oss\/#breadcrumb"},"inLanguage":"nb-NO","potentialAction":[{"@type":"ReadAction","target":["https:\/\/www.evess.se\/no\/om-oss\/"]}]},{"@type":"ImageObject","inLanguage":"nb-NO","@id":"https:\/\/www.evess.se\/no\/om-oss\/#primaryimage","url":"https:\/\/www.evess.se\/wp-content\/uploads\/2024\/05\/August-Wangberg-4351-Redigera-2.jpg","contentUrl":"https:\/\/www.evess.se\/wp-content\/uploads\/2024\/05\/August-Wangberg-4351-Redigera-2.jpg"},{"@type":"BreadcrumbList","@id":"https:\/\/www.evess.se\/no\/om-oss\/#breadcrumb","itemListElement":[{"@type":"ListItem","position":1,"name":"Hem","item":"https:\/\/www.evess.se\/no\/"},{"@type":"ListItem","position":2,"name":"Om oss"}]},{"@type":"WebSite","@id":"https:\/\/www.evess.se\/no\/#website","url":"https:\/\/www.evess.se\/no\/","name":"Evess","description":"Elmopeder f\u00f6r ett milj\u00f6smart samh\u00e4lle","publisher":{"@id":"https:\/\/www.evess.se\/no\/#organization"},"potentialAction":[{"@type":"SearchAction","target":{"@type":"EntryPoint","urlTemplate":"https:\/\/www.evess.se\/no\/?s={search_term_string}"},"query-input":{"@type":"PropertyValueSpecification","valueRequired":true,"valueName":"search_term_string"}}],"inLanguage":"nb-NO"},{"@type":"Organization","@id":"https:\/\/www.evess.se\/no\/#organization","name":"Evess","url":"https:\/\/www.evess.se\/no\/","logo":{"@type":"ImageObject","inLanguage":"nb-NO","@id":"https:\/\/www.evess.se\/no\/#\/schema\/logo\/image\/","url":"https:\/\/www.evess.se\/wp-content\/uploads\/2023\/11\/evess-logo-black.png","contentUrl":"https:\/\/www.evess.se\/wp-content\/uploads\/2023\/11\/evess-logo-black.png","width":1417,"height":312,"caption":"Evess"},"image":{"@id":"https:\/\/www.evess.se\/no\/#\/schema\/logo\/image\/"},"sameAs":["https:\/\/www.facebook.com\/evessmoped"]}]}},"_links":{"self":[{"href":"https:\/\/www.evess.se\/no\/wp-json\/wp\/v2\/pages\/385","targetHints":{"allow":["GET"]}}],"collection":[{"href":"https:\/\/www.evess.se\/no\/wp-json\/wp\/v2\/pages"}],"about":[{"href":"https:\/\/www.evess.se\/no\/wp-json\/wp\/v2\/types\/page"}],"author":[{"embeddable":true,"href":"https:\/\/www.evess.se\/no\/wp-json\/wp\/v2\/users\/1"}],"replies":[{"embeddable":true,"href":"https:\/\/www.evess.se\/no\/wp-json\/wp\/v2\/comments?post=385"}],"version-history":[{"count":3,"href":"https:\/\/www.evess.se\/no\/wp-json\/wp\/v2\/pages\/385\/revisions"}],"predecessor-version":[{"id":13921,"href":"https:\/\/www.evess.se\/no\/wp-json\/wp\/v2\/pages\/385\/revisions\/13921"}],"wp:attachment":[{"href":"https:\/\/www.evess.se\/no\/wp-json\/wp\/v2\/media?parent=385"}],"curies":[{"name":"wp","href":"https:\/\/api.w.org\/{rel}","templated":true}]}}