{"id":13166,"date":"2023-11-28T12:01:26","date_gmt":"2023-11-28T12:01:26","guid":{"rendered":"https:\/\/www.evess.se\/forhandlere-og-verksteder\/"},"modified":"2023-12-20T19:57:50","modified_gmt":"2023-12-20T19:57:50","slug":"forhandlere-og-verksteder","status":"publish","type":"page","link":"https:\/\/www.evess.se\/no\/forhandlere-og-verksteder\/","title":{"rendered":"Forhandlere og verksteder"},"content":{"rendered":"\n<h2 class=\"wp-block-heading\" style=\"font-size:26px\">Finn din n\u00e6rmeste forhandler og verksted for Evess elmopeder<\/h2>\n\n<p>Oppdag v\u00e5rt nettverk av forhandlere og verksteder, n\u00f8ye utvalgt for \u00e5 tilby deg den beste servicen for Evess elektriske scootere. V\u00e5re samarbeidspartnere er lokalisert over hele landet, i byer som Stockholm, G\u00f8teborg og Malm\u00f6. De tilbyr v\u00e5rt omfattende utvalg av elektriske scootere og tilbeh\u00f8r, mens v\u00e5re verksteder tilbyr ekspertservice og vedlikehold.<\/p>\n\n<h3 class=\"wp-block-heading\" style=\"font-size:22px\">Bestill en pr\u00f8vetur!<\/h3>\n\n<p>Flere av v\u00e5re samarbeidspartnere tilbyr ogs\u00e5 muligheten til \u00e5 pr\u00f8vekj\u00f8re el-moped Evess . P\u00e5 denne m\u00e5ten kan du oppleve kvaliteten og kj\u00f8regleden med v\u00e5re elektriske mopeder allerede f\u00f8r kj\u00f8p. Bruk v\u00e5rt interaktive kart nedenfor for \u00e5 finne en forhandler eller verksted n\u00e6r deg. Oppdag tjenestene og mulighetene som er tilgjengelige.<\/p>\n\n<p><\/p>\n\n<style>\r\n\t#wpsl-stores .wpsl-store-thumb {height:45px !important; width:45px !important;}\r\n\t#wpsl-stores, #wpsl-direction-details, #wpsl-gmap {height:600px !important;}\r\n\t#wpsl-gmap .wpsl-info-window {max-width:225px !important;}\r\n\t.wpsl-input label, #wpsl-radius label, #wpsl-category label {width:75px;}\r\n\t#wpsl-search-input  {width:150px;}\r\n<\/style>\r\n<div id=\"wpsl-wrap\">\r\n\t<div class=\"wpsl-search wpsl-clearfix wpsl-checkboxes-enabled\">\r\n\t\t<div id=\"wpsl-search-wrap\">\r\n\t\t\t<form autocomplete=\"off\">\r\n\t\t\t<div class=\"wpsl-input\">\r\n\t\t\t\t<div><label for=\"wpsl-search-input\">Your location<\/label><\/div>\r\n\t\t\t\t<input id=\"wpsl-search-input\" type=\"text\" value=\"\" name=\"wpsl-search-input\" placeholder=\"\" aria-required=\"true\" \/>\r\n\t\t\t<\/div>\r\n\t\t\t\t<div class=\"wpsl-search-btn-wrap\"><input id=\"wpsl-search-btn\" type=\"submit\" value=\"Search\"><\/div>\r\n\t\t<\/form>\r\n\t\t<\/div>\r\n\t<\/div>\r\n\t<div id=\"wpsl-gmap\" class=\"wpsl-gmap-canvas\"><\/div>\r\n\t<div id=\"wpsl-result-list\">\r\n\t\t<div id=\"wpsl-stores\" >\r\n\t\t\t<ul><\/ul>\r\n\t\t<\/div>\r\n\t\t<div id=\"wpsl-direction-details\">\r\n\t\t\t<ul><\/ul>\r\n\t\t<\/div>\r\n\t<\/div>\r\n<\/div>\r\n\n\n<p><\/p>\n\n<h2 class=\"wp-block-heading\" style=\"font-size:26px\">Evess &#8211; N\u00e6rmere enn du tror<\/h2>\n\n<p>Ser du etter en el-moped av topp kvalitet? Evess elektriske mopeder er n\u00e5 n\u00e6rmere enn noen gang! I tillegg til \u00e5 kunne <a href=\"https:\/\/www.evess.se\/no\/produkt\/elektrisk-moped-klasse-1\/evess-elektrisk-moped\/\">kj\u00f8pe v\u00e5r el-moped p\u00e5 nett,<\/a> kan du ogs\u00e5 ved hjelp av v\u00e5rt interaktive kart enkelt finne en autorisert forhandler eller sertifisert verksted i ditt omr\u00e5de. Enten du er i Stockholm, G\u00f8teborg, Malm\u00f6 eller andre steder i Sverige, er det en Evess partner som venter p\u00e5 \u00e5 hjelpe deg.<\/p>\n\n<h3 class=\"wp-block-heading\" style=\"font-size:22px\">Pr\u00f8vekj\u00f8ring hos v\u00e5re forhandlere<\/h3>\n\n<p>F\u00f8r du bestemmer deg, hvorfor ikke pr\u00f8vekj\u00f8re en Evess el-moped ? Mange av v\u00e5re forhandlere tilbyr pr\u00f8vekj\u00f8ring, slik at du personlig kan oppleve kvaliteten og kj\u00f8regleden som v\u00e5re elmopeder tilbyr. Det er den perfekte m\u00e5ten \u00e5 f\u00f8le friheten og smidigheten som f\u00f8lger med en el-moped Evess . Bare ring eller send e-post til en av v\u00e5re forhandlere ovenfor og bestill time for en pr\u00f8vetur.<\/p>\n\n<h3 class=\"wp-block-heading\" style=\"font-size:22px\">Ekspert service og kvalitetsvedlikehold<\/h3>\n\n<p>V\u00e5re dedikerte Evess verksteder er utstyrt for \u00e5 tilby deg service og vedlikehold. V\u00e5re kunnskapsrike teknikere bruker kun originaldeler og tilbeh\u00f8r direkte fra oss. Dette for \u00e5 sikre at din el-moped alltid fungerer som den skal. Uansett behov \u2013 fra vanlig vedlikehold til mer spesifikke reparasjoner \u2013 har vi kompetansen og erfaringen til \u00e5 gi deg best mulig service.<\/p>\n\n<h2 class=\"wp-block-heading\" style=\"font-size:26px\">Bli en del av Evess -familien<\/h2>\n\n<p>Ved \u00e5 velge en Evess el-moped blir du ikke bare eier av en toppmoderne el-moped , du blir ogs\u00e5 en del av et voksende fellesskap av milj\u00f8bevisste f\u00f8rere. Bes\u00f8k en av v\u00e5re forhandlere i dag og ta steget mot en mer b\u00e6rekraftig og forn\u00f8yelig fremtid med Evess . Vi ser frem til \u00e5 \u00f8nske deg velkommen!<\/p>\n","protected":false},"excerpt":{"rendered":"<p>Finn din n\u00e6rmeste forhandler og verksted for Evess elmopeder Oppdag v\u00e5rt nettverk av forhandlere og verksteder, n\u00f8ye utvalgt for \u00e5 tilby deg den beste servicen for Evess elektriske scootere. V\u00e5re samarbeidspartnere er lokalisert over hele landet, i byer som Stockholm, G\u00f8teborg og Malm\u00f6. De tilbyr v\u00e5rt omfattende utvalg av elektriske scootere og tilbeh\u00f8r, mens v\u00e5re [&hellip;]<\/p>\n","protected":false},"author":5,"featured_media":13638,"parent":0,"menu_order":0,"comment_status":"closed","ping_status":"closed","template":"","meta":{"_acf_changed":false,"footnotes":""},"class_list":["post-13166","page","type-page","status-publish","has-post-thumbnail","hentry"],"acf":[],"yoast_head":"<!-- This site is optimized with the Yoast SEO plugin v27.5 - https:\/\/yoast.com\/product\/yoast-seo-wordpress\/ -->\n<title>Finn en forhandler eller verksted for Evess elektriske mopeder<\/title>\n<meta name=\"description\" content=\"Du finner forhandlere og verksteder for Evess elektriske mopeder over hele Sverige. Pr\u00f8vekj\u00f8r v\u00e5r el-moped i Stockholm, G\u00f8teborg og Malm\u00f6.\" \/>\n<meta name=\"robots\" content=\"index, follow, max-snippet:-1, max-image-preview:large, max-video-preview:-1\" \/>\n<link rel=\"canonical\" href=\"https:\/\/www.evess.se\/no\/forhandlere-og-verksteder\/\" \/>\n<meta property=\"og:locale\" content=\"nb_NO\" \/>\n<meta property=\"og:type\" content=\"article\" \/>\n<meta property=\"og:title\" content=\"Finn en forhandler eller verksted for Evess elektriske mopeder\" \/>\n<meta property=\"og:description\" content=\"Du finner forhandlere og verksteder for Evess elektriske mopeder over hele Sverige. Pr\u00f8vekj\u00f8r v\u00e5r el-moped i Stockholm, G\u00f8teborg og Malm\u00f6.\" \/>\n<meta property=\"og:url\" content=\"https:\/\/www.evess.se\/no\/forhandlere-og-verksteder\/\" \/>\n<meta property=\"og:site_name\" content=\"Evess\" \/>\n<meta property=\"article:publisher\" content=\"https:\/\/www.facebook.com\/evessmoped\" \/>\n<meta property=\"article:modified_time\" content=\"2023-12-20T19:57:50+00:00\" \/>\n<meta property=\"og:image\" content=\"https:\/\/www.evess.se\/wp-content\/uploads\/2023\/12\/evess-aterforsaljare-verstad-sverige.png\" \/>\n\t<meta property=\"og:image:width\" content=\"782\" \/>\n\t<meta property=\"og:image:height\" content=\"590\" \/>\n\t<meta property=\"og:image:type\" content=\"image\/png\" \/>\n<meta name=\"twitter:card\" content=\"summary_large_image\" \/>\n<meta name=\"twitter:label1\" content=\"Ansl. lesetid\" \/>\n\t<meta name=\"twitter:data1\" content=\"2 minutter\" \/>\n<script type=\"application\/ld+json\" class=\"yoast-schema-graph\">{\"@context\":\"https:\\\/\\\/schema.org\",\"@graph\":[{\"@type\":\"WebPage\",\"@id\":\"https:\\\/\\\/www.evess.se\\\/no\\\/forhandlere-og-verksteder\\\/\",\"url\":\"https:\\\/\\\/www.evess.se\\\/no\\\/forhandlere-og-verksteder\\\/\",\"name\":\"Finn en forhandler eller verksted for Evess elektriske mopeder\",\"isPartOf\":{\"@id\":\"https:\\\/\\\/www.evess.se\\\/no\\\/#website\"},\"primaryImageOfPage\":{\"@id\":\"https:\\\/\\\/www.evess.se\\\/no\\\/forhandlere-og-verksteder\\\/#primaryimage\"},\"image\":{\"@id\":\"https:\\\/\\\/www.evess.se\\\/no\\\/forhandlere-og-verksteder\\\/#primaryimage\"},\"thumbnailUrl\":\"https:\\\/\\\/www.evess.se\\\/wp-content\\\/uploads\\\/2023\\\/12\\\/evess-aterforsaljare-verstad-sverige.png\",\"datePublished\":\"2023-11-28T12:01:26+00:00\",\"dateModified\":\"2023-12-20T19:57:50+00:00\",\"description\":\"Du finner forhandlere og verksteder for Evess elektriske mopeder over hele Sverige. Pr\u00f8vekj\u00f8r v\u00e5r el-moped i Stockholm, G\u00f8teborg og Malm\u00f6.\",\"breadcrumb\":{\"@id\":\"https:\\\/\\\/www.evess.se\\\/no\\\/forhandlere-og-verksteder\\\/#breadcrumb\"},\"inLanguage\":\"nb-NO\",\"potentialAction\":[{\"@type\":\"ReadAction\",\"target\":[\"https:\\\/\\\/www.evess.se\\\/no\\\/forhandlere-og-verksteder\\\/\"]}]},{\"@type\":\"ImageObject\",\"inLanguage\":\"nb-NO\",\"@id\":\"https:\\\/\\\/www.evess.se\\\/no\\\/forhandlere-og-verksteder\\\/#primaryimage\",\"url\":\"https:\\\/\\\/www.evess.se\\\/wp-content\\\/uploads\\\/2023\\\/12\\\/evess-aterforsaljare-verstad-sverige.png\",\"contentUrl\":\"https:\\\/\\\/www.evess.se\\\/wp-content\\\/uploads\\\/2023\\\/12\\\/evess-aterforsaljare-verstad-sverige.png\",\"width\":782,\"height\":590,\"caption\":\"Karta \u00f6ver \u00e5terf\u00f6rs\u00e4ljare och verst\u00e4der f\u00f6r Evess elmopeder i Svierge\"},{\"@type\":\"BreadcrumbList\",\"@id\":\"https:\\\/\\\/www.evess.se\\\/no\\\/forhandlere-og-verksteder\\\/#breadcrumb\",\"itemListElement\":[{\"@type\":\"ListItem\",\"position\":1,\"name\":\"Hem\",\"item\":\"https:\\\/\\\/www.evess.se\\\/no\\\/\"},{\"@type\":\"ListItem\",\"position\":2,\"name\":\"Forhandlere og verksteder\"}]},{\"@type\":\"WebSite\",\"@id\":\"https:\\\/\\\/www.evess.se\\\/no\\\/#website\",\"url\":\"https:\\\/\\\/www.evess.se\\\/no\\\/\",\"name\":\"Evess\",\"description\":\"Elmopeder f\u00f6r ett milj\u00f6smart samh\u00e4lle\",\"publisher\":{\"@id\":\"https:\\\/\\\/www.evess.se\\\/no\\\/#organization\"},\"potentialAction\":[{\"@type\":\"SearchAction\",\"target\":{\"@type\":\"EntryPoint\",\"urlTemplate\":\"https:\\\/\\\/www.evess.se\\\/no\\\/?s={search_term_string}\"},\"query-input\":{\"@type\":\"PropertyValueSpecification\",\"valueRequired\":true,\"valueName\":\"search_term_string\"}}],\"inLanguage\":\"nb-NO\"},{\"@type\":\"Organization\",\"@id\":\"https:\\\/\\\/www.evess.se\\\/no\\\/#organization\",\"name\":\"Evess\",\"url\":\"https:\\\/\\\/www.evess.se\\\/no\\\/\",\"logo\":{\"@type\":\"ImageObject\",\"inLanguage\":\"nb-NO\",\"@id\":\"https:\\\/\\\/www.evess.se\\\/no\\\/#\\\/schema\\\/logo\\\/image\\\/\",\"url\":\"https:\\\/\\\/www.evess.se\\\/wp-content\\\/uploads\\\/2023\\\/11\\\/evess-logo-black.png\",\"contentUrl\":\"https:\\\/\\\/www.evess.se\\\/wp-content\\\/uploads\\\/2023\\\/11\\\/evess-logo-black.png\",\"width\":1417,\"height\":312,\"caption\":\"Evess\"},\"image\":{\"@id\":\"https:\\\/\\\/www.evess.se\\\/no\\\/#\\\/schema\\\/logo\\\/image\\\/\"},\"sameAs\":[\"https:\\\/\\\/www.facebook.com\\\/evessmoped\"]}]}<\/script>\n<!-- \/ Yoast SEO plugin. -->","yoast_head_json":{"title":"Finn en forhandler eller verksted for Evess elektriske mopeder","description":"Du finner forhandlere og verksteder for Evess elektriske mopeder over hele Sverige. Pr\u00f8vekj\u00f8r v\u00e5r el-moped i Stockholm, G\u00f8teborg og Malm\u00f6.","robots":{"index":"index","follow":"follow","max-snippet":"max-snippet:-1","max-image-preview":"max-image-preview:large","max-video-preview":"max-video-preview:-1"},"canonical":"https:\/\/www.evess.se\/no\/forhandlere-og-verksteder\/","og_locale":"nb_NO","og_type":"article","og_title":"Finn en forhandler eller verksted for Evess elektriske mopeder","og_description":"Du finner forhandlere og verksteder for Evess elektriske mopeder over hele Sverige. Pr\u00f8vekj\u00f8r v\u00e5r el-moped i Stockholm, G\u00f8teborg og Malm\u00f6.","og_url":"https:\/\/www.evess.se\/no\/forhandlere-og-verksteder\/","og_site_name":"Evess","article_publisher":"https:\/\/www.facebook.com\/evessmoped","article_modified_time":"2023-12-20T19:57:50+00:00","og_image":[{"width":782,"height":590,"url":"https:\/\/www.evess.se\/wp-content\/uploads\/2023\/12\/evess-aterforsaljare-verstad-sverige.png","type":"image\/png"}],"twitter_card":"summary_large_image","twitter_misc":{"Ansl. lesetid":"2 minutter"},"schema":{"@context":"https:\/\/schema.org","@graph":[{"@type":"WebPage","@id":"https:\/\/www.evess.se\/no\/forhandlere-og-verksteder\/","url":"https:\/\/www.evess.se\/no\/forhandlere-og-verksteder\/","name":"Finn en forhandler eller verksted for Evess elektriske mopeder","isPartOf":{"@id":"https:\/\/www.evess.se\/no\/#website"},"primaryImageOfPage":{"@id":"https:\/\/www.evess.se\/no\/forhandlere-og-verksteder\/#primaryimage"},"image":{"@id":"https:\/\/www.evess.se\/no\/forhandlere-og-verksteder\/#primaryimage"},"thumbnailUrl":"https:\/\/www.evess.se\/wp-content\/uploads\/2023\/12\/evess-aterforsaljare-verstad-sverige.png","datePublished":"2023-11-28T12:01:26+00:00","dateModified":"2023-12-20T19:57:50+00:00","description":"Du finner forhandlere og verksteder for Evess elektriske mopeder over hele Sverige. Pr\u00f8vekj\u00f8r v\u00e5r el-moped i Stockholm, G\u00f8teborg og Malm\u00f6.","breadcrumb":{"@id":"https:\/\/www.evess.se\/no\/forhandlere-og-verksteder\/#breadcrumb"},"inLanguage":"nb-NO","potentialAction":[{"@type":"ReadAction","target":["https:\/\/www.evess.se\/no\/forhandlere-og-verksteder\/"]}]},{"@type":"ImageObject","inLanguage":"nb-NO","@id":"https:\/\/www.evess.se\/no\/forhandlere-og-verksteder\/#primaryimage","url":"https:\/\/www.evess.se\/wp-content\/uploads\/2023\/12\/evess-aterforsaljare-verstad-sverige.png","contentUrl":"https:\/\/www.evess.se\/wp-content\/uploads\/2023\/12\/evess-aterforsaljare-verstad-sverige.png","width":782,"height":590,"caption":"Karta \u00f6ver \u00e5terf\u00f6rs\u00e4ljare och verst\u00e4der f\u00f6r Evess elmopeder i Svierge"},{"@type":"BreadcrumbList","@id":"https:\/\/www.evess.se\/no\/forhandlere-og-verksteder\/#breadcrumb","itemListElement":[{"@type":"ListItem","position":1,"name":"Hem","item":"https:\/\/www.evess.se\/no\/"},{"@type":"ListItem","position":2,"name":"Forhandlere og verksteder"}]},{"@type":"WebSite","@id":"https:\/\/www.evess.se\/no\/#website","url":"https:\/\/www.evess.se\/no\/","name":"Evess","description":"Elmopeder f\u00f6r ett milj\u00f6smart samh\u00e4lle","publisher":{"@id":"https:\/\/www.evess.se\/no\/#organization"},"potentialAction":[{"@type":"SearchAction","target":{"@type":"EntryPoint","urlTemplate":"https:\/\/www.evess.se\/no\/?s={search_term_string}"},"query-input":{"@type":"PropertyValueSpecification","valueRequired":true,"valueName":"search_term_string"}}],"inLanguage":"nb-NO"},{"@type":"Organization","@id":"https:\/\/www.evess.se\/no\/#organization","name":"Evess","url":"https:\/\/www.evess.se\/no\/","logo":{"@type":"ImageObject","inLanguage":"nb-NO","@id":"https:\/\/www.evess.se\/no\/#\/schema\/logo\/image\/","url":"https:\/\/www.evess.se\/wp-content\/uploads\/2023\/11\/evess-logo-black.png","contentUrl":"https:\/\/www.evess.se\/wp-content\/uploads\/2023\/11\/evess-logo-black.png","width":1417,"height":312,"caption":"Evess"},"image":{"@id":"https:\/\/www.evess.se\/no\/#\/schema\/logo\/image\/"},"sameAs":["https:\/\/www.facebook.com\/evessmoped"]}]}},"_links":{"self":[{"href":"https:\/\/www.evess.se\/no\/wp-json\/wp\/v2\/pages\/13166","targetHints":{"allow":["GET"]}}],"collection":[{"href":"https:\/\/www.evess.se\/no\/wp-json\/wp\/v2\/pages"}],"about":[{"href":"https:\/\/www.evess.se\/no\/wp-json\/wp\/v2\/types\/page"}],"author":[{"embeddable":true,"href":"https:\/\/www.evess.se\/no\/wp-json\/wp\/v2\/users\/5"}],"replies":[{"embeddable":true,"href":"https:\/\/www.evess.se\/no\/wp-json\/wp\/v2\/comments?post=13166"}],"version-history":[{"count":120,"href":"https:\/\/www.evess.se\/no\/wp-json\/wp\/v2\/pages\/13166\/revisions"}],"predecessor-version":[{"id":13662,"href":"https:\/\/www.evess.se\/no\/wp-json\/wp\/v2\/pages\/13166\/revisions\/13662"}],"wp:featuredmedia":[{"embeddable":true,"href":"https:\/\/www.evess.se\/no\/wp-json\/wp\/v2\/media\/13638"}],"wp:attachment":[{"href":"https:\/\/www.evess.se\/no\/wp-json\/wp\/v2\/media?parent=13166"}],"curies":[{"name":"wp","href":"https:\/\/api.w.org\/{rel}","templated":true}]}}