{"id":13084,"date":"2023-11-26T03:03:38","date_gmt":"2023-11-26T03:03:38","guid":{"rendered":"https:\/\/www.evess.se\/garanti-og-returer\/"},"modified":"2023-11-26T03:03:51","modified_gmt":"2023-11-26T03:03:51","slug":"garanti-og-returer","status":"publish","type":"page","link":"https:\/\/www.evess.se\/no\/garanti-og-returer\/","title":{"rendered":"Garanti og returer"},"content":{"rendered":"\n<h2 class=\"wp-block-heading\">1.1<\/h2>\n\n<p>Produktgarantien dekker kun originale fabrikasjonsfeil og ikke feil som oppst\u00e5r i forbindelse med eller etter endringer i produktets funksjon og utseende. Med det menes f.eks. en ombygging, oppgradering eller annen konfigurasjon av produktet som avviker fra opprinnelsen. Ordrebekreftelsen er det du m\u00e5 vise for \u00e5 ut\u00f8ve garantien. Ulike produkter har ulike garantiperioder, les mer p\u00e5 produktsiden om hva som gjelder for ditt produkt. Garantier for v\u00e5re kj\u00f8ret\u00f8y gjelder kun dersom all service, vedlikehold og reparasjoner er utf\u00f8rt i henhold til bruksanvisningen og dersom servicen utf\u00f8res av et verksted med tilh\u00f8rende kvittering.<\/p>\n\n<h2 class=\"wp-block-heading\">1.2<\/h2>\n\n<p>Din rett til \u00e5 varsle om avvik dekker produkter som er defekte i henhold til gjeldende forbrukerbeskyttelseslovgivning. Kunder som \u00f8nsker \u00e5 p\u00e5berope seg mangler ved bestilte produkter, m\u00e5 kontakte oss umiddelbart etter oppdagelse av mangelen med detaljert informasjon. Kontaktinformasjonen finner du p\u00e5 nettsiden v\u00e5r. Meldinger om avvik gitt innen to m\u00e5neder etter at du oppdaget mangelen, anses alltid for \u00e5 v\u00e6re sendt til rett tid. Du har tre \u00e5rs rett til \u00e5 varsle avvik for produkter kj\u00f8pt p\u00e5 nettsiden. Du b\u00f8r alltid rapportere avvik s\u00e5 snart som mulig etter at du oppdager avviket.<\/p>\n\n<h2 class=\"wp-block-heading\">1.3<\/h2>\n\n<p>Vi betaler alltid retur n\u00e5r varsler om avvik er akseptert.<\/p>\n\n<h2 class=\"wp-block-heading\">1.4<\/h2>\n\n<p>N\u00e5r et produkt har blitt returnert og varselet om avvik er godkjent, vil vi kompensere deg i henhold til vilk\u00e5rene i gjeldende forbrukerbeskyttelseslovgivning. Dette skjer vanligvis innen 30 dager etter mottak av varselet om avvik, men kan ta lengre tid avhengig av produkttype. Vi forbeholder oss retten til \u00e5 avvise en melding om avvik dersom det viser seg at produktet ikke er defekt i henhold til vilk\u00e5rene i gjeldende forbrukerbeskyttelseslovgivning. Ved rapportering av mislighold f\u00f8lger vi retningslinjene fra Konsumentvister (www.arn.se). Mer informasjon er tilgjengelig p\u00e5 www.konsumentverket.se.<\/p>\n\n<h2 class=\"wp-block-heading\">1.5<\/h2>\n\n<p>Garantier for v\u00e5re ulike kj\u00f8ret\u00f8y gjelder kun dersom all service, vedlikehold og reparasjon som kreves i henhold til instruksjonsbok og serviceplan er utf\u00f8rt av et verksted og kvittering foreligger.<\/p>\n\n<h2 class=\"wp-block-heading\">1.6<\/h2>\n\n<p>Vi betaler kostnadene for reparasjoner for godkjente garantifeil. Du b\u00f8r alltid kontakte v\u00e5r kundeservice f\u00f8rst hvis det oppst\u00e5r en garantifeil. Verkstedet der du tar kj\u00f8ret\u00f8yet ditt m\u00e5 kontakte oss f\u00f8r du utf\u00f8rer eventuelle reparasjoner. Vi betaler ikke kostnadene for reparasjoner utf\u00f8rt uten v\u00e5r godkjenning. Du er ansvarlig for \u00e5 finne et lokalt verksted og bestille kj\u00f8ret\u00f8yet ditt. Du er ogs\u00e5 ansvarlig for \u00e5 ta bilen til et verksted for reparasjon og for \u00e5 hente den i etterkant.<\/p>\n\n<h2 class=\"wp-block-heading\">1.7<\/h2>\n\n<p>Vi tilbyr to \u00e5rs garanti p\u00e5 alle v\u00e5re kj\u00f8ret\u00f8y. Vi tilbyr ogs\u00e5 ett \u00e5rs garanti p\u00e5 batteriene. Les mer nedenfor. Den to\u00e5rige garantien vi gir dekker produksjonsfeil. Garantien omfatter ikke installasjons- eller justeringsoperasjoner som kan v\u00e6re n\u00f8dvendige for installasjon eller i forbindelse med service eller slitasje p\u00e5 forbruksvarer som batterier, dekk, bremseklosser, ledninger, lys eller annen normal slitasje.<\/p>\n\n<p>Et batteri er en forbruksvare og er underlagt ett \u00e5rs garanti. For \u00e5 sikre at batteriet har maksimal levetid er det viktig \u00e5 f\u00f8lge vedlikeholdsr\u00e5dene. Ikke glem at et batteri trenger vedlikeholdslading hvis kj\u00f8ret\u00f8yet ikke brukes regelmessig eller hvis du kj\u00f8rer mindre enn 10 km hver gang du starter det.<\/p>\n\n<p>Reservedeler er underlagt ett \u00e5rs garanti, med unntak av slitedeler og verkstedarbeidstid som er underlagt tre m\u00e5neders garanti.<\/p>\n\n<h2 class=\"wp-block-heading\">Garantien dekker ikke:<\/h2>\n\n<p>Feil eller skade for\u00e5rsaket av feil bruk av produktet, feil installasjon\/justering\/innstillinger eller utilstrekkelig vedlikehold og\/eller service. Hvis et kj\u00f8ret\u00f8y har blitt justert, dvs. hvis deler er endret fra den opprinnelige designen eller hvis originaldeler ikke er brukt. Ogs\u00e5 kj\u00f8ret\u00f8y som har v\u00e6rt brukt til kommersielle form\u00e5l.<\/p>\n","protected":false},"excerpt":{"rendered":"<p>1.1 Produktgarantien dekker kun originale fabrikasjonsfeil og ikke feil som oppst\u00e5r i forbindelse med eller etter endringer i produktets funksjon og utseende. Med det menes f.eks. en ombygging, oppgradering eller annen konfigurasjon av produktet som avviker fra opprinnelsen. Ordrebekreftelsen er det du m\u00e5 vise for \u00e5 ut\u00f8ve garantien. Ulike produkter har ulike garantiperioder, les mer [&hellip;]<\/p>\n","protected":false},"author":5,"featured_media":0,"parent":0,"menu_order":0,"comment_status":"closed","ping_status":"closed","template":"","meta":{"_acf_changed":false,"footnotes":""},"class_list":["post-13084","page","type-page","status-publish","hentry"],"acf":[],"yoast_head":"<!-- This site is optimized with the Yoast SEO plugin v27.5 - https:\/\/yoast.com\/product\/yoast-seo-wordpress\/ -->\n<title>Garanti og returer - Evess<\/title>\n<meta name=\"robots\" content=\"index, follow, max-snippet:-1, max-image-preview:large, max-video-preview:-1\" \/>\n<link rel=\"canonical\" href=\"https:\/\/www.evess.se\/no\/garanti-og-returer\/\" \/>\n<meta property=\"og:locale\" content=\"nb_NO\" \/>\n<meta property=\"og:type\" content=\"article\" \/>\n<meta property=\"og:title\" content=\"Garanti og returer - Evess\" \/>\n<meta property=\"og:description\" content=\"1.1 Produktgarantien dekker kun originale fabrikasjonsfeil og ikke feil som oppst\u00e5r i forbindelse med eller etter endringer i produktets funksjon og utseende. Med det menes f.eks. en ombygging, oppgradering eller annen konfigurasjon av produktet som avviker fra opprinnelsen. Ordrebekreftelsen er det du m\u00e5 vise for \u00e5 ut\u00f8ve garantien. Ulike produkter har ulike garantiperioder, les mer [&hellip;]\" \/>\n<meta property=\"og:url\" content=\"https:\/\/www.evess.se\/no\/garanti-og-returer\/\" \/>\n<meta property=\"og:site_name\" content=\"Evess\" \/>\n<meta property=\"article:publisher\" content=\"https:\/\/www.facebook.com\/evessmoped\" \/>\n<meta property=\"article:modified_time\" content=\"2023-11-26T03:03:51+00:00\" \/>\n<meta property=\"og:image\" content=\"https:\/\/www.evess.se\/wp-content\/uploads\/2023\/11\/screenshot.png\" \/>\n\t<meta property=\"og:image:width\" content=\"1200\" \/>\n\t<meta property=\"og:image:height\" content=\"900\" \/>\n\t<meta property=\"og:image:type\" content=\"image\/png\" \/>\n<meta name=\"twitter:card\" content=\"summary_large_image\" \/>\n<meta name=\"twitter:label1\" content=\"Ansl. lesetid\" \/>\n\t<meta name=\"twitter:data1\" content=\"3 minutter\" \/>\n<script type=\"application\/ld+json\" class=\"yoast-schema-graph\">{\"@context\":\"https:\\\/\\\/schema.org\",\"@graph\":[{\"@type\":\"WebPage\",\"@id\":\"https:\\\/\\\/www.evess.se\\\/no\\\/garanti-og-returer\\\/\",\"url\":\"https:\\\/\\\/www.evess.se\\\/no\\\/garanti-og-returer\\\/\",\"name\":\"Garanti og returer - Evess\",\"isPartOf\":{\"@id\":\"https:\\\/\\\/www.evess.se\\\/no\\\/#website\"},\"datePublished\":\"2023-11-26T03:03:38+00:00\",\"dateModified\":\"2023-11-26T03:03:51+00:00\",\"breadcrumb\":{\"@id\":\"https:\\\/\\\/www.evess.se\\\/no\\\/garanti-og-returer\\\/#breadcrumb\"},\"inLanguage\":\"nb-NO\",\"potentialAction\":[{\"@type\":\"ReadAction\",\"target\":[\"https:\\\/\\\/www.evess.se\\\/no\\\/garanti-og-returer\\\/\"]}]},{\"@type\":\"BreadcrumbList\",\"@id\":\"https:\\\/\\\/www.evess.se\\\/no\\\/garanti-og-returer\\\/#breadcrumb\",\"itemListElement\":[{\"@type\":\"ListItem\",\"position\":1,\"name\":\"Hem\",\"item\":\"https:\\\/\\\/www.evess.se\\\/no\\\/\"},{\"@type\":\"ListItem\",\"position\":2,\"name\":\"Garanti og returer\"}]},{\"@type\":\"WebSite\",\"@id\":\"https:\\\/\\\/www.evess.se\\\/no\\\/#website\",\"url\":\"https:\\\/\\\/www.evess.se\\\/no\\\/\",\"name\":\"Evess\",\"description\":\"Elmopeder f\u00f6r ett milj\u00f6smart samh\u00e4lle\",\"publisher\":{\"@id\":\"https:\\\/\\\/www.evess.se\\\/no\\\/#organization\"},\"potentialAction\":[{\"@type\":\"SearchAction\",\"target\":{\"@type\":\"EntryPoint\",\"urlTemplate\":\"https:\\\/\\\/www.evess.se\\\/no\\\/?s={search_term_string}\"},\"query-input\":{\"@type\":\"PropertyValueSpecification\",\"valueRequired\":true,\"valueName\":\"search_term_string\"}}],\"inLanguage\":\"nb-NO\"},{\"@type\":\"Organization\",\"@id\":\"https:\\\/\\\/www.evess.se\\\/no\\\/#organization\",\"name\":\"Evess\",\"url\":\"https:\\\/\\\/www.evess.se\\\/no\\\/\",\"logo\":{\"@type\":\"ImageObject\",\"inLanguage\":\"nb-NO\",\"@id\":\"https:\\\/\\\/www.evess.se\\\/no\\\/#\\\/schema\\\/logo\\\/image\\\/\",\"url\":\"https:\\\/\\\/www.evess.se\\\/wp-content\\\/uploads\\\/2023\\\/11\\\/evess-logo-black.png\",\"contentUrl\":\"https:\\\/\\\/www.evess.se\\\/wp-content\\\/uploads\\\/2023\\\/11\\\/evess-logo-black.png\",\"width\":1417,\"height\":312,\"caption\":\"Evess\"},\"image\":{\"@id\":\"https:\\\/\\\/www.evess.se\\\/no\\\/#\\\/schema\\\/logo\\\/image\\\/\"},\"sameAs\":[\"https:\\\/\\\/www.facebook.com\\\/evessmoped\"]}]}<\/script>\n<!-- \/ Yoast SEO plugin. -->","yoast_head_json":{"title":"Garanti og returer - Evess","robots":{"index":"index","follow":"follow","max-snippet":"max-snippet:-1","max-image-preview":"max-image-preview:large","max-video-preview":"max-video-preview:-1"},"canonical":"https:\/\/www.evess.se\/no\/garanti-og-returer\/","og_locale":"nb_NO","og_type":"article","og_title":"Garanti og returer - Evess","og_description":"1.1 Produktgarantien dekker kun originale fabrikasjonsfeil og ikke feil som oppst\u00e5r i forbindelse med eller etter endringer i produktets funksjon og utseende. Med det menes f.eks. en ombygging, oppgradering eller annen konfigurasjon av produktet som avviker fra opprinnelsen. Ordrebekreftelsen er det du m\u00e5 vise for \u00e5 ut\u00f8ve garantien. Ulike produkter har ulike garantiperioder, les mer [&hellip;]","og_url":"https:\/\/www.evess.se\/no\/garanti-og-returer\/","og_site_name":"Evess","article_publisher":"https:\/\/www.facebook.com\/evessmoped","article_modified_time":"2023-11-26T03:03:51+00:00","og_image":[{"width":1200,"height":900,"url":"https:\/\/www.evess.se\/wp-content\/uploads\/2023\/11\/screenshot.png","type":"image\/png"}],"twitter_card":"summary_large_image","twitter_misc":{"Ansl. lesetid":"3 minutter"},"schema":{"@context":"https:\/\/schema.org","@graph":[{"@type":"WebPage","@id":"https:\/\/www.evess.se\/no\/garanti-og-returer\/","url":"https:\/\/www.evess.se\/no\/garanti-og-returer\/","name":"Garanti og returer - Evess","isPartOf":{"@id":"https:\/\/www.evess.se\/no\/#website"},"datePublished":"2023-11-26T03:03:38+00:00","dateModified":"2023-11-26T03:03:51+00:00","breadcrumb":{"@id":"https:\/\/www.evess.se\/no\/garanti-og-returer\/#breadcrumb"},"inLanguage":"nb-NO","potentialAction":[{"@type":"ReadAction","target":["https:\/\/www.evess.se\/no\/garanti-og-returer\/"]}]},{"@type":"BreadcrumbList","@id":"https:\/\/www.evess.se\/no\/garanti-og-returer\/#breadcrumb","itemListElement":[{"@type":"ListItem","position":1,"name":"Hem","item":"https:\/\/www.evess.se\/no\/"},{"@type":"ListItem","position":2,"name":"Garanti og returer"}]},{"@type":"WebSite","@id":"https:\/\/www.evess.se\/no\/#website","url":"https:\/\/www.evess.se\/no\/","name":"Evess","description":"Elmopeder f\u00f6r ett milj\u00f6smart samh\u00e4lle","publisher":{"@id":"https:\/\/www.evess.se\/no\/#organization"},"potentialAction":[{"@type":"SearchAction","target":{"@type":"EntryPoint","urlTemplate":"https:\/\/www.evess.se\/no\/?s={search_term_string}"},"query-input":{"@type":"PropertyValueSpecification","valueRequired":true,"valueName":"search_term_string"}}],"inLanguage":"nb-NO"},{"@type":"Organization","@id":"https:\/\/www.evess.se\/no\/#organization","name":"Evess","url":"https:\/\/www.evess.se\/no\/","logo":{"@type":"ImageObject","inLanguage":"nb-NO","@id":"https:\/\/www.evess.se\/no\/#\/schema\/logo\/image\/","url":"https:\/\/www.evess.se\/wp-content\/uploads\/2023\/11\/evess-logo-black.png","contentUrl":"https:\/\/www.evess.se\/wp-content\/uploads\/2023\/11\/evess-logo-black.png","width":1417,"height":312,"caption":"Evess"},"image":{"@id":"https:\/\/www.evess.se\/no\/#\/schema\/logo\/image\/"},"sameAs":["https:\/\/www.facebook.com\/evessmoped"]}]}},"_links":{"self":[{"href":"https:\/\/www.evess.se\/no\/wp-json\/wp\/v2\/pages\/13084","targetHints":{"allow":["GET"]}}],"collection":[{"href":"https:\/\/www.evess.se\/no\/wp-json\/wp\/v2\/pages"}],"about":[{"href":"https:\/\/www.evess.se\/no\/wp-json\/wp\/v2\/types\/page"}],"author":[{"embeddable":true,"href":"https:\/\/www.evess.se\/no\/wp-json\/wp\/v2\/users\/5"}],"replies":[{"embeddable":true,"href":"https:\/\/www.evess.se\/no\/wp-json\/wp\/v2\/comments?post=13084"}],"version-history":[{"count":3,"href":"https:\/\/www.evess.se\/no\/wp-json\/wp\/v2\/pages\/13084\/revisions"}],"predecessor-version":[{"id":13087,"href":"https:\/\/www.evess.se\/no\/wp-json\/wp\/v2\/pages\/13084\/revisions\/13087"}],"wp:attachment":[{"href":"https:\/\/www.evess.se\/no\/wp-json\/wp\/v2\/media?parent=13084"}],"curies":[{"name":"wp","href":"https:\/\/api.w.org\/{rel}","templated":true}]}}