{"id":13079,"date":"2023-11-26T03:01:49","date_gmt":"2023-11-26T03:01:49","guid":{"rendered":"https:\/\/www.evess.se\/handtering-av-informasjonskapsler\/"},"modified":"2025-12-31T18:44:08","modified_gmt":"2025-12-31T18:44:08","slug":"handtering-av-informasjonskapsler","status":"publish","type":"page","link":"https:\/\/www.evess.se\/no\/handtering-av-informasjonskapsler\/","title":{"rendered":"H\u00e5ndtering av informasjonskapsler"},"content":{"rendered":"\n<h2 class=\"wp-block-heading\">Slik jobber vi med informasjonskapsler<\/h2>\n\n<p>Ditt samtykke gjelder for Evess AB 559203-6866 og for domenet: www.evess.se<\/p>\n\n<p>Gyldig fra: 26-Nov-2023<br\/>Sist oppdatert: 21-Apr-2025<\/p>\n\n<style>\n    a.cky-banner-element {\n        padding: 8px 30px;\n        background: #F8F9FA;\n        color: #858A8F;\n        border: 1px solid #DEE2E6;\n        box-sizing: border-box;\n        border-radius: 2px;\n        cursor: pointer;\n}\n<\/style>\n\n<h3>Hva er informasjonskapsler?<\/h3>\n<p>Denne retningslinjen for informasjonskapsler forklarer hva informasjonskapsler er og hvordan vi bruker dem, hvilke typer informasjonskapsler vi bruker, dvs. informasjonen vi samler inn ved hjelp av informasjonskapsler og hvordan denne informasjonen brukes, samt hvordan du administrerer informasjonskapselinnstillingene. <\/p> <p>Informasjonskapsler er sm\u00e5 tekstfiler som brukes til \u00e5 lagre sm\u00e5 informasjonsbiter. De lagres p\u00e5 enheten din n\u00e5r nettstedet lastes inn i nettleseren din. Disse informasjonskapslene hjelper oss med \u00e5 f\u00e5 nettstedet til \u00e5 fungere ordentlig, gj\u00f8re det sikrere, gi en bedre brukeropplevelse og forst\u00e5 hvordan nettstedet fungerer og analysere hva som fungerer og hvor det trenger forbedring.  <\/p>\n\n<h3>Hvordan bruker vi informasjonskapsler?<\/h3>\n<div class=\"cookie-policy-p\"><p>Som de fleste nettjenester, bruker nettstedet v\u00e5rt f\u00f8rsteparts og tredjeparts informasjonskapsler til flere form\u00e5l. F\u00f8rsteparts informasjonskapsler er mest n\u00f8dvendige for at nettstedet skal fungere skikkelig, og de samler ikke inn noen av dine personlig identifiserbare data. <\/p> <p>Tredjeparts informasjonskapsler som brukes p\u00e5 nettstedet v\u00e5rt er hovedsakelig for \u00e5 forst\u00e5 hvordan nettstedet fungerer, hvordan du samhandler med nettstedet v\u00e5rt, holde tjenestene v\u00e5re sikre, levere annonser som er relevante for deg, og generelt gi deg en bedre og forbedret brukeropplevelse og hjelp f\u00e5 fart p\u00e5 dine fremtidige interaksjoner med nettstedet v\u00e5rt.<\/p><\/div>\n\n    <h3>Typer informasjonskapsler vi bruker<\/h3>\n\n    <div class=\"cky-audit-table-element\"><\/div>\n\n    <h3>Administrer informasjonskapselpreferanser<\/h3> <br\/>\n    <a class=\"cky-banner-element\">Cookie-innstillinger<\/a> <br\/>\n<p>Du kan endre innstillingene dine for informasjonskapsler n\u00e5r som helst ved \u00e5 klikke p\u00e5 knappen ovenfor. Dette vil tillate deg \u00e5 g\u00e5 tilbake til samtykkebanneret for informasjonskapsler og endre innstillingene dine eller trekke tilbake samtykket ditt direkte.   <\/p> <p>I tillegg til dette tilbyr forskjellige nettlesere forskjellige metoder for \u00e5 blokkere og slette informasjonskapsler som brukes av nettsteder. Du kan endre innstillingene i nettleseren din for \u00e5 blokkere\/slette informasjonskapsler. Listet nedenfor er lenker til st\u00f8ttedokumentene om hvordan du administrerer og sletter informasjonskapsler fra de store nettleserne.  <\/p> <p>Chrome: <a href=\"https:\/\/support.google.com\/accounts\/answer\/32050\" target=\"_blank\" rel=\"noopener\">https:\/\/support.google.com\/accounts\/answer\/32050<\/a><\/p><p>Safari: <a href=\"https:\/\/support.apple.com\/en-in\/guide\/safari\/sfri11471\/mac\" target=\"_blank\" rel=\"noopener\">https:\/\/support.apple.com\/en-in\/guide\/safari\/sfri11471\/mac<\/a><\/p><p>Firefox: <a href=\"https:\/\/support.mozilla.org\/en-US\/kb\/clear-cookies-and-site-data-firefox?redirectslug=delete-cookies-remove-info-websites-stored&#038;redirectlocale=en-US\" target=\"_blank\" rel=\"noopener\">https:\/\/support.mozilla.org\/en-US\/kb\/clear-cookies-and-site-data-firefox?redirectslug=delete-cookies-remove-info-websites-stored&#038;redirectlocale=en-US<\/a><\/p><p>Internet Explorer: <a href=\"https:\/\/support.microsoft.com\/en-us\/topic\/how-to-delete-cookie-files-in-internet-explorer-bca9446f-d873-78de-77ba-d42645fa52fc\" target=\"_blank\" rel=\"noopener\">https:\/\/support.microsoft.com\/en-us\/topic\/how-to-delete-cookie-files-in-internet-explorer-bca9446f-d873-78de-77ba-d42645fa52fc<\/a><\/p><p>Hvis du bruker en annen nettleser, vennligst bes\u00f8k nettleserens offisielle st\u00f8ttedokument.<\/p>\n\n<p><\/p>\n\n<h2 class=\"wp-block-heading\">Slik jobber vi med dine personopplysninger<\/h2>\n\n<p>Evess AB lagrer personopplysninger som du oppgir via nettsiden v\u00e5r og h\u00e5ndterer disse i henhold til personopplysningsloven (PUL). Informasjonen er n\u00f8dvendig for at vi skal kunne fullf\u00f8re tjenesten v\u00e5r for deg og levere produktet ditt. For eksempel. navn, f\u00f8dselsdato, kj\u00f8nn, adresse, e-postadresse og\/eller telefonnummer som du oppgir i forbindelse med ditt kj\u00f8p p\u00e5 nettsiden eller via e-post. Det kan ogs\u00e5 v\u00e6re spesiell informasjon gitt i forbindelse med en bestilling som gjelder deg som kunde, som vil bli behandlet av Evess AB og, der det er hensiktsmessig, kun delt med partnere til Evess AB.    <\/p>\n\n<p>Informasjon som utstedes i forbindelse med bestilling p\u00e5 v\u00e5re nettsider behandles av Evess AB eller leverand\u00f8rer av administrative tjenester, betaling og finansiering samt andre tjenester innleid for Evess AB. Vi bruker denne informasjonen for \u00e5 kunne gi relevant informasjon, visse tilbud og tjenester som er relevante for ditt produkt via telefon, e-post, tekstmelding og\/eller postlevering. <\/p>\n\n<p>Etter levering av produktet ditt lagres dine personopplysninger i v\u00e5rt kunderegister i tre \u00e5r. Hvis du samtykker, kan vi lagre dataene i maksimalt 10 \u00e5r. Vi bruker informasjonen til \u00e5 utf\u00f8re v\u00e5rt oppdrag om \u00e5 levere et produkt og\/eller tilleggstjenester som du har bestilt p\u00e5 nettstedet v\u00e5rt. Det kan ogs\u00e5 inneholde informasjon om kontakter med deg og Evess med informasjon om sp\u00f8rsm\u00e5l eller klager. Vi kan ogs\u00e5 bruke dine personopplysninger der vi m\u00e5 i henhold til loven, for eksempel gjeldende sikkerhet.    <\/p>\n\n<p>Vi bruker dine personopplysninger til \u00e5 forbedre tjenesten samt til statistikk, markedsunders\u00f8kelser og\/eller kundeanalyser. Vi kan ogs\u00e5 bruke opplysningene dine til \u00e5 gi deg ulike tilbud p\u00e5 tjenester og produkter fra Evess AB dersom du ikke motsetter deg direkte markedsf\u00f8ring og gir oss beskjed om dette. <\/p>\n","protected":false},"excerpt":{"rendered":"<p>Slik jobber vi med informasjonskapsler Ditt samtykke gjelder for Evess AB 559203-6866 og for domenet: www.evess.se Gyldig fra: 26-Nov-2023Sist oppdatert: 21-Apr-2025 Hva er informasjonskapsler? Denne retningslinjen for informasjonskapsler forklarer hva informasjonskapsler er og hvordan vi bruker dem, hvilke typer informasjonskapsler vi bruker, dvs. informasjonen vi samler inn ved hjelp av informasjonskapsler og hvordan denne informasjonen [&hellip;]<\/p>\n","protected":false},"author":5,"featured_media":0,"parent":0,"menu_order":0,"comment_status":"closed","ping_status":"closed","template":"","meta":{"_acf_changed":false,"footnotes":""},"class_list":["post-13079","page","type-page","status-publish","hentry"],"acf":[],"yoast_head":"<!-- This site is optimized with the Yoast SEO plugin v27.5 - https:\/\/yoast.com\/product\/yoast-seo-wordpress\/ -->\n<title>H\u00e5ndtering av informasjonskapsler - Evess<\/title>\n<meta name=\"robots\" content=\"index, follow, max-snippet:-1, max-image-preview:large, max-video-preview:-1\" \/>\n<link rel=\"canonical\" href=\"https:\/\/www.evess.se\/no\/handtering-av-informasjonskapsler\/\" \/>\n<meta property=\"og:locale\" content=\"nb_NO\" \/>\n<meta property=\"og:type\" content=\"article\" \/>\n<meta property=\"og:title\" content=\"H\u00e5ndtering av informasjonskapsler - Evess\" \/>\n<meta property=\"og:description\" content=\"Slik jobber vi med informasjonskapsler Ditt samtykke gjelder for Evess AB 559203-6866 og for domenet: www.evess.se Gyldig fra: 26-Nov-2023Sist oppdatert: 21-Apr-2025 Hva er informasjonskapsler? Denne retningslinjen for informasjonskapsler forklarer hva informasjonskapsler er og hvordan vi bruker dem, hvilke typer informasjonskapsler vi bruker, dvs. informasjonen vi samler inn ved hjelp av informasjonskapsler og hvordan denne informasjonen [&hellip;]\" \/>\n<meta property=\"og:url\" content=\"https:\/\/www.evess.se\/no\/handtering-av-informasjonskapsler\/\" \/>\n<meta property=\"og:site_name\" content=\"Evess\" \/>\n<meta property=\"article:publisher\" content=\"https:\/\/www.facebook.com\/evessmoped\" \/>\n<meta property=\"article:modified_time\" content=\"2025-12-31T18:44:08+00:00\" \/>\n<meta property=\"og:image\" content=\"https:\/\/www.evess.se\/wp-content\/uploads\/2023\/11\/screenshot.png\" \/>\n\t<meta property=\"og:image:width\" content=\"1200\" \/>\n\t<meta property=\"og:image:height\" content=\"900\" \/>\n\t<meta property=\"og:image:type\" content=\"image\/png\" \/>\n<meta name=\"twitter:card\" content=\"summary_large_image\" \/>\n<meta name=\"twitter:label1\" content=\"Ansl. lesetid\" \/>\n\t<meta name=\"twitter:data1\" content=\"3 minutter\" \/>\n<script type=\"application\/ld+json\" class=\"yoast-schema-graph\">{\"@context\":\"https:\\\/\\\/schema.org\",\"@graph\":[{\"@type\":\"WebPage\",\"@id\":\"https:\\\/\\\/www.evess.se\\\/no\\\/handtering-av-informasjonskapsler\\\/\",\"url\":\"https:\\\/\\\/www.evess.se\\\/no\\\/handtering-av-informasjonskapsler\\\/\",\"name\":\"H\u00e5ndtering av informasjonskapsler - Evess\",\"isPartOf\":{\"@id\":\"https:\\\/\\\/www.evess.se\\\/no\\\/#website\"},\"datePublished\":\"2023-11-26T03:01:49+00:00\",\"dateModified\":\"2025-12-31T18:44:08+00:00\",\"breadcrumb\":{\"@id\":\"https:\\\/\\\/www.evess.se\\\/no\\\/handtering-av-informasjonskapsler\\\/#breadcrumb\"},\"inLanguage\":\"nb-NO\",\"potentialAction\":[{\"@type\":\"ReadAction\",\"target\":[\"https:\\\/\\\/www.evess.se\\\/no\\\/handtering-av-informasjonskapsler\\\/\"]}]},{\"@type\":\"BreadcrumbList\",\"@id\":\"https:\\\/\\\/www.evess.se\\\/no\\\/handtering-av-informasjonskapsler\\\/#breadcrumb\",\"itemListElement\":[{\"@type\":\"ListItem\",\"position\":1,\"name\":\"Hem\",\"item\":\"https:\\\/\\\/www.evess.se\\\/no\\\/\"},{\"@type\":\"ListItem\",\"position\":2,\"name\":\"H\u00e5ndtering av informasjonskapsler\"}]},{\"@type\":\"WebSite\",\"@id\":\"https:\\\/\\\/www.evess.se\\\/no\\\/#website\",\"url\":\"https:\\\/\\\/www.evess.se\\\/no\\\/\",\"name\":\"Evess\",\"description\":\"Elmopeder f\u00f6r ett milj\u00f6smart samh\u00e4lle\",\"publisher\":{\"@id\":\"https:\\\/\\\/www.evess.se\\\/no\\\/#organization\"},\"potentialAction\":[{\"@type\":\"SearchAction\",\"target\":{\"@type\":\"EntryPoint\",\"urlTemplate\":\"https:\\\/\\\/www.evess.se\\\/no\\\/?s={search_term_string}\"},\"query-input\":{\"@type\":\"PropertyValueSpecification\",\"valueRequired\":true,\"valueName\":\"search_term_string\"}}],\"inLanguage\":\"nb-NO\"},{\"@type\":\"Organization\",\"@id\":\"https:\\\/\\\/www.evess.se\\\/no\\\/#organization\",\"name\":\"Evess\",\"url\":\"https:\\\/\\\/www.evess.se\\\/no\\\/\",\"logo\":{\"@type\":\"ImageObject\",\"inLanguage\":\"nb-NO\",\"@id\":\"https:\\\/\\\/www.evess.se\\\/no\\\/#\\\/schema\\\/logo\\\/image\\\/\",\"url\":\"https:\\\/\\\/www.evess.se\\\/wp-content\\\/uploads\\\/2023\\\/11\\\/evess-logo-black.png\",\"contentUrl\":\"https:\\\/\\\/www.evess.se\\\/wp-content\\\/uploads\\\/2023\\\/11\\\/evess-logo-black.png\",\"width\":1417,\"height\":312,\"caption\":\"Evess\"},\"image\":{\"@id\":\"https:\\\/\\\/www.evess.se\\\/no\\\/#\\\/schema\\\/logo\\\/image\\\/\"},\"sameAs\":[\"https:\\\/\\\/www.facebook.com\\\/evessmoped\"]}]}<\/script>\n<!-- \/ Yoast SEO plugin. -->","yoast_head_json":{"title":"H\u00e5ndtering av informasjonskapsler - Evess","robots":{"index":"index","follow":"follow","max-snippet":"max-snippet:-1","max-image-preview":"max-image-preview:large","max-video-preview":"max-video-preview:-1"},"canonical":"https:\/\/www.evess.se\/no\/handtering-av-informasjonskapsler\/","og_locale":"nb_NO","og_type":"article","og_title":"H\u00e5ndtering av informasjonskapsler - Evess","og_description":"Slik jobber vi med informasjonskapsler Ditt samtykke gjelder for Evess AB 559203-6866 og for domenet: www.evess.se Gyldig fra: 26-Nov-2023Sist oppdatert: 21-Apr-2025 Hva er informasjonskapsler? Denne retningslinjen for informasjonskapsler forklarer hva informasjonskapsler er og hvordan vi bruker dem, hvilke typer informasjonskapsler vi bruker, dvs. informasjonen vi samler inn ved hjelp av informasjonskapsler og hvordan denne informasjonen [&hellip;]","og_url":"https:\/\/www.evess.se\/no\/handtering-av-informasjonskapsler\/","og_site_name":"Evess","article_publisher":"https:\/\/www.facebook.com\/evessmoped","article_modified_time":"2025-12-31T18:44:08+00:00","og_image":[{"width":1200,"height":900,"url":"https:\/\/www.evess.se\/wp-content\/uploads\/2023\/11\/screenshot.png","type":"image\/png"}],"twitter_card":"summary_large_image","twitter_misc":{"Ansl. lesetid":"3 minutter"},"schema":{"@context":"https:\/\/schema.org","@graph":[{"@type":"WebPage","@id":"https:\/\/www.evess.se\/no\/handtering-av-informasjonskapsler\/","url":"https:\/\/www.evess.se\/no\/handtering-av-informasjonskapsler\/","name":"H\u00e5ndtering av informasjonskapsler - Evess","isPartOf":{"@id":"https:\/\/www.evess.se\/no\/#website"},"datePublished":"2023-11-26T03:01:49+00:00","dateModified":"2025-12-31T18:44:08+00:00","breadcrumb":{"@id":"https:\/\/www.evess.se\/no\/handtering-av-informasjonskapsler\/#breadcrumb"},"inLanguage":"nb-NO","potentialAction":[{"@type":"ReadAction","target":["https:\/\/www.evess.se\/no\/handtering-av-informasjonskapsler\/"]}]},{"@type":"BreadcrumbList","@id":"https:\/\/www.evess.se\/no\/handtering-av-informasjonskapsler\/#breadcrumb","itemListElement":[{"@type":"ListItem","position":1,"name":"Hem","item":"https:\/\/www.evess.se\/no\/"},{"@type":"ListItem","position":2,"name":"H\u00e5ndtering av informasjonskapsler"}]},{"@type":"WebSite","@id":"https:\/\/www.evess.se\/no\/#website","url":"https:\/\/www.evess.se\/no\/","name":"Evess","description":"Elmopeder f\u00f6r ett milj\u00f6smart samh\u00e4lle","publisher":{"@id":"https:\/\/www.evess.se\/no\/#organization"},"potentialAction":[{"@type":"SearchAction","target":{"@type":"EntryPoint","urlTemplate":"https:\/\/www.evess.se\/no\/?s={search_term_string}"},"query-input":{"@type":"PropertyValueSpecification","valueRequired":true,"valueName":"search_term_string"}}],"inLanguage":"nb-NO"},{"@type":"Organization","@id":"https:\/\/www.evess.se\/no\/#organization","name":"Evess","url":"https:\/\/www.evess.se\/no\/","logo":{"@type":"ImageObject","inLanguage":"nb-NO","@id":"https:\/\/www.evess.se\/no\/#\/schema\/logo\/image\/","url":"https:\/\/www.evess.se\/wp-content\/uploads\/2023\/11\/evess-logo-black.png","contentUrl":"https:\/\/www.evess.se\/wp-content\/uploads\/2023\/11\/evess-logo-black.png","width":1417,"height":312,"caption":"Evess"},"image":{"@id":"https:\/\/www.evess.se\/no\/#\/schema\/logo\/image\/"},"sameAs":["https:\/\/www.facebook.com\/evessmoped"]}]}},"_links":{"self":[{"href":"https:\/\/www.evess.se\/no\/wp-json\/wp\/v2\/pages\/13079","targetHints":{"allow":["GET"]}}],"collection":[{"href":"https:\/\/www.evess.se\/no\/wp-json\/wp\/v2\/pages"}],"about":[{"href":"https:\/\/www.evess.se\/no\/wp-json\/wp\/v2\/types\/page"}],"author":[{"embeddable":true,"href":"https:\/\/www.evess.se\/no\/wp-json\/wp\/v2\/users\/5"}],"replies":[{"embeddable":true,"href":"https:\/\/www.evess.se\/no\/wp-json\/wp\/v2\/comments?post=13079"}],"version-history":[{"count":21,"href":"https:\/\/www.evess.se\/no\/wp-json\/wp\/v2\/pages\/13079\/revisions"}],"predecessor-version":[{"id":15433,"href":"https:\/\/www.evess.se\/no\/wp-json\/wp\/v2\/pages\/13079\/revisions\/15433"}],"wp:attachment":[{"href":"https:\/\/www.evess.se\/no\/wp-json\/wp\/v2\/media?parent=13079"}],"curies":[{"name":"wp","href":"https:\/\/api.w.org\/{rel}","templated":true}]}}