{"id":13053,"date":"2023-11-22T10:47:28","date_gmt":"2023-11-22T10:47:28","guid":{"rendered":"https:\/\/www.evess.se\/personvernerklaering\/"},"modified":"2023-11-26T03:50:47","modified_gmt":"2023-11-26T03:50:47","slug":"personvernerklaering","status":"publish","type":"page","link":"https:\/\/www.evess.se\/no\/personvernerklaering\/","title":{"rendered":"Personvernerkl\u00e6ring"},"content":{"rendered":"\n<p><strong>Sist oppdatert 26. november 2023<\/strong><br\/><strong>Gyldig fra 26. november 2023<\/strong><\/p>\n\n<p>Denne personvernerkl\u00e6ringen beskriver Evess ABs, lokalisert p\u00e5 Kastellgatan 17, G\u00f8teborg 413 07, Sverige, e-post: <a href=\"mailto:info@evess.se\">info@evess.se<\/a> , telefon: 076-848 88 93, retningslinjer for innsamling, bruk og avsl\u00f8ring av informasjonen din som vi samler inn inn n\u00e5r du bruker nettsiden v\u00e5r ( <a href=\"https:\/\/www.evess.se\/no\/\">https:\/\/www.evess.se<\/a> ). (tjenesten&raquo;). Ved \u00e5 f\u00e5 tilgang til eller bruke tjenesten, samtykker du til innsamling, bruk og utlevering av informasjonen din i samsvar med denne personvernerkl\u00e6ringen. Hvis du ikke godtar dette, vennligst ikke bruk tjenesten.<\/p>\n\n<p>Vi kan endre denne personvernerkl\u00e6ringen n\u00e5r som helst uten varsel til deg og vil legge ut den reviderte personvernerkl\u00e6ringen p\u00e5 tjenesten. De reviderte retningslinjene trer i kraft 180 dager etter at de reviderte retningslinjene er lagt ut p\u00e5 tjenesten, og din fortsatte tilgang til eller bruk av tjenesten etter dette tidspunktet vil utgj\u00f8re din aksept av den reviderte personvernerkl\u00e6ringen. Vi anbefaler derfor at du g\u00e5r gjennom denne siden med jevne mellomrom.<\/p>\n\n<h2 class=\"wp-block-heading\">Informasjon vi samler inn<\/h2>\n\n<p>Vi vil samle inn og behandle f\u00f8lgende personopplysninger om deg:<\/p>\n\n<ul class=\"wp-block-list\">\n<li>Navn<\/li>\n\n\n\n<li>E-post<\/li>\n\n\n\n<li>Mobil<\/li>\n\n\n\n<li>Adresse<\/li>\n<\/ul>\n\n<h3 class=\"wp-block-heading\">Hvordan vi samler inn informasjonen din<\/h3>\n\n<p>Vi samler inn\/innhenter informasjon om deg p\u00e5 f\u00f8lgende m\u00e5ter:<\/p>\n\n<ul class=\"wp-block-list\">\n<li>N\u00e5r en bruker fyller ut registreringsskjemaet eller p\u00e5 annen m\u00e5te oppgir personlig informasjon<\/li>\n\n\n\n<li>Interaksjon med nettstedet<\/li>\n\n\n\n<li>Fra offentlige kilder<\/li>\n<\/ul>\n\n<h3 class=\"wp-block-heading\">Hvordan vi bruker informasjonen din<\/h3>\n\n<p>Vi vil bruke informasjonen vi samler inn om deg til f\u00f8lgende form\u00e5l:<\/p>\n\n<ul class=\"wp-block-list\">\n<li>Administrere kundeordrer<\/li>\n\n\n\n<li>Hvis vi \u00f8nsker \u00e5 bruke opplysningene dine til andre form\u00e5l, vil vi be om ditt samtykke og bruke opplysningene dine f\u00f8rst etter \u00e5 ha mottatt ditt samtykke, og da kun til de form\u00e5lene du har gitt samtykke til, med mindre vi er p\u00e5lagt \u00e5 gj\u00f8re noe annet iht. lov.<\/li>\n<\/ul>\n\n<h3 class=\"wp-block-heading\">Hvordan vi deler informasjonen din<\/h3>\n\n<p>Vi vil ikke overf\u00f8re din personlige informasjon til noen tredjepart uten \u00e5 s\u00f8ke ditt samtykke, bortsett fra i begrensede omstendigheter beskrevet nedenfor:<\/p>\n\n<ul class=\"wp-block-list\">\n<li>Analyse<\/li>\n\n\n\n<li>Vi krever at slike tredjeparter bruker personopplysningene som vi overf\u00f8rer til dem kun til form\u00e5let de ble overf\u00f8rt til og ikke oppbevarer dem lenger enn n\u00f8dvendig for \u00e5 oppfylle det angitte form\u00e5let.<\/li>\n\n\n\n<li>Vi kan ogs\u00e5 avsl\u00f8re din personlige informasjon for f\u00f8lgende: (1) for \u00e5 overholde gjeldende lover, forskrifter, rettskjennelser eller andre juridiske prosesser; (2) for \u00e5 h\u00e5ndheve avtalene dine med oss, inkludert denne personvernerkl\u00e6ringen; eller (3) for \u00e5 svare p\u00e5 p\u00e5stander om at din bruk av tjenesten krenker rettighetene til tredjeparter. Hvis Tjenesten eller selskapet v\u00e5rt fusjoneres eller erverves av et annet selskap, vil informasjonen din v\u00e6re en av eiendelene som overf\u00f8res til den nye eieren.<\/li>\n<\/ul>\n\n<h3 class=\"wp-block-heading\">Lagring av informasjonen din<\/h3>\n\n<p>Vi vil beholde din personlige informasjon hos oss i 90 dager til 2 \u00e5r etter at brukerkontoer forblir inaktive eller s\u00e5 lenge vi trenger dem for \u00e5 oppfylle form\u00e5lene de ble samlet inn for, som beskrevet i denne personvernerkl\u00e6ringen. Vi kan trenge \u00e5 beholde visse opplysninger i lengre perioder for dokumentasjon\/rapportering som kreves av gjeldende lov eller av andre legitime grunner som h\u00e5ndheving av juridiske rettigheter, svindelforebygging osv. Gjenv\u00e6rende anonym informasjon og aggregert informasjon, som verken identifiserer deg (direkte eller indirekte), kan lagres p\u00e5 ubestemt tid.<\/p>\n\n<h2 class=\"wp-block-heading\">Dine rettigheter<\/h2>\n\n<p>Avhengig av hvilken lov som gjelder, kan du ha rett til \u00e5 f\u00e5 tilgang til og korrigere eller slette dine personopplysninger eller f\u00e5 en kopi av dine personopplysninger, begrense eller protestere mot aktiv behandling av dataene dine, be oss om \u00e5 dele (portere) dine personopplysninger til en annen enhet, trekke tilbake ethvert samtykke du har gitt oss til \u00e5 behandle dataene dine, rett til \u00e5 sende inn en klage til en offentlig myndighet og andre rettigheter som kan v\u00e6re relevante under gjeldende lover. For \u00e5 ut\u00f8ve disse rettighetene kan du skrive til oss. Vi vil svare p\u00e5 foresp\u00f8rselen din i samsvar med gjeldende lov.<\/p>\n\n<ul class=\"wp-block-list\">\n<li>Du kan velge bort direkte markedsf\u00f8ringskommunikasjon eller profileringen vi utf\u00f8rer for markedsf\u00f8ringsform\u00e5l ved \u00e5 skrive til oss.<\/li>\n\n\n\n<li>V\u00e6r oppmerksom p\u00e5 at hvis du ikke tillater oss \u00e5 samle inn eller behandle de n\u00f8dvendige personopplysningene eller trekke tilbake samtykket til \u00e5 behandle det samme for de n\u00f8dvendige form\u00e5lene, kan det hende du ikke kan f\u00e5 tilgang til eller bruke tjenestene som informasjonen din ble bedt om for.<\/li>\n<\/ul>\n\n<h2 class=\"wp-block-heading\">Cookies osv<\/h2>\n\n<p>For \u00e5 l\u00e6re mer om hvordan vi bruker disse og dine valg i forhold til disse sporingsteknologiene, se v\u00e5r <a href=\"https:\/\/www.evess.se\/no\/handtering-av-informasjonskapsler\/\">administrasjon av informasjonskapsler<\/a> .<\/p>\n\n<h2 class=\"wp-block-heading\">Sikkerhet<\/h2>\n\n<p>Sikkerheten til informasjonen din er viktig for oss, og vi vil bruke rimelige sikkerhetstiltak for \u00e5 forhindre tap, misbruk eller uautorisert endring av informasjonen din under v\u00e5r kontroll. Men gitt de iboende risikoene, kan vi ikke garantere absolutt sikkerhet, og f\u00f8lgelig kan vi ikke garantere sikkerheten til informasjonen du sender til oss, og du gj\u00f8r det p\u00e5 egen risiko.<\/p>\n\n<h2 class=\"wp-block-heading\">Klager \/ Databeskyttelsesansvarlig<\/h2>\n\n<p>Hvis du har sp\u00f8rsm\u00e5l eller bekymringer ang\u00e5ende behandlingen av informasjonen din som er tilgjengelig hos oss, kan du sende e-post til v\u00e5r klagebehandler p\u00e5 Evess AB, Kastellgatan 17, G\u00f8teborg, e-post: <a href=\"mailto:info@evess.se\">info@evess.se<\/a> . Vi vil h\u00e5ndtere dine bekymringer i samsvar med gjeldende lov.<\/p>\n","protected":false},"excerpt":{"rendered":"<p>Sist oppdatert 26. november 2023Gyldig fra 26. november 2023 Denne personvernerkl\u00e6ringen beskriver Evess ABs, lokalisert p\u00e5 Kastellgatan 17, G\u00f8teborg 413 07, Sverige, e-post: info@evess.se , telefon: 076-848 88 93, retningslinjer for innsamling, bruk og avsl\u00f8ring av informasjonen din som vi samler inn inn n\u00e5r du bruker nettsiden v\u00e5r ( https:\/\/www.evess.se ). (tjenesten&raquo;). Ved \u00e5 f\u00e5 [&hellip;]<\/p>\n","protected":false},"author":1,"featured_media":0,"parent":0,"menu_order":0,"comment_status":"closed","ping_status":"closed","template":"","meta":{"_acf_changed":false,"footnotes":""},"class_list":["post-13053","page","type-page","status-publish","hentry"],"acf":[],"yoast_head":"<!-- This site is optimized with the Yoast SEO plugin v27.5 - https:\/\/yoast.com\/product\/yoast-seo-wordpress\/ -->\n<title>Personvernerkl\u00e6ring - Evess<\/title>\n<meta name=\"robots\" content=\"index, follow, max-snippet:-1, max-image-preview:large, max-video-preview:-1\" \/>\n<link rel=\"canonical\" href=\"https:\/\/www.evess.se\/no\/personvernerklaering\/\" \/>\n<meta property=\"og:locale\" content=\"nb_NO\" \/>\n<meta property=\"og:type\" content=\"article\" \/>\n<meta property=\"og:title\" content=\"Personvernerkl\u00e6ring - Evess\" \/>\n<meta property=\"og:description\" content=\"Sist oppdatert 26. november 2023Gyldig fra 26. november 2023 Denne personvernerkl\u00e6ringen beskriver Evess ABs, lokalisert p\u00e5 Kastellgatan 17, G\u00f8teborg 413 07, Sverige, e-post: info@evess.se , telefon: 076-848 88 93, retningslinjer for innsamling, bruk og avsl\u00f8ring av informasjonen din som vi samler inn inn n\u00e5r du bruker nettsiden v\u00e5r ( https:\/\/www.evess.se ). (tjenesten&raquo;). Ved \u00e5 f\u00e5 [&hellip;]\" \/>\n<meta property=\"og:url\" content=\"https:\/\/www.evess.se\/no\/personvernerklaering\/\" \/>\n<meta property=\"og:site_name\" content=\"Evess\" \/>\n<meta property=\"article:publisher\" content=\"https:\/\/www.facebook.com\/evessmoped\" \/>\n<meta property=\"article:modified_time\" content=\"2023-11-26T03:50:47+00:00\" \/>\n<meta property=\"og:image\" content=\"https:\/\/www.evess.se\/wp-content\/uploads\/2023\/11\/screenshot.png\" \/>\n\t<meta property=\"og:image:width\" content=\"1200\" \/>\n\t<meta property=\"og:image:height\" content=\"900\" \/>\n\t<meta property=\"og:image:type\" content=\"image\/png\" \/>\n<meta name=\"twitter:card\" content=\"summary_large_image\" \/>\n<meta name=\"twitter:label1\" content=\"Ansl. lesetid\" \/>\n\t<meta name=\"twitter:data1\" content=\"4 minutter\" \/>\n<script type=\"application\/ld+json\" class=\"yoast-schema-graph\">{\"@context\":\"https:\\\/\\\/schema.org\",\"@graph\":[{\"@type\":\"WebPage\",\"@id\":\"https:\\\/\\\/www.evess.se\\\/no\\\/personvernerklaering\\\/\",\"url\":\"https:\\\/\\\/www.evess.se\\\/no\\\/personvernerklaering\\\/\",\"name\":\"Personvernerkl\u00e6ring - Evess\",\"isPartOf\":{\"@id\":\"https:\\\/\\\/www.evess.se\\\/no\\\/#website\"},\"datePublished\":\"2023-11-22T10:47:28+00:00\",\"dateModified\":\"2023-11-26T03:50:47+00:00\",\"breadcrumb\":{\"@id\":\"https:\\\/\\\/www.evess.se\\\/no\\\/personvernerklaering\\\/#breadcrumb\"},\"inLanguage\":\"nb-NO\",\"potentialAction\":[{\"@type\":\"ReadAction\",\"target\":[\"https:\\\/\\\/www.evess.se\\\/no\\\/personvernerklaering\\\/\"]}]},{\"@type\":\"BreadcrumbList\",\"@id\":\"https:\\\/\\\/www.evess.se\\\/no\\\/personvernerklaering\\\/#breadcrumb\",\"itemListElement\":[{\"@type\":\"ListItem\",\"position\":1,\"name\":\"Hem\",\"item\":\"https:\\\/\\\/www.evess.se\\\/no\\\/\"},{\"@type\":\"ListItem\",\"position\":2,\"name\":\"Personvernerkl\u00e6ring\"}]},{\"@type\":\"WebSite\",\"@id\":\"https:\\\/\\\/www.evess.se\\\/no\\\/#website\",\"url\":\"https:\\\/\\\/www.evess.se\\\/no\\\/\",\"name\":\"Evess\",\"description\":\"Elmopeder f\u00f6r ett milj\u00f6smart samh\u00e4lle\",\"publisher\":{\"@id\":\"https:\\\/\\\/www.evess.se\\\/no\\\/#organization\"},\"potentialAction\":[{\"@type\":\"SearchAction\",\"target\":{\"@type\":\"EntryPoint\",\"urlTemplate\":\"https:\\\/\\\/www.evess.se\\\/no\\\/?s={search_term_string}\"},\"query-input\":{\"@type\":\"PropertyValueSpecification\",\"valueRequired\":true,\"valueName\":\"search_term_string\"}}],\"inLanguage\":\"nb-NO\"},{\"@type\":\"Organization\",\"@id\":\"https:\\\/\\\/www.evess.se\\\/no\\\/#organization\",\"name\":\"Evess\",\"url\":\"https:\\\/\\\/www.evess.se\\\/no\\\/\",\"logo\":{\"@type\":\"ImageObject\",\"inLanguage\":\"nb-NO\",\"@id\":\"https:\\\/\\\/www.evess.se\\\/no\\\/#\\\/schema\\\/logo\\\/image\\\/\",\"url\":\"https:\\\/\\\/www.evess.se\\\/wp-content\\\/uploads\\\/2023\\\/11\\\/evess-logo-black.png\",\"contentUrl\":\"https:\\\/\\\/www.evess.se\\\/wp-content\\\/uploads\\\/2023\\\/11\\\/evess-logo-black.png\",\"width\":1417,\"height\":312,\"caption\":\"Evess\"},\"image\":{\"@id\":\"https:\\\/\\\/www.evess.se\\\/no\\\/#\\\/schema\\\/logo\\\/image\\\/\"},\"sameAs\":[\"https:\\\/\\\/www.facebook.com\\\/evessmoped\"]}]}<\/script>\n<!-- \/ Yoast SEO plugin. -->","yoast_head_json":{"title":"Personvernerkl\u00e6ring - Evess","robots":{"index":"index","follow":"follow","max-snippet":"max-snippet:-1","max-image-preview":"max-image-preview:large","max-video-preview":"max-video-preview:-1"},"canonical":"https:\/\/www.evess.se\/no\/personvernerklaering\/","og_locale":"nb_NO","og_type":"article","og_title":"Personvernerkl\u00e6ring - Evess","og_description":"Sist oppdatert 26. november 2023Gyldig fra 26. november 2023 Denne personvernerkl\u00e6ringen beskriver Evess ABs, lokalisert p\u00e5 Kastellgatan 17, G\u00f8teborg 413 07, Sverige, e-post: info@evess.se , telefon: 076-848 88 93, retningslinjer for innsamling, bruk og avsl\u00f8ring av informasjonen din som vi samler inn inn n\u00e5r du bruker nettsiden v\u00e5r ( https:\/\/www.evess.se ). (tjenesten&raquo;). Ved \u00e5 f\u00e5 [&hellip;]","og_url":"https:\/\/www.evess.se\/no\/personvernerklaering\/","og_site_name":"Evess","article_publisher":"https:\/\/www.facebook.com\/evessmoped","article_modified_time":"2023-11-26T03:50:47+00:00","og_image":[{"width":1200,"height":900,"url":"https:\/\/www.evess.se\/wp-content\/uploads\/2023\/11\/screenshot.png","type":"image\/png"}],"twitter_card":"summary_large_image","twitter_misc":{"Ansl. lesetid":"4 minutter"},"schema":{"@context":"https:\/\/schema.org","@graph":[{"@type":"WebPage","@id":"https:\/\/www.evess.se\/no\/personvernerklaering\/","url":"https:\/\/www.evess.se\/no\/personvernerklaering\/","name":"Personvernerkl\u00e6ring - Evess","isPartOf":{"@id":"https:\/\/www.evess.se\/no\/#website"},"datePublished":"2023-11-22T10:47:28+00:00","dateModified":"2023-11-26T03:50:47+00:00","breadcrumb":{"@id":"https:\/\/www.evess.se\/no\/personvernerklaering\/#breadcrumb"},"inLanguage":"nb-NO","potentialAction":[{"@type":"ReadAction","target":["https:\/\/www.evess.se\/no\/personvernerklaering\/"]}]},{"@type":"BreadcrumbList","@id":"https:\/\/www.evess.se\/no\/personvernerklaering\/#breadcrumb","itemListElement":[{"@type":"ListItem","position":1,"name":"Hem","item":"https:\/\/www.evess.se\/no\/"},{"@type":"ListItem","position":2,"name":"Personvernerkl\u00e6ring"}]},{"@type":"WebSite","@id":"https:\/\/www.evess.se\/no\/#website","url":"https:\/\/www.evess.se\/no\/","name":"Evess","description":"Elmopeder f\u00f6r ett milj\u00f6smart samh\u00e4lle","publisher":{"@id":"https:\/\/www.evess.se\/no\/#organization"},"potentialAction":[{"@type":"SearchAction","target":{"@type":"EntryPoint","urlTemplate":"https:\/\/www.evess.se\/no\/?s={search_term_string}"},"query-input":{"@type":"PropertyValueSpecification","valueRequired":true,"valueName":"search_term_string"}}],"inLanguage":"nb-NO"},{"@type":"Organization","@id":"https:\/\/www.evess.se\/no\/#organization","name":"Evess","url":"https:\/\/www.evess.se\/no\/","logo":{"@type":"ImageObject","inLanguage":"nb-NO","@id":"https:\/\/www.evess.se\/no\/#\/schema\/logo\/image\/","url":"https:\/\/www.evess.se\/wp-content\/uploads\/2023\/11\/evess-logo-black.png","contentUrl":"https:\/\/www.evess.se\/wp-content\/uploads\/2023\/11\/evess-logo-black.png","width":1417,"height":312,"caption":"Evess"},"image":{"@id":"https:\/\/www.evess.se\/no\/#\/schema\/logo\/image\/"},"sameAs":["https:\/\/www.facebook.com\/evessmoped"]}]}},"_links":{"self":[{"href":"https:\/\/www.evess.se\/no\/wp-json\/wp\/v2\/pages\/13053","targetHints":{"allow":["GET"]}}],"collection":[{"href":"https:\/\/www.evess.se\/no\/wp-json\/wp\/v2\/pages"}],"about":[{"href":"https:\/\/www.evess.se\/no\/wp-json\/wp\/v2\/types\/page"}],"author":[{"embeddable":true,"href":"https:\/\/www.evess.se\/no\/wp-json\/wp\/v2\/users\/1"}],"replies":[{"embeddable":true,"href":"https:\/\/www.evess.se\/no\/wp-json\/wp\/v2\/comments?post=13053"}],"version-history":[{"count":29,"href":"https:\/\/www.evess.se\/no\/wp-json\/wp\/v2\/pages\/13053\/revisions"}],"predecessor-version":[{"id":13163,"href":"https:\/\/www.evess.se\/no\/wp-json\/wp\/v2\/pages\/13053\/revisions\/13163"}],"wp:attachment":[{"href":"https:\/\/www.evess.se\/no\/wp-json\/wp\/v2\/media?parent=13053"}],"curies":[{"name":"wp","href":"https:\/\/api.w.org\/{rel}","templated":true}]}}