{"id":1052,"date":"2023-11-14T16:18:42","date_gmt":"2023-11-14T16:18:42","guid":{"rendered":"https:\/\/www.evess.se\/kjopsbetingelser\/"},"modified":"2024-09-02T20:48:41","modified_gmt":"2024-09-02T20:48:41","slug":"kjopsbetingelser","status":"publish","type":"page","link":"https:\/\/www.evess.se\/no\/kjopsbetingelser\/","title":{"rendered":"Kj\u00f8psbetingelser"},"content":{"rendered":"\n<p><strong>1. Generelt<\/strong><\/p>\n\n<p>1.1<\/p>\n\n<p>Disse generelle betingelsene gjelder n\u00e5r du som forbruker bestiller via v\u00e5r nettside: www.evess.se. Det utarbeides en avtale mellom deg og Evess AB, organisasjonsnummer 559203-6866. Detaljert kontaktinformasjon og annen viktig informasjon om Evess AB finner du p\u00e5 kontakt oss-siden. Vilk\u00e5rene gjelder kun for forbrukere som bestiller via denne nettsiden.<\/p>\n\n<p>1.2<\/p>\n\n<p>Vi f\u00f8lger vilk\u00e5rene fra den generelle klagenemnda (ARN).<\/p>\n\n<p>1.3<\/p>\n\n<p>Du m\u00e5 v\u00e6re 18 \u00e5r eller eldre for \u00e5 bestille hos oss. I henhold til svensk lov aksepterer vi ikke kredittkj\u00f8p fra personer under 18 \u00e5r. I spesielle tilfeller forbeholder vi oss retten til \u00e5 avsl\u00e5 eller endre bestillingen, for eksempel hvis du har oppgitt feil personopplysninger eller hvis du ikke har betalt. V\u00e6r ogs\u00e5 oppmerksom p\u00e5 at vi ikke kan registrere et kj\u00f8ret\u00f8y for personer under 18 \u00e5r.<\/p>\n\n<p>1.4<\/p>\n\n<p>Salg er avhengig av tilgjengelighet p\u00e5 lager og vi fraskriver oss ansvar for eventuelle feil i bilder eller tekst p\u00e5 denne nettsiden, for eksempel feil i en produktbeskrivelse eller i den tekniske spesifikasjonen, feilpriser eller prisjusteringer, for eksempel endrede priser fra leverand\u00f8rer eller valutasvingninger eller annen feilinformasjon om hvorvidt et produkt er p\u00e5 lager eller antall produkter p\u00e5 lager. Vi har rett til \u00e5 rette feil og endre eller oppdatere informasjonen n\u00e5r som helst.<\/p>\n\n<p>1.5<\/p>\n\n<p>All informasjon p\u00e5 denne nettsiden og alt innhold eies av Evess AB eller dets lisensgivere. Informasjonen er beskyttet av immaterielle rettigheter og markedslov, dette betyr at varemerker, produktnavn, firmanavn, bilder og grafikk, m\u00f8nstre, layout og informasjon om produkter, tjenester og annet innhold ikke kan kopieres eller brukes uten skriftlig samtykke fra Evess AB.<\/p>\n\n<p>1.6<\/p>\n\n<p>Som kunde godtar du alltid at Evess AB har rett til \u00e5 bruke personnummeret ditt for \u00e5 kunne registrere kj\u00f8pet ditt hos Samferdselsnemnda og registrere deg som ny eier av din el-moped .<\/p>\n\n<p><strong>2. Kontrakt og ordre<\/strong><\/p>\n\n<p>2.1<\/p>\n\n<p>Du m\u00e5 alltid godta vilk\u00e5rene og betingelsene for \u00e5 foreta et kj\u00f8p p\u00e5 nettsiden v\u00e5r. Ved \u00e5 akseptere vilk\u00e5rene forplikter du deg dermed til \u00e5 f\u00f8lge dem i sin helhet og du godtar ogs\u00e5 at du har lest og samtykket til h\u00e5ndtering av personopplysninger og informasjonskapsler.<\/p>\n\n<p>2.2<\/p>\n\n<p>En kj\u00f8pskontrakt er inng\u00e5tt mellom deg og Evess AB f\u00f8rst n\u00e5r vi har bekreftet bestillingen din og du har mottatt en ordrebekreftelse fra oss via e-post. Vi oppfordrer deg til \u00e5 beholde ordrebekreftelsen for eventuell fremtidig kommunikasjon med v\u00e5r kundeserviceavdeling.<\/p>\n\n<p><strong>3. Priser, gebyrer og betaling<\/strong><\/p>\n\n<p>3.1<\/p>\n\n<p>Prisene p\u00e5 denne nettsiden gjelder n\u00e5r du bestiller p\u00e5 v\u00e5r nettside. Prisene er i svenske kroner og inkluderer mva. Prisene er alt inkludert som betaling og fraktkostnader.<\/p>\n\n<p>3.2<\/p>\n\n<p>Du kan betale med metodene som er oppf\u00f8rt p\u00e5 denne nettsiden. Ved faktura eller delbetaling kan v\u00e5r partner foreta en kredittsjekk. Vi forbeholder oss retten til \u00e5 ikke alltid tilby alle betalingsm\u00e5ter eller endre betalingsm\u00e5ter hvis metoden du valgte ikke fungerer p\u00e5 kj\u00f8psdatoen av en eller annen grunn. V\u00e6r oppmerksom p\u00e5 at betalingsmetoderestriksjoner er oppgitt p\u00e5 denne nettsiden.<\/p>\n\n<p><strong>4. Kampanjer og tilbud<\/strong><\/p>\n\n<p>4.1<\/p>\n\n<p>Vi kan fra tid til annen kj\u00f8re kampanjer p\u00e5 nettsiden som kan inneb\u00e6re gunstigere vilk\u00e5r enn disse vilk\u00e5rene, for eksempel vedr\u00f8rende betaling eller utvidede angrerettigheter. Disse mer fordelaktige vilk\u00e5rene gjelder mens kampanjen er aktiv og de spesifikke produktene spesifisert av oss i forbindelse med kampanjen. Vi forbeholder oss retten til \u00e5 trekke tilbake kampanjer n\u00e5r som helst. Hvis kampanjen avsluttes, gjelder disse vilk\u00e5rene. Tilbud for spesifikke produkter p\u00e5 denne nettsiden er gyldige i en begrenset periode og med forbehold om tilgjengelighet.<\/p>\n\n<p><strong>5. Levering og transport<\/strong><\/p>\n\n<p>5.1<\/p>\n\n<p>Produkter som er p\u00e5 lager leveres vanligvis innen 2-4 virkedager.<\/p>\n\n<p>5.2<\/p>\n\n<p>Forventet leveringstid for et produkt vises n\u00e5r du sjekker ut og\/eller p\u00e5 den aktuelle produktsiden.<\/p>\n\n<p><strong>6. Rett til angre\/retur<\/strong><\/p>\n\n<p>6.1<\/p>\n\n<p>Ved kj\u00f8p av produkter p\u00e5 Evess .se er det alltid underlagt 30 dagers angre-\/returrett i henhold til gjeldende lovgivning om forbrukerbeskyttelse. Dette betyr at du har rett til \u00e5 kansellere kj\u00f8pet ditt ved \u00e5 varsle oss innen 30 dager etter at du eller din agent har mottatt det bestilte produktet.<\/p>\n\n<p>6.2<\/p>\n\n<p>Angreretten gjelder ikke brukte produkter. For elektriske mopeder gj\u00f8r vi et unntak da vi \u00f8nsker \u00e5 gi deg som kunde muligheten til \u00e5 teste mopeden hjemme. Dette gjelder maks 50 km.<\/p>\n\n<p>6.3<\/p>\n\n<p>Hvis du \u00f8nsker \u00e5 angre et kj\u00f8p, m\u00e5 du sende oss et skriftlig varsel p\u00e5 e-post f\u00f8r angrefristens utl\u00f8p. Du m\u00e5 da oppgi personnummer, navn, adresse og annen informasjon, som ordrenummer, fakturanummer og navn p\u00e5 produktet.<\/p>\n\n<p>6.4<\/p>\n\n<p>N\u00e5r du benytter deg av angreretten betaler du returfrakt og er ansvarlig for produktets tilstand etter at du mottar det frem til og under returfrakt. Produktet m\u00e5 returneres innen 30 dager fra varselet for \u00e5 ut\u00f8ve angreretten er sendt til oss. Produktet skal sendes godt pakket, i utmerket stand og i originalemballasje. Priseksempel for retur: Liten pakke: 200 SEK.<\/p>\n\n<p>Palletruck (f.eks. kj\u00f8ret\u00f8y og stort tilbeh\u00f8r): Elektriske mopeder SEK 1500.<\/p>\n\n<p>Ved levering til deg er transporten p\u00e5 v\u00e5r risiko, det vil si at vi er ansvarlige for eventuelle skader p\u00e5 produktet mellom v\u00e5rt lager inntil du har mottatt produktet ditt. Du er p\u00e5 sin side ansvarlig for dette hvis du returnerer produktet. S\u00f8rg for at du inkluderer tilstrekkelig informasjon n\u00e5r du returnerer eller bytter et produkt for \u00e5 lette behandlingen hos oss. Skriv inn navn, personnummer og telefonnummer samt ordrenummer.<\/p>\n\n<p>6.5<\/p>\n\n<p>N\u00e5r du kansellerer kj\u00f8pet, refunderer vi bel\u00f8pet du betalte for produktet. Fra det tilbakebetalte bel\u00f8pet har vi rett til \u00e5 trekke et bel\u00f8p som tilsvarer verdifallet p\u00e5 produktet fra dets opprinnelige verdi dersom og i den grad slik verdinedgang skyldes at du h\u00e5ndterer produktet i st\u00f8rre grad enn n\u00f8dvendig for \u00e5 bestemme dens egenskaper eller om den fungerte som den skulle.<\/p>\n\n<p>6.6<\/p>\n\n<p>Vi refunderer bel\u00f8pet s\u00e5 snart som mulig og innen 30 dager fra datoen vi mottok produktet.<\/p>\n\n<p><strong>7. Garanti og melding om avvik<\/strong><\/p>\n\n<p>7.1<\/p>\n\n<p>Garantien for produkter dekker kun originale fabrikasjonsfeil og ikke feil som oppst\u00e5r i forbindelse med eller etter endringer i produktets funksjon og utseende, f.eks. ombygging, oppgradering eller annen konfigurasjon av produktet. Produktet m\u00e5 ogs\u00e5 brukes og vedlikeholdes i henhold til v\u00e5re guider vi har p\u00e5 siden for at garantien skal dekkes. Din ordrebekreftelse er ditt garantibevis. Ulike produkter har forskjellige garantiperioder.<\/p>\n\n<p>7.2<\/p>\n\n<p>Din rett til \u00e5 varsle om avvik omfatter produkter som er defekte under gjeldende forbrukerbeskyttelseslovgivning. Kunder som \u00f8nsker \u00e5 konstatere mangler ved bestilte produkter m\u00e5 kontakte oss s\u00e5 snart som mulig etter at mangelen er oppdaget via kontaktinformasjonen p\u00e5 nettsiden. Meldinger om avvik gitt innen to m\u00e5neder etter at du oppdaget mangelen, anses alltid for \u00e5 v\u00e6re sendt til rett tid. Du har tre \u00e5rs rett til \u00e5 varsle om avvik for produkter kj\u00f8pt p\u00e5 denne nettsiden. Du b\u00f8r alltid rapportere ethvert avvik s\u00e5 raskt som mulig for \u00e5 v\u00e6re sikker p\u00e5 at du ikke mister rettighetene dine.<\/p>\n\n<p>7.3<\/p>\n\n<p>Spesifikasjonene gitt for hvert produkt er alltid gitt under ideelle forhold. Vi tar derfor forbehold om eventuelle avvik i disse. Vi forbeholder oss ogs\u00e5 retten til eventuelle skrivefeil eller mindre avvik i bilder av produktene v\u00e5re.<\/p>\n\n<p>7.4<\/p>\n\n<p><strong>Vi betaler alltid returen n\u00e5r varselet om avvik er akseptert.<\/strong><\/p>\n\n<p>7.5<\/p>\n\n<p>N\u00e5r et produkt har blitt returnert og samsvarserkl\u00e6ringen er godkjent, vil vi kompensere deg i henhold til vilk\u00e5rene i gjeldende forbrukerbeskyttelseslovgivning. V\u00e5rt m\u00e5l er \u00e5 gj\u00f8re dette innen 30 dager etter at vi har mottatt varsel om avviket, men det kan ta lengre tid avhengig av produktet det gjelder. Vi forbeholder oss retten til \u00e5 avvise en melding om avvik dersom det viser seg at produktet ikke er defekt i henhold til vilk\u00e5rene i gjeldende forbrukerbeskyttelseslovgivning. Ved rapportering av samsvar f\u00f8lger vi retningslinjene fra Konsumentvister (www.arn.se). Mer informasjon er tilgjengelig p\u00e5 www.konsumentverket.se.<\/p>\n\n<p><strong>8. Force majeure<\/strong><\/p>\n\n<p>Vi er ikke ansvarlige for forsinkelser for\u00e5rsaket av omstendigheter utenfor v\u00e5r kontroll, slik som generelle arbeidskonflikter, epidemier, krig, brann, lynnedslag, terrorangrep, endringer i myndighetsbestemmelser, tekniske problemer, feil i elektriske \/ telekommunikasjons- \/ dataforbindelser eller annen kommunikasjon og feil eller forsinkelser i tjenester fra underleverand\u00f8rer p\u00e5 grunn av disse omstendighetene. Disse omstendighetene utgj\u00f8r force majeure som frigj\u00f8r oss fra skader og andre konsekvenser. Hvis en slik situasjon oppst\u00e5r, vil vi varsle deg b\u00e5de i begynnelsen og p\u00e5 slutten av denne omstendigheten. Hvis en slik omstendighet varer i mer enn to m\u00e5neder, har du og vi rett til \u00e5 heve kj\u00f8pet.<\/p>\n\n<p><strong>9. Endringer i vilk\u00e5rene<\/strong><\/p>\n\n<p>Vi forbeholder oss retten til \u00e5 endre disse vilk\u00e5rene og betingelsene n\u00e5r som helst. Eventuelle endringer i disse vilk\u00e5rene vil bli lagt ut p\u00e5 denne nettsiden. Endringer trer i kraft n\u00e5r du godtar vilk\u00e5rene i forbindelse med et kj\u00f8p eller n\u00e5r du bes\u00f8ker nettstedet eller 30 dager etter at vi varslet deg om disse endringene. Vi anbefaler at du jevnlig sjekker nettsiden slik at du er klar over eventuelle endringer i disse vilk\u00e5rene.<\/p>\n\n<p><strong>10. Gjeldende lov og tvister<\/strong><\/p>\n\n<p>10.1<\/p>\n\n<p>Det b\u00f8r alltid gj\u00f8res et fors\u00f8k p\u00e5 \u00e5 l\u00f8se tvister ved diskusjon med v\u00e5r kundeserviceavdeling. Ved eventuelle tvister f\u00f8lger vi alltid avgj\u00f8relsene fra det svenske konsumentverket.<\/p>\n\n<p>10.2<\/p>\n\n<p>Tvister ang\u00e5ende opptreden eller anvendelse av vilk\u00e5rene og betingelsene m\u00e5 tolkes i henhold til svensk lov og avgj\u00f8res av ARN eller endelig av den offentlige domstolen.<\/p>\n\n<p>Disse vilk\u00e5rene og betingelsene ble etablert av Evess AB 28. april 2019.<\/p>\n","protected":false},"excerpt":{"rendered":"<p>1. Generelt 1.1 Disse generelle betingelsene gjelder n\u00e5r du som forbruker bestiller via v\u00e5r nettside: www.evess.se. Det utarbeides en avtale mellom deg og Evess AB, organisasjonsnummer 559203-6866. Detaljert kontaktinformasjon og annen viktig informasjon om Evess AB finner du p\u00e5 kontakt oss-siden. Vilk\u00e5rene gjelder kun for forbrukere som bestiller via denne nettsiden. 1.2 Vi f\u00f8lger vilk\u00e5rene [&hellip;]<\/p>\n","protected":false},"author":1,"featured_media":0,"parent":0,"menu_order":0,"comment_status":"closed","ping_status":"closed","template":"","meta":{"_acf_changed":false,"footnotes":""},"class_list":["post-1052","page","type-page","status-publish","hentry"],"acf":[],"yoast_head":"<!-- This site is optimized with the Yoast SEO plugin v27.5 - https:\/\/yoast.com\/product\/yoast-seo-wordpress\/ -->\n<title>Kj\u00f8psbetingelser - Evess<\/title>\n<meta name=\"robots\" content=\"index, follow, max-snippet:-1, max-image-preview:large, max-video-preview:-1\" \/>\n<link rel=\"canonical\" href=\"https:\/\/www.evess.se\/no\/kjopsbetingelser\/\" \/>\n<meta property=\"og:locale\" content=\"nb_NO\" \/>\n<meta property=\"og:type\" content=\"article\" \/>\n<meta property=\"og:title\" content=\"Kj\u00f8psbetingelser - Evess\" \/>\n<meta property=\"og:description\" content=\"1. Generelt 1.1 Disse generelle betingelsene gjelder n\u00e5r du som forbruker bestiller via v\u00e5r nettside: www.evess.se. Det utarbeides en avtale mellom deg og Evess AB, organisasjonsnummer 559203-6866. Detaljert kontaktinformasjon og annen viktig informasjon om Evess AB finner du p\u00e5 kontakt oss-siden. Vilk\u00e5rene gjelder kun for forbrukere som bestiller via denne nettsiden. 1.2 Vi f\u00f8lger vilk\u00e5rene [&hellip;]\" \/>\n<meta property=\"og:url\" content=\"https:\/\/www.evess.se\/no\/kjopsbetingelser\/\" \/>\n<meta property=\"og:site_name\" content=\"Evess\" \/>\n<meta property=\"article:publisher\" content=\"https:\/\/www.facebook.com\/evessmoped\" \/>\n<meta property=\"article:modified_time\" content=\"2024-09-02T20:48:41+00:00\" \/>\n<meta property=\"og:image\" content=\"https:\/\/www.evess.se\/wp-content\/uploads\/2023\/11\/screenshot.png\" \/>\n\t<meta property=\"og:image:width\" content=\"1200\" \/>\n\t<meta property=\"og:image:height\" content=\"900\" \/>\n\t<meta property=\"og:image:type\" content=\"image\/png\" \/>\n<meta name=\"twitter:card\" content=\"summary_large_image\" \/>\n<meta name=\"twitter:label1\" content=\"Ansl. lesetid\" \/>\n\t<meta name=\"twitter:data1\" content=\"8 minutter\" \/>\n<script type=\"application\/ld+json\" class=\"yoast-schema-graph\">{\"@context\":\"https:\\\/\\\/schema.org\",\"@graph\":[{\"@type\":\"WebPage\",\"@id\":\"https:\\\/\\\/www.evess.se\\\/no\\\/kjopsbetingelser\\\/\",\"url\":\"https:\\\/\\\/www.evess.se\\\/no\\\/kjopsbetingelser\\\/\",\"name\":\"Kj\u00f8psbetingelser - Evess\",\"isPartOf\":{\"@id\":\"https:\\\/\\\/www.evess.se\\\/no\\\/#website\"},\"datePublished\":\"2023-11-14T16:18:42+00:00\",\"dateModified\":\"2024-09-02T20:48:41+00:00\",\"breadcrumb\":{\"@id\":\"https:\\\/\\\/www.evess.se\\\/no\\\/kjopsbetingelser\\\/#breadcrumb\"},\"inLanguage\":\"nb-NO\",\"potentialAction\":[{\"@type\":\"ReadAction\",\"target\":[\"https:\\\/\\\/www.evess.se\\\/no\\\/kjopsbetingelser\\\/\"]}]},{\"@type\":\"BreadcrumbList\",\"@id\":\"https:\\\/\\\/www.evess.se\\\/no\\\/kjopsbetingelser\\\/#breadcrumb\",\"itemListElement\":[{\"@type\":\"ListItem\",\"position\":1,\"name\":\"Hem\",\"item\":\"https:\\\/\\\/www.evess.se\\\/no\\\/\"},{\"@type\":\"ListItem\",\"position\":2,\"name\":\"Kj\u00f8psbetingelser\"}]},{\"@type\":\"WebSite\",\"@id\":\"https:\\\/\\\/www.evess.se\\\/no\\\/#website\",\"url\":\"https:\\\/\\\/www.evess.se\\\/no\\\/\",\"name\":\"Evess\",\"description\":\"Elmopeder f\u00f6r ett milj\u00f6smart samh\u00e4lle\",\"publisher\":{\"@id\":\"https:\\\/\\\/www.evess.se\\\/no\\\/#organization\"},\"potentialAction\":[{\"@type\":\"SearchAction\",\"target\":{\"@type\":\"EntryPoint\",\"urlTemplate\":\"https:\\\/\\\/www.evess.se\\\/no\\\/?s={search_term_string}\"},\"query-input\":{\"@type\":\"PropertyValueSpecification\",\"valueRequired\":true,\"valueName\":\"search_term_string\"}}],\"inLanguage\":\"nb-NO\"},{\"@type\":\"Organization\",\"@id\":\"https:\\\/\\\/www.evess.se\\\/no\\\/#organization\",\"name\":\"Evess\",\"url\":\"https:\\\/\\\/www.evess.se\\\/no\\\/\",\"logo\":{\"@type\":\"ImageObject\",\"inLanguage\":\"nb-NO\",\"@id\":\"https:\\\/\\\/www.evess.se\\\/no\\\/#\\\/schema\\\/logo\\\/image\\\/\",\"url\":\"https:\\\/\\\/www.evess.se\\\/wp-content\\\/uploads\\\/2023\\\/11\\\/evess-logo-black.png\",\"contentUrl\":\"https:\\\/\\\/www.evess.se\\\/wp-content\\\/uploads\\\/2023\\\/11\\\/evess-logo-black.png\",\"width\":1417,\"height\":312,\"caption\":\"Evess\"},\"image\":{\"@id\":\"https:\\\/\\\/www.evess.se\\\/no\\\/#\\\/schema\\\/logo\\\/image\\\/\"},\"sameAs\":[\"https:\\\/\\\/www.facebook.com\\\/evessmoped\"]}]}<\/script>\n<!-- \/ Yoast SEO plugin. -->","yoast_head_json":{"title":"Kj\u00f8psbetingelser - Evess","robots":{"index":"index","follow":"follow","max-snippet":"max-snippet:-1","max-image-preview":"max-image-preview:large","max-video-preview":"max-video-preview:-1"},"canonical":"https:\/\/www.evess.se\/no\/kjopsbetingelser\/","og_locale":"nb_NO","og_type":"article","og_title":"Kj\u00f8psbetingelser - Evess","og_description":"1. Generelt 1.1 Disse generelle betingelsene gjelder n\u00e5r du som forbruker bestiller via v\u00e5r nettside: www.evess.se. Det utarbeides en avtale mellom deg og Evess AB, organisasjonsnummer 559203-6866. Detaljert kontaktinformasjon og annen viktig informasjon om Evess AB finner du p\u00e5 kontakt oss-siden. Vilk\u00e5rene gjelder kun for forbrukere som bestiller via denne nettsiden. 1.2 Vi f\u00f8lger vilk\u00e5rene [&hellip;]","og_url":"https:\/\/www.evess.se\/no\/kjopsbetingelser\/","og_site_name":"Evess","article_publisher":"https:\/\/www.facebook.com\/evessmoped","article_modified_time":"2024-09-02T20:48:41+00:00","og_image":[{"width":1200,"height":900,"url":"https:\/\/www.evess.se\/wp-content\/uploads\/2023\/11\/screenshot.png","type":"image\/png"}],"twitter_card":"summary_large_image","twitter_misc":{"Ansl. lesetid":"8 minutter"},"schema":{"@context":"https:\/\/schema.org","@graph":[{"@type":"WebPage","@id":"https:\/\/www.evess.se\/no\/kjopsbetingelser\/","url":"https:\/\/www.evess.se\/no\/kjopsbetingelser\/","name":"Kj\u00f8psbetingelser - Evess","isPartOf":{"@id":"https:\/\/www.evess.se\/no\/#website"},"datePublished":"2023-11-14T16:18:42+00:00","dateModified":"2024-09-02T20:48:41+00:00","breadcrumb":{"@id":"https:\/\/www.evess.se\/no\/kjopsbetingelser\/#breadcrumb"},"inLanguage":"nb-NO","potentialAction":[{"@type":"ReadAction","target":["https:\/\/www.evess.se\/no\/kjopsbetingelser\/"]}]},{"@type":"BreadcrumbList","@id":"https:\/\/www.evess.se\/no\/kjopsbetingelser\/#breadcrumb","itemListElement":[{"@type":"ListItem","position":1,"name":"Hem","item":"https:\/\/www.evess.se\/no\/"},{"@type":"ListItem","position":2,"name":"Kj\u00f8psbetingelser"}]},{"@type":"WebSite","@id":"https:\/\/www.evess.se\/no\/#website","url":"https:\/\/www.evess.se\/no\/","name":"Evess","description":"Elmopeder f\u00f6r ett milj\u00f6smart samh\u00e4lle","publisher":{"@id":"https:\/\/www.evess.se\/no\/#organization"},"potentialAction":[{"@type":"SearchAction","target":{"@type":"EntryPoint","urlTemplate":"https:\/\/www.evess.se\/no\/?s={search_term_string}"},"query-input":{"@type":"PropertyValueSpecification","valueRequired":true,"valueName":"search_term_string"}}],"inLanguage":"nb-NO"},{"@type":"Organization","@id":"https:\/\/www.evess.se\/no\/#organization","name":"Evess","url":"https:\/\/www.evess.se\/no\/","logo":{"@type":"ImageObject","inLanguage":"nb-NO","@id":"https:\/\/www.evess.se\/no\/#\/schema\/logo\/image\/","url":"https:\/\/www.evess.se\/wp-content\/uploads\/2023\/11\/evess-logo-black.png","contentUrl":"https:\/\/www.evess.se\/wp-content\/uploads\/2023\/11\/evess-logo-black.png","width":1417,"height":312,"caption":"Evess"},"image":{"@id":"https:\/\/www.evess.se\/no\/#\/schema\/logo\/image\/"},"sameAs":["https:\/\/www.facebook.com\/evessmoped"]}]}},"_links":{"self":[{"href":"https:\/\/www.evess.se\/no\/wp-json\/wp\/v2\/pages\/1052","targetHints":{"allow":["GET"]}}],"collection":[{"href":"https:\/\/www.evess.se\/no\/wp-json\/wp\/v2\/pages"}],"about":[{"href":"https:\/\/www.evess.se\/no\/wp-json\/wp\/v2\/types\/page"}],"author":[{"embeddable":true,"href":"https:\/\/www.evess.se\/no\/wp-json\/wp\/v2\/users\/1"}],"replies":[{"embeddable":true,"href":"https:\/\/www.evess.se\/no\/wp-json\/wp\/v2\/comments?post=1052"}],"version-history":[{"count":5,"href":"https:\/\/www.evess.se\/no\/wp-json\/wp\/v2\/pages\/1052\/revisions"}],"predecessor-version":[{"id":14020,"href":"https:\/\/www.evess.se\/no\/wp-json\/wp\/v2\/pages\/1052\/revisions\/14020"}],"wp:attachment":[{"href":"https:\/\/www.evess.se\/no\/wp-json\/wp\/v2\/media?parent=1052"}],"curies":[{"name":"wp","href":"https:\/\/api.w.org\/{rel}","templated":true}]}}