{"id":15595,"date":"2025-06-16T09:40:20","date_gmt":"2025-06-16T09:40:20","guid":{"rendered":"https:\/\/www.evess.se\/produkt\/uncategorized\/evess-electric-moped-pre-order\/"},"modified":"2026-05-04T20:45:36","modified_gmt":"2026-05-04T20:45:36","slug":"evess-electric-moped","status":"publish","type":"product","link":"https:\/\/www.evess.se\/en\/produkt\/electric-mopeds\/evess-electric-moped\/","title":{"rendered":"Evess Elmoped"},"content":{"rendered":"&#13;\n<p>Buy an elmoped from Evess and get state-of-the-art technology in a classic and stylish package. Our elmoped combines the best of both worlds &#8211; stylish design, inspired by the iconic Italian Vespa, and market-leading performance. <\/p>&#13;\n<p>Your purchase of an elmoped includes a 28 Ah battery from Samsung or LG. Upgrade the batteries to a full 56 Ah = 3360 Wh if you wish. This means that the Evess elmoped offers one of the most impressive ranges on the market. You will be able to maintain a consistent speed of 45 km\/h for longer distances. This makes our elmoped the optimal choice for both city driving and longer excursions.    <\/p>&#13;\n<p>The Evess elmoped&#8217;s design is a perfect balance between the classic and the modern. The long seating area provides comfortable space for two people, and the retro-inspired style is complemented by eight different color choices with matching white tires. When you buy an elmoped from us at <a href=\"\/\">Evess<\/a>, you&#8217;re not just investing in an elmoped, but in a lifestyle.  <\/p>&#13;\n<p>All our electric mopeds are equipped with a range of high-quality features, including front and rear hydraulic disc brakes, alarm, bright LED lights, horn and shock absorbers. We also offer a built-in alarm with the purchase of an electric moped. The alarm is activated with a simple push of a button. You&#8217;ll also find a handy USB input to charge your phone on the go. Perfect for those who also bought our <a href=\"https:\/\/www.evess.se\/en\/produkt\/accessories\/mobile-phone-holder\/\">mobile holder<\/a> to use when traveling!    <\/p>&#13;\n<p>So when you buy an electric moped from us, you&#8217;ll get a portable transportation solution that&#8217;s ready to go in all weathers and on all types of roads. Take the chance and book a test drive today &#8211; you won&#8217;t be disappointed! <\/p>&#13;\n<p>The Evess elmoped is your smart and stylish transportation solution. Create your own tracks with Evess. Are you ready to experience a new level of mobility? Buy the Evess elmoped today and feel the difference.   <\/p>&#13;\n","protected":false},"excerpt":{"rendered":"<p>Battery, battery, battery. Up to 56Ah or 3480 from Samsung! <\/p>\n","protected":false},"featured_media":15422,"comment_status":"closed","ping_status":"closed","template":"","meta":{"_acf_changed":false},"product_brand":[],"product_cat":[98],"product_tag":[94],"class_list":{"0":"post-15595","1":"product","2":"type-product","3":"status-publish","4":"has-post-thumbnail","6":"product_cat-electric-mopeds","7":"product_tag-price-variations","9":"first","10":"instock","11":"taxable","12":"shipping-taxable","13":"purchasable","14":"product-type-variable","15":"has-default-attributes"},"bundled_by":[],"bundle_stock_status":"instock","bundle_stock_quantity":null,"bundle_virtual":false,"bundle_layout":"","bundle_add_to_cart_form_location":"","bundle_editable_in_cart":false,"bundle_sold_individually_context":"","bundle_item_grouping":"","bundle_min_size":"","bundle_max_size":"","bundle_price":[],"bundled_items":[],"bundle_sell_ids":[],"acf":[],"yoast_head":"<!-- This site is optimized with the Yoast SEO plugin v27.5 - https:\/\/yoast.com\/product\/yoast-seo-wordpress\/ -->\n<title>Buy Electric Moped - Stylish Italian Design - Evess<\/title>\n<meta name=\"description\" content=\"Buy an elmoped online at Evess. Our elmopeds are available in 8 different colors. Strong batteries from Samsung of 2000 W and 26 Ah, take you as far as 60 km on one charge.\" \/>\n<meta name=\"robots\" content=\"index, follow, max-snippet:-1, max-image-preview:large, max-video-preview:-1\" \/>\n<link rel=\"canonical\" href=\"https:\/\/www.evess.se\/en\/produkt\/electric-mopeds\/evess-electric-moped\/\" \/>\n<meta property=\"og:locale\" content=\"en_US\" \/>\n<meta property=\"og:type\" content=\"article\" \/>\n<meta property=\"og:title\" content=\"Buy Electric Moped - Stylish Italian Design - Evess\" \/>\n<meta property=\"og:description\" content=\"Buy an elmoped online at Evess. Our elmopeds are available in 8 different colors. Strong batteries from Samsung of 2000 W and 26 Ah, take you as far as 60 km on one charge.\" \/>\n<meta property=\"og:url\" content=\"https:\/\/www.evess.se\/en\/produkt\/electric-mopeds\/evess-electric-moped\/\" \/>\n<meta property=\"og:site_name\" content=\"Evess\" \/>\n<meta property=\"article:publisher\" content=\"https:\/\/www.facebook.com\/evessmoped\" \/>\n<meta property=\"article:modified_time\" content=\"2026-05-04T20:45:36+00:00\" \/>\n<meta property=\"og:image\" content=\"https:\/\/www.evess.se\/wp-content\/uploads\/2025\/06\/vit-snett-fram.webp\" \/>\n\t<meta property=\"og:image:width\" content=\"2000\" \/>\n\t<meta property=\"og:image:height\" content=\"2000\" \/>\n\t<meta property=\"og:image:type\" content=\"image\/webp\" \/>\n<meta name=\"twitter:card\" content=\"summary_large_image\" \/>\n<meta name=\"twitter:label1\" content=\"Est. reading time\" \/>\n\t<meta name=\"twitter:data1\" content=\"2 minutes\" \/>\n<script type=\"application\/ld+json\" class=\"yoast-schema-graph\">{\"@context\":\"https:\\\/\\\/schema.org\",\"@graph\":[{\"@type\":\"WebPage\",\"@id\":\"https:\\\/\\\/www.evess.se\\\/en\\\/produkt\\\/electric-mopeds\\\/evess-electric-moped\\\/\",\"url\":\"https:\\\/\\\/www.evess.se\\\/en\\\/produkt\\\/electric-mopeds\\\/evess-electric-moped\\\/\",\"name\":\"Buy Electric Moped - Stylish Italian Design - Evess\",\"isPartOf\":{\"@id\":\"https:\\\/\\\/www.evess.se\\\/en\\\/#website\"},\"primaryImageOfPage\":{\"@id\":\"https:\\\/\\\/www.evess.se\\\/en\\\/produkt\\\/electric-mopeds\\\/evess-electric-moped\\\/#primaryimage\"},\"image\":{\"@id\":\"https:\\\/\\\/www.evess.se\\\/en\\\/produkt\\\/electric-mopeds\\\/evess-electric-moped\\\/#primaryimage\"},\"thumbnailUrl\":\"https:\\\/\\\/www.evess.se\\\/wp-content\\\/uploads\\\/2025\\\/06\\\/vit-snett-fram.webp\",\"datePublished\":\"2025-06-16T09:40:20+00:00\",\"dateModified\":\"2026-05-04T20:45:36+00:00\",\"description\":\"Buy an elmoped online at Evess. Our elmopeds are available in 8 different colors. Strong batteries from Samsung of 2000 W and 26 Ah, take you as far as 60 km on one charge.\",\"breadcrumb\":{\"@id\":\"https:\\\/\\\/www.evess.se\\\/en\\\/produkt\\\/electric-mopeds\\\/evess-electric-moped\\\/#breadcrumb\"},\"inLanguage\":\"en-US\",\"potentialAction\":[{\"@type\":\"ReadAction\",\"target\":[\"https:\\\/\\\/www.evess.se\\\/en\\\/produkt\\\/electric-mopeds\\\/evess-electric-moped\\\/\"]}]},{\"@type\":\"ImageObject\",\"inLanguage\":\"en-US\",\"@id\":\"https:\\\/\\\/www.evess.se\\\/en\\\/produkt\\\/electric-mopeds\\\/evess-electric-moped\\\/#primaryimage\",\"url\":\"https:\\\/\\\/www.evess.se\\\/wp-content\\\/uploads\\\/2025\\\/06\\\/vit-snett-fram.webp\",\"contentUrl\":\"https:\\\/\\\/www.evess.se\\\/wp-content\\\/uploads\\\/2025\\\/06\\\/vit-snett-fram.webp\",\"width\":2000,\"height\":2000},{\"@type\":\"BreadcrumbList\",\"@id\":\"https:\\\/\\\/www.evess.se\\\/en\\\/produkt\\\/electric-mopeds\\\/evess-electric-moped\\\/#breadcrumb\",\"itemListElement\":[{\"@type\":\"ListItem\",\"position\":1,\"name\":\"Hem\",\"item\":\"https:\\\/\\\/www.evess.se\\\/en\\\/\"},{\"@type\":\"ListItem\",\"position\":2,\"name\":\"Store\",\"item\":\"https:\\\/\\\/www.evess.se\\\/en\\\/store\\\/\"},{\"@type\":\"ListItem\",\"position\":3,\"name\":\"Evess Elmoped\"}]},{\"@type\":\"WebSite\",\"@id\":\"https:\\\/\\\/www.evess.se\\\/en\\\/#website\",\"url\":\"https:\\\/\\\/www.evess.se\\\/en\\\/\",\"name\":\"Evess\",\"description\":\"Elmopeder f\u00f6r ett milj\u00f6smart samh\u00e4lle\",\"publisher\":{\"@id\":\"https:\\\/\\\/www.evess.se\\\/en\\\/#organization\"},\"potentialAction\":[{\"@type\":\"SearchAction\",\"target\":{\"@type\":\"EntryPoint\",\"urlTemplate\":\"https:\\\/\\\/www.evess.se\\\/en\\\/?s={search_term_string}\"},\"query-input\":{\"@type\":\"PropertyValueSpecification\",\"valueRequired\":true,\"valueName\":\"search_term_string\"}}],\"inLanguage\":\"en-US\"},{\"@type\":\"Organization\",\"@id\":\"https:\\\/\\\/www.evess.se\\\/en\\\/#organization\",\"name\":\"Evess\",\"url\":\"https:\\\/\\\/www.evess.se\\\/en\\\/\",\"logo\":{\"@type\":\"ImageObject\",\"inLanguage\":\"en-US\",\"@id\":\"https:\\\/\\\/www.evess.se\\\/en\\\/#\\\/schema\\\/logo\\\/image\\\/\",\"url\":\"https:\\\/\\\/www.evess.se\\\/wp-content\\\/uploads\\\/2023\\\/11\\\/evess-logo-black.png\",\"contentUrl\":\"https:\\\/\\\/www.evess.se\\\/wp-content\\\/uploads\\\/2023\\\/11\\\/evess-logo-black.png\",\"width\":1417,\"height\":312,\"caption\":\"Evess\"},\"image\":{\"@id\":\"https:\\\/\\\/www.evess.se\\\/en\\\/#\\\/schema\\\/logo\\\/image\\\/\"},\"sameAs\":[\"https:\\\/\\\/www.facebook.com\\\/evessmoped\"]}]}<\/script>\n<!-- \/ Yoast SEO plugin. -->","yoast_head_json":{"title":"Buy Electric Moped - Stylish Italian Design - Evess","description":"Buy an elmoped online at Evess. Our elmopeds are available in 8 different colors. Strong batteries from Samsung of 2000 W and 26 Ah, take you as far as 60 km on one charge.","robots":{"index":"index","follow":"follow","max-snippet":"max-snippet:-1","max-image-preview":"max-image-preview:large","max-video-preview":"max-video-preview:-1"},"canonical":"https:\/\/www.evess.se\/en\/produkt\/electric-mopeds\/evess-electric-moped\/","og_locale":"en_US","og_type":"article","og_title":"Buy Electric Moped - Stylish Italian Design - Evess","og_description":"Buy an elmoped online at Evess. Our elmopeds are available in 8 different colors. Strong batteries from Samsung of 2000 W and 26 Ah, take you as far as 60 km on one charge.","og_url":"https:\/\/www.evess.se\/en\/produkt\/electric-mopeds\/evess-electric-moped\/","og_site_name":"Evess","article_publisher":"https:\/\/www.facebook.com\/evessmoped","article_modified_time":"2026-05-04T20:45:36+00:00","og_image":[{"width":2000,"height":2000,"url":"https:\/\/www.evess.se\/wp-content\/uploads\/2025\/06\/vit-snett-fram.webp","type":"image\/webp"}],"twitter_card":"summary_large_image","twitter_misc":{"Est. reading time":"2 minutes"},"schema":{"@context":"https:\/\/schema.org","@graph":[{"@type":"WebPage","@id":"https:\/\/www.evess.se\/en\/produkt\/electric-mopeds\/evess-electric-moped\/","url":"https:\/\/www.evess.se\/en\/produkt\/electric-mopeds\/evess-electric-moped\/","name":"Buy Electric Moped - Stylish Italian Design - Evess","isPartOf":{"@id":"https:\/\/www.evess.se\/en\/#website"},"primaryImageOfPage":{"@id":"https:\/\/www.evess.se\/en\/produkt\/electric-mopeds\/evess-electric-moped\/#primaryimage"},"image":{"@id":"https:\/\/www.evess.se\/en\/produkt\/electric-mopeds\/evess-electric-moped\/#primaryimage"},"thumbnailUrl":"https:\/\/www.evess.se\/wp-content\/uploads\/2025\/06\/vit-snett-fram.webp","datePublished":"2025-06-16T09:40:20+00:00","dateModified":"2026-05-04T20:45:36+00:00","description":"Buy an elmoped online at Evess. Our elmopeds are available in 8 different colors. Strong batteries from Samsung of 2000 W and 26 Ah, take you as far as 60 km on one charge.","breadcrumb":{"@id":"https:\/\/www.evess.se\/en\/produkt\/electric-mopeds\/evess-electric-moped\/#breadcrumb"},"inLanguage":"en-US","potentialAction":[{"@type":"ReadAction","target":["https:\/\/www.evess.se\/en\/produkt\/electric-mopeds\/evess-electric-moped\/"]}]},{"@type":"ImageObject","inLanguage":"en-US","@id":"https:\/\/www.evess.se\/en\/produkt\/electric-mopeds\/evess-electric-moped\/#primaryimage","url":"https:\/\/www.evess.se\/wp-content\/uploads\/2025\/06\/vit-snett-fram.webp","contentUrl":"https:\/\/www.evess.se\/wp-content\/uploads\/2025\/06\/vit-snett-fram.webp","width":2000,"height":2000},{"@type":"BreadcrumbList","@id":"https:\/\/www.evess.se\/en\/produkt\/electric-mopeds\/evess-electric-moped\/#breadcrumb","itemListElement":[{"@type":"ListItem","position":1,"name":"Hem","item":"https:\/\/www.evess.se\/en\/"},{"@type":"ListItem","position":2,"name":"Store","item":"https:\/\/www.evess.se\/en\/store\/"},{"@type":"ListItem","position":3,"name":"Evess Elmoped"}]},{"@type":"WebSite","@id":"https:\/\/www.evess.se\/en\/#website","url":"https:\/\/www.evess.se\/en\/","name":"Evess","description":"Elmopeder f\u00f6r ett milj\u00f6smart samh\u00e4lle","publisher":{"@id":"https:\/\/www.evess.se\/en\/#organization"},"potentialAction":[{"@type":"SearchAction","target":{"@type":"EntryPoint","urlTemplate":"https:\/\/www.evess.se\/en\/?s={search_term_string}"},"query-input":{"@type":"PropertyValueSpecification","valueRequired":true,"valueName":"search_term_string"}}],"inLanguage":"en-US"},{"@type":"Organization","@id":"https:\/\/www.evess.se\/en\/#organization","name":"Evess","url":"https:\/\/www.evess.se\/en\/","logo":{"@type":"ImageObject","inLanguage":"en-US","@id":"https:\/\/www.evess.se\/en\/#\/schema\/logo\/image\/","url":"https:\/\/www.evess.se\/wp-content\/uploads\/2023\/11\/evess-logo-black.png","contentUrl":"https:\/\/www.evess.se\/wp-content\/uploads\/2023\/11\/evess-logo-black.png","width":1417,"height":312,"caption":"Evess"},"image":{"@id":"https:\/\/www.evess.se\/en\/#\/schema\/logo\/image\/"},"sameAs":["https:\/\/www.facebook.com\/evessmoped"]}]}},"_links":{"self":[{"href":"https:\/\/www.evess.se\/en\/wp-json\/wp\/v2\/product\/15595","targetHints":{"allow":["GET"]}}],"collection":[{"href":"https:\/\/www.evess.se\/en\/wp-json\/wp\/v2\/product"}],"about":[{"href":"https:\/\/www.evess.se\/en\/wp-json\/wp\/v2\/types\/product"}],"replies":[{"embeddable":true,"href":"https:\/\/www.evess.se\/en\/wp-json\/wp\/v2\/comments?post=15595"}],"wp:featuredmedia":[{"embeddable":true,"href":"https:\/\/www.evess.se\/en\/wp-json\/wp\/v2\/media\/15422"}],"wp:attachment":[{"href":"https:\/\/www.evess.se\/en\/wp-json\/wp\/v2\/media?parent=15595"}],"wp:term":[{"taxonomy":"product_brand","embeddable":true,"href":"https:\/\/www.evess.se\/en\/wp-json\/wp\/v2\/product_brand?post=15595"},{"taxonomy":"product_cat","embeddable":true,"href":"https:\/\/www.evess.se\/en\/wp-json\/wp\/v2\/product_cat?post=15595"},{"taxonomy":"product_tag","embeddable":true,"href":"https:\/\/www.evess.se\/en\/wp-json\/wp\/v2\/product_tag?post=15595"}],"curies":[{"name":"wp","href":"https:\/\/api.w.org\/{rel}","templated":true}]}}