{"id":15383,"date":"2023-11-04T21:18:34","date_gmt":"2023-11-04T21:18:34","guid":{"rendered":"https:\/\/www.evess.se\/produkt\/uncategorized\/helmet-classic-black\/"},"modified":"2023-11-04T21:18:34","modified_gmt":"2023-11-04T21:18:34","slug":"helmet-classic-black","status":"publish","type":"product","link":"https:\/\/www.evess.se\/en\/produkt\/accessories\/moped-helmets\/helmet-classic-black\/","title":{"rendered":"Helmet Classic Black"},"content":{"rendered":"<p>A classic helmet for a moped, scooter or motorcycle. A helmet is a must when driving mopeds and motorcycles not only by law but also for your safety. The Classic black helmet fits perfectly with all electric mopeds in the range. The moped helmet is classified according to the highest safety requirements and is approved for driving mopeds, scooters and motorcycles. It is made of ABS (Acrylonitrile-Butadiene-Styrene copolymer). It also has textile padding on the inside and is very comfortable to wear. It also has an adjustable strap so that the helmet fits properly. If you&#8217;re not sure which size is right for you, measure the circumference of your head in cm and use the size chart below!       <\/p>\n<table>\n<tbody>\n<tr>\n<td><strong>53\/54<\/strong><\/td>\n<td><strong>55\/56<\/strong><\/td>\n<td><strong>57\/58<\/strong><\/td>\n<td><strong>59\/60<\/strong><\/td>\n<td><strong>61\/62<\/strong><\/td>\n<\/tr>\n<tr>\n<td><strong>XS<\/strong><\/td>\n<td><strong>S<\/strong><\/td>\n<td><strong>M<\/strong><\/td>\n<td><strong>L<\/strong><\/td>\n<td><strong>XL<\/strong><\/td>\n<\/tr>\n<\/tbody>\n<\/table>\n","protected":false},"excerpt":{"rendered":"<p>A classic moped helmet!<\/p>\n","protected":false},"featured_media":15387,"comment_status":"closed","ping_status":"closed","template":"","meta":{"_acf_changed":false},"product_brand":[],"product_cat":[85,84],"product_tag":[],"class_list":{"0":"post-15383","1":"product","2":"type-product","3":"status-publish","4":"has-post-thumbnail","6":"product_cat-accessories","7":"product_cat-moped-helmets","9":"first","10":"instock","11":"taxable","12":"shipping-taxable","13":"purchasable","14":"product-type-variable","15":"has-default-attributes"},"bundled_by":[],"bundle_stock_status":"instock","bundle_stock_quantity":null,"bundle_virtual":false,"bundle_layout":"","bundle_add_to_cart_form_location":"","bundle_editable_in_cart":false,"bundle_sold_individually_context":"","bundle_item_grouping":"","bundle_min_size":"","bundle_max_size":"","bundle_price":[],"bundled_items":[],"bundle_sell_ids":[],"acf":[],"yoast_head":"<!-- This site is optimized with the Yoast SEO plugin v27.5 - https:\/\/yoast.com\/product\/yoast-seo-wordpress\/ -->\n<title>The Classic helmet in black is a safe helmet for your electric scooter | Evess<\/title>\n<meta name=\"description\" content=\"Best moped helmet for moped and motorcycle. A classic vintage helmet in black, ECE safety rated for moped, electric scooter and motorcycle.\" \/>\n<meta name=\"robots\" content=\"index, follow, max-snippet:-1, max-image-preview:large, max-video-preview:-1\" \/>\n<link rel=\"canonical\" href=\"https:\/\/www.evess.se\/en\/produkt\/accessories\/moped-helmets\/helmet-classic-black\/\" \/>\n<meta property=\"og:locale\" content=\"en_US\" \/>\n<meta property=\"og:type\" content=\"article\" \/>\n<meta property=\"og:title\" content=\"The Classic helmet in black is a safe helmet for your electric scooter | Evess\" \/>\n<meta property=\"og:description\" content=\"Best moped helmet for moped and motorcycle. A classic vintage helmet in black, ECE safety rated for moped, electric scooter and motorcycle.\" \/>\n<meta property=\"og:url\" content=\"https:\/\/www.evess.se\/en\/produkt\/accessories\/moped-helmets\/helmet-classic-black\/\" \/>\n<meta property=\"og:site_name\" content=\"Evess\" \/>\n<meta property=\"article:publisher\" content=\"https:\/\/www.facebook.com\/evessmoped\" \/>\n<meta property=\"og:image\" content=\"https:\/\/www.evess.se\/wp-content\/uploads\/2023\/11\/hjalm_classic_svart-1.webp\" \/>\n\t<meta property=\"og:image:width\" content=\"1200\" \/>\n\t<meta property=\"og:image:height\" content=\"1200\" \/>\n\t<meta property=\"og:image:type\" content=\"image\/webp\" \/>\n<meta name=\"twitter:card\" content=\"summary_large_image\" \/>\n<meta name=\"twitter:label1\" content=\"Est. reading time\" \/>\n\t<meta name=\"twitter:data1\" content=\"1 minute\" \/>\n<script type=\"application\/ld+json\" class=\"yoast-schema-graph\">{\"@context\":\"https:\\\/\\\/schema.org\",\"@graph\":[{\"@type\":\"WebPage\",\"@id\":\"https:\\\/\\\/www.evess.se\\\/en\\\/produkt\\\/accessories\\\/moped-helmets\\\/helmet-classic-black\\\/\",\"url\":\"https:\\\/\\\/www.evess.se\\\/en\\\/produkt\\\/accessories\\\/moped-helmets\\\/helmet-classic-black\\\/\",\"name\":\"The Classic helmet in black is a safe helmet for your electric scooter | Evess\",\"isPartOf\":{\"@id\":\"https:\\\/\\\/www.evess.se\\\/en\\\/#website\"},\"primaryImageOfPage\":{\"@id\":\"https:\\\/\\\/www.evess.se\\\/en\\\/produkt\\\/accessories\\\/moped-helmets\\\/helmet-classic-black\\\/#primaryimage\"},\"image\":{\"@id\":\"https:\\\/\\\/www.evess.se\\\/en\\\/produkt\\\/accessories\\\/moped-helmets\\\/helmet-classic-black\\\/#primaryimage\"},\"thumbnailUrl\":\"https:\\\/\\\/www.evess.se\\\/wp-content\\\/uploads\\\/2023\\\/11\\\/hjalm_classic_svart-1.webp\",\"datePublished\":\"2023-11-04T21:18:34+00:00\",\"description\":\"Best moped helmet for moped and motorcycle. A classic vintage helmet in black, ECE safety rated for moped, electric scooter and motorcycle.\",\"breadcrumb\":{\"@id\":\"https:\\\/\\\/www.evess.se\\\/en\\\/produkt\\\/accessories\\\/moped-helmets\\\/helmet-classic-black\\\/#breadcrumb\"},\"inLanguage\":\"en-US\",\"potentialAction\":[{\"@type\":\"ReadAction\",\"target\":[\"https:\\\/\\\/www.evess.se\\\/en\\\/produkt\\\/accessories\\\/moped-helmets\\\/helmet-classic-black\\\/\"]}]},{\"@type\":\"ImageObject\",\"inLanguage\":\"en-US\",\"@id\":\"https:\\\/\\\/www.evess.se\\\/en\\\/produkt\\\/accessories\\\/moped-helmets\\\/helmet-classic-black\\\/#primaryimage\",\"url\":\"https:\\\/\\\/www.evess.se\\\/wp-content\\\/uploads\\\/2023\\\/11\\\/hjalm_classic_svart-1.webp\",\"contentUrl\":\"https:\\\/\\\/www.evess.se\\\/wp-content\\\/uploads\\\/2023\\\/11\\\/hjalm_classic_svart-1.webp\",\"width\":1200,\"height\":1200,\"caption\":\"Klassisk svart mopedhj\u00e4lm\"},{\"@type\":\"BreadcrumbList\",\"@id\":\"https:\\\/\\\/www.evess.se\\\/en\\\/produkt\\\/accessories\\\/moped-helmets\\\/helmet-classic-black\\\/#breadcrumb\",\"itemListElement\":[{\"@type\":\"ListItem\",\"position\":1,\"name\":\"Hem\",\"item\":\"https:\\\/\\\/www.evess.se\\\/en\\\/\"},{\"@type\":\"ListItem\",\"position\":2,\"name\":\"Store\",\"item\":\"https:\\\/\\\/www.evess.se\\\/en\\\/store\\\/\"},{\"@type\":\"ListItem\",\"position\":3,\"name\":\"Helmet Classic Black\"}]},{\"@type\":\"WebSite\",\"@id\":\"https:\\\/\\\/www.evess.se\\\/en\\\/#website\",\"url\":\"https:\\\/\\\/www.evess.se\\\/en\\\/\",\"name\":\"Evess\",\"description\":\"Elmopeder f\u00f6r ett milj\u00f6smart samh\u00e4lle\",\"publisher\":{\"@id\":\"https:\\\/\\\/www.evess.se\\\/en\\\/#organization\"},\"potentialAction\":[{\"@type\":\"SearchAction\",\"target\":{\"@type\":\"EntryPoint\",\"urlTemplate\":\"https:\\\/\\\/www.evess.se\\\/en\\\/?s={search_term_string}\"},\"query-input\":{\"@type\":\"PropertyValueSpecification\",\"valueRequired\":true,\"valueName\":\"search_term_string\"}}],\"inLanguage\":\"en-US\"},{\"@type\":\"Organization\",\"@id\":\"https:\\\/\\\/www.evess.se\\\/en\\\/#organization\",\"name\":\"Evess\",\"url\":\"https:\\\/\\\/www.evess.se\\\/en\\\/\",\"logo\":{\"@type\":\"ImageObject\",\"inLanguage\":\"en-US\",\"@id\":\"https:\\\/\\\/www.evess.se\\\/en\\\/#\\\/schema\\\/logo\\\/image\\\/\",\"url\":\"https:\\\/\\\/www.evess.se\\\/wp-content\\\/uploads\\\/2023\\\/11\\\/evess-logo-black.png\",\"contentUrl\":\"https:\\\/\\\/www.evess.se\\\/wp-content\\\/uploads\\\/2023\\\/11\\\/evess-logo-black.png\",\"width\":1417,\"height\":312,\"caption\":\"Evess\"},\"image\":{\"@id\":\"https:\\\/\\\/www.evess.se\\\/en\\\/#\\\/schema\\\/logo\\\/image\\\/\"},\"sameAs\":[\"https:\\\/\\\/www.facebook.com\\\/evessmoped\"]}]}<\/script>\n<!-- \/ Yoast SEO plugin. -->","yoast_head_json":{"title":"The Classic helmet in black is a safe helmet for your electric scooter | Evess","description":"Best moped helmet for moped and motorcycle. A classic vintage helmet in black, ECE safety rated for moped, electric scooter and motorcycle.","robots":{"index":"index","follow":"follow","max-snippet":"max-snippet:-1","max-image-preview":"max-image-preview:large","max-video-preview":"max-video-preview:-1"},"canonical":"https:\/\/www.evess.se\/en\/produkt\/accessories\/moped-helmets\/helmet-classic-black\/","og_locale":"en_US","og_type":"article","og_title":"The Classic helmet in black is a safe helmet for your electric scooter | Evess","og_description":"Best moped helmet for moped and motorcycle. A classic vintage helmet in black, ECE safety rated for moped, electric scooter and motorcycle.","og_url":"https:\/\/www.evess.se\/en\/produkt\/accessories\/moped-helmets\/helmet-classic-black\/","og_site_name":"Evess","article_publisher":"https:\/\/www.facebook.com\/evessmoped","og_image":[{"width":1200,"height":1200,"url":"https:\/\/www.evess.se\/wp-content\/uploads\/2023\/11\/hjalm_classic_svart-1.webp","type":"image\/webp"}],"twitter_card":"summary_large_image","twitter_misc":{"Est. reading time":"1 minute"},"schema":{"@context":"https:\/\/schema.org","@graph":[{"@type":"WebPage","@id":"https:\/\/www.evess.se\/en\/produkt\/accessories\/moped-helmets\/helmet-classic-black\/","url":"https:\/\/www.evess.se\/en\/produkt\/accessories\/moped-helmets\/helmet-classic-black\/","name":"The Classic helmet in black is a safe helmet for your electric scooter | Evess","isPartOf":{"@id":"https:\/\/www.evess.se\/en\/#website"},"primaryImageOfPage":{"@id":"https:\/\/www.evess.se\/en\/produkt\/accessories\/moped-helmets\/helmet-classic-black\/#primaryimage"},"image":{"@id":"https:\/\/www.evess.se\/en\/produkt\/accessories\/moped-helmets\/helmet-classic-black\/#primaryimage"},"thumbnailUrl":"https:\/\/www.evess.se\/wp-content\/uploads\/2023\/11\/hjalm_classic_svart-1.webp","datePublished":"2023-11-04T21:18:34+00:00","description":"Best moped helmet for moped and motorcycle. A classic vintage helmet in black, ECE safety rated for moped, electric scooter and motorcycle.","breadcrumb":{"@id":"https:\/\/www.evess.se\/en\/produkt\/accessories\/moped-helmets\/helmet-classic-black\/#breadcrumb"},"inLanguage":"en-US","potentialAction":[{"@type":"ReadAction","target":["https:\/\/www.evess.se\/en\/produkt\/accessories\/moped-helmets\/helmet-classic-black\/"]}]},{"@type":"ImageObject","inLanguage":"en-US","@id":"https:\/\/www.evess.se\/en\/produkt\/accessories\/moped-helmets\/helmet-classic-black\/#primaryimage","url":"https:\/\/www.evess.se\/wp-content\/uploads\/2023\/11\/hjalm_classic_svart-1.webp","contentUrl":"https:\/\/www.evess.se\/wp-content\/uploads\/2023\/11\/hjalm_classic_svart-1.webp","width":1200,"height":1200,"caption":"Klassisk svart mopedhj\u00e4lm"},{"@type":"BreadcrumbList","@id":"https:\/\/www.evess.se\/en\/produkt\/accessories\/moped-helmets\/helmet-classic-black\/#breadcrumb","itemListElement":[{"@type":"ListItem","position":1,"name":"Hem","item":"https:\/\/www.evess.se\/en\/"},{"@type":"ListItem","position":2,"name":"Store","item":"https:\/\/www.evess.se\/en\/store\/"},{"@type":"ListItem","position":3,"name":"Helmet Classic Black"}]},{"@type":"WebSite","@id":"https:\/\/www.evess.se\/en\/#website","url":"https:\/\/www.evess.se\/en\/","name":"Evess","description":"Elmopeder f\u00f6r ett milj\u00f6smart samh\u00e4lle","publisher":{"@id":"https:\/\/www.evess.se\/en\/#organization"},"potentialAction":[{"@type":"SearchAction","target":{"@type":"EntryPoint","urlTemplate":"https:\/\/www.evess.se\/en\/?s={search_term_string}"},"query-input":{"@type":"PropertyValueSpecification","valueRequired":true,"valueName":"search_term_string"}}],"inLanguage":"en-US"},{"@type":"Organization","@id":"https:\/\/www.evess.se\/en\/#organization","name":"Evess","url":"https:\/\/www.evess.se\/en\/","logo":{"@type":"ImageObject","inLanguage":"en-US","@id":"https:\/\/www.evess.se\/en\/#\/schema\/logo\/image\/","url":"https:\/\/www.evess.se\/wp-content\/uploads\/2023\/11\/evess-logo-black.png","contentUrl":"https:\/\/www.evess.se\/wp-content\/uploads\/2023\/11\/evess-logo-black.png","width":1417,"height":312,"caption":"Evess"},"image":{"@id":"https:\/\/www.evess.se\/en\/#\/schema\/logo\/image\/"},"sameAs":["https:\/\/www.facebook.com\/evessmoped"]}]}},"_links":{"self":[{"href":"https:\/\/www.evess.se\/en\/wp-json\/wp\/v2\/product\/15383","targetHints":{"allow":["GET"]}}],"collection":[{"href":"https:\/\/www.evess.se\/en\/wp-json\/wp\/v2\/product"}],"about":[{"href":"https:\/\/www.evess.se\/en\/wp-json\/wp\/v2\/types\/product"}],"replies":[{"embeddable":true,"href":"https:\/\/www.evess.se\/en\/wp-json\/wp\/v2\/comments?post=15383"}],"wp:featuredmedia":[{"embeddable":true,"href":"https:\/\/www.evess.se\/en\/wp-json\/wp\/v2\/media\/15387"}],"wp:attachment":[{"href":"https:\/\/www.evess.se\/en\/wp-json\/wp\/v2\/media?parent=15383"}],"wp:term":[{"taxonomy":"product_brand","embeddable":true,"href":"https:\/\/www.evess.se\/en\/wp-json\/wp\/v2\/product_brand?post=15383"},{"taxonomy":"product_cat","embeddable":true,"href":"https:\/\/www.evess.se\/en\/wp-json\/wp\/v2\/product_cat?post=15383"},{"taxonomy":"product_tag","embeddable":true,"href":"https:\/\/www.evess.se\/en\/wp-json\/wp\/v2\/product_tag?post=15383"}],"curies":[{"name":"wp","href":"https:\/\/api.w.org\/{rel}","templated":true}]}}