{"id":15375,"date":"2023-11-04T21:18:34","date_gmt":"2023-11-04T21:18:34","guid":{"rendered":"https:\/\/www.evess.se\/produkt\/uncategorized\/extra-battery-28-ah\/"},"modified":"2026-03-15T19:58:35","modified_gmt":"2026-03-15T19:58:35","slug":"extra-battery-28-ah","status":"publish","type":"product","link":"https:\/\/www.evess.se\/en\/produkt\/accessories\/extra-battery-28-ah\/","title":{"rendered":"Extra Battery (28 Ah)"},"content":{"rendered":"<p>NOTE: 28Ah. The market&#8217;s best and latest batteries for electric mopeds come from Samsung and LG with a full 28 Ampere hours. With the latest batteries, you can now get up to 60 km on a charge thanks to high Ampere hours. When you buy your electric moped, a battery is of course included. But if you want to drive a little longer distances without having to charge, an extra battery can be good to buy. Each electric moped has space for two batteries. With two batteries, you can now travel up to 120 km on one charge.       <\/p>\n","protected":false},"excerpt":{"rendered":"<p>Buy an extra battery for your electric moped!<\/p>\n","protected":false},"featured_media":15377,"comment_status":"closed","ping_status":"closed","template":"","meta":{"_acf_changed":false},"product_brand":[],"product_cat":[85],"product_tag":[],"class_list":{"0":"post-15375","1":"product","2":"type-product","3":"status-publish","4":"has-post-thumbnail","6":"product_cat-accessories","8":"first","9":"instock","10":"taxable","11":"shipping-taxable","12":"purchasable","13":"product-type-simple"},"bundled_by":[],"bundle_stock_status":"instock","bundle_stock_quantity":null,"bundle_virtual":false,"bundle_layout":"","bundle_add_to_cart_form_location":"","bundle_editable_in_cart":false,"bundle_sold_individually_context":"","bundle_item_grouping":"","bundle_min_size":"","bundle_max_size":"","bundle_price":[],"bundled_items":[],"bundle_sell_ids":[],"acf":[],"yoast_head":"<!-- This site is optimized with the Yoast SEO plugin v27.5 - https:\/\/yoast.com\/product\/yoast-seo-wordpress\/ -->\n<title>Go further - buy an extra battery for your electric moped | Evess<\/title>\n<meta name=\"description\" content=\"If you buy an extra battery for your moped, you can get up to 120 km on one charge before you need to recharge your moped.\" \/>\n<meta name=\"robots\" content=\"index, follow, max-snippet:-1, max-image-preview:large, max-video-preview:-1\" \/>\n<link rel=\"canonical\" href=\"https:\/\/www.evess.se\/en\/produkt\/accessories\/extra-battery-28-ah\/\" \/>\n<meta property=\"og:locale\" content=\"en_US\" \/>\n<meta property=\"og:type\" content=\"article\" \/>\n<meta property=\"og:title\" content=\"Go further - buy an extra battery for your electric moped | Evess\" \/>\n<meta property=\"og:description\" content=\"If you buy an extra battery for your moped, you can get up to 120 km on one charge before you need to recharge your moped.\" \/>\n<meta property=\"og:url\" content=\"https:\/\/www.evess.se\/en\/produkt\/accessories\/extra-battery-28-ah\/\" \/>\n<meta property=\"og:site_name\" content=\"Evess\" \/>\n<meta property=\"article:publisher\" content=\"https:\/\/www.facebook.com\/evessmoped\" \/>\n<meta property=\"article:modified_time\" content=\"2026-03-15T19:58:35+00:00\" \/>\n<meta property=\"og:image\" content=\"https:\/\/www.evess.se\/wp-content\/uploads\/2023\/11\/evess-moped-batteri.webp\" \/>\n\t<meta property=\"og:image:width\" content=\"1200\" \/>\n\t<meta property=\"og:image:height\" content=\"1200\" \/>\n\t<meta property=\"og:image:type\" content=\"image\/webp\" \/>\n<meta name=\"twitter:card\" content=\"summary_large_image\" \/>\n<script type=\"application\/ld+json\" class=\"yoast-schema-graph\">{\"@context\":\"https:\\\/\\\/schema.org\",\"@graph\":[{\"@type\":\"WebPage\",\"@id\":\"https:\\\/\\\/www.evess.se\\\/en\\\/produkt\\\/accessories\\\/extra-battery-28-ah\\\/\",\"url\":\"https:\\\/\\\/www.evess.se\\\/en\\\/produkt\\\/accessories\\\/extra-battery-28-ah\\\/\",\"name\":\"Go further - buy an extra battery for your electric moped | Evess\",\"isPartOf\":{\"@id\":\"https:\\\/\\\/www.evess.se\\\/en\\\/#website\"},\"primaryImageOfPage\":{\"@id\":\"https:\\\/\\\/www.evess.se\\\/en\\\/produkt\\\/accessories\\\/extra-battery-28-ah\\\/#primaryimage\"},\"image\":{\"@id\":\"https:\\\/\\\/www.evess.se\\\/en\\\/produkt\\\/accessories\\\/extra-battery-28-ah\\\/#primaryimage\"},\"thumbnailUrl\":\"https:\\\/\\\/www.evess.se\\\/wp-content\\\/uploads\\\/2023\\\/11\\\/evess-moped-batteri.webp\",\"datePublished\":\"2023-11-04T21:18:34+00:00\",\"dateModified\":\"2026-03-15T19:58:35+00:00\",\"description\":\"If you buy an extra battery for your moped, you can get up to 120 km on one charge before you need to recharge your moped.\",\"breadcrumb\":{\"@id\":\"https:\\\/\\\/www.evess.se\\\/en\\\/produkt\\\/accessories\\\/extra-battery-28-ah\\\/#breadcrumb\"},\"inLanguage\":\"en-US\",\"potentialAction\":[{\"@type\":\"ReadAction\",\"target\":[\"https:\\\/\\\/www.evess.se\\\/en\\\/produkt\\\/accessories\\\/extra-battery-28-ah\\\/\"]}]},{\"@type\":\"ImageObject\",\"inLanguage\":\"en-US\",\"@id\":\"https:\\\/\\\/www.evess.se\\\/en\\\/produkt\\\/accessories\\\/extra-battery-28-ah\\\/#primaryimage\",\"url\":\"https:\\\/\\\/www.evess.se\\\/wp-content\\\/uploads\\\/2023\\\/11\\\/evess-moped-batteri.webp\",\"contentUrl\":\"https:\\\/\\\/www.evess.se\\\/wp-content\\\/uploads\\\/2023\\\/11\\\/evess-moped-batteri.webp\",\"width\":1200,\"height\":1200},{\"@type\":\"BreadcrumbList\",\"@id\":\"https:\\\/\\\/www.evess.se\\\/en\\\/produkt\\\/accessories\\\/extra-battery-28-ah\\\/#breadcrumb\",\"itemListElement\":[{\"@type\":\"ListItem\",\"position\":1,\"name\":\"Hem\",\"item\":\"https:\\\/\\\/www.evess.se\\\/en\\\/\"},{\"@type\":\"ListItem\",\"position\":2,\"name\":\"Store\",\"item\":\"https:\\\/\\\/www.evess.se\\\/en\\\/store\\\/\"},{\"@type\":\"ListItem\",\"position\":3,\"name\":\"Extra Battery (28 Ah)\"}]},{\"@type\":\"WebSite\",\"@id\":\"https:\\\/\\\/www.evess.se\\\/en\\\/#website\",\"url\":\"https:\\\/\\\/www.evess.se\\\/en\\\/\",\"name\":\"Evess\",\"description\":\"Elmopeder f\u00f6r ett milj\u00f6smart samh\u00e4lle\",\"publisher\":{\"@id\":\"https:\\\/\\\/www.evess.se\\\/en\\\/#organization\"},\"potentialAction\":[{\"@type\":\"SearchAction\",\"target\":{\"@type\":\"EntryPoint\",\"urlTemplate\":\"https:\\\/\\\/www.evess.se\\\/en\\\/?s={search_term_string}\"},\"query-input\":{\"@type\":\"PropertyValueSpecification\",\"valueRequired\":true,\"valueName\":\"search_term_string\"}}],\"inLanguage\":\"en-US\"},{\"@type\":\"Organization\",\"@id\":\"https:\\\/\\\/www.evess.se\\\/en\\\/#organization\",\"name\":\"Evess\",\"url\":\"https:\\\/\\\/www.evess.se\\\/en\\\/\",\"logo\":{\"@type\":\"ImageObject\",\"inLanguage\":\"en-US\",\"@id\":\"https:\\\/\\\/www.evess.se\\\/en\\\/#\\\/schema\\\/logo\\\/image\\\/\",\"url\":\"https:\\\/\\\/www.evess.se\\\/wp-content\\\/uploads\\\/2023\\\/11\\\/evess-logo-black.png\",\"contentUrl\":\"https:\\\/\\\/www.evess.se\\\/wp-content\\\/uploads\\\/2023\\\/11\\\/evess-logo-black.png\",\"width\":1417,\"height\":312,\"caption\":\"Evess\"},\"image\":{\"@id\":\"https:\\\/\\\/www.evess.se\\\/en\\\/#\\\/schema\\\/logo\\\/image\\\/\"},\"sameAs\":[\"https:\\\/\\\/www.facebook.com\\\/evessmoped\"]}]}<\/script>\n<!-- \/ Yoast SEO plugin. -->","yoast_head_json":{"title":"Go further - buy an extra battery for your electric moped | Evess","description":"If you buy an extra battery for your moped, you can get up to 120 km on one charge before you need to recharge your moped.","robots":{"index":"index","follow":"follow","max-snippet":"max-snippet:-1","max-image-preview":"max-image-preview:large","max-video-preview":"max-video-preview:-1"},"canonical":"https:\/\/www.evess.se\/en\/produkt\/accessories\/extra-battery-28-ah\/","og_locale":"en_US","og_type":"article","og_title":"Go further - buy an extra battery for your electric moped | Evess","og_description":"If you buy an extra battery for your moped, you can get up to 120 km on one charge before you need to recharge your moped.","og_url":"https:\/\/www.evess.se\/en\/produkt\/accessories\/extra-battery-28-ah\/","og_site_name":"Evess","article_publisher":"https:\/\/www.facebook.com\/evessmoped","article_modified_time":"2026-03-15T19:58:35+00:00","og_image":[{"width":1200,"height":1200,"url":"https:\/\/www.evess.se\/wp-content\/uploads\/2023\/11\/evess-moped-batteri.webp","type":"image\/webp"}],"twitter_card":"summary_large_image","schema":{"@context":"https:\/\/schema.org","@graph":[{"@type":"WebPage","@id":"https:\/\/www.evess.se\/en\/produkt\/accessories\/extra-battery-28-ah\/","url":"https:\/\/www.evess.se\/en\/produkt\/accessories\/extra-battery-28-ah\/","name":"Go further - buy an extra battery for your electric moped | Evess","isPartOf":{"@id":"https:\/\/www.evess.se\/en\/#website"},"primaryImageOfPage":{"@id":"https:\/\/www.evess.se\/en\/produkt\/accessories\/extra-battery-28-ah\/#primaryimage"},"image":{"@id":"https:\/\/www.evess.se\/en\/produkt\/accessories\/extra-battery-28-ah\/#primaryimage"},"thumbnailUrl":"https:\/\/www.evess.se\/wp-content\/uploads\/2023\/11\/evess-moped-batteri.webp","datePublished":"2023-11-04T21:18:34+00:00","dateModified":"2026-03-15T19:58:35+00:00","description":"If you buy an extra battery for your moped, you can get up to 120 km on one charge before you need to recharge your moped.","breadcrumb":{"@id":"https:\/\/www.evess.se\/en\/produkt\/accessories\/extra-battery-28-ah\/#breadcrumb"},"inLanguage":"en-US","potentialAction":[{"@type":"ReadAction","target":["https:\/\/www.evess.se\/en\/produkt\/accessories\/extra-battery-28-ah\/"]}]},{"@type":"ImageObject","inLanguage":"en-US","@id":"https:\/\/www.evess.se\/en\/produkt\/accessories\/extra-battery-28-ah\/#primaryimage","url":"https:\/\/www.evess.se\/wp-content\/uploads\/2023\/11\/evess-moped-batteri.webp","contentUrl":"https:\/\/www.evess.se\/wp-content\/uploads\/2023\/11\/evess-moped-batteri.webp","width":1200,"height":1200},{"@type":"BreadcrumbList","@id":"https:\/\/www.evess.se\/en\/produkt\/accessories\/extra-battery-28-ah\/#breadcrumb","itemListElement":[{"@type":"ListItem","position":1,"name":"Hem","item":"https:\/\/www.evess.se\/en\/"},{"@type":"ListItem","position":2,"name":"Store","item":"https:\/\/www.evess.se\/en\/store\/"},{"@type":"ListItem","position":3,"name":"Extra Battery (28 Ah)"}]},{"@type":"WebSite","@id":"https:\/\/www.evess.se\/en\/#website","url":"https:\/\/www.evess.se\/en\/","name":"Evess","description":"Elmopeder f\u00f6r ett milj\u00f6smart samh\u00e4lle","publisher":{"@id":"https:\/\/www.evess.se\/en\/#organization"},"potentialAction":[{"@type":"SearchAction","target":{"@type":"EntryPoint","urlTemplate":"https:\/\/www.evess.se\/en\/?s={search_term_string}"},"query-input":{"@type":"PropertyValueSpecification","valueRequired":true,"valueName":"search_term_string"}}],"inLanguage":"en-US"},{"@type":"Organization","@id":"https:\/\/www.evess.se\/en\/#organization","name":"Evess","url":"https:\/\/www.evess.se\/en\/","logo":{"@type":"ImageObject","inLanguage":"en-US","@id":"https:\/\/www.evess.se\/en\/#\/schema\/logo\/image\/","url":"https:\/\/www.evess.se\/wp-content\/uploads\/2023\/11\/evess-logo-black.png","contentUrl":"https:\/\/www.evess.se\/wp-content\/uploads\/2023\/11\/evess-logo-black.png","width":1417,"height":312,"caption":"Evess"},"image":{"@id":"https:\/\/www.evess.se\/en\/#\/schema\/logo\/image\/"},"sameAs":["https:\/\/www.facebook.com\/evessmoped"]}]}},"_links":{"self":[{"href":"https:\/\/www.evess.se\/en\/wp-json\/wp\/v2\/product\/15375","targetHints":{"allow":["GET"]}}],"collection":[{"href":"https:\/\/www.evess.se\/en\/wp-json\/wp\/v2\/product"}],"about":[{"href":"https:\/\/www.evess.se\/en\/wp-json\/wp\/v2\/types\/product"}],"replies":[{"embeddable":true,"href":"https:\/\/www.evess.se\/en\/wp-json\/wp\/v2\/comments?post=15375"}],"wp:featuredmedia":[{"embeddable":true,"href":"https:\/\/www.evess.se\/en\/wp-json\/wp\/v2\/media\/15377"}],"wp:attachment":[{"href":"https:\/\/www.evess.se\/en\/wp-json\/wp\/v2\/media?parent=15375"}],"wp:term":[{"taxonomy":"product_brand","embeddable":true,"href":"https:\/\/www.evess.se\/en\/wp-json\/wp\/v2\/product_brand?post=15375"},{"taxonomy":"product_cat","embeddable":true,"href":"https:\/\/www.evess.se\/en\/wp-json\/wp\/v2\/product_cat?post=15375"},{"taxonomy":"product_tag","embeddable":true,"href":"https:\/\/www.evess.se\/en\/wp-json\/wp\/v2\/product_tag?post=15375"}],"curies":[{"name":"wp","href":"https:\/\/api.w.org\/{rel}","templated":true}]}}