{"id":15361,"date":"2023-11-04T21:18:34","date_gmt":"2023-11-04T21:18:34","guid":{"rendered":"https:\/\/www.evess.se\/produkt\/uncategorized\/helmet-classic-off-white\/"},"modified":"2025-12-31T18:43:16","modified_gmt":"2025-12-31T18:43:16","slug":"helmet-classic-off-white","status":"publish","type":"product","link":"https:\/\/www.evess.se\/en\/produkt\/accessories\/moped-helmets\/helmet-classic-off-white\/","title":{"rendered":"Helmet Classic off-white"},"content":{"rendered":"&#13;\n<p><span style=\"font-size: 16px; color: #000000;\">En klassisk vintage hj\u00e4lm f\u00f6r moped, scooter eller motorcykel. Hos mopeder och motorcyklar \u00e4r det lag p\u00e5 att man beh\u00f6ver ha en hj\u00e4lm p\u00e5 sig n\u00e4r man k\u00f6r. Hj\u00e4lmen Classic passar perfekt f\u00f6r elmopederna i v\u00e5rat sortiment med samma retro stuk. Hj\u00e4lmen \u00e4r klassad och klarar de h\u00f6gsta s\u00e4kerhetskraven med marginal f\u00f6r att k\u00f6ra en moped, scooter eller motorcykel. Den \u00e4r gjord av\u00a0det oerh\u00f6rt stabila materialet ABS (Acrylonitrile-Butadien-Styrene copolymer). Den \u00e4r \u00e4ven polstrad inne med textil och \u00e4r d\u00e4rf\u00f6r \u00e4ven v\u00e4ldigt bekv\u00e4m att ha p\u00e5 sig. F\u00f6r att f\u00e4sta hj\u00e4lmen s\u00e5 att den sitter ordentligt finns ett justerbart f\u00e4ste. Om du \u00e4r os\u00e4ker p\u00e5 vilken hj\u00e4lm som passar dig b\u00e4st kan du m\u00e4ta huvudets omf\u00e5ng i cm och ta hj\u00e4lp av nedanst\u00e5ende storlekstabell!<\/span><\/p>&#13;\n<p>\u00a0<\/p>&#13;\n<table class=\" aligncenter\" style=\"height: 138px;\" width=\"587\">&#13;\n<tbody>&#13;\n<tr>&#13;\n<td width=\"56\">&#13;\n<h6 class=\"wp-block-heading\"><span style=\"color: #000000;\"><strong>53\/54<\/strong><\/span><\/h6>&#13;\n<\/td>&#13;\n<td width=\"57\">&#13;\n<h6><span style=\"color: #000000;\"><strong>55\/56<\/strong><\/span><\/h6>&#13;\n<\/td>&#13;\n<td width=\"57\">&#13;\n<h6><span style=\"color: #000000;\"><strong>57\/58<\/strong><\/span><\/h6>&#13;\n<\/td>&#13;\n<td width=\"57\">&#13;\n<h6><span style=\"color: #000000;\"><strong>59\/60<\/strong><\/span><\/h6>&#13;\n<\/td>&#13;\n<td width=\"57\">&#13;\n<h6><span style=\"color: #000000;\"><strong>61\/62<\/strong><\/span><\/h6>&#13;\n<\/td>&#13;\n<\/tr>&#13;\n<tr>&#13;\n<td width=\"56\">&#13;\n<h6><span style=\"color: #000000;\"><strong>  XS<\/strong><\/span><\/h6>&#13;\n<\/td>&#13;\n<td width=\"57\">&#13;\n<h6><span style=\"color: #000000;\"><strong>  S<\/strong><\/span><\/h6>&#13;\n<\/td>&#13;\n<td width=\"57\">&#13;\n<h6><span style=\"color: #000000;\"><strong>  M<\/strong><\/span><\/h6>&#13;\n<\/td>&#13;\n<td width=\"57\">&#13;\n<h6><span style=\"color: #000000;\"><strong>  L<\/strong><\/span><\/h6>&#13;\n<\/td>&#13;\n<td width=\"57\">&#13;\n<h6><span style=\"color: #000000;\">   <strong>XL<\/strong><\/span><\/h6>&#13;\n<\/td>&#13;\n<\/tr>&#13;\n<\/tbody>&#13;\n<\/table>&#13;\n<p style=\"text-align: center;\">\u00a0<\/p>&#13;\n","protected":false},"excerpt":{"rendered":"<p>A classic moped helmet in off-white color gives a lovely retro feel.<\/p>\n","protected":false},"featured_media":15362,"comment_status":"closed","ping_status":"closed","template":"","meta":{"_acf_changed":false},"product_brand":[],"product_cat":[85,84],"product_tag":[],"class_list":{"0":"post-15361","1":"product","2":"type-product","3":"status-publish","4":"has-post-thumbnail","6":"product_cat-accessories","7":"product_cat-moped-helmets","9":"first","10":"instock","11":"taxable","12":"shipping-taxable","13":"purchasable","14":"product-type-variable","15":"has-default-attributes"},"bundled_by":[],"bundle_stock_status":"instock","bundle_stock_quantity":null,"bundle_virtual":false,"bundle_layout":"","bundle_add_to_cart_form_location":"","bundle_editable_in_cart":false,"bundle_sold_individually_context":"","bundle_item_grouping":"","bundle_min_size":"","bundle_max_size":"","bundle_price":[],"bundled_items":[],"bundle_sell_ids":[],"acf":[],"yoast_head":"<!-- This site is optimized with the Yoast SEO plugin v27.5 - https:\/\/yoast.com\/product\/yoast-seo-wordpress\/ -->\n<title>The Classic helmet is a good helmet for moped and motorcycle | Evess<\/title>\n<meta name=\"description\" content=\"Best moped helmet for electric moped and motorcycle. A classic vintage helmet in white color, ECE safety rated for moped, electric scooter and motorcycle.\" \/>\n<meta name=\"robots\" content=\"index, follow, max-snippet:-1, max-image-preview:large, max-video-preview:-1\" \/>\n<link rel=\"canonical\" href=\"https:\/\/www.evess.se\/en\/produkt\/accessories\/moped-helmets\/helmet-classic-off-white\/\" \/>\n<meta property=\"og:locale\" content=\"en_US\" \/>\n<meta property=\"og:type\" content=\"article\" \/>\n<meta property=\"og:title\" content=\"The Classic helmet is a good helmet for moped and motorcycle | Evess\" \/>\n<meta property=\"og:description\" content=\"Best moped helmet for electric moped and motorcycle. A classic vintage helmet in white color, ECE safety rated for moped, electric scooter and motorcycle.\" \/>\n<meta property=\"og:url\" content=\"https:\/\/www.evess.se\/en\/produkt\/accessories\/moped-helmets\/helmet-classic-off-white\/\" \/>\n<meta property=\"og:site_name\" content=\"Evess\" \/>\n<meta property=\"article:publisher\" content=\"https:\/\/www.facebook.com\/evessmoped\" \/>\n<meta property=\"article:modified_time\" content=\"2025-12-31T18:43:16+00:00\" \/>\n<meta property=\"og:image\" content=\"https:\/\/www.evess.se\/wp-content\/uploads\/2023\/11\/hjalm_classic_vit-1-1.jpg\" \/>\n\t<meta property=\"og:image:width\" content=\"1200\" \/>\n\t<meta property=\"og:image:height\" content=\"1200\" \/>\n\t<meta property=\"og:image:type\" content=\"image\/jpeg\" \/>\n<meta name=\"twitter:card\" content=\"summary_large_image\" \/>\n<meta name=\"twitter:label1\" content=\"Est. reading time\" \/>\n\t<meta name=\"twitter:data1\" content=\"1 minute\" \/>\n<script type=\"application\/ld+json\" class=\"yoast-schema-graph\">{\"@context\":\"https:\\\/\\\/schema.org\",\"@graph\":[{\"@type\":\"WebPage\",\"@id\":\"https:\\\/\\\/www.evess.se\\\/en\\\/produkt\\\/accessories\\\/moped-helmets\\\/helmet-classic-off-white\\\/\",\"url\":\"https:\\\/\\\/www.evess.se\\\/en\\\/produkt\\\/accessories\\\/moped-helmets\\\/helmet-classic-off-white\\\/\",\"name\":\"The Classic helmet is a good helmet for moped and motorcycle | Evess\",\"isPartOf\":{\"@id\":\"https:\\\/\\\/www.evess.se\\\/en\\\/#website\"},\"primaryImageOfPage\":{\"@id\":\"https:\\\/\\\/www.evess.se\\\/en\\\/produkt\\\/accessories\\\/moped-helmets\\\/helmet-classic-off-white\\\/#primaryimage\"},\"image\":{\"@id\":\"https:\\\/\\\/www.evess.se\\\/en\\\/produkt\\\/accessories\\\/moped-helmets\\\/helmet-classic-off-white\\\/#primaryimage\"},\"thumbnailUrl\":\"https:\\\/\\\/www.evess.se\\\/wp-content\\\/uploads\\\/2023\\\/11\\\/hjalm_classic_vit-1-1.jpg\",\"datePublished\":\"2023-11-04T21:18:34+00:00\",\"dateModified\":\"2025-12-31T18:43:16+00:00\",\"description\":\"Best moped helmet for electric moped and motorcycle. A classic vintage helmet in white color, ECE safety rated for moped, electric scooter and motorcycle.\",\"breadcrumb\":{\"@id\":\"https:\\\/\\\/www.evess.se\\\/en\\\/produkt\\\/accessories\\\/moped-helmets\\\/helmet-classic-off-white\\\/#breadcrumb\"},\"inLanguage\":\"en-US\",\"potentialAction\":[{\"@type\":\"ReadAction\",\"target\":[\"https:\\\/\\\/www.evess.se\\\/en\\\/produkt\\\/accessories\\\/moped-helmets\\\/helmet-classic-off-white\\\/\"]}]},{\"@type\":\"ImageObject\",\"inLanguage\":\"en-US\",\"@id\":\"https:\\\/\\\/www.evess.se\\\/en\\\/produkt\\\/accessories\\\/moped-helmets\\\/helmet-classic-off-white\\\/#primaryimage\",\"url\":\"https:\\\/\\\/www.evess.se\\\/wp-content\\\/uploads\\\/2023\\\/11\\\/hjalm_classic_vit-1-1.jpg\",\"contentUrl\":\"https:\\\/\\\/www.evess.se\\\/wp-content\\\/uploads\\\/2023\\\/11\\\/hjalm_classic_vit-1-1.jpg\",\"width\":1200,\"height\":1200},{\"@type\":\"BreadcrumbList\",\"@id\":\"https:\\\/\\\/www.evess.se\\\/en\\\/produkt\\\/accessories\\\/moped-helmets\\\/helmet-classic-off-white\\\/#breadcrumb\",\"itemListElement\":[{\"@type\":\"ListItem\",\"position\":1,\"name\":\"Hem\",\"item\":\"https:\\\/\\\/www.evess.se\\\/en\\\/\"},{\"@type\":\"ListItem\",\"position\":2,\"name\":\"Store\",\"item\":\"https:\\\/\\\/www.evess.se\\\/en\\\/store\\\/\"},{\"@type\":\"ListItem\",\"position\":3,\"name\":\"Helmet Classic off-white\"}]},{\"@type\":\"WebSite\",\"@id\":\"https:\\\/\\\/www.evess.se\\\/en\\\/#website\",\"url\":\"https:\\\/\\\/www.evess.se\\\/en\\\/\",\"name\":\"Evess\",\"description\":\"Elmopeder f\u00f6r ett milj\u00f6smart samh\u00e4lle\",\"publisher\":{\"@id\":\"https:\\\/\\\/www.evess.se\\\/en\\\/#organization\"},\"potentialAction\":[{\"@type\":\"SearchAction\",\"target\":{\"@type\":\"EntryPoint\",\"urlTemplate\":\"https:\\\/\\\/www.evess.se\\\/en\\\/?s={search_term_string}\"},\"query-input\":{\"@type\":\"PropertyValueSpecification\",\"valueRequired\":true,\"valueName\":\"search_term_string\"}}],\"inLanguage\":\"en-US\"},{\"@type\":\"Organization\",\"@id\":\"https:\\\/\\\/www.evess.se\\\/en\\\/#organization\",\"name\":\"Evess\",\"url\":\"https:\\\/\\\/www.evess.se\\\/en\\\/\",\"logo\":{\"@type\":\"ImageObject\",\"inLanguage\":\"en-US\",\"@id\":\"https:\\\/\\\/www.evess.se\\\/en\\\/#\\\/schema\\\/logo\\\/image\\\/\",\"url\":\"https:\\\/\\\/www.evess.se\\\/wp-content\\\/uploads\\\/2023\\\/11\\\/evess-logo-black.png\",\"contentUrl\":\"https:\\\/\\\/www.evess.se\\\/wp-content\\\/uploads\\\/2023\\\/11\\\/evess-logo-black.png\",\"width\":1417,\"height\":312,\"caption\":\"Evess\"},\"image\":{\"@id\":\"https:\\\/\\\/www.evess.se\\\/en\\\/#\\\/schema\\\/logo\\\/image\\\/\"},\"sameAs\":[\"https:\\\/\\\/www.facebook.com\\\/evessmoped\"]}]}<\/script>\n<!-- \/ Yoast SEO plugin. -->","yoast_head_json":{"title":"The Classic helmet is a good helmet for moped and motorcycle | Evess","description":"Best moped helmet for electric moped and motorcycle. A classic vintage helmet in white color, ECE safety rated for moped, electric scooter and motorcycle.","robots":{"index":"index","follow":"follow","max-snippet":"max-snippet:-1","max-image-preview":"max-image-preview:large","max-video-preview":"max-video-preview:-1"},"canonical":"https:\/\/www.evess.se\/en\/produkt\/accessories\/moped-helmets\/helmet-classic-off-white\/","og_locale":"en_US","og_type":"article","og_title":"The Classic helmet is a good helmet for moped and motorcycle | Evess","og_description":"Best moped helmet for electric moped and motorcycle. A classic vintage helmet in white color, ECE safety rated for moped, electric scooter and motorcycle.","og_url":"https:\/\/www.evess.se\/en\/produkt\/accessories\/moped-helmets\/helmet-classic-off-white\/","og_site_name":"Evess","article_publisher":"https:\/\/www.facebook.com\/evessmoped","article_modified_time":"2025-12-31T18:43:16+00:00","og_image":[{"width":1200,"height":1200,"url":"https:\/\/www.evess.se\/wp-content\/uploads\/2023\/11\/hjalm_classic_vit-1-1.jpg","type":"image\/jpeg"}],"twitter_card":"summary_large_image","twitter_misc":{"Est. reading time":"1 minute"},"schema":{"@context":"https:\/\/schema.org","@graph":[{"@type":"WebPage","@id":"https:\/\/www.evess.se\/en\/produkt\/accessories\/moped-helmets\/helmet-classic-off-white\/","url":"https:\/\/www.evess.se\/en\/produkt\/accessories\/moped-helmets\/helmet-classic-off-white\/","name":"The Classic helmet is a good helmet for moped and motorcycle | Evess","isPartOf":{"@id":"https:\/\/www.evess.se\/en\/#website"},"primaryImageOfPage":{"@id":"https:\/\/www.evess.se\/en\/produkt\/accessories\/moped-helmets\/helmet-classic-off-white\/#primaryimage"},"image":{"@id":"https:\/\/www.evess.se\/en\/produkt\/accessories\/moped-helmets\/helmet-classic-off-white\/#primaryimage"},"thumbnailUrl":"https:\/\/www.evess.se\/wp-content\/uploads\/2023\/11\/hjalm_classic_vit-1-1.jpg","datePublished":"2023-11-04T21:18:34+00:00","dateModified":"2025-12-31T18:43:16+00:00","description":"Best moped helmet for electric moped and motorcycle. A classic vintage helmet in white color, ECE safety rated for moped, electric scooter and motorcycle.","breadcrumb":{"@id":"https:\/\/www.evess.se\/en\/produkt\/accessories\/moped-helmets\/helmet-classic-off-white\/#breadcrumb"},"inLanguage":"en-US","potentialAction":[{"@type":"ReadAction","target":["https:\/\/www.evess.se\/en\/produkt\/accessories\/moped-helmets\/helmet-classic-off-white\/"]}]},{"@type":"ImageObject","inLanguage":"en-US","@id":"https:\/\/www.evess.se\/en\/produkt\/accessories\/moped-helmets\/helmet-classic-off-white\/#primaryimage","url":"https:\/\/www.evess.se\/wp-content\/uploads\/2023\/11\/hjalm_classic_vit-1-1.jpg","contentUrl":"https:\/\/www.evess.se\/wp-content\/uploads\/2023\/11\/hjalm_classic_vit-1-1.jpg","width":1200,"height":1200},{"@type":"BreadcrumbList","@id":"https:\/\/www.evess.se\/en\/produkt\/accessories\/moped-helmets\/helmet-classic-off-white\/#breadcrumb","itemListElement":[{"@type":"ListItem","position":1,"name":"Hem","item":"https:\/\/www.evess.se\/en\/"},{"@type":"ListItem","position":2,"name":"Store","item":"https:\/\/www.evess.se\/en\/store\/"},{"@type":"ListItem","position":3,"name":"Helmet Classic off-white"}]},{"@type":"WebSite","@id":"https:\/\/www.evess.se\/en\/#website","url":"https:\/\/www.evess.se\/en\/","name":"Evess","description":"Elmopeder f\u00f6r ett milj\u00f6smart samh\u00e4lle","publisher":{"@id":"https:\/\/www.evess.se\/en\/#organization"},"potentialAction":[{"@type":"SearchAction","target":{"@type":"EntryPoint","urlTemplate":"https:\/\/www.evess.se\/en\/?s={search_term_string}"},"query-input":{"@type":"PropertyValueSpecification","valueRequired":true,"valueName":"search_term_string"}}],"inLanguage":"en-US"},{"@type":"Organization","@id":"https:\/\/www.evess.se\/en\/#organization","name":"Evess","url":"https:\/\/www.evess.se\/en\/","logo":{"@type":"ImageObject","inLanguage":"en-US","@id":"https:\/\/www.evess.se\/en\/#\/schema\/logo\/image\/","url":"https:\/\/www.evess.se\/wp-content\/uploads\/2023\/11\/evess-logo-black.png","contentUrl":"https:\/\/www.evess.se\/wp-content\/uploads\/2023\/11\/evess-logo-black.png","width":1417,"height":312,"caption":"Evess"},"image":{"@id":"https:\/\/www.evess.se\/en\/#\/schema\/logo\/image\/"},"sameAs":["https:\/\/www.facebook.com\/evessmoped"]}]}},"_links":{"self":[{"href":"https:\/\/www.evess.se\/en\/wp-json\/wp\/v2\/product\/15361","targetHints":{"allow":["GET"]}}],"collection":[{"href":"https:\/\/www.evess.se\/en\/wp-json\/wp\/v2\/product"}],"about":[{"href":"https:\/\/www.evess.se\/en\/wp-json\/wp\/v2\/types\/product"}],"replies":[{"embeddable":true,"href":"https:\/\/www.evess.se\/en\/wp-json\/wp\/v2\/comments?post=15361"}],"wp:featuredmedia":[{"embeddable":true,"href":"https:\/\/www.evess.se\/en\/wp-json\/wp\/v2\/media\/15362"}],"wp:attachment":[{"href":"https:\/\/www.evess.se\/en\/wp-json\/wp\/v2\/media?parent=15361"}],"wp:term":[{"taxonomy":"product_brand","embeddable":true,"href":"https:\/\/www.evess.se\/en\/wp-json\/wp\/v2\/product_brand?post=15361"},{"taxonomy":"product_cat","embeddable":true,"href":"https:\/\/www.evess.se\/en\/wp-json\/wp\/v2\/product_cat?post=15361"},{"taxonomy":"product_tag","embeddable":true,"href":"https:\/\/www.evess.se\/en\/wp-json\/wp\/v2\/product_tag?post=15361"}],"curies":[{"name":"wp","href":"https:\/\/api.w.org\/{rel}","templated":true}]}}