{"id":15431,"date":"2023-11-26T03:01:49","date_gmt":"2023-11-26T03:01:49","guid":{"rendered":"https:\/\/www.evess.se\/management-of-cookies-2\/"},"modified":"2025-12-31T18:44:08","modified_gmt":"2025-12-31T18:44:08","slug":"management-of-cookies-2","status":"publish","type":"page","link":"https:\/\/www.evess.se\/en\/management-of-cookies-2\/","title":{"rendered":"Management of cookies"},"content":{"rendered":"\n<h2 class=\"wp-block-heading\">How we work with cookies<\/h2>\n\n<p>Your consent applies to Evess AB 559203-6866 and to the domain: www.evess.se<\/p>\n\n<p>Valid from: 26-Nov-2023<br\/>Last updated: 21-Apr-2025<\/p>\n\n<style>\n    a.cky-banner-element {\n        padding: 8px 30px;\n        background: #F8F9FA;\n        color: #858A8F;\n        border: 1px solid #DEE2E6;\n        box-sizing: border-box;\n        border-radius: 2px;\n        cursor: pointer;\n}\n<\/style>\n\n<h3>What are cookies?<\/h3>\n<p>This Cookie Policy explains what cookies are and how we use them, the types of cookies we use, i.e. the information we collect using cookies and how that information is used, and how to manage cookie settings. <\/p> <p>Cookies are small text files used to store small pieces of information. They are stored on your device when the website loads in your browser. These cookies help us to make the website work properly, make it more secure, provide a better user experience, and understand how the website performs and to analyze what works and where it needs improvement.  <\/p>\n\n<h3>How do we use cookies?<\/h3>\n<div class=\"cookie-policy-p\"><p>Like most online services, our website uses first-party and third-party cookies for several purposes. First-party cookies are mostly necessary for the proper functioning of the website, and they do not collect any of your personally identifiable data. <\/p> <p>The third-party cookies used on our website are mainly to understand how the website performs, how you interact with our website, keep our services secure, provide advertisements that are relevant to you, and all in all provide you with a better and improved user experience and help speed up your future interactions with our website.<\/p><\/div>\n\n    <h3>Types of cookies we use<\/h3>\n\n    <div class=\"cky-audit-table-element\"><\/div>\n\n    <h3>Managing cookie preferences<\/h3> <br\/>\n    <a class=\"cky-banner-element\">Cookie settings<\/a> <br\/>\n<p>You can change your cookie preferences at any time by clicking on the above button. This will allow you to revisit the cookie consent banner and change your preferences or withdraw your consent directly.   <\/p> <p>In addition to this, different browsers offer different methods for blocking and deleting cookies used by websites. You can change the settings in your browser to block\/delete cookies. Below are links to the support documents on how to manage and delete cookies from the major browsers.  <\/p> <p>Chrome: <a href=\"https:\/\/support.google.com\/accounts\/answer\/32050\" target=\"_blank\" rel=\"noopener\">https:\/\/support.google.com\/accounts\/answer\/32050<\/a><\/p><p>Safari: <a href=\"https:\/\/support.apple.com\/en-in\/guide\/safari\/sfri11471\/mac\" target=\"_blank\" rel=\"noopener\">https:\/\/support.apple.com\/en-in\/guide\/safari\/sfri11471\/mac<\/a><\/p><p>Firefox: <a href=\"https:\/\/support.mozilla.org\/en-US\/kb\/clear-cookies-and-site-data-firefox?redirectslug=delete-cookies-remove-info-websites-stored&#038;redirectlocale=en-US\" target=\"_blank\" rel=\"noopener\">https:\/\/support.mozilla.org\/en-US\/kb\/clear-cookies-and-site-data-firefox?redirectslug=delete-cookies-remove-info-websites-stored&#038;redirectlocale=en-US<\/a><\/p><p>Internet Explorer: <a href=\"https:\/\/support.microsoft.com\/en-us\/topic\/how-to-delete-cookie-files-in-internet-explorer-bca9446f-d873-78de-77ba-d42645fa52fc\" target=\"_blank\" rel=\"noopener\">https:\/\/support.microsoft.com\/en-us\/topic\/how-to-delete-cookie-files-in-internet-explorer-bca9446f-d873-78de-77ba-d42645fa52fc<\/a><\/p><p>If you are using a different browser, please visit the official support document for that browser.<\/p>\n\n<p><\/p>\n\n<h2 class=\"wp-block-heading\">How we work with your personal data<\/h2>\n\n<p>Evess AB stores personal data that you provide via our website and handles it in accordance with the Personal Data Act (PUL). The data is needed so that we can fulfill our service to you and deliver your product. For example, name, date of birth, gender, address, e-mail address and \/ or telephone number that you provide in connection with your purchase on the website or by mail. There may also be specific information provided in connection with an order that concerns you as a customer, which will be processed by Evess AB and, where applicable, shared only with partners of Evess AB.    <\/p>\n\n<p>Information provided in connection with an order placed on our website is processed by Evess AB or suppliers of administrative services, payment and financing and other services engaged by Evess AB. We use this information to provide relevant information, certain offers and services that are relevant to your product via telephone, email, SMS and\/or postal mailings. <\/p>\n\n<p>After delivery of your product, your personal data will be stored in our customer register for three years. If you agree, we can store the data for a maximum of 10 years. We use the data to fulfill our mission to deliver a product and\/or additional services that you ordered on our website. It may also include information about contacts with you and Evess with information about questions or complaints. We may also use your personal data where we are required to do so by law, for example for security purposes.    <\/p>\n\n<p>We use your personal data to improve our services and for statistics, market research and\/or customer analysis. We may also use your data to provide you with various offers of services and products from Evess AB if you do not object to direct marketing and notify us of this. <\/p>\n","protected":false},"excerpt":{"rendered":"<p>How we work with cookies Your consent applies to Evess AB 559203-6866 and to the domain: www.evess.se Valid from: 26-Nov-2023Last updated: 21-Apr-2025 What are cookies? This Cookie Policy explains what cookies are and how we use them, the types of cookies we use, i.e. the information we collect using cookies and how that information is [&hellip;]<\/p>\n","protected":false},"author":5,"featured_media":0,"parent":0,"menu_order":0,"comment_status":"closed","ping_status":"closed","template":"","meta":{"_acf_changed":false,"footnotes":""},"class_list":["post-15431","page","type-page","status-publish","hentry"],"acf":[],"yoast_head":"<!-- This site is optimized with the Yoast SEO plugin v27.5 - https:\/\/yoast.com\/product\/yoast-seo-wordpress\/ -->\n<title>Management of cookies - Evess<\/title>\n<meta name=\"robots\" content=\"index, follow, max-snippet:-1, max-image-preview:large, max-video-preview:-1\" \/>\n<link rel=\"canonical\" href=\"https:\/\/www.evess.se\/en\/management-of-cookies-2\/\" \/>\n<meta property=\"og:locale\" content=\"en_US\" \/>\n<meta property=\"og:type\" content=\"article\" \/>\n<meta property=\"og:title\" content=\"Management of cookies - Evess\" \/>\n<meta property=\"og:description\" content=\"How we work with cookies Your consent applies to Evess AB 559203-6866 and to the domain: www.evess.se Valid from: 26-Nov-2023Last updated: 21-Apr-2025 What are cookies? This Cookie Policy explains what cookies are and how we use them, the types of cookies we use, i.e. the information we collect using cookies and how that information is [&hellip;]\" \/>\n<meta property=\"og:url\" content=\"https:\/\/www.evess.se\/en\/management-of-cookies-2\/\" \/>\n<meta property=\"og:site_name\" content=\"Evess\" \/>\n<meta property=\"article:publisher\" content=\"https:\/\/www.facebook.com\/evessmoped\" \/>\n<meta property=\"article:modified_time\" content=\"2025-12-31T18:44:08+00:00\" \/>\n<meta property=\"og:image\" content=\"https:\/\/www.evess.se\/wp-content\/uploads\/2023\/11\/screenshot.png\" \/>\n\t<meta property=\"og:image:width\" content=\"1200\" \/>\n\t<meta property=\"og:image:height\" content=\"900\" \/>\n\t<meta property=\"og:image:type\" content=\"image\/png\" \/>\n<meta name=\"twitter:card\" content=\"summary_large_image\" \/>\n<meta name=\"twitter:label1\" content=\"Est. reading time\" \/>\n\t<meta name=\"twitter:data1\" content=\"3 minutes\" \/>\n<script type=\"application\/ld+json\" class=\"yoast-schema-graph\">{\"@context\":\"https:\\\/\\\/schema.org\",\"@graph\":[{\"@type\":\"WebPage\",\"@id\":\"https:\\\/\\\/www.evess.se\\\/en\\\/management-of-cookies-2\\\/\",\"url\":\"https:\\\/\\\/www.evess.se\\\/en\\\/management-of-cookies-2\\\/\",\"name\":\"Management of cookies - Evess\",\"isPartOf\":{\"@id\":\"https:\\\/\\\/www.evess.se\\\/en\\\/#website\"},\"datePublished\":\"2023-11-26T03:01:49+00:00\",\"dateModified\":\"2025-12-31T18:44:08+00:00\",\"breadcrumb\":{\"@id\":\"https:\\\/\\\/www.evess.se\\\/en\\\/management-of-cookies-2\\\/#breadcrumb\"},\"inLanguage\":\"en-US\",\"potentialAction\":[{\"@type\":\"ReadAction\",\"target\":[\"https:\\\/\\\/www.evess.se\\\/en\\\/management-of-cookies-2\\\/\"]}]},{\"@type\":\"BreadcrumbList\",\"@id\":\"https:\\\/\\\/www.evess.se\\\/en\\\/management-of-cookies-2\\\/#breadcrumb\",\"itemListElement\":[{\"@type\":\"ListItem\",\"position\":1,\"name\":\"Hem\",\"item\":\"https:\\\/\\\/www.evess.se\\\/en\\\/\"},{\"@type\":\"ListItem\",\"position\":2,\"name\":\"Management of cookies\"}]},{\"@type\":\"WebSite\",\"@id\":\"https:\\\/\\\/www.evess.se\\\/en\\\/#website\",\"url\":\"https:\\\/\\\/www.evess.se\\\/en\\\/\",\"name\":\"Evess\",\"description\":\"Elmopeder f\u00f6r ett milj\u00f6smart samh\u00e4lle\",\"publisher\":{\"@id\":\"https:\\\/\\\/www.evess.se\\\/en\\\/#organization\"},\"potentialAction\":[{\"@type\":\"SearchAction\",\"target\":{\"@type\":\"EntryPoint\",\"urlTemplate\":\"https:\\\/\\\/www.evess.se\\\/en\\\/?s={search_term_string}\"},\"query-input\":{\"@type\":\"PropertyValueSpecification\",\"valueRequired\":true,\"valueName\":\"search_term_string\"}}],\"inLanguage\":\"en-US\"},{\"@type\":\"Organization\",\"@id\":\"https:\\\/\\\/www.evess.se\\\/en\\\/#organization\",\"name\":\"Evess\",\"url\":\"https:\\\/\\\/www.evess.se\\\/en\\\/\",\"logo\":{\"@type\":\"ImageObject\",\"inLanguage\":\"en-US\",\"@id\":\"https:\\\/\\\/www.evess.se\\\/en\\\/#\\\/schema\\\/logo\\\/image\\\/\",\"url\":\"https:\\\/\\\/www.evess.se\\\/wp-content\\\/uploads\\\/2023\\\/11\\\/evess-logo-black.png\",\"contentUrl\":\"https:\\\/\\\/www.evess.se\\\/wp-content\\\/uploads\\\/2023\\\/11\\\/evess-logo-black.png\",\"width\":1417,\"height\":312,\"caption\":\"Evess\"},\"image\":{\"@id\":\"https:\\\/\\\/www.evess.se\\\/en\\\/#\\\/schema\\\/logo\\\/image\\\/\"},\"sameAs\":[\"https:\\\/\\\/www.facebook.com\\\/evessmoped\"]}]}<\/script>\n<!-- \/ Yoast SEO plugin. -->","yoast_head_json":{"title":"Management of cookies - Evess","robots":{"index":"index","follow":"follow","max-snippet":"max-snippet:-1","max-image-preview":"max-image-preview:large","max-video-preview":"max-video-preview:-1"},"canonical":"https:\/\/www.evess.se\/en\/management-of-cookies-2\/","og_locale":"en_US","og_type":"article","og_title":"Management of cookies - Evess","og_description":"How we work with cookies Your consent applies to Evess AB 559203-6866 and to the domain: www.evess.se Valid from: 26-Nov-2023Last updated: 21-Apr-2025 What are cookies? This Cookie Policy explains what cookies are and how we use them, the types of cookies we use, i.e. the information we collect using cookies and how that information is [&hellip;]","og_url":"https:\/\/www.evess.se\/en\/management-of-cookies-2\/","og_site_name":"Evess","article_publisher":"https:\/\/www.facebook.com\/evessmoped","article_modified_time":"2025-12-31T18:44:08+00:00","og_image":[{"width":1200,"height":900,"url":"https:\/\/www.evess.se\/wp-content\/uploads\/2023\/11\/screenshot.png","type":"image\/png"}],"twitter_card":"summary_large_image","twitter_misc":{"Est. reading time":"3 minutes"},"schema":{"@context":"https:\/\/schema.org","@graph":[{"@type":"WebPage","@id":"https:\/\/www.evess.se\/en\/management-of-cookies-2\/","url":"https:\/\/www.evess.se\/en\/management-of-cookies-2\/","name":"Management of cookies - Evess","isPartOf":{"@id":"https:\/\/www.evess.se\/en\/#website"},"datePublished":"2023-11-26T03:01:49+00:00","dateModified":"2025-12-31T18:44:08+00:00","breadcrumb":{"@id":"https:\/\/www.evess.se\/en\/management-of-cookies-2\/#breadcrumb"},"inLanguage":"en-US","potentialAction":[{"@type":"ReadAction","target":["https:\/\/www.evess.se\/en\/management-of-cookies-2\/"]}]},{"@type":"BreadcrumbList","@id":"https:\/\/www.evess.se\/en\/management-of-cookies-2\/#breadcrumb","itemListElement":[{"@type":"ListItem","position":1,"name":"Hem","item":"https:\/\/www.evess.se\/en\/"},{"@type":"ListItem","position":2,"name":"Management of cookies"}]},{"@type":"WebSite","@id":"https:\/\/www.evess.se\/en\/#website","url":"https:\/\/www.evess.se\/en\/","name":"Evess","description":"Elmopeder f\u00f6r ett milj\u00f6smart samh\u00e4lle","publisher":{"@id":"https:\/\/www.evess.se\/en\/#organization"},"potentialAction":[{"@type":"SearchAction","target":{"@type":"EntryPoint","urlTemplate":"https:\/\/www.evess.se\/en\/?s={search_term_string}"},"query-input":{"@type":"PropertyValueSpecification","valueRequired":true,"valueName":"search_term_string"}}],"inLanguage":"en-US"},{"@type":"Organization","@id":"https:\/\/www.evess.se\/en\/#organization","name":"Evess","url":"https:\/\/www.evess.se\/en\/","logo":{"@type":"ImageObject","inLanguage":"en-US","@id":"https:\/\/www.evess.se\/en\/#\/schema\/logo\/image\/","url":"https:\/\/www.evess.se\/wp-content\/uploads\/2023\/11\/evess-logo-black.png","contentUrl":"https:\/\/www.evess.se\/wp-content\/uploads\/2023\/11\/evess-logo-black.png","width":1417,"height":312,"caption":"Evess"},"image":{"@id":"https:\/\/www.evess.se\/en\/#\/schema\/logo\/image\/"},"sameAs":["https:\/\/www.facebook.com\/evessmoped"]}]}},"_links":{"self":[{"href":"https:\/\/www.evess.se\/en\/wp-json\/wp\/v2\/pages\/15431","targetHints":{"allow":["GET"]}}],"collection":[{"href":"https:\/\/www.evess.se\/en\/wp-json\/wp\/v2\/pages"}],"about":[{"href":"https:\/\/www.evess.se\/en\/wp-json\/wp\/v2\/types\/page"}],"author":[{"embeddable":true,"href":"https:\/\/www.evess.se\/en\/wp-json\/wp\/v2\/users\/5"}],"replies":[{"embeddable":true,"href":"https:\/\/www.evess.se\/en\/wp-json\/wp\/v2\/comments?post=15431"}],"version-history":[{"count":1,"href":"https:\/\/www.evess.se\/en\/wp-json\/wp\/v2\/pages\/15431\/revisions"}],"predecessor-version":[{"id":15434,"href":"https:\/\/www.evess.se\/en\/wp-json\/wp\/v2\/pages\/15431\/revisions\/15434"}],"wp:attachment":[{"href":"https:\/\/www.evess.se\/en\/wp-json\/wp\/v2\/media?parent=15431"}],"curies":[{"name":"wp","href":"https:\/\/api.w.org\/{rel}","templated":true}]}}