{"id":15426,"date":"2023-11-22T10:47:28","date_gmt":"2023-11-22T10:47:28","guid":{"rendered":"https:\/\/www.evess.se\/privacy-policy\/"},"modified":"2025-12-31T18:44:02","modified_gmt":"2025-12-31T18:44:02","slug":"privacy-policy","status":"publish","type":"page","link":"https:\/\/www.evess.se\/en\/privacy-policy\/","title":{"rendered":"Privacy policy"},"content":{"rendered":"\n<p><strong>Last updated on November 26, 2023<\/strong><br\/><strong>Valid from November 26, 2023<\/strong><\/p>\n\n<p>This Privacy Policy describes Evess AB&#8217;s, located at Kastellgatan 17, Gothenburg 413 07, Sweden, email: <a href=\"mailto:info@evess.se\">info@evess.se,<\/a> phone: 076-848 88 93, policies regarding the collection, use, and disclosure of your information that we collect when you use our website<a href=\"https:\/\/www.evess.se\/en\/\">(https:\/\/www.evess.se)<\/a>. (the &#8220;Service&#8221;). By accessing or using the Service, you consent to the collection, use and disclosure of your information in accordance with this Privacy Policy. If you do not agree to this, please do not use the Service.   <\/p>\n\n<p>We may change this Privacy Policy at any time without prior notice to you and will post the revised Privacy Policy on the Service. The revised policy will become effective 180 days after the revised policy is posted on the Service, and your continued access or use of the Service after that time will constitute your acceptance of the revised Privacy Policy. We therefore recommend that you periodically review this page.  <\/p>\n\n<h2 class=\"wp-block-heading\">Information we collect<\/h2>\n\n<p>We will collect and process the following personal information about you:<\/p>\n\n<ul class=\"wp-block-list\">\n<li>Name<\/li>\n\n\n\n<li>E-mail address<\/li>\n\n\n\n<li>Mobile phone<\/li>\n\n\n\n<li>Address<\/li>\n<\/ul>\n\n<h3 class=\"wp-block-heading\">How we collect your information<\/h3>\n\n<p>We collect\/obtain information about you in the following ways:<\/p>\n\n<ul class=\"wp-block-list\">\n<li>When a user fills in the registration form or otherwise provides personal information<\/li>\n\n\n\n<li>Interacts with the website<\/li>\n\n\n\n<li>From public sources<\/li>\n<\/ul>\n\n<h3 class=\"wp-block-heading\">How we use your information<\/h3>\n\n<p>We will use the information we collect about you for the following purposes:<\/p>\n\n<ul class=\"wp-block-list\">\n<li>Managing customer orders<\/li>\n\n\n\n<li>If we want to use your information for any other purpose, we will ask for your consent and use your information only after receiving your consent, and then only for the purposes for which you gave consent, unless we are required to do otherwise by law.<\/li>\n<\/ul>\n\n<h3 class=\"wp-block-heading\">How we share your information<\/h3>\n\n<p>We will not transfer your personal information to any third party without seeking your consent, except in limited circumstances as described below:<\/p>\n\n<ul class=\"wp-block-list\">\n<li>Analysis<\/li>\n\n\n\n<li>We require such third parties to use the personal information we transfer to them only for the purpose for which it was transferred and not to retain it for longer than is necessary to fulfill the stated purpose.<\/li>\n\n\n\n<li>We may also disclose your Personal Information for the following: (1) to comply with applicable law, regulation, court order, or other legal process; (2) to enforce your agreements with us, including this Privacy Policy; or (3) to respond to claims that your use of the Service violates the rights of third parties. If the Service or our company is merged or acquired by another company, your information will be one of the assets transferred to the new owner. <\/li>\n<\/ul>\n\n<h3 class=\"wp-block-heading\">Storage of your information<\/h3>\n\n<p>We will retain your personal information with us for 90 days to 2 years after user accounts remain inactive or for as long as we need it to fulfill the purposes for which it was collected, as described in this Privacy Policy. We may need to retain certain information for longer periods for documentation\/reporting under applicable law or for other legitimate reasons such as enforcement of legal rights, fraud prevention, etc. Remaining anonymous information and aggregated information, which does not identify you (directly or indirectly), may be retained indefinitely.  <\/p>\n\n<h2 class=\"wp-block-heading\">Your rights<\/h2>\n\n<p>Depending on the applicable law, you may have the right to access and correct or delete your personal information or obtain a copy of your personal information, restrict or object to the active processing of your information, ask us to share (port) your personal information to another entity, withdraw any consent you have given us to process your information, the right to lodge a complaint with a governmental authority, and other rights that may be relevant under applicable laws. To exercise these rights, you can write to us. We will respond to your request in accordance with applicable law.  <\/p>\n\n<ul class=\"wp-block-list\">\n<li>You can opt out of direct marketing communications or the profiling we carry out for marketing purposes by writing to us.<\/li>\n\n\n\n<li>Please note that if you do not allow us to collect or process the necessary personal information or withdraw consent to process the same for the necessary purposes, you may not be able to access or use the services for which your information was requested.<\/li>\n<\/ul>\n\n<h2 class=\"wp-block-heading\">Cookies Etc<\/h2>\n\n<p>To learn more about how we use these and your choices in relation to these tracking technologies, please see our <a href=\"https:\/\/www.evess.se\/hantering-av-cookies\/\">cookie policy<\/a>.<\/p>\n\n<h2 class=\"wp-block-heading\">Security and safety<\/h2>\n\n<p>The security of your information is important to us and we will use reasonable security measures to prevent the loss, misuse or unauthorized alteration of your information under our control. However, given the inherent risks, we cannot guarantee absolute security and accordingly we cannot guarantee the security of any information you transmit to us and you do so at your own risk. <\/p>\n\n<h2 class=\"wp-block-heading\">Complaints \/ Data Protection Officer<\/h2>\n\n<p>If you have any questions or concerns about the processing of your information held by us, you can email our Complaints Manager at Evess AB, Kastellgatan 17, Gothenburg, Sweden, email: <a href=\"mailto:info@evess.se\">info@evess.se.<\/a> We will handle your concerns in accordance with applicable law. <\/p>\n","protected":false},"excerpt":{"rendered":"<p>Last updated on November 26, 2023Valid from November 26, 2023 This Privacy Policy describes Evess AB&#8217;s, located at Kastellgatan 17, Gothenburg 413 07, Sweden, email: info@evess.se, phone: 076-848 88 93, policies regarding the collection, use, and disclosure of your information that we collect when you use our website(https:\/\/www.evess.se). (the &#8220;Service&#8221;). By accessing or using the [&hellip;]<\/p>\n","protected":false},"author":1,"featured_media":0,"parent":0,"menu_order":0,"comment_status":"closed","ping_status":"closed","template":"","meta":{"_acf_changed":false,"footnotes":""},"class_list":["post-15426","page","type-page","status-publish","hentry"],"acf":[],"yoast_head":"<!-- This site is optimized with the Yoast SEO plugin v27.5 - https:\/\/yoast.com\/product\/yoast-seo-wordpress\/ -->\n<title>Privacy policy - Evess<\/title>\n<meta name=\"robots\" content=\"index, follow, max-snippet:-1, max-image-preview:large, max-video-preview:-1\" \/>\n<link rel=\"canonical\" href=\"https:\/\/www.evess.se\/en\/privacy-policy\/\" \/>\n<meta property=\"og:locale\" content=\"en_US\" \/>\n<meta property=\"og:type\" content=\"article\" \/>\n<meta property=\"og:title\" content=\"Privacy policy - Evess\" \/>\n<meta property=\"og:description\" content=\"Last updated on November 26, 2023Valid from November 26, 2023 This Privacy Policy describes Evess AB&#8217;s, located at Kastellgatan 17, Gothenburg 413 07, Sweden, email: info@evess.se, phone: 076-848 88 93, policies regarding the collection, use, and disclosure of your information that we collect when you use our website(https:\/\/www.evess.se). (the &#8220;Service&#8221;). By accessing or using the [&hellip;]\" \/>\n<meta property=\"og:url\" content=\"https:\/\/www.evess.se\/en\/privacy-policy\/\" \/>\n<meta property=\"og:site_name\" content=\"Evess\" \/>\n<meta property=\"article:publisher\" content=\"https:\/\/www.facebook.com\/evessmoped\" \/>\n<meta property=\"article:modified_time\" content=\"2025-12-31T18:44:02+00:00\" \/>\n<meta property=\"og:image\" content=\"https:\/\/www.evess.se\/wp-content\/uploads\/2023\/11\/screenshot.png\" \/>\n\t<meta property=\"og:image:width\" content=\"1200\" \/>\n\t<meta property=\"og:image:height\" content=\"900\" \/>\n\t<meta property=\"og:image:type\" content=\"image\/png\" \/>\n<meta name=\"twitter:card\" content=\"summary_large_image\" \/>\n<meta name=\"twitter:label1\" content=\"Est. reading time\" \/>\n\t<meta name=\"twitter:data1\" content=\"4 minutes\" \/>\n<script type=\"application\/ld+json\" class=\"yoast-schema-graph\">{\"@context\":\"https:\\\/\\\/schema.org\",\"@graph\":[{\"@type\":\"WebPage\",\"@id\":\"https:\\\/\\\/www.evess.se\\\/en\\\/privacy-policy\\\/\",\"url\":\"https:\\\/\\\/www.evess.se\\\/en\\\/privacy-policy\\\/\",\"name\":\"Privacy policy - Evess\",\"isPartOf\":{\"@id\":\"https:\\\/\\\/www.evess.se\\\/en\\\/#website\"},\"datePublished\":\"2023-11-22T10:47:28+00:00\",\"dateModified\":\"2025-12-31T18:44:02+00:00\",\"breadcrumb\":{\"@id\":\"https:\\\/\\\/www.evess.se\\\/en\\\/privacy-policy\\\/#breadcrumb\"},\"inLanguage\":\"en-US\",\"potentialAction\":[{\"@type\":\"ReadAction\",\"target\":[\"https:\\\/\\\/www.evess.se\\\/en\\\/privacy-policy\\\/\"]}]},{\"@type\":\"BreadcrumbList\",\"@id\":\"https:\\\/\\\/www.evess.se\\\/en\\\/privacy-policy\\\/#breadcrumb\",\"itemListElement\":[{\"@type\":\"ListItem\",\"position\":1,\"name\":\"Hem\",\"item\":\"https:\\\/\\\/www.evess.se\\\/en\\\/\"},{\"@type\":\"ListItem\",\"position\":2,\"name\":\"Privacy policy\"}]},{\"@type\":\"WebSite\",\"@id\":\"https:\\\/\\\/www.evess.se\\\/en\\\/#website\",\"url\":\"https:\\\/\\\/www.evess.se\\\/en\\\/\",\"name\":\"Evess\",\"description\":\"Elmopeder f\u00f6r ett milj\u00f6smart samh\u00e4lle\",\"publisher\":{\"@id\":\"https:\\\/\\\/www.evess.se\\\/en\\\/#organization\"},\"potentialAction\":[{\"@type\":\"SearchAction\",\"target\":{\"@type\":\"EntryPoint\",\"urlTemplate\":\"https:\\\/\\\/www.evess.se\\\/en\\\/?s={search_term_string}\"},\"query-input\":{\"@type\":\"PropertyValueSpecification\",\"valueRequired\":true,\"valueName\":\"search_term_string\"}}],\"inLanguage\":\"en-US\"},{\"@type\":\"Organization\",\"@id\":\"https:\\\/\\\/www.evess.se\\\/en\\\/#organization\",\"name\":\"Evess\",\"url\":\"https:\\\/\\\/www.evess.se\\\/en\\\/\",\"logo\":{\"@type\":\"ImageObject\",\"inLanguage\":\"en-US\",\"@id\":\"https:\\\/\\\/www.evess.se\\\/en\\\/#\\\/schema\\\/logo\\\/image\\\/\",\"url\":\"https:\\\/\\\/www.evess.se\\\/wp-content\\\/uploads\\\/2023\\\/11\\\/evess-logo-black.png\",\"contentUrl\":\"https:\\\/\\\/www.evess.se\\\/wp-content\\\/uploads\\\/2023\\\/11\\\/evess-logo-black.png\",\"width\":1417,\"height\":312,\"caption\":\"Evess\"},\"image\":{\"@id\":\"https:\\\/\\\/www.evess.se\\\/en\\\/#\\\/schema\\\/logo\\\/image\\\/\"},\"sameAs\":[\"https:\\\/\\\/www.facebook.com\\\/evessmoped\"]}]}<\/script>\n<!-- \/ Yoast SEO plugin. -->","yoast_head_json":{"title":"Privacy policy - Evess","robots":{"index":"index","follow":"follow","max-snippet":"max-snippet:-1","max-image-preview":"max-image-preview:large","max-video-preview":"max-video-preview:-1"},"canonical":"https:\/\/www.evess.se\/en\/privacy-policy\/","og_locale":"en_US","og_type":"article","og_title":"Privacy policy - Evess","og_description":"Last updated on November 26, 2023Valid from November 26, 2023 This Privacy Policy describes Evess AB&#8217;s, located at Kastellgatan 17, Gothenburg 413 07, Sweden, email: info@evess.se, phone: 076-848 88 93, policies regarding the collection, use, and disclosure of your information that we collect when you use our website(https:\/\/www.evess.se). (the &#8220;Service&#8221;). By accessing or using the [&hellip;]","og_url":"https:\/\/www.evess.se\/en\/privacy-policy\/","og_site_name":"Evess","article_publisher":"https:\/\/www.facebook.com\/evessmoped","article_modified_time":"2025-12-31T18:44:02+00:00","og_image":[{"width":1200,"height":900,"url":"https:\/\/www.evess.se\/wp-content\/uploads\/2023\/11\/screenshot.png","type":"image\/png"}],"twitter_card":"summary_large_image","twitter_misc":{"Est. reading time":"4 minutes"},"schema":{"@context":"https:\/\/schema.org","@graph":[{"@type":"WebPage","@id":"https:\/\/www.evess.se\/en\/privacy-policy\/","url":"https:\/\/www.evess.se\/en\/privacy-policy\/","name":"Privacy policy - Evess","isPartOf":{"@id":"https:\/\/www.evess.se\/en\/#website"},"datePublished":"2023-11-22T10:47:28+00:00","dateModified":"2025-12-31T18:44:02+00:00","breadcrumb":{"@id":"https:\/\/www.evess.se\/en\/privacy-policy\/#breadcrumb"},"inLanguage":"en-US","potentialAction":[{"@type":"ReadAction","target":["https:\/\/www.evess.se\/en\/privacy-policy\/"]}]},{"@type":"BreadcrumbList","@id":"https:\/\/www.evess.se\/en\/privacy-policy\/#breadcrumb","itemListElement":[{"@type":"ListItem","position":1,"name":"Hem","item":"https:\/\/www.evess.se\/en\/"},{"@type":"ListItem","position":2,"name":"Privacy policy"}]},{"@type":"WebSite","@id":"https:\/\/www.evess.se\/en\/#website","url":"https:\/\/www.evess.se\/en\/","name":"Evess","description":"Elmopeder f\u00f6r ett milj\u00f6smart samh\u00e4lle","publisher":{"@id":"https:\/\/www.evess.se\/en\/#organization"},"potentialAction":[{"@type":"SearchAction","target":{"@type":"EntryPoint","urlTemplate":"https:\/\/www.evess.se\/en\/?s={search_term_string}"},"query-input":{"@type":"PropertyValueSpecification","valueRequired":true,"valueName":"search_term_string"}}],"inLanguage":"en-US"},{"@type":"Organization","@id":"https:\/\/www.evess.se\/en\/#organization","name":"Evess","url":"https:\/\/www.evess.se\/en\/","logo":{"@type":"ImageObject","inLanguage":"en-US","@id":"https:\/\/www.evess.se\/en\/#\/schema\/logo\/image\/","url":"https:\/\/www.evess.se\/wp-content\/uploads\/2023\/11\/evess-logo-black.png","contentUrl":"https:\/\/www.evess.se\/wp-content\/uploads\/2023\/11\/evess-logo-black.png","width":1417,"height":312,"caption":"Evess"},"image":{"@id":"https:\/\/www.evess.se\/en\/#\/schema\/logo\/image\/"},"sameAs":["https:\/\/www.facebook.com\/evessmoped"]}]}},"_links":{"self":[{"href":"https:\/\/www.evess.se\/en\/wp-json\/wp\/v2\/pages\/15426","targetHints":{"allow":["GET"]}}],"collection":[{"href":"https:\/\/www.evess.se\/en\/wp-json\/wp\/v2\/pages"}],"about":[{"href":"https:\/\/www.evess.se\/en\/wp-json\/wp\/v2\/types\/page"}],"author":[{"embeddable":true,"href":"https:\/\/www.evess.se\/en\/wp-json\/wp\/v2\/users\/1"}],"replies":[{"embeddable":true,"href":"https:\/\/www.evess.se\/en\/wp-json\/wp\/v2\/comments?post=15426"}],"version-history":[{"count":1,"href":"https:\/\/www.evess.se\/en\/wp-json\/wp\/v2\/pages\/15426\/revisions"}],"predecessor-version":[{"id":15429,"href":"https:\/\/www.evess.se\/en\/wp-json\/wp\/v2\/pages\/15426\/revisions\/15429"}],"wp:attachment":[{"href":"https:\/\/www.evess.se\/en\/wp-json\/wp\/v2\/media?parent=15426"}],"curies":[{"name":"wp","href":"https:\/\/api.w.org\/{rel}","templated":true}]}}