{"id":15328,"date":"2023-11-02T21:49:59","date_gmt":"2023-11-02T21:49:59","guid":{"rendered":"https:\/\/www.evess.se\/about-us\/"},"modified":"2025-12-31T18:42:47","modified_gmt":"2025-12-31T18:42:47","slug":"about-us","status":"publish","type":"page","link":"https:\/\/www.evess.se\/en\/about-us\/","title":{"rendered":"About us"},"content":{"rendered":"\n<div class=\"wp-block-columns is-layout-flex wp-container-core-columns-is-layout-9d6595d7 wp-block-columns-is-layout-flex\">\n<div class=\"wp-block-column is-layout-flow wp-block-column-is-layout-flow\">\n<figure class=\"wp-block-image size-full\"><img loading=\"lazy\" decoding=\"async\" width=\"1200\" height=\"857\" src=\"https:\/\/www.evess.se\/wp-content\/uploads\/2024\/05\/August-Wangberg-4351-Redigera-2.jpg\" alt=\"\" class=\"wp-image-13913\" srcset=\"https:\/\/www.evess.se\/wp-content\/uploads\/2024\/05\/August-Wangberg-4351-Redigera-2.jpg 1200w, https:\/\/www.evess.se\/wp-content\/uploads\/2024\/05\/August-Wangberg-4351-Redigera-2-500x357.jpg 500w, https:\/\/www.evess.se\/wp-content\/uploads\/2024\/05\/August-Wangberg-4351-Redigera-2-1024x731.jpg 1024w, https:\/\/www.evess.se\/wp-content\/uploads\/2024\/05\/August-Wangberg-4351-Redigera-2-768x548.jpg 768w, https:\/\/www.evess.se\/wp-content\/uploads\/2024\/05\/August-Wangberg-4351-Redigera-2-300x214.jpg 300w, https:\/\/www.evess.se\/wp-content\/uploads\/2024\/05\/August-Wangberg-4351-Redigera-2-60x43.jpg 60w, https:\/\/www.evess.se\/wp-content\/uploads\/2024\/05\/August-Wangberg-4351-Redigera-2-110x79.jpg 110w, https:\/\/www.evess.se\/wp-content\/uploads\/2024\/05\/August-Wangberg-4351-Redigera-2-600x429.jpg 600w\" sizes=\"auto, (max-width: 1200px) 100vw, 1200px\" \/><\/figure>\n<\/div>\n\n\n\n<div class=\"wp-block-column is-layout-flow wp-block-column-is-layout-flow\">\n<h2 class=\"wp-block-heading\">August<\/h2>\n\n\n\n<blockquote class=\"wp-block-quote is-layout-flow wp-block-quote-is-layout-flow\">\n<p><\/p>\n<cite>I&#8217;ve always been fascinated by the incredible propulsion of sailboats by the power of the wind &#8211; no fuel and completely silent and calm. When I rode my first electric moped, I was drawn to the idea of why you can&#8217;t have the same feeling in the city &#8211; and I want to give more people the opportunity to buy an electric moped. <\/cite><\/blockquote>\n<\/div>\n<\/div>\n\n<div class=\"wp-block-columns is-layout-flex wp-container-core-columns-is-layout-9d6595d7 wp-block-columns-is-layout-flex\">\n<div class=\"wp-block-column is-layout-flow wp-block-column-is-layout-flow\">\n<h2 class=\"wp-block-heading\">Gustaf<\/h2>\n\n\n\n<blockquote class=\"wp-block-quote is-layout-flow wp-block-quote-is-layout-flow\">\n<p><\/p>\n<cite>As an engineer, I have always been interested in motors and believe and hope that electric motors are the future. I think electric mopeds are especially good because they are an important and sustainable supplement to the very congested public transport. <\/cite><\/blockquote>\n<\/div>\n\n\n\n<div class=\"wp-block-column is-layout-flow wp-block-column-is-layout-flow\">\n<figure class=\"wp-block-image size-full\"><img loading=\"lazy\" decoding=\"async\" width=\"1200\" height=\"857\" src=\"https:\/\/www.evess.se\/wp-content\/uploads\/2024\/05\/Gustaf.jpg\" alt=\"\" class=\"wp-image-13918\" srcset=\"https:\/\/www.evess.se\/wp-content\/uploads\/2024\/05\/Gustaf.jpg 1200w, https:\/\/www.evess.se\/wp-content\/uploads\/2024\/05\/Gustaf-500x357.jpg 500w, https:\/\/www.evess.se\/wp-content\/uploads\/2024\/05\/Gustaf-1024x731.jpg 1024w, https:\/\/www.evess.se\/wp-content\/uploads\/2024\/05\/Gustaf-768x548.jpg 768w, https:\/\/www.evess.se\/wp-content\/uploads\/2024\/05\/Gustaf-300x214.jpg 300w, https:\/\/www.evess.se\/wp-content\/uploads\/2024\/05\/Gustaf-60x43.jpg 60w, https:\/\/www.evess.se\/wp-content\/uploads\/2024\/05\/Gustaf-110x79.jpg 110w, https:\/\/www.evess.se\/wp-content\/uploads\/2024\/05\/Gustaf-600x429.jpg 600w\" sizes=\"auto, (max-width: 1200px) 100vw, 1200px\" \/><\/figure>\n<\/div>\n<\/div>\n\n<h2 class=\"wp-block-heading\">Evess<\/h2>\n\n<p>The idea of a climate-smarter society led to Evess. We want to make it easier to choose climate-smart alternatives to commuting. We are city dwellers who like nature as much as the city, above all we want to enable more people to contribute to bringing the world&#8217;s climate back to what it once was &#8211; before industrialization. We believe that a new industrialization in the form of replacing vehicles and industrial emissions with zero-emission products is a must. Recent studies show that this is possible, in part, by planting trees that can store almost all the carbon dioxide in the atmosphere and by reducing emissions. We therefore plant a tree for every vehicle we sell. Driving an electric vehicle is also much better &#8211; less noise and a much better driving experience.      <\/p>\n","protected":false},"excerpt":{"rendered":"<p>August Gustaf Evess The idea of a climate-smarter society led to Evess. We want to make it easier to choose climate-smart alternatives to commuting. We are city dwellers who like nature as much as the city, above all we want to enable more people to contribute to bringing the world&#8217;s climate back to what it [&hellip;]<\/p>\n","protected":false},"author":1,"featured_media":0,"parent":0,"menu_order":0,"comment_status":"closed","ping_status":"closed","template":"","meta":{"_acf_changed":false,"footnotes":""},"class_list":["post-15328","page","type-page","status-publish","hentry"],"acf":[],"yoast_head":"<!-- This site is optimized with the Yoast SEO plugin v27.5 - https:\/\/yoast.com\/product\/yoast-seo-wordpress\/ -->\n<title>About us - Evess<\/title>\n<meta name=\"robots\" content=\"index, follow, max-snippet:-1, max-image-preview:large, max-video-preview:-1\" \/>\n<link rel=\"canonical\" href=\"https:\/\/www.evess.se\/en\/about-us\/\" \/>\n<meta property=\"og:locale\" content=\"en_US\" \/>\n<meta property=\"og:type\" content=\"article\" \/>\n<meta property=\"og:title\" content=\"About us - Evess\" \/>\n<meta property=\"og:description\" content=\"August Gustaf Evess The idea of a climate-smarter society led to Evess. We want to make it easier to choose climate-smart alternatives to commuting. We are city dwellers who like nature as much as the city, above all we want to enable more people to contribute to bringing the world&#8217;s climate back to what it [&hellip;]\" \/>\n<meta property=\"og:url\" content=\"https:\/\/www.evess.se\/en\/about-us\/\" \/>\n<meta property=\"og:site_name\" content=\"Evess\" \/>\n<meta property=\"article:publisher\" content=\"https:\/\/www.facebook.com\/evessmoped\" \/>\n<meta property=\"article:modified_time\" content=\"2025-12-31T18:42:47+00:00\" \/>\n<meta property=\"og:image\" content=\"https:\/\/www.evess.se\/wp-content\/uploads\/2024\/05\/August-Wangberg-4351-Redigera-2.jpg\" \/>\n\t<meta property=\"og:image:width\" content=\"1200\" \/>\n\t<meta property=\"og:image:height\" content=\"857\" \/>\n\t<meta property=\"og:image:type\" content=\"image\/jpeg\" \/>\n<meta name=\"twitter:card\" content=\"summary_large_image\" \/>\n<meta name=\"twitter:label1\" content=\"Est. reading time\" \/>\n\t<meta name=\"twitter:data1\" content=\"1 minute\" \/>\n<script type=\"application\/ld+json\" class=\"yoast-schema-graph\">{\"@context\":\"https:\\\/\\\/schema.org\",\"@graph\":[{\"@type\":\"WebPage\",\"@id\":\"https:\\\/\\\/www.evess.se\\\/en\\\/about-us\\\/\",\"url\":\"https:\\\/\\\/www.evess.se\\\/en\\\/about-us\\\/\",\"name\":\"About us - Evess\",\"isPartOf\":{\"@id\":\"https:\\\/\\\/www.evess.se\\\/en\\\/#website\"},\"primaryImageOfPage\":{\"@id\":\"https:\\\/\\\/www.evess.se\\\/en\\\/about-us\\\/#primaryimage\"},\"image\":{\"@id\":\"https:\\\/\\\/www.evess.se\\\/en\\\/about-us\\\/#primaryimage\"},\"thumbnailUrl\":\"https:\\\/\\\/www.evess.se\\\/wp-content\\\/uploads\\\/2024\\\/05\\\/August-Wangberg-4351-Redigera-2.jpg\",\"datePublished\":\"2023-11-02T21:49:59+00:00\",\"dateModified\":\"2025-12-31T18:42:47+00:00\",\"breadcrumb\":{\"@id\":\"https:\\\/\\\/www.evess.se\\\/en\\\/about-us\\\/#breadcrumb\"},\"inLanguage\":\"en-US\",\"potentialAction\":[{\"@type\":\"ReadAction\",\"target\":[\"https:\\\/\\\/www.evess.se\\\/en\\\/about-us\\\/\"]}]},{\"@type\":\"ImageObject\",\"inLanguage\":\"en-US\",\"@id\":\"https:\\\/\\\/www.evess.se\\\/en\\\/about-us\\\/#primaryimage\",\"url\":\"https:\\\/\\\/www.evess.se\\\/wp-content\\\/uploads\\\/2024\\\/05\\\/August-Wangberg-4351-Redigera-2.jpg\",\"contentUrl\":\"https:\\\/\\\/www.evess.se\\\/wp-content\\\/uploads\\\/2024\\\/05\\\/August-Wangberg-4351-Redigera-2.jpg\"},{\"@type\":\"BreadcrumbList\",\"@id\":\"https:\\\/\\\/www.evess.se\\\/en\\\/about-us\\\/#breadcrumb\",\"itemListElement\":[{\"@type\":\"ListItem\",\"position\":1,\"name\":\"Hem\",\"item\":\"https:\\\/\\\/www.evess.se\\\/en\\\/\"},{\"@type\":\"ListItem\",\"position\":2,\"name\":\"About us\"}]},{\"@type\":\"WebSite\",\"@id\":\"https:\\\/\\\/www.evess.se\\\/en\\\/#website\",\"url\":\"https:\\\/\\\/www.evess.se\\\/en\\\/\",\"name\":\"Evess\",\"description\":\"Elmopeder f\u00f6r ett milj\u00f6smart samh\u00e4lle\",\"publisher\":{\"@id\":\"https:\\\/\\\/www.evess.se\\\/en\\\/#organization\"},\"potentialAction\":[{\"@type\":\"SearchAction\",\"target\":{\"@type\":\"EntryPoint\",\"urlTemplate\":\"https:\\\/\\\/www.evess.se\\\/en\\\/?s={search_term_string}\"},\"query-input\":{\"@type\":\"PropertyValueSpecification\",\"valueRequired\":true,\"valueName\":\"search_term_string\"}}],\"inLanguage\":\"en-US\"},{\"@type\":\"Organization\",\"@id\":\"https:\\\/\\\/www.evess.se\\\/en\\\/#organization\",\"name\":\"Evess\",\"url\":\"https:\\\/\\\/www.evess.se\\\/en\\\/\",\"logo\":{\"@type\":\"ImageObject\",\"inLanguage\":\"en-US\",\"@id\":\"https:\\\/\\\/www.evess.se\\\/en\\\/#\\\/schema\\\/logo\\\/image\\\/\",\"url\":\"https:\\\/\\\/www.evess.se\\\/wp-content\\\/uploads\\\/2023\\\/11\\\/evess-logo-black.png\",\"contentUrl\":\"https:\\\/\\\/www.evess.se\\\/wp-content\\\/uploads\\\/2023\\\/11\\\/evess-logo-black.png\",\"width\":1417,\"height\":312,\"caption\":\"Evess\"},\"image\":{\"@id\":\"https:\\\/\\\/www.evess.se\\\/en\\\/#\\\/schema\\\/logo\\\/image\\\/\"},\"sameAs\":[\"https:\\\/\\\/www.facebook.com\\\/evessmoped\"]}]}<\/script>\n<!-- \/ Yoast SEO plugin. -->","yoast_head_json":{"title":"About us - Evess","robots":{"index":"index","follow":"follow","max-snippet":"max-snippet:-1","max-image-preview":"max-image-preview:large","max-video-preview":"max-video-preview:-1"},"canonical":"https:\/\/www.evess.se\/en\/about-us\/","og_locale":"en_US","og_type":"article","og_title":"About us - Evess","og_description":"August Gustaf Evess The idea of a climate-smarter society led to Evess. We want to make it easier to choose climate-smart alternatives to commuting. We are city dwellers who like nature as much as the city, above all we want to enable more people to contribute to bringing the world&#8217;s climate back to what it [&hellip;]","og_url":"https:\/\/www.evess.se\/en\/about-us\/","og_site_name":"Evess","article_publisher":"https:\/\/www.facebook.com\/evessmoped","article_modified_time":"2025-12-31T18:42:47+00:00","og_image":[{"width":1200,"height":857,"url":"https:\/\/www.evess.se\/wp-content\/uploads\/2024\/05\/August-Wangberg-4351-Redigera-2.jpg","type":"image\/jpeg"}],"twitter_card":"summary_large_image","twitter_misc":{"Est. reading time":"1 minute"},"schema":{"@context":"https:\/\/schema.org","@graph":[{"@type":"WebPage","@id":"https:\/\/www.evess.se\/en\/about-us\/","url":"https:\/\/www.evess.se\/en\/about-us\/","name":"About us - Evess","isPartOf":{"@id":"https:\/\/www.evess.se\/en\/#website"},"primaryImageOfPage":{"@id":"https:\/\/www.evess.se\/en\/about-us\/#primaryimage"},"image":{"@id":"https:\/\/www.evess.se\/en\/about-us\/#primaryimage"},"thumbnailUrl":"https:\/\/www.evess.se\/wp-content\/uploads\/2024\/05\/August-Wangberg-4351-Redigera-2.jpg","datePublished":"2023-11-02T21:49:59+00:00","dateModified":"2025-12-31T18:42:47+00:00","breadcrumb":{"@id":"https:\/\/www.evess.se\/en\/about-us\/#breadcrumb"},"inLanguage":"en-US","potentialAction":[{"@type":"ReadAction","target":["https:\/\/www.evess.se\/en\/about-us\/"]}]},{"@type":"ImageObject","inLanguage":"en-US","@id":"https:\/\/www.evess.se\/en\/about-us\/#primaryimage","url":"https:\/\/www.evess.se\/wp-content\/uploads\/2024\/05\/August-Wangberg-4351-Redigera-2.jpg","contentUrl":"https:\/\/www.evess.se\/wp-content\/uploads\/2024\/05\/August-Wangberg-4351-Redigera-2.jpg"},{"@type":"BreadcrumbList","@id":"https:\/\/www.evess.se\/en\/about-us\/#breadcrumb","itemListElement":[{"@type":"ListItem","position":1,"name":"Hem","item":"https:\/\/www.evess.se\/en\/"},{"@type":"ListItem","position":2,"name":"About us"}]},{"@type":"WebSite","@id":"https:\/\/www.evess.se\/en\/#website","url":"https:\/\/www.evess.se\/en\/","name":"Evess","description":"Elmopeder f\u00f6r ett milj\u00f6smart samh\u00e4lle","publisher":{"@id":"https:\/\/www.evess.se\/en\/#organization"},"potentialAction":[{"@type":"SearchAction","target":{"@type":"EntryPoint","urlTemplate":"https:\/\/www.evess.se\/en\/?s={search_term_string}"},"query-input":{"@type":"PropertyValueSpecification","valueRequired":true,"valueName":"search_term_string"}}],"inLanguage":"en-US"},{"@type":"Organization","@id":"https:\/\/www.evess.se\/en\/#organization","name":"Evess","url":"https:\/\/www.evess.se\/en\/","logo":{"@type":"ImageObject","inLanguage":"en-US","@id":"https:\/\/www.evess.se\/en\/#\/schema\/logo\/image\/","url":"https:\/\/www.evess.se\/wp-content\/uploads\/2023\/11\/evess-logo-black.png","contentUrl":"https:\/\/www.evess.se\/wp-content\/uploads\/2023\/11\/evess-logo-black.png","width":1417,"height":312,"caption":"Evess"},"image":{"@id":"https:\/\/www.evess.se\/en\/#\/schema\/logo\/image\/"},"sameAs":["https:\/\/www.facebook.com\/evessmoped"]}]}},"_links":{"self":[{"href":"https:\/\/www.evess.se\/en\/wp-json\/wp\/v2\/pages\/15328","targetHints":{"allow":["GET"]}}],"collection":[{"href":"https:\/\/www.evess.se\/en\/wp-json\/wp\/v2\/pages"}],"about":[{"href":"https:\/\/www.evess.se\/en\/wp-json\/wp\/v2\/types\/page"}],"author":[{"embeddable":true,"href":"https:\/\/www.evess.se\/en\/wp-json\/wp\/v2\/users\/1"}],"replies":[{"embeddable":true,"href":"https:\/\/www.evess.se\/en\/wp-json\/wp\/v2\/comments?post=15328"}],"version-history":[{"count":1,"href":"https:\/\/www.evess.se\/en\/wp-json\/wp\/v2\/pages\/15328\/revisions"}],"predecessor-version":[{"id":15333,"href":"https:\/\/www.evess.se\/en\/wp-json\/wp\/v2\/pages\/15328\/revisions\/15333"}],"wp:attachment":[{"href":"https:\/\/www.evess.se\/en\/wp-json\/wp\/v2\/media?parent=15328"}],"curies":[{"name":"wp","href":"https:\/\/api.w.org\/{rel}","templated":true}]}}